{"id":16513,"date":"2018-04-13T11:08:11","date_gmt":"2018-04-13T09:08:11","guid":{"rendered":"http:\/\/www.beaubourg-paris-hotel.com\/situation\/"},"modified":"2020-07-10T17:26:16","modified_gmt":"2020-07-10T15:26:16","slug":"localizacao-do-hotel","status":"publish","type":"page","link":"https:\/\/www.beaubourg-paris-hotel.com\/pt-pt\/localizacao-do-hotel\/","title":{"rendered":"Situation"},"content":{"rendered":"<p>[vc_row el_class=&#8221;bande-resa&#8221;][vc_column][vc_raw_html]JTNDZGl2JTIwY2xhc3MlM0QlMjJyZXNlcnZhdGlvbi1mb3JtJTIwZGVzayUyMiUyMHN0eWxlJTNEJTIydGV4dC1hbGlnbiUzQSUyMGNlbnRlciUzQiUyMiUzRSUwQSUzQ2Zvcm0lMjBpZCUzRCUyMkFWUCUyMiUyMGFjdGlvbiUzRCUyMmh0dHAlM0ElMkYlMkZ3d3cuc2VjdXJlLWhvdGVsLWJvb2tpbmcuY29tJTJGSG90ZWwtQmVhdWJvdXJnJTJGMkdVSiUyRnNlYXJjaCUzRmhvdGVsSWQlM0QyMjg1JTIyJTIwbWV0aG9kJTNEJTIycG9zdCUyMiUyMHRhcmdldCUzRCUyMl9ibGFuayUyMiUyMG9uc3VibWl0JTNEJTIyaWYlMjhfZ2FxJTIxJTNEbnVsbCUyOV9nYXEucHVzaCUyOCU1QiUyN19saW5rQnlQb3N0JTI3JTJDJTIwdGhpcyU1RCUyOSUzQiUyMiUzRSUwQSUyMCUyMCUyMCUyMCUyMCUyMCUyMCUyMCUyMCUyMCUyMCUyMCUyMCUzQ2lucHV0JTIwdHlwZSUzRCUyMmhpZGRlbiUyMiUyMGlkJTNEJTIybGFuZ3VhZ2UlMjIlMjBuYW1lJTNEJTIybGFuZ3VhZ2UlMjIlMjB2YWx1ZSUzRCUyMnB0JTIyJTIwJTJGJTNFJTBBJTIwJTIwJTIwJTIwJTIwJTIwJTIwJTIwJTIwJTIwJTIwJTIwJTIwJTNDaW5wdXQlMjB0eXBlJTNEJTIyaGlkZGVuJTIyJTIwaWQlM0QlMjJBVlBfYXJyaXZhbERhdGUlMjIlMjBuYW1lJTNEJTIyYXJyaXZhbERhdGUlMjIlMjB2YWx1ZSUzRCUyMiUyMiUyMCUyRiUzRSUwQSUyMCUyMCUyMCUyMCUyMCUyMCUyMCUyMCUyMCUyMCUyMCUyMCUyMCUzQ2lucHV0JTIwdHlwZSUzRCUyMmhpZGRlbiUyMiUyMGlkJTNEJTIyQVZQX25pZ2h0cyUyMiUyMG5hbWUlM0QlMjJuaWdodHMlMjIlMjB2YWx1ZSUzRCUyMiUyMiUyMCUyRiUzRSUwQSUyMCUyMCUyMCUyMCUyMCUyMCUyMCUyMCUyMCUyMCUyMCUyMCUyMCUzQ2lucHV0JTIwdHlwZSUzRCUyMmhpZGRlbiUyMiUyMGlkJTNEJTIyZ3Vlc3RDb3VudFNlbGVjdG9yJTIyJTIwbmFtZSUzRCUyMmd1ZXN0Q291bnRTZWxlY3RvciUyMiUyMHZhbHVlJTNEJTIyUmVhZE9ubHklMjIlMjAlMkYlM0UlMEElMjAlMjAlMjAlMjAlMjAlMjAlMjAlMjAlMjAlMjAlMjAlMjAlMjAlM0NkaXYlMjBjbGFzcyUzRCUyMmlucHV0LWRhdGUtcmVzYSUyMiUzRSUzQ2lucHV0JTIwdHlwZSUzRCUyMnRleHQlMjIlMjBjbGFzcyUzRCUyMmFzRGF0ZVBpY2tlciUyMiUyMCUyMGlkJTNEJTIyZGF0ZSUyMiUyMG5hbWUlM0QlMjJkYXRlLWFycml2ZWUlMjIlMjAlMjBwbGFjZWhvbGRlciUzRCUyMkRhdGElMjBkZSUyMGNoZWdhZGElMjIlMjAlM0UlM0NpJTIwY2xhc3MlM0QlMjJmYSUyMGZhLWNhbGVuZGFyJTIyJTNFJTNDJTJGaSUzRSUzQyUyRmRpdiUzRSUwQSUyMCUyMCUyMCUyMCUyMCUyMCUyMCUyMCUyMCUyMCUyMCUyMCUyMCUzQ2RpdiUyMGNsYXNzJTNEJTIyaW5wdXQtZGF0ZS1yZXNhJTIyJTNFJTNDaW5wdXQlMjB0eXBlJTNEJTIydGV4dCUyMiUyMGlkJTNEJTIyZGF0ZTIlMjIlMjBuYW1lJTNEJTIyZGF0ZS1kZXBhcnQlMjIlMjBjbGFzcyUzRCUyMmFzRGF0ZVBpY2tlciUyMiUyMHBsYWNlaG9sZGVyJTNEJTIyRGF0YSUyMGRlJTIwc2ElQzMlQURkYSUyMiUyMCUzRSUzQ2klMjBjbGFzcyUzRCUyMmZhJTIwZmEtY2FsZW5kYXIlMjIlM0UlM0MlMkZpJTNFJTNDJTJGZGl2JTNFJTBBJTIwJTIwJTIwJTIwJTIwJTIwJTIwJTIwJTIwJTIwJTIwJTIwJTIwJTNDZGl2JTIwY2xhc3MlM0QlMjJpbnB1dC1kYXRlLXJlc2ElMjIlM0UlM0NzZWxlY3QlMjBpZCUzRCUyMnNlbGVjdGVkQWR1bHRDb3VudCUyMiUyMG5hbWUlM0QlMjJzZWxlY3RlZEFkdWx0Q291bnQlMjIlM0UlM0MlMkZzZWxlY3QlM0UlMjAlM0NpJTIwY2xhc3MlM0QlMjJmYSUyMGZhLXVzZXIlMjIlMjBhcmlhLWhpZGRlbiUzRCUyMnRydWUlMjIlM0UlM0MlMkZpJTNFJTNDJTJGZGl2JTNFJTBBJTIwJTIwJTIwJTIwJTIwJTIwJTIwJTIwJTIwJTIwJTIwJTIwJTBBJTIwJTIwJTIwJTIwJTIwJTIwJTIwJTIwJTIwJTIwJTIwJTIwJTIwJTNDYnV0dG9uJTIwdHlwZSUzRCUyMnN1Ym1pdCUyMiUyMGNsYXNzJTNEJTIycmF2aXMtYnRuJTIwYnRuLXR5cGUtMiUyMiUzRVJFU0VSVkFSJTNDJTJGYnV0dG9uJTNFJTBBJTIwJTIwJTIwJTIwJTIwJTIwJTIwJTIwJTIwJTIwJTIwJTIwJTIwJTNDJTJGZm9ybSUzRSUwQSUyMCUyMCUyMCUyMCUyMCUyMCUyMCUyMCUyMCUyMCUyMCUwQSUyMCUzQ3NjcmlwdCUyMHR5cGUlM0QlMjJ0ZXh0JTJGamF2YXNjcmlwdCUyMiUyMHNyYyUzRCUyMmh0dHBzJTNBJTJGJTJGd3d3LmJlYXVib3VyZy1wYXJpcy1ob3RlbC5jb20lMkZhdmFpbHBybyUyRmF2YWlscHJvLmpzJTIyJTNFJTNDJTJGc2NyaXB0JTNFJTBBJTNDJTJGZGl2JTNF[\/vc_raw_html][\/vc_column][\/vc_row][vc_row css=&#8221;.vc_custom_1528354028942{margin-top: 120px !important;}&#8221;][vc_column][vc_raw_html]JTNDaWZyYW1lJTIwc3JjJTNEJTIyaHR0cHMlM0ElMkYlMkZ3d3cuZ29vZ2xlLmNvbSUyRm1hcHMlMkZlbWJlZCUzRnBiJTNEJTIxMW0xOCUyMTFtMTIlMjExbTMlMjExZDI2MjQuOTAxNjA4NzQyODY1JTIxMmQyLjM1MTE2NTYxNjA1ODg0MyUyMTNkNDguODYwMDg2NTc5Mjg3NjglMjEybTMlMjExZjAlMjEyZjAlMjEzZjAlMjEzbTIlMjExaTEwMjQlMjEyaTc2OCUyMTRmMTMuMSUyMTNtMyUyMTFtMiUyMTFzMHg0N2U2NmUxYzhhNjAxZTc1JTI1M0EweDRmZGI4NGNhMTFiYzFlMWMlMjEyczExJTJCUnVlJTJCU2ltb24lMkJsZSUyQkZyYW5jJTI1MkMlMkI3NTAwNCUyQlBhcmlzJTIxNWUwJTIxM20yJTIxMXNmciUyMTJzZnIlMjE0djE1NTM4NTc3NzU0MDYlMjE1bTIlMjExc2ZyJTIxMnNmciUyMiUyMHdpZHRoJTNEJTIyMTAwJTI1JTIyJTIwaGVpZ2h0JTNEJTIyNDUwJTIyJTIwZnJhbWVib3JkZXIlM0QlMjIwJTIyJTIwc3R5bGUlM0QlMjJib3JkZXIlM0EwJTIyJTIwYWxsb3dmdWxsc2NyZWVuJTNFJTNDJTJGaWZyYW1lJTNF[\/vc_raw_html][\/vc_column][\/vc_row][vc_row css=&#8221;.vc_custom_1531318127998{margin-bottom: 50px !important;padding-right: 20px !important;padding-left: 20px !important;}&#8221;][vc_column offset=&#8221;vc_col-md-offset-2 vc_col-md-8&#8243;][vc_row_inner][vc_column_inner width=&#8221;1\/2&#8243;][vc_raw_html]JTNDZGl2JTIwY2xhc3MlM0QlMjJyYXZpcy10aXRsZS10LTIlMjIlM0UlM0NkaXYlMjBjbGFzcyUzRCUyMnRpdGxlJTIyJTNFJTNDc3BhbiUzRUNvbnRhY3RvJTIwZSUyMGFjZXNzbyUzQyUyRnNwYW4lM0UlM0MlMkZkaXYlM0UlM0NkaXYlMjBjbGFzcyUzRCUyMnN1Yi10aXRsZSUyMiUzRSUzQyUyRmRpdiUzRSUzQyUyRmRpdiUzRQ==[\/vc_raw_html][vc_column_text]<b>H\u00f4tel Beaubourg<\/b><br \/>\n11 rue Simon Lefranc &#8211; 75004 PARIS<br \/>\nT\u00e9l : +33 1 42 74 34 24<\/p>\n<p>E-mail :\u00a0<a href=\"mailto:reservation@hotelbeaubourg.com\">reservation@hotelbeaubourg.com<\/a><\/p>\n<p><b>M\u00e9tro<\/b>\u00a0:<br \/>\nCh\u00e2telet (Linhas 1,4,7,11,14) : 5 mn andar<br \/>\nHotel de Ville (Linhas 1,11) : 2 mn andar<br \/>\nRambuteau (Linha 11): 1 mn andar<\/p>\n<p><b>RER<\/b>\u00a0:<br \/>\nA, B, D : Ch\u00e2telet : 5 mn andar<\/p>\n<p>&nbsp;<\/p>\n<p><strong>Calcule seu itiner\u00e1rio :<\/strong><\/p>\n<p><a href=\"https:\/\/www.google.com.br\/maps\/dir\/ma+position\/Hotel+Beaubourg,+11+Rue+Simon+le+Franc,+75004+Paris\/\" target=\"_blank\" rel=\"noopener noreferrer\"><img decoding=\"async\" class=\"alignnone wp-image-17068 size-full\" src=\"http:\/\/www.beaubourg-paris-hotel.com\/wp-content\/uploads\/2018\/07\/itineraire-google-map-all.png\" alt=\"\" width=\"175\" height=\"41\" \/><\/a><\/p>\n<p><a href=\"waze:\/\/?ll=48.86009,2.35335&amp;navigate=yes\"><img decoding=\"async\" class=\"alignnone size-full wp-image-17249\" src=\"http:\/\/www.beaubourg-paris-hotel.com\/wp-content\/uploads\/2018\/07\/waze-all.png\" alt=\"\" width=\"175\" height=\"41\" \/><\/a><\/p>\n<p>&nbsp;<\/p>\n<p><strong>Chegando ao hotel de Roissy :<\/strong><\/p>\n<p>A melhor maneira de chegar ao nosso hotel do aeroporto C.D.G de trem \u00e9:<\/p>\n<p>Para pegar o <strong>trem R.E.R (B)<\/strong> e descer em <strong>\u201cCHATELET LES HALLES\u201d<\/strong> diretamente sem mudar.<\/p>\n<p>Em &#8220;CHATELET LES HALLES&#8221; voc\u00ea muda para o <strong>metro n \u00b0 11<\/strong> e voc\u00ea deve sair na pr\u00f3xima parada <strong>&#8220;RAMBUTEAU&#8221;.<\/strong><\/p>\n<p>Estamos localizados <strong>atr\u00e1s do &#8220;POMPIDOU CENTER&#8221;<\/strong> em um quarteir\u00e3o da esta\u00e7\u00e3o de metr\u00f4.<\/p>\n<p>\u00c0s vezes \u00e9 melhor andar de \u201dCHATELET LES HALLES\u201d de 5 a 7 minutos at\u00e9 o nosso hotel: \u201cCh\u00e2telet\u201d \u00e9 uma grande parada e mudar do RER para o metr\u00f4 n\u00e3o \u00e9 t\u00e3o f\u00e1cil.<\/p>\n<p>&nbsp;<\/p>\n<p><strong>Chegando ao hotel de Orly :<\/strong><\/p>\n<p>A melhor maneira de chegar ao nosso hotel do aeroporto de Orly de trem \u00e9:<\/p>\n<p>Pegue o <strong>Orly Val<\/strong> diretamente para <strong>&#8220;Antony&#8221;<\/strong> e depois mude para o trem <strong>R.E.R (B)<\/strong> e des\u00e7a em <strong>\u201cChatelet les halles\u201d<\/strong>.<\/p>\n<p>Em &#8220;Chatelet les halles&#8221; mude para o<strong> metro 11<\/strong> e saia na pr\u00f3xima parada <strong>&#8220;Rambuteau&#8221;<\/strong>.<\/p>\n<p>Estamos localizados <strong>atr\u00e1s do &#8220;Centro Pompidou&#8221;<\/strong> a uma quadra da esta\u00e7\u00e3o de metr\u00f4.<\/p>\n<p>\u00c0s vezes \u00e9 melhor andar de \u201cChatelet les Halles\u201d 5 a 7 minutos at\u00e9 o nosso hotel:<br \/>\n\u201cChatelet\u201d \u00e9 uma grande parada e mudar do RER para o metr\u00f4 n\u00e3o \u00e9 t\u00e3o f\u00e1cil.[\/vc_column_text][\/vc_column_inner][vc_column_inner width=&#8221;1\/2&#8243; css=&#8221;.vc_custom_1529046104225{margin-top: 40px !important;}&#8221;][vc_raw_html]JTNDZGl2JTIwY2xhc3MlM0QlMjJnYWxsZXJ5LWNvbnRhaW5lciUyMiUzRSUwQSUzQ3VsJTIwY2xhc3MlM0QlMjJpbWFnZS1tYWluLWJveCUyMGNsZWFyZml4JTIyJTIwc3R5bGUlM0QlMjJwb3NpdGlvbiUzQSUyMHJlbGF0aXZlJTNCJTIwaGVpZ2h0JTNBJTIwNzkwNC45OXB4JTNCJTIyJTNFJTBBJTIwJTA5JTNDbGklMjBjbGFzcyUzRCUyMml0ZW0lMjBjb2wteHMtMTIlMjBjb2wtbWQtMTIlMjBob3RlbCUyMiUyMHN0eWxlJTNEJTIycG9zaXRpb24lM0ElMjBhYnNvbHV0ZSUzQiUyMGxlZnQlM0ElMjAwJTI1JTNCJTIwdG9wJTNBJTIwMHB4JTNCJTIyJTNFJTBBJTNDZmlndXJlJTNFJTNDaW1nJTIwc3JjJTNEJTIyaHR0cHMlM0ElMkYlMkZ3d3cuYmVhdWJvdXJnLXBhcmlzLWhvdGVsLmNvbSUyRndwLWNvbnRlbnQlMkZ1cGxvYWRzJTJGMjAxOCUyRjA2JTJGaW1nX21hcF9nZC5qcGclMjIlMjBhbHQlM0QlMjJIb3RlbCUyMEJlYXVib3VyZyUyMFBhcmlzJTIwTWFyYWlzJTIyJTIwJTJGJTNFJTNDYSUyMGNsYXNzJTNEJTIybW9yZS1kZXRhaWxzJTIyJTIwaHJlZiUzRCUyMmh0dHBzJTNBJTJGJTJGd3d3LmJlYXVib3VyZy1wYXJpcy1ob3RlbC5jb20lMkZ3cC1jb250ZW50JTJGdXBsb2FkcyUyRjIwMTglMkYwNiUyRmltZ19tYXBfZ2QuanBnJTIyJTIwZGF0YS10aXRsZSUzRCUyMkhvdGVsJTIwQmVhdWJvdXJnJTIwUGFyaXMlMjBNYXJhaXMlMjIlM0VFbmxhcmdlJTNDJTJGYSUzRSUzQyUyRmZpZ3VyZSUzRSUwQSUzQyUyRmxpJTNFJTBBJTNDJTJGdWwlM0UlMEElM0MlMkZkaXYlM0U=[\/vc_raw_html][\/vc_column_inner][\/vc_row_inner][\/vc_column][\/vc_row][vc_row][vc_column][vc_single_image image=&#8221;17342&#8243; img_size=&#8221;full&#8221; alignment=&#8221;center&#8221;][\/vc_column][\/vc_row]<\/p>\n","protected":false},"excerpt":{"rendered":"<p>[vc_row el_class=&#8221;bande-resa&#8221;][vc_column][vc_raw_html]JTNDZGl2JTIwY2xhc3MlM0QlMjJyZXNlcnZhdGlvbi1mb3JtJTIwZGVzayUyMiUyMHN0eWxlJTNEJTIydGV4dC1hbGlnbiUzQSUyMGNlbnRlciUzQiUyMiUzRSUwQSUzQ2Zvcm0lMjBpZCUzRCUyMkFWUCUyMiUyMGFjdGlvbiUzRCUyMmh0dHAlM0ElMkYlMkZ3d3cuc2VjdXJlLWhvdGVsLWJvb2tpbmcuY29tJTJGSG90ZWwtQmVhdWJvdXJnJTJGMkdVSiUyRnNlYXJjaCUzRmhvdGVsSWQlM0QyMjg1JTIyJTIwbWV0aG9kJTNEJTIycG9zdCUyMiUyMHRhcmdldCUzRCUyMl9ibGFuayUyMiUyMG9uc3VibWl0JTNEJTIyaWYlMjhfZ2FxJTIxJTNEbnVsbCUyOV9nYXEucHVzaCUyOCU1QiUyN19saW5rQnlQb3N0JTI3JTJDJTIwdGhpcyU1RCUyOSUzQiUyMiUzRSUwQSUyMCUyMCUyMCUyMCUyMCUyMCUyMCUyMCUyMCUyMCUyMCUyMCUyMCUzQ2lucHV0JTIwdHlwZSUzRCUyMmhpZGRlbiUyMiUyMGlkJTNEJTIybGFuZ3VhZ2UlMjIlMjBuYW1lJTNEJTIybGFuZ3VhZ2UlMjIlMjB2YWx1ZSUzRCUyMnB0JTIyJTIwJTJGJTNFJTBBJTIwJTIwJTIwJTIwJTIwJTIwJTIwJTIwJTIwJTIwJTIwJTIwJTIwJTNDaW5wdXQlMjB0eXBlJTNEJTIyaGlkZGVuJTIyJTIwaWQlM0QlMjJBVlBfYXJyaXZhbERhdGUlMjIlMjBuYW1lJTNEJTIyYXJyaXZhbERhdGUlMjIlMjB2YWx1ZSUzRCUyMiUyMiUyMCUyRiUzRSUwQSUyMCUyMCUyMCUyMCUyMCUyMCUyMCUyMCUyMCUyMCUyMCUyMCUyMCUzQ2lucHV0JTIwdHlwZSUzRCUyMmhpZGRlbiUyMiUyMGlkJTNEJTIyQVZQX25pZ2h0cyUyMiUyMG5hbWUlM0QlMjJuaWdodHMlMjIlMjB2YWx1ZSUzRCUyMiUyMiUyMCUyRiUzRSUwQSUyMCUyMCUyMCUyMCUyMCUyMCUyMCUyMCUyMCUyMCUyMCUyMCUyMCUzQ2lucHV0JTIwdHlwZSUzRCUyMmhpZGRlbiUyMiUyMGlkJTNEJTIyZ3Vlc3RDb3VudFNlbGVjdG9yJTIyJTIwbmFtZSUzRCUyMmd1ZXN0Q291bnRTZWxlY3RvciUyMiUyMHZhbHVlJTNEJTIyUmVhZE9ubHklMjIlMjAlMkYlM0UlMEElMjAlMjAlMjAlMjAlMjAlMjAlMjAlMjAlMjAlMjAlMjAlMjAlMjAlM0NkaXYlMjBjbGFzcyUzRCUyMmlucHV0LWRhdGUtcmVzYSUyMiUzRSUzQ2lucHV0JTIwdHlwZSUzRCUyMnRleHQlMjIlMjBjbGFzcyUzRCUyMmFzRGF0ZVBpY2tlciUyMiUyMCUyMGlkJTNEJTIyZGF0ZSUyMiUyMG5hbWUlM0QlMjJkYXRlLWFycml2ZWUlMjIlMjAlMjBwbGFjZWhvbGRlciUzRCUyMkRhdGElMjBkZSUyMGNoZWdhZGElMjIlMjAlM0UlM0NpJTIwY2xhc3MlM0QlMjJmYSUyMGZhLWNhbGVuZGFyJTIyJTNFJTNDJTJGaSUzRSUzQyUyRmRpdiUzRSUwQSUyMCUyMCUyMCUyMCUyMCUyMCUyMCUyMCUyMCUyMCUyMCUyMCUyMCUzQ2RpdiUyMGNsYXNzJTNEJTIyaW5wdXQtZGF0ZS1yZXNhJTIyJTNFJTNDaW5wdXQlMjB0eXBlJTNEJTIydGV4dCUyMiUyMGlkJTNEJTIyZGF0ZTIlMjIlMjBuYW1lJTNEJTIyZGF0ZS1kZXBhcnQlMjIlMjBjbGFzcyUzRCUyMmFzRGF0ZVBpY2tlciUyMiUyMHBsYWNlaG9sZGVyJTNEJTIyRGF0YSUyMGRlJTIwc2ElQzMlQURkYSUyMiUyMCUzRSUzQ2klMjBjbGFzcyUzRCUyMmZhJTIwZmEtY2FsZW5kYXIlMjIlM0UlM0MlMkZpJTNFJTNDJTJGZGl2JTNFJTBBJTIwJTIwJTIwJTIwJTIwJTIwJTIwJTIwJTIwJTIwJTIwJTIwJTIwJTNDZGl2JTIwY2xhc3MlM0QlMjJpbnB1dC1kYXRlLXJlc2ElMjIlM0UlM0NzZWxlY3QlMjBpZCUzRCUyMnNlbGVjdGVkQWR1bHRDb3VudCUyMiUyMG5hbWUlM0QlMjJzZWxlY3RlZEFkdWx0Q291bnQlMjIlM0UlM0MlMkZzZWxlY3QlM0UlMjAlM0NpJTIwY2xhc3MlM0QlMjJmYSUyMGZhLXVzZXIlMjIlMjBhcmlhLWhpZGRlbiUzRCUyMnRydWUlMjIlM0UlM0MlMkZpJTNFJTNDJTJGZGl2JTNFJTBBJTIwJTIwJTIwJTIwJTIwJTIwJTIwJTIwJTIwJTIwJTIwJTIwJTBBJTIwJTIwJTIwJTIwJTIwJTIwJTIwJTIwJTIwJTIwJTIwJTIwJTIwJTNDYnV0dG9uJTIwdHlwZSUzRCUyMnN1Ym1pdCUyMiUyMGNsYXNzJTNEJTIycmF2aXMtYnRuJTIwYnRuLXR5cGUtMiUyMiUzRVJFU0VSVkFSJTNDJTJGYnV0dG9uJTNFJTBBJTIwJTIwJTIwJTIwJTIwJTIwJTIwJTIwJTIwJTIwJTIwJTIwJTIwJTNDJTJGZm9ybSUzRSUwQSUyMCUyMCUyMCUyMCUyMCUyMCUyMCUyMCUyMCUyMCUyMCUwQSUyMCUzQ3NjcmlwdCUyMHR5cGUlM0QlMjJ0ZXh0JTJGamF2YXNjcmlwdCUyMiUyMHNyYyUzRCUyMmh0dHBzJTNBJTJGJTJGd3d3LmJlYXVib3VyZy1wYXJpcy1ob3RlbC5jb20lMkZhdmFpbHBybyUyRmF2YWlscHJvLmpzJTIyJTNFJTNDJTJGc2NyaXB0JTNFJTBBJTNDJTJGZGl2JTNF[\/vc_raw_html][\/vc_column][\/vc_row][vc_row css=&#8221;.vc_custom_1528354028942{margin-top: 120px !important;}&#8221;][vc_column][vc_raw_html]JTNDaWZyYW1lJTIwc3JjJTNEJTIyaHR0cHMlM0ElMkYlMkZ3d3cuZ29vZ2xlLmNvbSUyRm1hcHMlMkZlbWJlZCUzRnBiJTNEJTIxMW0xOCUyMTFtMTIlMjExbTMlMjExZDI2MjQuOTAxNjA4NzQyODY1JTIxMmQyLjM1MTE2NTYxNjA1ODg0MyUyMTNkNDguODYwMDg2NTc5Mjg3NjglMjEybTMlMjExZjAlMjEyZjAlMjEzZjAlMjEzbTIlMjExaTEwMjQlMjEyaTc2OCUyMTRmMTMuMSUyMTNtMyUyMTFtMiUyMTFzMHg0N2U2NmUxYzhhNjAxZTc1JTI1M0EweDRmZGI4NGNhMTFiYzFlMWMlMjEyczExJTJCUnVlJTJCU2ltb24lMkJsZSUyQkZyYW5jJTI1MkMlMkI3NTAwNCUyQlBhcmlzJTIxNWUwJTIxM20yJTIxMXNmciUyMTJzZnIlMjE0djE1NTM4NTc3NzU0MDYlMjE1bTIlMjExc2ZyJTIxMnNmciUyMiUyMHdpZHRoJTNEJTIyMTAwJTI1JTIyJTIwaGVpZ2h0JTNEJTIyNDUwJTIyJTIwZnJhbWVib3JkZXIlM0QlMjIwJTIyJTIwc3R5bGUlM0QlMjJib3JkZXIlM0EwJTIyJTIwYWxsb3dmdWxsc2NyZWVuJTNFJTNDJTJGaWZyYW1lJTNF[\/vc_raw_html][\/vc_column][\/vc_row][vc_row css=&#8221;.vc_custom_1531318127998{margin-bottom: 50px !important;padding-right: 20px !important;padding-left: 20px !important;}&#8221;][vc_column offset=&#8221;vc_col-md-offset-2 vc_col-md-8&#8243;][vc_row_inner][vc_column_inner width=&#8221;1\/2&#8243;][vc_raw_html]JTNDZGl2JTIwY2xhc3MlM0QlMjJyYXZpcy10aXRsZS10LTIlMjIlM0UlM0NkaXYlMjBjbGFzcyUzRCUyMnRpdGxlJTIyJTNFJTNDc3BhbiUzRUNvbnRhY3RvJTIwZSUyMGFjZXNzbyUzQyUyRnNwYW4lM0UlM0MlMkZkaXYlM0UlM0NkaXYlMjBjbGFzcyUzRCUyMnN1Yi10aXRsZSUyMiUzRSUzQyUyRmRpdiUzRSUzQyUyRmRpdiUzRQ==[\/vc_raw_html][vc_column_text]H\u00f4tel Beaubourg 11 rue Simon Lefranc &#8211; 75004 PARIS T\u00e9l : +33 1 42 74 34 24 E-mail :\u00a0reservation@hotelbeaubourg.com M\u00e9tro\u00a0: Ch\u00e2telet&#8230;<\/p>\n<div class=\"read-more-container\"><a class=\"more-link btn btn-default btn-sm read-more\" href=\"https:\/\/www.beaubourg-paris-hotel.com\/pt-pt\/localizacao-do-hotel\/\">Read More<\/a><\/div>\n","protected":false},"author":1,"featured_media":0,"parent":0,"menu_order":0,"comment_status":"closed","ping_status":"closed","template":"","meta":{"footnotes":""},"class_list":["post-16513","page","type-page","status-publish","hentry"],"yoast_head":"<title>H\u00f4tel Beaubourg - Paris Marais - Melhores tarifas no site oficial - localizacao<\/title>\n<meta name=\"description\" content=\"RESERVAS DIRECTAS - melhores tarifas do que Booking.com no site oficial do hotel! - O Hotel Beaubourg encontra-se em pleno cora\u00e7\u00e3o do Marais, pr\u00f3ximo do Centro Pompidou, facilmente acess\u00edvel atrav\u00e9s de metro e autocarro. Parque de estacionamento p\u00fablico nas proximidades.\" \/>\n<meta name=\"robots\" content=\"index, follow, max-snippet:-1, max-image-preview:large, max-video-preview:-1\" \/>\n<link rel=\"canonical\" href=\"https:\/\/www.beaubourg-paris-hotel.com\/pt-pt\/localizacao-do-hotel\/\" \/>\n<meta property=\"og:locale\" content=\"pt_PT\" \/>\n<meta property=\"og:type\" content=\"article\" \/>\n<meta property=\"og:title\" content=\"H\u00f4tel Beaubourg - Paris Marais - Melhores tarifas no site oficial - localizacao\" \/>\n<meta property=\"og:description\" content=\"RESERVAS DIRECTAS - melhores tarifas do que Booking.com no site oficial do hotel! - O Hotel Beaubourg encontra-se em pleno cora\u00e7\u00e3o do Marais, pr\u00f3ximo do Centro Pompidou, facilmente acess\u00edvel atrav\u00e9s de metro e autocarro. Parque de estacionamento p\u00fablico nas proximidades.\" \/>\n<meta property=\"og:url\" content=\"https:\/\/www.beaubourg-paris-hotel.com\/pt-pt\/localizacao-do-hotel\/\" \/>\n<meta property=\"og:site_name\" content=\"H\u00f4tel Beaubourg\" \/>\n<meta property=\"article:modified_time\" content=\"2020-07-10T15:26:16+00:00\" \/>\n<meta property=\"og:image\" content=\"http:\/\/www.beaubourg-paris-hotel.com\/wp-content\/uploads\/2018\/07\/itineraire-google-map-all.png\" \/>\n<meta name=\"twitter:card\" content=\"summary_large_image\" \/>\n<meta name=\"twitter:label1\" content=\"Tempo estimado de leitura\" \/>\n\t<meta name=\"twitter:data1\" content=\"3 minutos\" \/>\n<script type=\"application\/ld+json\" class=\"yoast-schema-graph\">{\"@context\":\"https:\/\/schema.org\",\"@graph\":[{\"@type\":\"WebPage\",\"@id\":\"https:\/\/www.beaubourg-paris-hotel.com\/pt-pt\/localizacao-do-hotel\/\",\"url\":\"https:\/\/www.beaubourg-paris-hotel.com\/pt-pt\/localizacao-do-hotel\/\",\"name\":\"H\u00f4tel Beaubourg - Paris Marais - Melhores tarifas no site oficial - localizacao\",\"isPartOf\":{\"@id\":\"https:\/\/www.beaubourg-paris-hotel.com\/it\/#website\"},\"primaryImageOfPage\":{\"@id\":\"https:\/\/www.beaubourg-paris-hotel.com\/pt-pt\/localizacao-do-hotel\/#primaryimage\"},\"image\":{\"@id\":\"https:\/\/www.beaubourg-paris-hotel.com\/pt-pt\/localizacao-do-hotel\/#primaryimage\"},\"thumbnailUrl\":\"http:\/\/www.beaubourg-paris-hotel.com\/wp-content\/uploads\/2018\/07\/itineraire-google-map-all.png\",\"datePublished\":\"2018-04-13T09:08:11+00:00\",\"dateModified\":\"2020-07-10T15:26:16+00:00\",\"description\":\"RESERVAS DIRECTAS - melhores tarifas do que Booking.com no site oficial do hotel! - O Hotel Beaubourg encontra-se em pleno cora\u00e7\u00e3o do Marais, pr\u00f3ximo do Centro Pompidou, facilmente acess\u00edvel atrav\u00e9s de metro e autocarro. Parque de estacionamento p\u00fablico nas proximidades.\",\"breadcrumb\":{\"@id\":\"https:\/\/www.beaubourg-paris-hotel.com\/pt-pt\/localizacao-do-hotel\/#breadcrumb\"},\"inLanguage\":\"pt-PT\",\"potentialAction\":[{\"@type\":\"ReadAction\",\"target\":[\"https:\/\/www.beaubourg-paris-hotel.com\/pt-pt\/localizacao-do-hotel\/\"]}]},{\"@type\":\"ImageObject\",\"inLanguage\":\"pt-PT\",\"@id\":\"https:\/\/www.beaubourg-paris-hotel.com\/pt-pt\/localizacao-do-hotel\/#primaryimage\",\"url\":\"http:\/\/www.beaubourg-paris-hotel.com\/wp-content\/uploads\/2018\/07\/itineraire-google-map-all.png\",\"contentUrl\":\"http:\/\/www.beaubourg-paris-hotel.com\/wp-content\/uploads\/2018\/07\/itineraire-google-map-all.png\"},{\"@type\":\"BreadcrumbList\",\"@id\":\"https:\/\/www.beaubourg-paris-hotel.com\/pt-pt\/localizacao-do-hotel\/#breadcrumb\",\"itemListElement\":[{\"@type\":\"ListItem\",\"position\":1,\"name\":\"Accueil\",\"item\":\"https:\/\/www.beaubourg-paris-hotel.com\/pt-pt\/\"},{\"@type\":\"ListItem\",\"position\":2,\"name\":\"Situation\"}]},{\"@type\":\"WebSite\",\"@id\":\"https:\/\/www.beaubourg-paris-hotel.com\/it\/#website\",\"url\":\"https:\/\/www.beaubourg-paris-hotel.com\/it\/\",\"name\":\"H\u00f4tel Beaubourg\",\"description\":\"H\u00f4tel 3 \u00e9toiles de charme, Paris Centre.\",\"potentialAction\":[{\"@type\":\"SearchAction\",\"target\":{\"@type\":\"EntryPoint\",\"urlTemplate\":\"https:\/\/www.beaubourg-paris-hotel.com\/it\/?s={search_term_string}\"},\"query-input\":{\"@type\":\"PropertyValueSpecification\",\"valueRequired\":true,\"valueName\":\"search_term_string\"}}],\"inLanguage\":\"pt-PT\"}]}<\/script>","yoast_head_json":{"title":"H\u00f4tel Beaubourg - Paris Marais - Melhores tarifas no site oficial - localizacao","description":"RESERVAS DIRECTAS - melhores tarifas do que Booking.com no site oficial do hotel! - O Hotel Beaubourg encontra-se em pleno cora\u00e7\u00e3o do Marais, pr\u00f3ximo do Centro Pompidou, facilmente acess\u00edvel atrav\u00e9s de metro e autocarro. Parque de estacionamento p\u00fablico nas proximidades.","robots":{"index":"index","follow":"follow","max-snippet":"max-snippet:-1","max-image-preview":"max-image-preview:large","max-video-preview":"max-video-preview:-1"},"canonical":"https:\/\/www.beaubourg-paris-hotel.com\/pt-pt\/localizacao-do-hotel\/","og_locale":"pt_PT","og_type":"article","og_title":"H\u00f4tel Beaubourg - Paris Marais - Melhores tarifas no site oficial - localizacao","og_description":"RESERVAS DIRECTAS - melhores tarifas do que Booking.com no site oficial do hotel! - O Hotel Beaubourg encontra-se em pleno cora\u00e7\u00e3o do Marais, pr\u00f3ximo do Centro Pompidou, facilmente acess\u00edvel atrav\u00e9s de metro e autocarro. Parque de estacionamento p\u00fablico nas proximidades.","og_url":"https:\/\/www.beaubourg-paris-hotel.com\/pt-pt\/localizacao-do-hotel\/","og_site_name":"H\u00f4tel Beaubourg","article_modified_time":"2020-07-10T15:26:16+00:00","og_image":[{"url":"http:\/\/www.beaubourg-paris-hotel.com\/wp-content\/uploads\/2018\/07\/itineraire-google-map-all.png","type":"","width":"","height":""}],"twitter_card":"summary_large_image","twitter_misc":{"Tempo estimado de leitura":"3 minutos"},"schema":{"@context":"https:\/\/schema.org","@graph":[{"@type":"WebPage","@id":"https:\/\/www.beaubourg-paris-hotel.com\/pt-pt\/localizacao-do-hotel\/","url":"https:\/\/www.beaubourg-paris-hotel.com\/pt-pt\/localizacao-do-hotel\/","name":"H\u00f4tel Beaubourg - Paris Marais - Melhores tarifas no site oficial - localizacao","isPartOf":{"@id":"https:\/\/www.beaubourg-paris-hotel.com\/it\/#website"},"primaryImageOfPage":{"@id":"https:\/\/www.beaubourg-paris-hotel.com\/pt-pt\/localizacao-do-hotel\/#primaryimage"},"image":{"@id":"https:\/\/www.beaubourg-paris-hotel.com\/pt-pt\/localizacao-do-hotel\/#primaryimage"},"thumbnailUrl":"http:\/\/www.beaubourg-paris-hotel.com\/wp-content\/uploads\/2018\/07\/itineraire-google-map-all.png","datePublished":"2018-04-13T09:08:11+00:00","dateModified":"2020-07-10T15:26:16+00:00","description":"RESERVAS DIRECTAS - melhores tarifas do que Booking.com no site oficial do hotel! - O Hotel Beaubourg encontra-se em pleno cora\u00e7\u00e3o do Marais, pr\u00f3ximo do Centro Pompidou, facilmente acess\u00edvel atrav\u00e9s de metro e autocarro. Parque de estacionamento p\u00fablico nas proximidades.","breadcrumb":{"@id":"https:\/\/www.beaubourg-paris-hotel.com\/pt-pt\/localizacao-do-hotel\/#breadcrumb"},"inLanguage":"pt-PT","potentialAction":[{"@type":"ReadAction","target":["https:\/\/www.beaubourg-paris-hotel.com\/pt-pt\/localizacao-do-hotel\/"]}]},{"@type":"ImageObject","inLanguage":"pt-PT","@id":"https:\/\/www.beaubourg-paris-hotel.com\/pt-pt\/localizacao-do-hotel\/#primaryimage","url":"http:\/\/www.beaubourg-paris-hotel.com\/wp-content\/uploads\/2018\/07\/itineraire-google-map-all.png","contentUrl":"http:\/\/www.beaubourg-paris-hotel.com\/wp-content\/uploads\/2018\/07\/itineraire-google-map-all.png"},{"@type":"BreadcrumbList","@id":"https:\/\/www.beaubourg-paris-hotel.com\/pt-pt\/localizacao-do-hotel\/#breadcrumb","itemListElement":[{"@type":"ListItem","position":1,"name":"Accueil","item":"https:\/\/www.beaubourg-paris-hotel.com\/pt-pt\/"},{"@type":"ListItem","position":2,"name":"Situation"}]},{"@type":"WebSite","@id":"https:\/\/www.beaubourg-paris-hotel.com\/it\/#website","url":"https:\/\/www.beaubourg-paris-hotel.com\/it\/","name":"H\u00f4tel Beaubourg","description":"H\u00f4tel 3 \u00e9toiles de charme, Paris Centre.","potentialAction":[{"@type":"SearchAction","target":{"@type":"EntryPoint","urlTemplate":"https:\/\/www.beaubourg-paris-hotel.com\/it\/?s={search_term_string}"},"query-input":{"@type":"PropertyValueSpecification","valueRequired":true,"valueName":"search_term_string"}}],"inLanguage":"pt-PT"}]}},"_links":{"self":[{"href":"https:\/\/www.beaubourg-paris-hotel.com\/pt-pt\/wp-json\/wp\/v2\/pages\/16513","targetHints":{"allow":["GET"]}}],"collection":[{"href":"https:\/\/www.beaubourg-paris-hotel.com\/pt-pt\/wp-json\/wp\/v2\/pages"}],"about":[{"href":"https:\/\/www.beaubourg-paris-hotel.com\/pt-pt\/wp-json\/wp\/v2\/types\/page"}],"author":[{"embeddable":true,"href":"https:\/\/www.beaubourg-paris-hotel.com\/pt-pt\/wp-json\/wp\/v2\/users\/1"}],"replies":[{"embeddable":true,"href":"https:\/\/www.beaubourg-paris-hotel.com\/pt-pt\/wp-json\/wp\/v2\/comments?post=16513"}],"version-history":[{"count":17,"href":"https:\/\/www.beaubourg-paris-hotel.com\/pt-pt\/wp-json\/wp\/v2\/pages\/16513\/revisions"}],"predecessor-version":[{"id":19934,"href":"https:\/\/www.beaubourg-paris-hotel.com\/pt-pt\/wp-json\/wp\/v2\/pages\/16513\/revisions\/19934"}],"wp:attachment":[{"href":"https:\/\/www.beaubourg-paris-hotel.com\/pt-pt\/wp-json\/wp\/v2\/media?parent=16513"}],"curies":[{"name":"wp","href":"https:\/\/api.w.org\/{rel}","templated":true}]}}