{"id":16507,"date":"2018-05-04T08:05:34","date_gmt":"2018-05-04T06:05:34","guid":{"rendered":"http:\/\/www.beaubourg-paris-hotel.com\/nos-services\/"},"modified":"2020-07-10T15:31:29","modified_gmt":"2020-07-10T13:31:29","slug":"servicos","status":"publish","type":"page","link":"https:\/\/www.beaubourg-paris-hotel.com\/pt-pt\/servicos\/","title":{"rendered":"Nos Services"},"content":{"rendered":"<p>[vc_row el_class=&#8221;bande-resa&#8221;][vc_column][vc_raw_html]JTNDZGl2JTIwY2xhc3MlM0QlMjJyZXNlcnZhdGlvbi1mb3JtJTIwZGVzayUyMiUyMHN0eWxlJTNEJTIydGV4dC1hbGlnbiUzQSUyMGNlbnRlciUzQiUyMiUzRSUwQSUzQ2Zvcm0lMjBpZCUzRCUyMkFWUCUyMiUyMGFjdGlvbiUzRCUyMmh0dHAlM0ElMkYlMkZ3d3cuc2VjdXJlLWhvdGVsLWJvb2tpbmcuY29tJTJGSG90ZWwtQmVhdWJvdXJnJTJGMkdVSiUyRnNlYXJjaCUzRmhvdGVsSWQlM0QyMjg1JTIyJTIwbWV0aG9kJTNEJTIycG9zdCUyMiUyMHRhcmdldCUzRCUyMl9ibGFuayUyMiUyMG9uc3VibWl0JTNEJTIyaWYlMjhfZ2FxJTIxJTNEbnVsbCUyOV9nYXEucHVzaCUyOCU1QiUyN19saW5rQnlQb3N0JTI3JTJDJTIwdGhpcyU1RCUyOSUzQiUyMiUzRSUwQSUyMCUyMCUyMCUyMCUyMCUyMCUyMCUyMCUyMCUyMCUyMCUyMCUyMCUzQ2lucHV0JTIwdHlwZSUzRCUyMmhpZGRlbiUyMiUyMGlkJTNEJTIybGFuZ3VhZ2UlMjIlMjBuYW1lJTNEJTIybGFuZ3VhZ2UlMjIlMjB2YWx1ZSUzRCUyMnB0JTIyJTIwJTJGJTNFJTBBJTIwJTIwJTIwJTIwJTIwJTIwJTIwJTIwJTIwJTIwJTIwJTIwJTIwJTNDaW5wdXQlMjB0eXBlJTNEJTIyaGlkZGVuJTIyJTIwaWQlM0QlMjJBVlBfYXJyaXZhbERhdGUlMjIlMjBuYW1lJTNEJTIyYXJyaXZhbERhdGUlMjIlMjB2YWx1ZSUzRCUyMiUyMiUyMCUyRiUzRSUwQSUyMCUyMCUyMCUyMCUyMCUyMCUyMCUyMCUyMCUyMCUyMCUyMCUyMCUzQ2lucHV0JTIwdHlwZSUzRCUyMmhpZGRlbiUyMiUyMGlkJTNEJTIyQVZQX25pZ2h0cyUyMiUyMG5hbWUlM0QlMjJuaWdodHMlMjIlMjB2YWx1ZSUzRCUyMiUyMiUyMCUyRiUzRSUwQSUyMCUyMCUyMCUyMCUyMCUyMCUyMCUyMCUyMCUyMCUyMCUyMCUyMCUzQ2lucHV0JTIwdHlwZSUzRCUyMmhpZGRlbiUyMiUyMGlkJTNEJTIyZ3Vlc3RDb3VudFNlbGVjdG9yJTIyJTIwbmFtZSUzRCUyMmd1ZXN0Q291bnRTZWxlY3RvciUyMiUyMHZhbHVlJTNEJTIyUmVhZE9ubHklMjIlMjAlMkYlM0UlMEElMjAlMjAlMjAlMjAlMjAlMjAlMjAlMjAlMjAlMjAlMjAlMjAlMjAlM0NkaXYlMjBjbGFzcyUzRCUyMmlucHV0LWRhdGUtcmVzYSUyMiUzRSUzQ2lucHV0JTIwdHlwZSUzRCUyMnRleHQlMjIlMjBjbGFzcyUzRCUyMmFzRGF0ZVBpY2tlciUyMiUyMCUyMGlkJTNEJTIyZGF0ZSUyMiUyMG5hbWUlM0QlMjJkYXRlLWFycml2ZWUlMjIlMjAlMjBwbGFjZWhvbGRlciUzRCUyMkRhdGElMjBkZSUyMGNoZWdhZGElMjIlMjAlM0UlM0NpJTIwY2xhc3MlM0QlMjJmYSUyMGZhLWNhbGVuZGFyJTIyJTNFJTNDJTJGaSUzRSUzQyUyRmRpdiUzRSUwQSUyMCUyMCUyMCUyMCUyMCUyMCUyMCUyMCUyMCUyMCUyMCUyMCUyMCUzQ2RpdiUyMGNsYXNzJTNEJTIyaW5wdXQtZGF0ZS1yZXNhJTIyJTNFJTNDaW5wdXQlMjB0eXBlJTNEJTIydGV4dCUyMiUyMGlkJTNEJTIyZGF0ZTIlMjIlMjBuYW1lJTNEJTIyZGF0ZS1kZXBhcnQlMjIlMjBjbGFzcyUzRCUyMmFzRGF0ZVBpY2tlciUyMiUyMHBsYWNlaG9sZGVyJTNEJTIyRGF0YSUyMGRlJTIwc2ElQzMlQURkYSUyMiUyMCUzRSUzQ2klMjBjbGFzcyUzRCUyMmZhJTIwZmEtY2FsZW5kYXIlMjIlM0UlM0MlMkZpJTNFJTNDJTJGZGl2JTNFJTBBJTIwJTIwJTIwJTIwJTIwJTIwJTIwJTIwJTIwJTIwJTIwJTIwJTIwJTNDZGl2JTIwY2xhc3MlM0QlMjJpbnB1dC1kYXRlLXJlc2ElMjIlM0UlM0NzZWxlY3QlMjBpZCUzRCUyMnNlbGVjdGVkQWR1bHRDb3VudCUyMiUyMG5hbWUlM0QlMjJzZWxlY3RlZEFkdWx0Q291bnQlMjIlM0UlM0MlMkZzZWxlY3QlM0UlMjAlM0NpJTIwY2xhc3MlM0QlMjJmYSUyMGZhLXVzZXIlMjIlMjBhcmlhLWhpZGRlbiUzRCUyMnRydWUlMjIlM0UlM0MlMkZpJTNFJTNDJTJGZGl2JTNFJTBBJTIwJTIwJTIwJTIwJTIwJTIwJTIwJTIwJTIwJTIwJTIwJTIwJTBBJTIwJTIwJTIwJTIwJTIwJTIwJTIwJTIwJTIwJTIwJTIwJTIwJTIwJTNDYnV0dG9uJTIwdHlwZSUzRCUyMnN1Ym1pdCUyMiUyMGNsYXNzJTNEJTIycmF2aXMtYnRuJTIwYnRuLXR5cGUtMiUyMiUzRVJFU0VSVkFSJTNDJTJGYnV0dG9uJTNFJTBBJTIwJTIwJTIwJTIwJTIwJTIwJTIwJTIwJTIwJTIwJTIwJTIwJTIwJTNDJTJGZm9ybSUzRSUwQSUyMCUyMCUyMCUyMCUyMCUyMCUyMCUyMCUyMCUyMCUyMCUwQSUyMCUzQ3NjcmlwdCUyMHR5cGUlM0QlMjJ0ZXh0JTJGamF2YXNjcmlwdCUyMiUyMHNyYyUzRCUyMmh0dHBzJTNBJTJGJTJGd3d3LmJlYXVib3VyZy1wYXJpcy1ob3RlbC5jb20lMkZhdmFpbHBybyUyRmF2YWlscHJvLmpzJTIyJTNFJTNDJTJGc2NyaXB0JTNFJTBBJTNDJTJGZGl2JTNF[\/vc_raw_html][\/vc_column][\/vc_row][vc_row css=&#8221;.vc_custom_1594387887945{margin-top: 120px !important;margin-bottom: 30px !important;}&#8221; el_class=&#8221;marge-menu&#8221;][vc_column offset=&#8221;vc_col-md-offset-2 vc_col-md-8&#8243;][vc_raw_html css=&#8221;.vc_custom_1530762982552{margin-top: 0px !important;padding-top: 0px !important;}&#8221;]JTNDZGl2JTIwY2xhc3MlM0QlMjJyYXZpcy10aXRsZS10LTIlMjIlM0UlM0NkaXYlMjBjbGFzcyUzRCUyMnRpdGxlJTIyJTNFJTNDc3BhbiUzRVNlcnZpJUMzJUE3b3MlMjBkbyUyMGhvdGVsJTNDJTJGc3BhbiUzRSUzQyUyRmRpdiUzRSUzQ2RpdiUyMGNsYXNzJTNEJTIyc3ViLXRpdGxlJTIyJTNFJTNDJTJGZGl2JTNFJTNDJTJGZGl2JTNF[\/vc_raw_html][vc_column_text]<\/p>\n<p style=\"text-align: center;\">Para que Paris esteja a seus p\u00e9s e para lhe <strong>facilitar a sua estadia<\/strong>, o <strong>Hotel Beaubourg<\/strong> oferece-lhe <strong>servi\u00e7os adaptados \u00e0s suas necessidades<\/strong><\/p>\n<p>[\/vc_column_text][\/vc_column][\/vc_row][vc_row css=&#8221;.vc_custom_1528815504856{margin-top: 0px !important;margin-bottom: 0px !important;padding-top: 0px !important;padding-bottom: 0px !important;}&#8221;][vc_column][vc_column_text]<section id=\"hotel-sections\"><div class=\"section-row clearfix\">\n\n\t\t\t\t\t\t\t<div class=\"desc animated-box\" data-animation=\"fadeInUp\" data-delay=\"400\">\n\n\t\t\t\t\t\t\t\t<div class=\"ravis-title-t-1\">\n\n\t\t\t\t\t\t\t\t\t<div class=\"title\"><span>A recep\u00e7\u00e3o<\/span><\/div>\n\n\t\t\t\t\t\t\t\t\t<div class=\"sub-title\">sempre ao seu dispor!<\/div>\n\n\t\t\t\t\t\t\t\t<\/div>\n\n\t\t\t\t\t\t\t\t<div class=\"content\"><strong>Tanto de dia como de noite, a nossa equipa est\u00e1 sempre \u00e0 sua disposi\u00e7\u00e3o<\/strong> para que a sua estadia seja uma festa e seja perfeita. Uma sugest\u00e3o para um restaurante, uma reserva de \u00faltima hora, uma sa\u00edda original ou uma confirma\u00e7\u00e3o do voo? <strong>Pe\u00e7a ao concierge!<\/strong> Uma cultura palaciana e a intimidade da sua pr\u00f3pria casa, a nossa ambi\u00e7\u00e3o : satisfaz\u00ea-lo... em todas as l\u00ednguas.\r\n\r\n<strong>Uma sala com uma atmosfera acolhedora e descontra\u00edda<\/strong>, um computador onde pode<strong> navegar na internet gratuitamente<\/strong> e organizar reuni\u00f5es... Um local onde pode conviver ou devorar jornais e revistas, tomar uma flute de champanhe ou um caf\u00e9, fazer uma cura de serenidade no nosso jardim zen... <strong>No cora\u00e7\u00e3o da cidade, uma fonte de calma.<\/strong>\r\n\r\nPode pedir para guardar e levantar a sua <strong>bagagem 24\/24h.<\/strong>\r\n\r\n&nbsp;\r\n\r\n<img decoding=\"async\" class=\"alignnone wp-image-16315 size-full smart\" src=\"http:\/\/www.beaubourg-paris-hotel.com\/wp-content\/uploads\/2018\/05\/Hotel-beaubourg-Paris_services-10.jpg\" alt=\"SERVICES\" width=\"1920\" height=\"1000\" srcset=\"https:\/\/www.beaubourg-paris-hotel.com\/wp-content\/uploads\/2018\/05\/Hotel-beaubourg-Paris_services-10.jpg 1920w, https:\/\/www.beaubourg-paris-hotel.com\/wp-content\/uploads\/2018\/05\/Hotel-beaubourg-Paris_services-10-300x156.jpg 300w, https:\/\/www.beaubourg-paris-hotel.com\/wp-content\/uploads\/2018\/05\/Hotel-beaubourg-Paris_services-10-768x400.jpg 768w, https:\/\/www.beaubourg-paris-hotel.com\/wp-content\/uploads\/2018\/05\/Hotel-beaubourg-Paris_services-10-1024x533.jpg 1024w\" sizes=\"(max-width: 1920px) 100vw, 1920px\" \/><\/div>\n\n\t\t\t\t\t\t\t<\/div><div class=\"img-container animated-box\" data-animation=\"fadeInUp\" data-bg-img=\"https:\/\/www.beaubourg-paris-hotel.com\/wp-content\/uploads\/2018\/05\/Hotel-beaubourg-Paris_services-10.jpg\"><\/div><\/div><div class=\"section-row clearfix\"><div class=\"img-container animated-box\" data-animation=\"fadeInUp\" data-bg-img=\"https:\/\/www.beaubourg-paris-hotel.com\/wp-content\/uploads\/2018\/05\/Hotel-beaubourg-Paris_services-6.jpg\"><\/div>\n\n\t\t\t\t\t\t\t<div class=\"desc animated-box\" data-animation=\"fadeInUp\" data-delay=\"400\">\n\n\t\t\t\t\t\t\t\t<div class=\"ravis-title-t-1\">\n\n\t\t\t\t\t\t\t\t\t<div class=\"title\"><span>WIFI<\/span><\/div>\n\n\t\t\t\t\t\t\t\t\t<div class=\"sub-title\">Fibra wifi gratis e segura<\/div>\n\n\t\t\t\t\t\t\t\t<\/div>\n\n\t\t\t\t\t\t\t\t<div class=\"content\"><p style=\"text-align: left\"><strong>Wifi gr\u00e1tis<\/strong> em todo o hotel<\/p>\r\n<p style=\"text-align: left\">Computador ligado \u00e0 Internet <strong>dispon\u00edvel gratuitamente<\/strong><\/p>\r\n&nbsp;\r\n\r\n<img decoding=\"async\" class=\"smart alignnone wp-image-16311 size-full smart\" src=\"http:\/\/www.beaubourg-paris-hotel.com\/wp-content\/uploads\/2018\/05\/Hotel-beaubourg-Paris_services-6.jpg\" alt=\"SERVICES\" width=\"1920\" height=\"1000\" srcset=\"https:\/\/www.beaubourg-paris-hotel.com\/wp-content\/uploads\/2018\/05\/Hotel-beaubourg-Paris_services-6.jpg 1920w, https:\/\/www.beaubourg-paris-hotel.com\/wp-content\/uploads\/2018\/05\/Hotel-beaubourg-Paris_services-6-300x156.jpg 300w, https:\/\/www.beaubourg-paris-hotel.com\/wp-content\/uploads\/2018\/05\/Hotel-beaubourg-Paris_services-6-768x400.jpg 768w, https:\/\/www.beaubourg-paris-hotel.com\/wp-content\/uploads\/2018\/05\/Hotel-beaubourg-Paris_services-6-1024x533.jpg 1024w\" sizes=\"(max-width: 1920px) 100vw, 1920px\" \/><\/div>\n\n\t\t\t\t\t\t\t<\/div><\/div><div class=\"section-row clearfix\">\n\n\t\t\t\t\t\t\t<div class=\"desc animated-box\" data-animation=\"fadeInUp\" data-delay=\"400\">\n\n\t\t\t\t\t\t\t\t<div class=\"ravis-title-t-1\">\n\n\t\t\t\t\t\t\t\t\t<div class=\"title\"><span>Buffet de caf\u00e9 da manh\u00e3 : 11 \u20ac<\/span><\/div>\n\n\t\t\t\t\t\t\t\t\t<div class=\"sub-title\">No quarto ou na sala abobadada<\/div>\n\n\t\t\t\t\t\t\t\t<\/div>\n\n\t\t\t\t\t\t\t\t<div class=\"content\">Uma <strong>sala abobadada<\/strong>, com <strong>pedra aparente<\/strong>, um antigo po\u00e7o. Um <strong>quadro hist\u00f3rico e encantador<\/strong> para despertar em beleza. Antes de um dia de neg\u00f3cios ou de um passeio, \u00e9 servido um <strong>abundante pequeno-almo\u00e7o das 7 \u00e0s 11 da manh\u00e3<\/strong>, a n\u00e3o ser que prefira pregui\u00e7ar na cama e, nesse caso, ser-lhe-\u00e1 servido um tabuleiro no seu quarto.\r\n\r\n&nbsp;\r\n\r\nO nosso<strong> buffet de pequeno-almo\u00e7o oferece uma grande selec\u00e7\u00e3o<\/strong> de:\r\n<ul>\r\n \t<li>Bebidas quentes (ch\u00e1, caf\u00e9, expresso ou chocolate)<\/li>\r\n \t<li>Suco de laranja, salada de frutas, ovo cozido, queijos, presunto<\/li>\r\n \t<li>P\u00e3o, manteiga, gel\u00e9ia, p\u00e3es franceses e croissants, iogurte, cereais<\/li>\r\n \t<li>Ovos fritos ou mexidos, ovos com presunto ou queijo servidos a custo extra<\/li>\r\n<\/ul>\r\n&nbsp;\r\n\r\n<img decoding=\"async\" class=\"alignnone size-full wp-image-17810 smart\" src=\"http:\/\/www.beaubourg-paris-hotel.com\/wp-content\/uploads\/2018\/05\/Hotel-beaubourg-Paris_services-9.jpg\" alt=\"SERVICES\" width=\"1920\" height=\"1000\" srcset=\"https:\/\/www.beaubourg-paris-hotel.com\/wp-content\/uploads\/2018\/05\/Hotel-beaubourg-Paris_services-9.jpg 1920w, https:\/\/www.beaubourg-paris-hotel.com\/wp-content\/uploads\/2018\/05\/Hotel-beaubourg-Paris_services-9-300x156.jpg 300w, https:\/\/www.beaubourg-paris-hotel.com\/wp-content\/uploads\/2018\/05\/Hotel-beaubourg-Paris_services-9-768x400.jpg 768w, https:\/\/www.beaubourg-paris-hotel.com\/wp-content\/uploads\/2018\/05\/Hotel-beaubourg-Paris_services-9-1024x533.jpg 1024w\" sizes=\"(max-width: 1920px) 100vw, 1920px\" \/><\/div>\n\n\t\t\t\t\t\t\t<\/div><div class=\"img-container animated-box\" data-animation=\"fadeInUp\" data-bg-img=\"https:\/\/www.beaubourg-paris-hotel.com\/wp-content\/uploads\/2018\/05\/Hotel-beaubourg-Paris_services-9.jpg\"><\/div><\/div><div class=\"section-row clearfix\"><div class=\"img-container animated-box\" data-animation=\"fadeInUp\" data-bg-img=\"https:\/\/www.beaubourg-paris-hotel.com\/wp-content\/uploads\/2018\/05\/Hotel-beaubourg-Paris_services-5.jpg\"><\/div>\n\n\t\t\t\t\t\t\t<div class=\"desc animated-box\" data-animation=\"fadeInUp\" data-delay=\"400\">\n\n\t\t\t\t\t\t\t\t<div class=\"ravis-title-t-1\">\n\n\t\t\t\t\t\t\t\t\t<div class=\"title\"><span>As salas de reuni\u00f5es<\/span><\/div>\n\n\t\t\t\t\t\t\t\t\t<div class=\"sub-title\">Possibilidade de alugar uma sala para seminarios<\/div>\n\n\t\t\t\t\t\t\t\t<\/div>\n\n\t\t\t\t\t\t\t\t<div class=\"content\">Para <strong>organizar uma reuni\u00e3o<\/strong>, uma <strong>vernissage<\/strong> ou um <strong>semin\u00e1rio<\/strong> em pleno cora\u00e7\u00e3o de Paris e num ambiente sofisticado, com <strong>solu\u00e7\u00f5es adaptadas e profissionais <\/strong>que lhe s\u00e3o oferecidas pelo Hotel Beaubourg.\r\n\r\nDe facto, dispomos de <strong>uma sala de reuni\u00f5es confort\u00e1vel, original e sofisticada<\/strong> com capacidade <strong>para 12 pessoas sentadas ou 20 pessoas no formato workshop<\/strong>.\r\n\r\nContacto : <a href=\"mailto:reservation@hotelbeaubourg.com\">reservation@hotelbeaubourg.com<\/a> \/ Telefone : +33 1 42 74 34 24\r\n\r\n&nbsp;\r\n\r\n<img decoding=\"async\" class=\"smart alignnone wp-image-17834 size-full smart\" src=\"http:\/\/www.beaubourg-paris-hotel.com\/wp-content\/uploads\/2018\/05\/Hotel-beaubourg-Paris_services-5.jpg\" alt=\"Servi\u00e7os\" width=\"1920\" height=\"1000\" srcset=\"https:\/\/www.beaubourg-paris-hotel.com\/wp-content\/uploads\/2018\/05\/Hotel-beaubourg-Paris_services-5.jpg 1920w, https:\/\/www.beaubourg-paris-hotel.com\/wp-content\/uploads\/2018\/05\/Hotel-beaubourg-Paris_services-5-300x156.jpg 300w, https:\/\/www.beaubourg-paris-hotel.com\/wp-content\/uploads\/2018\/05\/Hotel-beaubourg-Paris_services-5-768x400.jpg 768w, https:\/\/www.beaubourg-paris-hotel.com\/wp-content\/uploads\/2018\/05\/Hotel-beaubourg-Paris_services-5-1024x533.jpg 1024w\" sizes=\"(max-width: 1920px) 100vw, 1920px\" \/><\/div>\n\n\t\t\t\t\t\t\t<\/div><\/div><\/section>[\/vc_column_text][\/vc_column][\/vc_row]<\/p>\n","protected":false},"excerpt":{"rendered":"<p>[vc_row el_class=&#8221;bande-resa&#8221;][vc_column][vc_raw_html]JTNDZGl2JTIwY2xhc3MlM0QlMjJyZXNlcnZhdGlvbi1mb3JtJTIwZGVzayUyMiUyMHN0eWxlJTNEJTIydGV4dC1hbGlnbiUzQSUyMGNlbnRlciUzQiUyMiUzRSUwQSUzQ2Zvcm0lMjBpZCUzRCUyMkFWUCUyMiUyMGFjdGlvbiUzRCUyMmh0dHAlM0ElMkYlMkZ3d3cuc2VjdXJlLWhvdGVsLWJvb2tpbmcuY29tJTJGSG90ZWwtQmVhdWJvdXJnJTJGMkdVSiUyRnNlYXJjaCUzRmhvdGVsSWQlM0QyMjg1JTIyJTIwbWV0aG9kJTNEJTIycG9zdCUyMiUyMHRhcmdldCUzRCUyMl9ibGFuayUyMiUyMG9uc3VibWl0JTNEJTIyaWYlMjhfZ2FxJTIxJTNEbnVsbCUyOV9nYXEucHVzaCUyOCU1QiUyN19saW5rQnlQb3N0JTI3JTJDJTIwdGhpcyU1RCUyOSUzQiUyMiUzRSUwQSUyMCUyMCUyMCUyMCUyMCUyMCUyMCUyMCUyMCUyMCUyMCUyMCUyMCUzQ2lucHV0JTIwdHlwZSUzRCUyMmhpZGRlbiUyMiUyMGlkJTNEJTIybGFuZ3VhZ2UlMjIlMjBuYW1lJTNEJTIybGFuZ3VhZ2UlMjIlMjB2YWx1ZSUzRCUyMnB0JTIyJTIwJTJGJTNFJTBBJTIwJTIwJTIwJTIwJTIwJTIwJTIwJTIwJTIwJTIwJTIwJTIwJTIwJTNDaW5wdXQlMjB0eXBlJTNEJTIyaGlkZGVuJTIyJTIwaWQlM0QlMjJBVlBfYXJyaXZhbERhdGUlMjIlMjBuYW1lJTNEJTIyYXJyaXZhbERhdGUlMjIlMjB2YWx1ZSUzRCUyMiUyMiUyMCUyRiUzRSUwQSUyMCUyMCUyMCUyMCUyMCUyMCUyMCUyMCUyMCUyMCUyMCUyMCUyMCUzQ2lucHV0JTIwdHlwZSUzRCUyMmhpZGRlbiUyMiUyMGlkJTNEJTIyQVZQX25pZ2h0cyUyMiUyMG5hbWUlM0QlMjJuaWdodHMlMjIlMjB2YWx1ZSUzRCUyMiUyMiUyMCUyRiUzRSUwQSUyMCUyMCUyMCUyMCUyMCUyMCUyMCUyMCUyMCUyMCUyMCUyMCUyMCUzQ2lucHV0JTIwdHlwZSUzRCUyMmhpZGRlbiUyMiUyMGlkJTNEJTIyZ3Vlc3RDb3VudFNlbGVjdG9yJTIyJTIwbmFtZSUzRCUyMmd1ZXN0Q291bnRTZWxlY3RvciUyMiUyMHZhbHVlJTNEJTIyUmVhZE9ubHklMjIlMjAlMkYlM0UlMEElMjAlMjAlMjAlMjAlMjAlMjAlMjAlMjAlMjAlMjAlMjAlMjAlMjAlM0NkaXYlMjBjbGFzcyUzRCUyMmlucHV0LWRhdGUtcmVzYSUyMiUzRSUzQ2lucHV0JTIwdHlwZSUzRCUyMnRleHQlMjIlMjBjbGFzcyUzRCUyMmFzRGF0ZVBpY2tlciUyMiUyMCUyMGlkJTNEJTIyZGF0ZSUyMiUyMG5hbWUlM0QlMjJkYXRlLWFycml2ZWUlMjIlMjAlMjBwbGFjZWhvbGRlciUzRCUyMkRhdGElMjBkZSUyMGNoZWdhZGElMjIlMjAlM0UlM0NpJTIwY2xhc3MlM0QlMjJmYSUyMGZhLWNhbGVuZGFyJTIyJTNFJTNDJTJGaSUzRSUzQyUyRmRpdiUzRSUwQSUyMCUyMCUyMCUyMCUyMCUyMCUyMCUyMCUyMCUyMCUyMCUyMCUyMCUzQ2RpdiUyMGNsYXNzJTNEJTIyaW5wdXQtZGF0ZS1yZXNhJTIyJTNFJTNDaW5wdXQlMjB0eXBlJTNEJTIydGV4dCUyMiUyMGlkJTNEJTIyZGF0ZTIlMjIlMjBuYW1lJTNEJTIyZGF0ZS1kZXBhcnQlMjIlMjBjbGFzcyUzRCUyMmFzRGF0ZVBpY2tlciUyMiUyMHBsYWNlaG9sZGVyJTNEJTIyRGF0YSUyMGRlJTIwc2ElQzMlQURkYSUyMiUyMCUzRSUzQ2klMjBjbGFzcyUzRCUyMmZhJTIwZmEtY2FsZW5kYXIlMjIlM0UlM0MlMkZpJTNFJTNDJTJGZGl2JTNFJTBBJTIwJTIwJTIwJTIwJTIwJTIwJTIwJTIwJTIwJTIwJTIwJTIwJTIwJTNDZGl2JTIwY2xhc3MlM0QlMjJpbnB1dC1kYXRlLXJlc2ElMjIlM0UlM0NzZWxlY3QlMjBpZCUzRCUyMnNlbGVjdGVkQWR1bHRDb3VudCUyMiUyMG5hbWUlM0QlMjJzZWxlY3RlZEFkdWx0Q291bnQlMjIlM0UlM0MlMkZzZWxlY3QlM0UlMjAlM0NpJTIwY2xhc3MlM0QlMjJmYSUyMGZhLXVzZXIlMjIlMjBhcmlhLWhpZGRlbiUzRCUyMnRydWUlMjIlM0UlM0MlMkZpJTNFJTNDJTJGZGl2JTNFJTBBJTIwJTIwJTIwJTIwJTIwJTIwJTIwJTIwJTIwJTIwJTIwJTIwJTBBJTIwJTIwJTIwJTIwJTIwJTIwJTIwJTIwJTIwJTIwJTIwJTIwJTIwJTNDYnV0dG9uJTIwdHlwZSUzRCUyMnN1Ym1pdCUyMiUyMGNsYXNzJTNEJTIycmF2aXMtYnRuJTIwYnRuLXR5cGUtMiUyMiUzRVJFU0VSVkFSJTNDJTJGYnV0dG9uJTNFJTBBJTIwJTIwJTIwJTIwJTIwJTIwJTIwJTIwJTIwJTIwJTIwJTIwJTIwJTNDJTJGZm9ybSUzRSUwQSUyMCUyMCUyMCUyMCUyMCUyMCUyMCUyMCUyMCUyMCUyMCUwQSUyMCUzQ3NjcmlwdCUyMHR5cGUlM0QlMjJ0ZXh0JTJGamF2YXNjcmlwdCUyMiUyMHNyYyUzRCUyMmh0dHBzJTNBJTJGJTJGd3d3LmJlYXVib3VyZy1wYXJpcy1ob3RlbC5jb20lMkZhdmFpbHBybyUyRmF2YWlscHJvLmpzJTIyJTNFJTNDJTJGc2NyaXB0JTNFJTBBJTNDJTJGZGl2JTNF[\/vc_raw_html][\/vc_column][\/vc_row][vc_row css=&#8221;.vc_custom_1594387887945{margin-top: 120px !important;margin-bottom: 30px !important;}&#8221; el_class=&#8221;marge-menu&#8221;][vc_column offset=&#8221;vc_col-md-offset-2 vc_col-md-8&#8243;][vc_raw_html css=&#8221;.vc_custom_1530762982552{margin-top: 0px !important;padding-top: 0px !important;}&#8221;]JTNDZGl2JTIwY2xhc3MlM0QlMjJyYXZpcy10aXRsZS10LTIlMjIlM0UlM0NkaXYlMjBjbGFzcyUzRCUyMnRpdGxlJTIyJTNFJTNDc3BhbiUzRVNlcnZpJUMzJUE3b3MlMjBkbyUyMGhvdGVsJTNDJTJGc3BhbiUzRSUzQyUyRmRpdiUzRSUzQ2RpdiUyMGNsYXNzJTNEJTIyc3ViLXRpdGxlJTIyJTNFJTNDJTJGZGl2JTNFJTNDJTJGZGl2JTNF[\/vc_raw_html][vc_column_text] Para que Paris esteja a seus p\u00e9s e para lhe facilitar a sua estadia, o Hotel Beaubourg oferece-lhe servi\u00e7os adaptados&#8230;<\/p>\n<div class=\"read-more-container\"><a class=\"more-link btn btn-default btn-sm read-more\" href=\"https:\/\/www.beaubourg-paris-hotel.com\/pt-pt\/hotel_section\/as-salas-de-reunioes\/\">Read More<\/a><\/div>\n","protected":false},"author":1,"featured_media":0,"parent":0,"menu_order":0,"comment_status":"closed","ping_status":"closed","template":"","meta":{"footnotes":""},"class_list":["post-16507","page","type-page","status-publish","hentry"],"yoast_head":"<title>H\u00f4tel Beaubourg - Paris Marais - Melhores tarifas no site oficial - Servi\u00e7os<\/title>\n<meta name=\"description\" content=\"RESERVAS DIRECTAS - melhores tarifas do que Booking.com no site oficial do hotel! - O pessoal da recep\u00e7\u00e3o do Hotel Beaubourg est\u00e1 \u00e0 sua disposi\u00e7\u00e3o para lhe recomendar um restaurante ou lhe reservar um bilhete. Todas as manh\u00e3s \u00e9 servido um copioso pequeno-almo\u00e7o buffet...\" \/>\n<meta name=\"robots\" content=\"index, follow, max-snippet:-1, max-image-preview:large, max-video-preview:-1\" \/>\n<link rel=\"canonical\" href=\"https:\/\/www.beaubourg-paris-hotel.com\/pt-pt\/servicos\/\" \/>\n<meta property=\"og:locale\" content=\"pt_PT\" \/>\n<meta property=\"og:type\" content=\"article\" \/>\n<meta property=\"og:title\" content=\"H\u00f4tel Beaubourg - Paris Marais - Melhores tarifas no site oficial - Servi\u00e7os\" \/>\n<meta property=\"og:description\" content=\"RESERVAS DIRECTAS - melhores tarifas do que Booking.com no site oficial do hotel! - O pessoal da recep\u00e7\u00e3o do Hotel Beaubourg est\u00e1 \u00e0 sua disposi\u00e7\u00e3o para lhe recomendar um restaurante ou lhe reservar um bilhete. Todas as manh\u00e3s \u00e9 servido um copioso pequeno-almo\u00e7o buffet...\" \/>\n<meta property=\"og:url\" content=\"https:\/\/www.beaubourg-paris-hotel.com\/pt-pt\/servicos\/\" \/>\n<meta property=\"og:site_name\" content=\"H\u00f4tel Beaubourg\" \/>\n<meta property=\"article:modified_time\" content=\"2020-07-10T13:31:29+00:00\" \/>\n<meta name=\"twitter:card\" content=\"summary_large_image\" \/>\n<meta name=\"twitter:label1\" content=\"Tempo estimado de leitura\" \/>\n\t<meta name=\"twitter:data1\" content=\"2 minutos\" \/>\n<script type=\"application\/ld+json\" class=\"yoast-schema-graph\">{\"@context\":\"https:\/\/schema.org\",\"@graph\":[{\"@type\":\"WebPage\",\"@id\":\"https:\/\/www.beaubourg-paris-hotel.com\/pt-pt\/servicos\/\",\"url\":\"https:\/\/www.beaubourg-paris-hotel.com\/pt-pt\/servicos\/\",\"name\":\"H\u00f4tel Beaubourg - Paris Marais - Melhores tarifas no site oficial - Servi\u00e7os\",\"isPartOf\":{\"@id\":\"https:\/\/www.beaubourg-paris-hotel.com\/it\/#website\"},\"datePublished\":\"2018-05-04T06:05:34+00:00\",\"dateModified\":\"2020-07-10T13:31:29+00:00\",\"description\":\"RESERVAS DIRECTAS - melhores tarifas do que Booking.com no site oficial do hotel! - O pessoal da recep\u00e7\u00e3o do Hotel Beaubourg est\u00e1 \u00e0 sua disposi\u00e7\u00e3o para lhe recomendar um restaurante ou lhe reservar um bilhete. Todas as manh\u00e3s \u00e9 servido um copioso pequeno-almo\u00e7o buffet...\",\"breadcrumb\":{\"@id\":\"https:\/\/www.beaubourg-paris-hotel.com\/pt-pt\/servicos\/#breadcrumb\"},\"inLanguage\":\"pt-PT\",\"potentialAction\":[{\"@type\":\"ReadAction\",\"target\":[\"https:\/\/www.beaubourg-paris-hotel.com\/pt-pt\/servicos\/\"]}]},{\"@type\":\"BreadcrumbList\",\"@id\":\"https:\/\/www.beaubourg-paris-hotel.com\/pt-pt\/servicos\/#breadcrumb\",\"itemListElement\":[{\"@type\":\"ListItem\",\"position\":1,\"name\":\"Accueil\",\"item\":\"https:\/\/www.beaubourg-paris-hotel.com\/pt-pt\/\"},{\"@type\":\"ListItem\",\"position\":2,\"name\":\"Nos Services\"}]},{\"@type\":\"WebSite\",\"@id\":\"https:\/\/www.beaubourg-paris-hotel.com\/it\/#website\",\"url\":\"https:\/\/www.beaubourg-paris-hotel.com\/it\/\",\"name\":\"H\u00f4tel Beaubourg\",\"description\":\"H\u00f4tel 3 \u00e9toiles de charme, Paris Centre.\",\"potentialAction\":[{\"@type\":\"SearchAction\",\"target\":{\"@type\":\"EntryPoint\",\"urlTemplate\":\"https:\/\/www.beaubourg-paris-hotel.com\/it\/?s={search_term_string}\"},\"query-input\":{\"@type\":\"PropertyValueSpecification\",\"valueRequired\":true,\"valueName\":\"search_term_string\"}}],\"inLanguage\":\"pt-PT\"}]}<\/script>","yoast_head_json":{"title":"H\u00f4tel Beaubourg - Paris Marais - Melhores tarifas no site oficial - Servi\u00e7os","description":"RESERVAS DIRECTAS - melhores tarifas do que Booking.com no site oficial do hotel! - O pessoal da recep\u00e7\u00e3o do Hotel Beaubourg est\u00e1 \u00e0 sua disposi\u00e7\u00e3o para lhe recomendar um restaurante ou lhe reservar um bilhete. Todas as manh\u00e3s \u00e9 servido um copioso pequeno-almo\u00e7o buffet...","robots":{"index":"index","follow":"follow","max-snippet":"max-snippet:-1","max-image-preview":"max-image-preview:large","max-video-preview":"max-video-preview:-1"},"canonical":"https:\/\/www.beaubourg-paris-hotel.com\/pt-pt\/servicos\/","og_locale":"pt_PT","og_type":"article","og_title":"H\u00f4tel Beaubourg - Paris Marais - Melhores tarifas no site oficial - Servi\u00e7os","og_description":"RESERVAS DIRECTAS - melhores tarifas do que Booking.com no site oficial do hotel! - O pessoal da recep\u00e7\u00e3o do Hotel Beaubourg est\u00e1 \u00e0 sua disposi\u00e7\u00e3o para lhe recomendar um restaurante ou lhe reservar um bilhete. Todas as manh\u00e3s \u00e9 servido um copioso pequeno-almo\u00e7o buffet...","og_url":"https:\/\/www.beaubourg-paris-hotel.com\/pt-pt\/servicos\/","og_site_name":"H\u00f4tel Beaubourg","article_modified_time":"2020-07-10T13:31:29+00:00","twitter_card":"summary_large_image","twitter_misc":{"Tempo estimado de leitura":"2 minutos"},"schema":{"@context":"https:\/\/schema.org","@graph":[{"@type":"WebPage","@id":"https:\/\/www.beaubourg-paris-hotel.com\/pt-pt\/servicos\/","url":"https:\/\/www.beaubourg-paris-hotel.com\/pt-pt\/servicos\/","name":"H\u00f4tel Beaubourg - Paris Marais - Melhores tarifas no site oficial - Servi\u00e7os","isPartOf":{"@id":"https:\/\/www.beaubourg-paris-hotel.com\/it\/#website"},"datePublished":"2018-05-04T06:05:34+00:00","dateModified":"2020-07-10T13:31:29+00:00","description":"RESERVAS DIRECTAS - melhores tarifas do que Booking.com no site oficial do hotel! - O pessoal da recep\u00e7\u00e3o do Hotel Beaubourg est\u00e1 \u00e0 sua disposi\u00e7\u00e3o para lhe recomendar um restaurante ou lhe reservar um bilhete. Todas as manh\u00e3s \u00e9 servido um copioso pequeno-almo\u00e7o buffet...","breadcrumb":{"@id":"https:\/\/www.beaubourg-paris-hotel.com\/pt-pt\/servicos\/#breadcrumb"},"inLanguage":"pt-PT","potentialAction":[{"@type":"ReadAction","target":["https:\/\/www.beaubourg-paris-hotel.com\/pt-pt\/servicos\/"]}]},{"@type":"BreadcrumbList","@id":"https:\/\/www.beaubourg-paris-hotel.com\/pt-pt\/servicos\/#breadcrumb","itemListElement":[{"@type":"ListItem","position":1,"name":"Accueil","item":"https:\/\/www.beaubourg-paris-hotel.com\/pt-pt\/"},{"@type":"ListItem","position":2,"name":"Nos Services"}]},{"@type":"WebSite","@id":"https:\/\/www.beaubourg-paris-hotel.com\/it\/#website","url":"https:\/\/www.beaubourg-paris-hotel.com\/it\/","name":"H\u00f4tel Beaubourg","description":"H\u00f4tel 3 \u00e9toiles de charme, Paris Centre.","potentialAction":[{"@type":"SearchAction","target":{"@type":"EntryPoint","urlTemplate":"https:\/\/www.beaubourg-paris-hotel.com\/it\/?s={search_term_string}"},"query-input":{"@type":"PropertyValueSpecification","valueRequired":true,"valueName":"search_term_string"}}],"inLanguage":"pt-PT"}]}},"_links":{"self":[{"href":"https:\/\/www.beaubourg-paris-hotel.com\/pt-pt\/wp-json\/wp\/v2\/pages\/16507","targetHints":{"allow":["GET"]}}],"collection":[{"href":"https:\/\/www.beaubourg-paris-hotel.com\/pt-pt\/wp-json\/wp\/v2\/pages"}],"about":[{"href":"https:\/\/www.beaubourg-paris-hotel.com\/pt-pt\/wp-json\/wp\/v2\/types\/page"}],"author":[{"embeddable":true,"href":"https:\/\/www.beaubourg-paris-hotel.com\/pt-pt\/wp-json\/wp\/v2\/users\/1"}],"replies":[{"embeddable":true,"href":"https:\/\/www.beaubourg-paris-hotel.com\/pt-pt\/wp-json\/wp\/v2\/comments?post=16507"}],"version-history":[{"count":5,"href":"https:\/\/www.beaubourg-paris-hotel.com\/pt-pt\/wp-json\/wp\/v2\/pages\/16507\/revisions"}],"predecessor-version":[{"id":19869,"href":"https:\/\/www.beaubourg-paris-hotel.com\/pt-pt\/wp-json\/wp\/v2\/pages\/16507\/revisions\/19869"}],"wp:attachment":[{"href":"https:\/\/www.beaubourg-paris-hotel.com\/pt-pt\/wp-json\/wp\/v2\/media?parent=16507"}],"curies":[{"name":"wp","href":"https:\/\/api.w.org\/{rel}","templated":true}]}}