{"id":16453,"date":"2018-05-03T14:12:50","date_gmt":"2018-05-03T12:12:50","guid":{"rendered":"http:\/\/www.beaubourg-paris-hotel.com\/accueil-hotel-beaubourg\/"},"modified":"2022-06-23T10:47:54","modified_gmt":"2022-06-23T08:47:54","slug":"accueil-hotel-beaubourg","status":"publish","type":"page","link":"https:\/\/www.beaubourg-paris-hotel.com\/pt-pt\/","title":{"rendered":"Accueil"},"content":{"rendered":"<p>[vc_row el_class=&#8221;bande-resa&#8221;][vc_column css=&#8221;.vc_custom_1526545203635{margin-top: 5px !important;margin-bottom: 5px !important;padding-top: 0px !important;padding-bottom: 0px !important;}&#8221; offset=&#8221;vc_col-lg-offset-2 vc_col-lg-8 vc_col-md-offset-2 vc_col-md-8 vc_hidden-xs&#8221;][vc_raw_html css=&#8221;.vc_custom_1532059343781{margin-top: 0px !important;margin-right: 0px !important;margin-bottom: 0px !important;margin-left: 0px !important;border-top-width: 0px !important;border-right-width: 0px !important;border-bottom-width: 0px !important;border-left-width: 0px !important;padding-top: 0px !important;padding-right: 0px !important;padding-bottom: 0px !important;padding-left: 0px !important;}&#8221;]JTNDZGl2JTIwY2xhc3MlM0QlMjJyZXNlcnZhdGlvbi1mb3JtJTIwZGVzayUyMiUyMHN0eWxlJTNEJTIydGV4dC1hbGlnbiUzQSUyMGNlbnRlciUzQiUyMiUzRSUwQSUzQ2Zvcm0lMjBpZCUzRCUyMkFWUCUyMiUyMGFjdGlvbiUzRCUyMmh0dHAlM0ElMkYlMkZ3d3cuc2VjdXJlLWhvdGVsLWJvb2tpbmcuY29tJTJGSG90ZWwtQmVhdWJvdXJnJTJGMkdVSiUyRnNlYXJjaCUzRmhvdGVsSWQlM0QyMjg1JTIyJTIwbWV0aG9kJTNEJTIycG9zdCUyMiUyMHRhcmdldCUzRCUyMl9ibGFuayUyMiUyMG9uc3VibWl0JTNEJTIyaWYlMjhfZ2FxJTIxJTNEbnVsbCUyOV9nYXEucHVzaCUyOCU1QiUyN19saW5rQnlQb3N0JTI3JTJDJTIwdGhpcyU1RCUyOSUzQiUyMiUzRSUwQSUyMCUyMCUyMCUyMCUyMCUyMCUyMCUyMCUyMCUyMCUyMCUyMCUyMCUzQ2lucHV0JTIwdHlwZSUzRCUyMmhpZGRlbiUyMiUyMGlkJTNEJTIybGFuZ3VhZ2UlMjIlMjBuYW1lJTNEJTIybGFuZ3VhZ2UlMjIlMjB2YWx1ZSUzRCUyMnB0JTIyJTIwJTJGJTNFJTBBJTIwJTIwJTIwJTIwJTIwJTIwJTIwJTIwJTIwJTIwJTIwJTIwJTIwJTNDaW5wdXQlMjB0eXBlJTNEJTIyaGlkZGVuJTIyJTIwaWQlM0QlMjJBVlBfYXJyaXZhbERhdGUlMjIlMjBuYW1lJTNEJTIyYXJyaXZhbERhdGUlMjIlMjB2YWx1ZSUzRCUyMiUyMiUyMCUyRiUzRSUwQSUyMCUyMCUyMCUyMCUyMCUyMCUyMCUyMCUyMCUyMCUyMCUyMCUyMCUzQ2lucHV0JTIwdHlwZSUzRCUyMmhpZGRlbiUyMiUyMGlkJTNEJTIyQVZQX25pZ2h0cyUyMiUyMG5hbWUlM0QlMjJuaWdodHMlMjIlMjB2YWx1ZSUzRCUyMiUyMiUyMCUyRiUzRSUwQSUyMCUyMCUyMCUyMCUyMCUyMCUyMCUyMCUyMCUyMCUyMCUyMCUyMCUzQ2lucHV0JTIwdHlwZSUzRCUyMmhpZGRlbiUyMiUyMGlkJTNEJTIyZ3Vlc3RDb3VudFNlbGVjdG9yJTIyJTIwbmFtZSUzRCUyMmd1ZXN0Q291bnRTZWxlY3RvciUyMiUyMHZhbHVlJTNEJTIyUmVhZE9ubHklMjIlMjAlMkYlM0UlMEElMjAlMjAlMjAlMjAlMjAlMjAlMjAlMjAlMjAlMjAlMjAlMjAlMjAlM0NkaXYlMjBjbGFzcyUzRCUyMmlucHV0LWRhdGUtcmVzYSUyMiUzRSUzQ2lucHV0JTIwdHlwZSUzRCUyMnRleHQlMjIlMjBjbGFzcyUzRCUyMmFzRGF0ZVBpY2tlciUyMiUyMCUyMGlkJTNEJTIyZGF0ZSUyMiUyMG5hbWUlM0QlMjJkYXRlLWFycml2ZWUlMjIlMjAlMjBwbGFjZWhvbGRlciUzRCUyMkRhdGElMjBkZSUyMGNoZWdhZGElMjIlMjAlM0UlM0NpJTIwY2xhc3MlM0QlMjJmYSUyMGZhLWNhbGVuZGFyJTIyJTNFJTNDJTJGaSUzRSUzQyUyRmRpdiUzRSUwQSUyMCUyMCUyMCUyMCUyMCUyMCUyMCUyMCUyMCUyMCUyMCUyMCUyMCUzQ2RpdiUyMGNsYXNzJTNEJTIyaW5wdXQtZGF0ZS1yZXNhJTIyJTNFJTNDaW5wdXQlMjB0eXBlJTNEJTIydGV4dCUyMiUyMGlkJTNEJTIyZGF0ZTIlMjIlMjBuYW1lJTNEJTIyZGF0ZS1kZXBhcnQlMjIlMjBjbGFzcyUzRCUyMmFzRGF0ZVBpY2tlciUyMiUyMHBsYWNlaG9sZGVyJTNEJTIyRGF0YSUyMGRlJTIwc2ElQzMlQURkYSUyMiUyMCUzRSUzQ2klMjBjbGFzcyUzRCUyMmZhJTIwZmEtY2FsZW5kYXIlMjIlM0UlM0MlMkZpJTNFJTNDJTJGZGl2JTNFJTBBJTIwJTIwJTIwJTIwJTIwJTIwJTIwJTIwJTIwJTIwJTIwJTIwJTIwJTNDZGl2JTIwY2xhc3MlM0QlMjJpbnB1dC1kYXRlLXJlc2ElMjIlM0UlM0NzZWxlY3QlMjBpZCUzRCUyMnNlbGVjdGVkQWR1bHRDb3VudCUyMiUyMG5hbWUlM0QlMjJzZWxlY3RlZEFkdWx0Q291bnQlMjIlM0UlM0MlMkZzZWxlY3QlM0UlMjAlM0NpJTIwY2xhc3MlM0QlMjJmYSUyMGZhLXVzZXIlMjIlMjBhcmlhLWhpZGRlbiUzRCUyMnRydWUlMjIlM0UlM0MlMkZpJTNFJTNDJTJGZGl2JTNFJTBBJTIwJTIwJTIwJTIwJTIwJTIwJTIwJTIwJTIwJTIwJTIwJTIwJTBBJTIwJTIwJTIwJTIwJTIwJTIwJTIwJTIwJTIwJTIwJTIwJTIwJTIwJTNDYnV0dG9uJTIwdHlwZSUzRCUyMnN1Ym1pdCUyMiUyMGNsYXNzJTNEJTIycmF2aXMtYnRuJTIwYnRuLXR5cGUtMiUyMiUzRVJFU0VSVkFSJTNDJTJGYnV0dG9uJTNFJTBBJTIwJTIwJTIwJTIwJTIwJTIwJTIwJTIwJTIwJTIwJTIwJTIwJTIwJTNDJTJGZm9ybSUzRSUwQSUyMCUyMCUyMCUyMCUyMCUyMCUyMCUyMCUyMCUyMCUyMCUwQSUyMCUzQ3NjcmlwdCUyMHR5cGUlM0QlMjJ0ZXh0JTJGamF2YXNjcmlwdCUyMiUyMHNyYyUzRCUyMmh0dHBzJTNBJTJGJTJGd3d3LmJlYXVib3VyZy1wYXJpcy1ob3RlbC5jb20lMkZhdmFpbHBybyUyRmF2YWlscHJvLmpzJTIyJTNFJTNDJTJGc2NyaXB0JTNFJTBBJTNDJTJGZGl2JTNF[\/vc_raw_html][\/vc_column][\/vc_row][vc_row css=&#8221;.vc_custom_1527227581196{margin-top: 0px !important;}&#8221;][vc_column offset=&#8221;vc_hidden-xs&#8221;][rev_slider_vc alias=&#8221;accueil-pt&#8221;][\/vc_column][\/vc_row][vc_row css=&#8221;.vc_custom_1570088917607{margin-top: 80px !important;}&#8221;][vc_column offset=&#8221;vc_hidden-lg vc_hidden-md vc_hidden-sm&#8221;][vc_single_image image=&#8221;19278&#8243; img_size=&#8221;full&#8221;][\/vc_column][\/vc_row][vc_row css=&#8221;.vc_custom_1594393257237{margin-top: 0px !important;}&#8221;][vc_column css_animation=&#8221;zoomIn&#8221; css=&#8221;.vc_custom_1527835785640{margin-top: -130px !important;}&#8221;][vc_column_text]<\/p>\n<div id=\"texte\"><\/div>\n<section id=\"welcome-section\" class=\" \">\n\n\t\t\t\t\t<div class=\"inner-container container\">\n\n\t\t\t\t\t\t<div class=\"l-sec col-md-7\">\n\n\t\t\t\t\t\t\t<div class=\"ravis-title-t-1\">\n\n\t\t\t\t\t\t\t\t<div class=\"title\"><span>Hotel Beaubourg<\/span><\/div>\n\n\t\t\t\t\t\t\t\t<div class=\"sub-title\">Bem-vindo a Paris<\/div>\n\n\t\t\t\t\t\t\t<\/div>\n\n\t\t\t\t\t\t\t<div class=\"content\">Para<strong> um fim-de-semana rom\u00e2ntico<\/strong>, uma <strong>semana passada em fam\u00edlia<\/strong> ou para os tr\u00eas dias da Fashion Week, <strong>deixe-se seduzir:<\/strong> Luxo, cama e deleite... O <strong>Hotel Beaubourg<\/strong> faz a fus\u00e3o dos c\u00f3digos e dos desejos. <strong>Atendimento ao cliente irrepreens\u00edvel e um ambiente intimista, uma calma ol\u00edmpica e um bairro festivo<\/strong>: quartos \"com uma \u00fanica divis\u00e3o\" onde se casam as vigas, a decora\u00e7\u00e3o art d\u00e9co e wifi, uma <strong>atmosfera acolhedora<\/strong> e todo o <strong>equipamento moderno<\/strong>, um hotel chique e para todos... Paris \u00e9 uma festa!<\/p>\n<p>Paredes classificadas, camas confort\u00e1veis e ruas animadas, <strong>um hotel de charme de tr\u00eas estrelas no centro do Marais<\/strong>\u2026 Passeie pelas ruelas com cal\u00e7ada da hist\u00f3rica cidade de Paris, visite <strong>Notre-Dame, o Louvre e o Centro Pompidou<\/strong>, beba um copo num bar da moda, fa\u00e7a compras nos saldos no BHV e nas lojas de estilistas de moda, jante tarde numa cervejaria\u2026 e volte num abrir e piscar de olhos ao universo acolhedor do Hotel H\u00f4tel Beaubourg<\/p>\n<p>Estabelecimento n\u00e3o acess\u00edvel a pessoas com mobilidade reduzida.<\/div><a href=\"http:\/\/www.secure-hotel-booking.com\/Hotel-Beaubourg\/2GUJ\/dateselection?language=pt\" class=\"ravis-btn btn-type-2\" target=\"_blank\">Reserve o seu quarto !<\/a><\/div><div class=\"r-sec col-md-5\"><img decoding=\"async\" src=\"http:\/\/www.beaubourg-paris-hotel.com\/wp-content\/uploads\/2018\/05\/Hotel-beaubourg-Paris-facade-hotel-3.jpg\" alt=\"Hotel Beaubourg\"><\/div>\n\n\t\t\t\t\t<\/div>\n\n\t\t\t\t<\/section>[\/vc_column_text][\/vc_column][\/vc_row][vc_row css=&#8221;.vc_custom_1594393265226{margin-top: 0px !important;}&#8221;][vc_column css_animation=&#8221;left-to-right&#8221; css=&#8221;.vc_custom_1570088938141{margin-top: -130px !important;}&#8221; offset=&#8221;vc_hidden-xs&#8221;][vc_column_text]<\/p>\n<section id=\"luxury-rooms\" class=\"clearfix\">\n<div class=\"room-boxes col-sm-6 col-md-3\"><a class=\"inner-container\" style=\"background-image: url('http:\/\/www.beaubourg-paris-hotel.com\/wp-content\/uploads\/2018\/06\/chambre-classic-double-home.jpg');\" href=\"http:\/\/www.beaubourg-paris-hotel.com\/pt-pt\/quarto-duplo-classico\/\" data-bg=\"http:\/\/www.beaubourg-paris-hotel.com\/wp-content\/uploads\/2018\/06\/chambre-classic-double-home.jpg\"><span class=\"ravis-title\"><span class=\"inner-box\"><span class=\"title\">Duplo Cl\u00e1ssico<\/span><span class=\"sub-title\">11 a 15 m\u00b2 &#8211; 2 pessoas<\/span><\/span><\/span><\/a><\/div>\n<div class=\"room-boxes col-sm-6 col-md-3\"><a class=\"inner-container\" style=\"background-image: url('http:\/\/www.beaubourg-paris-hotel.com\/wp-content\/uploads\/2018\/06\/chambre-double-superieure-home.jpg');\" href=\"http:\/\/www.beaubourg-paris-hotel.com\/pt-pt\/quarto-duplo-superior\/\" data-bg=\"http:\/\/www.beaubourg-paris-hotel.com\/wp-content\/uploads\/2018\/06\/chambre-double-superieure-home.jpg\"><span class=\"ravis-title\"><span class=\"inner-box\"><span class=\"title\">Duplo Superior<\/span><span class=\"sub-title\">17 a 20 m\u00b2 &#8211; 2 pessoas<\/span><\/span><\/span><\/a><\/div>\n<div class=\"room-boxes col-sm-6 col-md-3\"><a class=\"inner-container\" style=\"background-image: url('http:\/\/www.beaubourg-paris-hotel.com\/wp-content\/uploads\/2018\/06\/chambre-twin-superieure-home.jpg');\" href=\"http:\/\/www.beaubourg-paris-hotel.com\/pt-pt\/quarto-gemeos-superior\/\" data-bg=\"http:\/\/www.beaubourg-paris-hotel.com\/wp-content\/uploads\/2018\/06\/chambre-twin-superieure-home.jpg\"><span class=\"ravis-title\"><span class=\"inner-box\"><span class=\"title\">G\u00eameo Superior<\/span><span class=\"sub-title\">17 a 20 m\u00b2 &#8211; 2 pessoas<\/span><\/span><\/span><\/a><\/div>\n<div class=\"room-boxes col-sm-6 col-md-3\"><a class=\"inner-container\" style=\"background-image: url('http:\/\/www.beaubourg-paris-hotel.com\/wp-content\/uploads\/2018\/06\/suite-junior-terrasse-home.jpg');\" href=\"http:\/\/www.beaubourg-paris-hotel.com\/pt-pt\/suite-junior-terraco\/\" data-bg=\"http:\/\/www.beaubourg-paris-hotel.com\/wp-content\/uploads\/2018\/06\/suite-junior-terrasse-home.jpg\"><span class=\"ravis-title\"><span class=\"inner-box\"><span class=\"title\">Su\u00edte J\u00fanior com terra\u00e7o<\/span><span class=\"sub-title\">23 m\u00b2 &#8211; 2 pessoas<\/span><\/span><\/span><\/a><\/div>\n<\/section>\n<p>[\/vc_column_text][\/vc_column][\/vc_row][vc_row css=&#8221;.vc_custom_1594393269926{margin-top: 0px !important;}&#8221;][vc_column css_animation=&#8221;right-to-left&#8221; css=&#8221;.vc_custom_1594393275969{margin-top: 0px !important;}&#8221;][vc_column_text]<\/p>\n<div id=\"texte\"><\/div>\n<section id=\"welcome-section\" class=\" \">\n\n\t\t\t\t\t<div class=\"inner-container container\">\n\n\t\t\t\t\t\t<div class=\"l-sec col-md-7\">\n\n\t\t\t\t\t\t\t<div class=\"ravis-title-t-1\">\n\n\t\t\t\t\t\t\t\t<div class=\"title\"><span>Buffet de caf\u00e9 da manh\u00e3 : 11 \u20ac<\/span><\/div>\n\n\t\t\t\t\t\t\t\t<div class=\"sub-title\">No quarto ou na sala abobadada<\/div>\n\n\t\t\t\t\t\t\t<\/div>\n\n\t\t\t\t\t\t\t<div class=\"content\">Uma<strong> sala abobadada<\/strong>, com <strong>pedra aparente,<\/strong> um antigo po\u00e7o. Um <strong>quadro hist\u00f3rico e encantador<\/strong> para despertar em beleza. Antes de um dia de neg\u00f3cios ou de um passeio, \u00e9 servido um <strong>abundante pequeno-almo\u00e7o<\/strong> <strong>das 7 \u00e0s 11 da manh\u00e3,<\/strong> a n\u00e3o ser que prefira pregui\u00e7ar na cama e, nesse caso, ser-lhe-\u00e1 servido um tabuleiro no seu quarto.<\/p>\n<p>O <strong>nosso buffet<\/strong> de pequeno-almo\u00e7o oferece uma <strong>grande selec\u00e7\u00e3o<\/strong> de:<\/p>\n<ul>\n<li>Bebidas quentes (ch\u00e1, caf\u00e9, expresso ou chocolate)<\/li>\n<li>Suco de laranja, salada de frutas, ovo cozido, queijos, presunto<\/li>\n<li>P\u00e3o, manteiga, gel\u00e9ia, p\u00e3es franceses e croissants, iogurte, cereais<\/li>\n<li>Ovos fritos ou mexidos, ovos com presunto ou queijo servidos a custo extra<\/li>\n<\/ul>\n<p><\/div><a href=\"http:\/\/www.secure-hotel-booking.com\/Hotel-Beaubourg\/2GUJ\/dateselection?language=pt\" class=\"ravis-btn btn-type-2\" target=\"_blank\">Reserve o seu quarto<\/a><\/div><div class=\"r-sec col-md-5\"><img decoding=\"async\" src=\"http:\/\/www.beaubourg-paris-hotel.com\/wp-content\/uploads\/2018\/05\/Hotel-beaubourg-Paris-pdj-3.jpg\" alt=\"Buffet de caf\u00e9 da manh\u00e3 : 11 \u20ac\"><\/div>\n\n\t\t\t\t\t<\/div>\n\n\t\t\t\t<\/section>[\/vc_column_text][\/vc_column][\/vc_row][vc_row][vc_column offset=&#8221;vc_hidden-xs&#8221;][vc_single_image image=&#8221;18274&#8243; img_size=&#8221;1170&#215;610&#8243; alignment=&#8221;center&#8221; css_animation=&#8221;fadeIn&#8221; css=&#8221;.vc_custom_1528992638944{margin-left: 0px !important;padding-left: 0px !important;}&#8221;][\/vc_column][\/vc_row][vc_row css=&#8221;.vc_custom_1594393288128{margin-top: 0px !important;}&#8221;][vc_column css_animation=&#8221;right-to-left&#8221; css=&#8221;.vc_custom_1570088947984{margin-top: -130px !important;}&#8221; offset=&#8221;vc_hidden-xs&#8221;][vc_column_text]\n\n\t\t\t\t<section id=\"welcome-section\" class=\" \">\n\n\t\t\t\t\t<div class=\"inner-container container\">\n\n\t\t\t\t\t\t<div class=\"l-sec col-md-7\">\n\n\t\t\t\t\t\t\t<div class=\"ravis-title-t-1\">\n\n\t\t\t\t\t\t\t\t<div class=\"title\"><span>Descubra Paris<\/span><\/div>\n\n\t\t\t\t\t\t\t\t<div class=\"sub-title\">Em pleno Marais hist\u00f3rico<\/div>\n\n\t\t\t\t\t\t\t<\/div>\n\n\t\t\t\t\t\t\t<div class=\"content\"><strong>Uma localiza\u00e7\u00e3o central, perfeita para visitar Paris<\/strong> sem se cansar: o <strong>Hotel Beaubourg, em pleno bairro hist\u00f3rico do Marai<\/strong>s, fica situado sobre a Rive Droite, no 4\u00ba bairro. <strong>Casas antigas, ruas com cal\u00e7ada, lojas e museus<\/strong>...<\/p>\n<p>A dois passos do<strong> Centro Pompidou<\/strong> de arte contempor\u00e2nea e <strong>Les Halles,<\/strong> o antigo mercado de Paris, prestes a tornar-se num marco da <strong>arquitectura contempor\u00e2nea parisiense<\/strong>.<\/p>\n<p>Mas tamb\u00e9m o <strong>Museu Picasso<\/strong> e dezenas de mans\u00f5es com jardins muito bem tratados para ir descobrindo. Um pouco mais longe a <strong>catedral de Notre-Dame<\/strong>, o inconfund\u00edvel <strong>Museu do Louvre<\/strong> e o <strong>Quartier Latin,<\/strong> com as lojas chiques, os restaurantes hist\u00f3ricos, os bares m\u00edticos. O <strong>Hotel Beaubourg \u00e9 o lugar de sonho para visitar a Cidade das Luzes,<\/strong> regalar-se com a arquitectura, a cultura e a moda.<\/div><a href=\"https:\/\/www.beaubourg-paris-hotel.com\/pt-pt\/descubra-paris\/\" class=\"ravis-btn btn-type-2\" target=\"_blank\">Descubra Paris<\/a><\/div><div class=\"r-sec col-md-5\"><img decoding=\"async\" src=\"http:\/\/www.beaubourg-paris-hotel.com\/wp-content\/uploads\/2018\/07\/Hotel-beaubourg-Paris-home1.jpg\" alt=\"Descubra Paris\"><\/div>\n\n\t\t\t\t\t<\/div>\n\n\t\t\t\t<\/section>[\/vc_column_text][\/vc_column][\/vc_row][vc_row css=&#8221;.vc_custom_1527683290305{margin-bottom: 30px !important;}&#8221;][vc_column css_animation=&#8221;zoomInUp&#8221; offset=&#8221;vc_col-md-offset-2 vc_col-md-8 vc_hidden-xs&#8221;][vc_column_text css=&#8221;.vc_custom_1530717010318{margin-bottom: 20px !important;}&#8221;]<\/p>\n<div class=\"ravis-title-t-2\">\n<div class=\"title\">Not\u00edcias<\/div>\n<div class=\"sub-title\">Not\u00edcias do hotel, exposi\u00e7\u00f5es, shows &#8230;<\/div>\n<\/div>\n<p>[\/vc_column_text][vc_wp_posts number=&#8221;5&#8243;][\/vc_column][\/vc_row]<\/p>\n","protected":false},"excerpt":{"rendered":"<p>[vc_row el_class=&#8221;bande-resa&#8221;][vc_column css=&#8221;.vc_custom_1526545203635{margin-top: 5px !important;margin-bottom: 5px !important;padding-top: 0px !important;padding-bottom: 0px !important;}&#8221; offset=&#8221;vc_col-lg-offset-2 vc_col-lg-8 vc_col-md-offset-2 vc_col-md-8 vc_hidden-xs&#8221;][vc_raw_html css=&#8221;.vc_custom_1532059343781{margin-top: 0px !important;margin-right: 0px !important;margin-bottom: 0px !important;margin-left: 0px !important;border-top-width: 0px !important;border-right-width: 0px !important;border-bottom-width: 0px !important;border-left-width: 0px !important;padding-top: 0px !important;padding-right:&#8230;<\/p>\n<div class=\"read-more-container\"><a class=\"more-link btn btn-default btn-sm read-more\" href=\"https:\/\/www.beaubourg-paris-hotel.com\/pt-pt\/\">Read More<\/a><\/div>\n","protected":false},"author":1,"featured_media":0,"parent":0,"menu_order":0,"comment_status":"closed","ping_status":"closed","template":"","meta":{"footnotes":""},"class_list":["post-16453","page","type-page","status-publish","hentry"],"yoast_head":"<title>H\u00f4tel Beaubourg - Paris Marais - Melhores tarifas no site oficial<\/title>\n<meta name=\"description\" content=\"RESERVAS DIRECTAS - melhores tarifas do que Booking.com no site oficial do hotel! Intimidade e calma, localizado no cora\u00e7\u00e3o de Paris, no Marais, perto da catedral de Notre Dame, do centro comercial Les Halles e do museu George Pompidou.\" \/>\n<meta name=\"robots\" content=\"index, follow, max-snippet:-1, max-image-preview:large, max-video-preview:-1\" \/>\n<link rel=\"canonical\" href=\"https:\/\/www.beaubourg-paris-hotel.com\/pt-pt\/\" \/>\n<meta property=\"og:locale\" content=\"pt_PT\" \/>\n<meta property=\"og:type\" content=\"article\" \/>\n<meta property=\"og:title\" content=\"H\u00f4tel Beaubourg - Paris Marais - Melhores tarifas no site oficial\" \/>\n<meta property=\"og:description\" content=\"RESERVAS DIRECTAS - melhores tarifas do que Booking.com no site oficial do hotel! Intimidade e calma, localizado no cora\u00e7\u00e3o de Paris, no Marais, perto da catedral de Notre Dame, do centro comercial Les Halles e do museu George Pompidou.\" \/>\n<meta property=\"og:url\" content=\"https:\/\/www.beaubourg-paris-hotel.com\/pt-pt\/\" \/>\n<meta property=\"og:site_name\" content=\"H\u00f4tel Beaubourg\" \/>\n<meta property=\"article:modified_time\" content=\"2022-06-23T08:47:54+00:00\" \/>\n<meta name=\"twitter:card\" content=\"summary_large_image\" \/>\n<meta name=\"twitter:label1\" content=\"Tempo estimado de leitura\" \/>\n\t<meta name=\"twitter:data1\" content=\"4 minutos\" \/>\n<script type=\"application\/ld+json\" class=\"yoast-schema-graph\">{\"@context\":\"https:\/\/schema.org\",\"@graph\":[{\"@type\":\"WebPage\",\"@id\":\"https:\/\/www.beaubourg-paris-hotel.com\/pt-pt\/\",\"url\":\"https:\/\/www.beaubourg-paris-hotel.com\/pt-pt\/\",\"name\":\"H\u00f4tel Beaubourg - Paris Marais - Melhores tarifas no site oficial\",\"isPartOf\":{\"@id\":\"https:\/\/www.beaubourg-paris-hotel.com\/it\/#website\"},\"datePublished\":\"2018-05-03T12:12:50+00:00\",\"dateModified\":\"2022-06-23T08:47:54+00:00\",\"description\":\"RESERVAS DIRECTAS - melhores tarifas do que Booking.com no site oficial do hotel! Intimidade e calma, localizado no cora\u00e7\u00e3o de Paris, no Marais, perto da catedral de Notre Dame, do centro comercial Les Halles e do museu George Pompidou.\",\"breadcrumb\":{\"@id\":\"https:\/\/www.beaubourg-paris-hotel.com\/pt-pt\/#breadcrumb\"},\"inLanguage\":\"pt-PT\",\"potentialAction\":[{\"@type\":\"ReadAction\",\"target\":[\"https:\/\/www.beaubourg-paris-hotel.com\/pt-pt\/\"]}]},{\"@type\":\"BreadcrumbList\",\"@id\":\"https:\/\/www.beaubourg-paris-hotel.com\/pt-pt\/#breadcrumb\",\"itemListElement\":[{\"@type\":\"ListItem\",\"position\":1,\"name\":\"Accueil\",\"item\":\"https:\/\/www.beaubourg-paris-hotel.com\/pt-pt\/\"},{\"@type\":\"ListItem\",\"position\":2,\"name\":\"Accueil\"}]},{\"@type\":\"WebSite\",\"@id\":\"https:\/\/www.beaubourg-paris-hotel.com\/it\/#website\",\"url\":\"https:\/\/www.beaubourg-paris-hotel.com\/it\/\",\"name\":\"H\u00f4tel Beaubourg\",\"description\":\"H\u00f4tel 3 \u00e9toiles de charme, Paris Centre.\",\"potentialAction\":[{\"@type\":\"SearchAction\",\"target\":{\"@type\":\"EntryPoint\",\"urlTemplate\":\"https:\/\/www.beaubourg-paris-hotel.com\/it\/?s={search_term_string}\"},\"query-input\":{\"@type\":\"PropertyValueSpecification\",\"valueRequired\":true,\"valueName\":\"search_term_string\"}}],\"inLanguage\":\"pt-PT\"}]}<\/script>","yoast_head_json":{"title":"H\u00f4tel Beaubourg - Paris Marais - Melhores tarifas no site oficial","description":"RESERVAS DIRECTAS - melhores tarifas do que Booking.com no site oficial do hotel! Intimidade e calma, localizado no cora\u00e7\u00e3o de Paris, no Marais, perto da catedral de Notre Dame, do centro comercial Les Halles e do museu George Pompidou.","robots":{"index":"index","follow":"follow","max-snippet":"max-snippet:-1","max-image-preview":"max-image-preview:large","max-video-preview":"max-video-preview:-1"},"canonical":"https:\/\/www.beaubourg-paris-hotel.com\/pt-pt\/","og_locale":"pt_PT","og_type":"article","og_title":"H\u00f4tel Beaubourg - Paris Marais - Melhores tarifas no site oficial","og_description":"RESERVAS DIRECTAS - melhores tarifas do que Booking.com no site oficial do hotel! Intimidade e calma, localizado no cora\u00e7\u00e3o de Paris, no Marais, perto da catedral de Notre Dame, do centro comercial Les Halles e do museu George Pompidou.","og_url":"https:\/\/www.beaubourg-paris-hotel.com\/pt-pt\/","og_site_name":"H\u00f4tel Beaubourg","article_modified_time":"2022-06-23T08:47:54+00:00","twitter_card":"summary_large_image","twitter_misc":{"Tempo estimado de leitura":"4 minutos"},"schema":{"@context":"https:\/\/schema.org","@graph":[{"@type":"WebPage","@id":"https:\/\/www.beaubourg-paris-hotel.com\/pt-pt\/","url":"https:\/\/www.beaubourg-paris-hotel.com\/pt-pt\/","name":"H\u00f4tel Beaubourg - Paris Marais - Melhores tarifas no site oficial","isPartOf":{"@id":"https:\/\/www.beaubourg-paris-hotel.com\/it\/#website"},"datePublished":"2018-05-03T12:12:50+00:00","dateModified":"2022-06-23T08:47:54+00:00","description":"RESERVAS DIRECTAS - melhores tarifas do que Booking.com no site oficial do hotel! Intimidade e calma, localizado no cora\u00e7\u00e3o de Paris, no Marais, perto da catedral de Notre Dame, do centro comercial Les Halles e do museu George Pompidou.","breadcrumb":{"@id":"https:\/\/www.beaubourg-paris-hotel.com\/pt-pt\/#breadcrumb"},"inLanguage":"pt-PT","potentialAction":[{"@type":"ReadAction","target":["https:\/\/www.beaubourg-paris-hotel.com\/pt-pt\/"]}]},{"@type":"BreadcrumbList","@id":"https:\/\/www.beaubourg-paris-hotel.com\/pt-pt\/#breadcrumb","itemListElement":[{"@type":"ListItem","position":1,"name":"Accueil","item":"https:\/\/www.beaubourg-paris-hotel.com\/pt-pt\/"},{"@type":"ListItem","position":2,"name":"Accueil"}]},{"@type":"WebSite","@id":"https:\/\/www.beaubourg-paris-hotel.com\/it\/#website","url":"https:\/\/www.beaubourg-paris-hotel.com\/it\/","name":"H\u00f4tel Beaubourg","description":"H\u00f4tel 3 \u00e9toiles de charme, Paris Centre.","potentialAction":[{"@type":"SearchAction","target":{"@type":"EntryPoint","urlTemplate":"https:\/\/www.beaubourg-paris-hotel.com\/it\/?s={search_term_string}"},"query-input":{"@type":"PropertyValueSpecification","valueRequired":true,"valueName":"search_term_string"}}],"inLanguage":"pt-PT"}]}},"_links":{"self":[{"href":"https:\/\/www.beaubourg-paris-hotel.com\/pt-pt\/wp-json\/wp\/v2\/pages\/16453","targetHints":{"allow":["GET"]}}],"collection":[{"href":"https:\/\/www.beaubourg-paris-hotel.com\/pt-pt\/wp-json\/wp\/v2\/pages"}],"about":[{"href":"https:\/\/www.beaubourg-paris-hotel.com\/pt-pt\/wp-json\/wp\/v2\/types\/page"}],"author":[{"embeddable":true,"href":"https:\/\/www.beaubourg-paris-hotel.com\/pt-pt\/wp-json\/wp\/v2\/users\/1"}],"replies":[{"embeddable":true,"href":"https:\/\/www.beaubourg-paris-hotel.com\/pt-pt\/wp-json\/wp\/v2\/comments?post=16453"}],"version-history":[{"count":22,"href":"https:\/\/www.beaubourg-paris-hotel.com\/pt-pt\/wp-json\/wp\/v2\/pages\/16453\/revisions"}],"predecessor-version":[{"id":20558,"href":"https:\/\/www.beaubourg-paris-hotel.com\/pt-pt\/wp-json\/wp\/v2\/pages\/16453\/revisions\/20558"}],"wp:attachment":[{"href":"https:\/\/www.beaubourg-paris-hotel.com\/pt-pt\/wp-json\/wp\/v2\/media?parent=16453"}],"curies":[{"name":"wp","href":"https:\/\/api.w.org\/{rel}","templated":true}]}}