{"id":16512,"date":"2018-04-13T11:08:11","date_gmt":"2018-04-13T09:08:11","guid":{"rendered":"http:\/\/www.beaubourg-paris-hotel.com\/situation\/"},"modified":"2020-07-10T17:25:53","modified_gmt":"2020-07-10T15:25:53","slug":"situation","status":"publish","type":"page","link":"https:\/\/www.beaubourg-paris-hotel.com\/ja\/situation\/","title":{"rendered":"Situation"},"content":{"rendered":"<p>[vc_row el_class=&#8221;bande-resa&#8221;][vc_column][vc_raw_html]JTNDZGl2JTIwY2xhc3MlM0QlMjJyZXNlcnZhdGlvbi1mb3JtJTIwZGVzayUyMiUyMHN0eWxlJTNEJTIydGV4dC1hbGlnbiUzQSUyMGNlbnRlciUzQiUyMiUzRSUwQSUzQ2Zvcm0lMjBpZCUzRCUyMkFWUCUyMiUyMGFjdGlvbiUzRCUyMmh0dHAlM0ElMkYlMkZ3d3cuc2VjdXJlLWhvdGVsLWJvb2tpbmcuY29tJTJGSG90ZWwtQmVhdWJvdXJnJTJGMkdVSiUyRnNlYXJjaCUzRmhvdGVsSWQlM0QyMjg1JTIyJTIwbWV0aG9kJTNEJTIycG9zdCUyMiUyMHRhcmdldCUzRCUyMl9ibGFuayUyMiUyMG9uc3VibWl0JTNEJTIyaWYlMjhfZ2FxJTIxJTNEbnVsbCUyOV9nYXEucHVzaCUyOCU1QiUyN19saW5rQnlQb3N0JTI3JTJDJTIwdGhpcyU1RCUyOSUzQiUyMiUzRSUwQSUyMCUyMCUyMCUyMCUyMCUyMCUyMCUyMCUyMCUyMCUyMCUyMCUyMCUzQ2lucHV0JTIwdHlwZSUzRCUyMmhpZGRlbiUyMiUyMGlkJTNEJTIybGFuZ3VhZ2UlMjIlMjBuYW1lJTNEJTIybGFuZ3VhZ2UlMjIlMjB2YWx1ZSUzRCUyMmphJTIyJTIwJTJGJTNFJTBBJTIwJTIwJTIwJTIwJTIwJTIwJTIwJTIwJTIwJTIwJTIwJTIwJTIwJTNDaW5wdXQlMjB0eXBlJTNEJTIyaGlkZGVuJTIyJTIwaWQlM0QlMjJBVlBfYXJyaXZhbERhdGUlMjIlMjBuYW1lJTNEJTIyYXJyaXZhbERhdGUlMjIlMjB2YWx1ZSUzRCUyMiUyMiUyMCUyRiUzRSUwQSUyMCUyMCUyMCUyMCUyMCUyMCUyMCUyMCUyMCUyMCUyMCUyMCUyMCUzQ2lucHV0JTIwdHlwZSUzRCUyMmhpZGRlbiUyMiUyMGlkJTNEJTIyQVZQX25pZ2h0cyUyMiUyMG5hbWUlM0QlMjJuaWdodHMlMjIlMjB2YWx1ZSUzRCUyMiUyMiUyMCUyRiUzRSUwQSUyMCUyMCUyMCUyMCUyMCUyMCUyMCUyMCUyMCUyMCUyMCUyMCUyMCUzQ2lucHV0JTIwdHlwZSUzRCUyMmhpZGRlbiUyMiUyMGlkJTNEJTIyZ3Vlc3RDb3VudFNlbGVjdG9yJTIyJTIwbmFtZSUzRCUyMmd1ZXN0Q291bnRTZWxlY3RvciUyMiUyMHZhbHVlJTNEJTIyUmVhZE9ubHklMjIlMjAlMkYlM0UlMEElMjAlMjAlMjAlMjAlMjAlMjAlMjAlMjAlMjAlMjAlMjAlMjAlMjAlM0NkaXYlMjBjbGFzcyUzRCUyMmlucHV0LWRhdGUtcmVzYSUyMiUzRSUzQ2lucHV0JTIwdHlwZSUzRCUyMnRleHQlMjIlMjBjbGFzcyUzRCUyMmFzRGF0ZVBpY2tlciUyMiUyMCUyMGlkJTNEJTIyZGF0ZSUyMiUyMG5hbWUlM0QlMjJkYXRlLWFycml2ZWUlMjIlMjAlMjBwbGFjZWhvbGRlciUzRCUyMiVFMyU4MSU5NCVFNSU4OCVCMCVFNyU5RCU4MCVFNiU5NyVBNSUyMiUyMCUzRSUzQ2klMjBjbGFzcyUzRCUyMmZhJTIwZmEtY2FsZW5kYXIlMjIlM0UlM0MlMkZpJTNFJTNDJTJGZGl2JTNFJTBBJTIwJTIwJTIwJTIwJTIwJTIwJTIwJTIwJTIwJTIwJTIwJTIwJTIwJTNDZGl2JTIwY2xhc3MlM0QlMjJpbnB1dC1kYXRlLXJlc2ElMjIlM0UlM0NpbnB1dCUyMHR5cGUlM0QlMjJ0ZXh0JTIyJTIwaWQlM0QlMjJkYXRlMiUyMiUyMG5hbWUlM0QlMjJkYXRlLWRlcGFydCUyMiUyMGNsYXNzJTNEJTIyYXNEYXRlUGlja2VyJTIyJTIwcGxhY2Vob2xkZXIlM0QlMjIlRTMlODElOTQlRTUlODclQkElRTclOTklQkElRTYlOTclQTUlMjIlMjAlM0UlM0NpJTIwY2xhc3MlM0QlMjJmYSUyMGZhLWNhbGVuZGFyJTIyJTNFJTNDJTJGaSUzRSUzQyUyRmRpdiUzRSUwQSUyMCUyMCUyMCUyMCUyMCUyMCUyMCUyMCUyMCUyMCUyMCUyMCUyMCUzQ2RpdiUyMGNsYXNzJTNEJTIyaW5wdXQtZGF0ZS1yZXNhJTIyJTNFJTNDc2VsZWN0JTIwaWQlM0QlMjJzZWxlY3RlZEFkdWx0Q291bnQlMjIlMjBuYW1lJTNEJTIyc2VsZWN0ZWRBZHVsdENvdW50JTIyJTNFJTNDJTJGc2VsZWN0JTNFJTIwJTNDaSUyMGNsYXNzJTNEJTIyZmElMjBmYS11c2VyJTIyJTIwYXJpYS1oaWRkZW4lM0QlMjJ0cnVlJTIyJTNFJTNDJTJGaSUzRSUzQyUyRmRpdiUzRSUyMCUyMCUyMCUyMCUyMCUyMCUyMCUyMCUyMCUyMCUyMCUyMCUwQSUyMCUyMCUyMCUyMCUyMCUyMCUyMCUyMCUyMCUyMCUyMCUyMCUyMCUzQ2J1dHRvbiUyMHR5cGUlM0QlMjJzdWJtaXQlMjIlMjBjbGFzcyUzRCUyMnJhdmlzLWJ0biUyMGJ0bi10eXBlLTIlMjIlM0UlRTQlQkElODglRTclQjQlODQlM0MlMkZidXR0b24lM0UlMEElMjAlMjAlMjAlMjAlMjAlMjAlMjAlMjAlMjAlMjAlMjAlMjAlMjAlM0MlMkZmb3JtJTNFJTIwJTIwJTIwJTIwJTIwJTIwJTIwJTIwJTIwJTIwJTBBJTIwJTNDc2NyaXB0JTIwdHlwZSUzRCUyMnRleHQlMkZqYXZhc2NyaXB0JTIyJTIwc3JjJTNEJTIyaHR0cHMlM0ElMkYlMkZ3d3cuYmVhdWJvdXJnLXBhcmlzLWhvdGVsLmNvbSUyRmF2YWlscHJvJTJGYXZhaWxwcm8uanMlMjIlM0UlM0MlMkZzY3JpcHQlM0UlMEElM0MlMkZkaXYlM0U=[\/vc_raw_html][\/vc_column][\/vc_row][vc_row css=&#8221;.vc_custom_1528354028942{margin-top: 120px !important;}&#8221;][vc_column][vc_raw_html]JTNDaWZyYW1lJTIwc3JjJTNEJTIyaHR0cHMlM0ElMkYlMkZ3d3cuZ29vZ2xlLmNvbSUyRm1hcHMlMkZlbWJlZCUzRnBiJTNEJTIxMW0xOCUyMTFtMTIlMjExbTMlMjExZDI2MjQuOTAxNjA4NzQyODY1JTIxMmQyLjM1MTE2NTYxNjA1ODg0MyUyMTNkNDguODYwMDg2NTc5Mjg3NjglMjEybTMlMjExZjAlMjEyZjAlMjEzZjAlMjEzbTIlMjExaTEwMjQlMjEyaTc2OCUyMTRmMTMuMSUyMTNtMyUyMTFtMiUyMTFzMHg0N2U2NmUxYzhhNjAxZTc1JTI1M0EweDRmZGI4NGNhMTFiYzFlMWMlMjEyczExJTJCUnVlJTJCU2ltb24lMkJsZSUyQkZyYW5jJTI1MkMlMkI3NTAwNCUyQlBhcmlzJTIxNWUwJTIxM20yJTIxMXNmciUyMTJzZnIlMjE0djE1NTM4NTc3NzU0MDYlMjE1bTIlMjExc2ZyJTIxMnNmciUyMiUyMHdpZHRoJTNEJTIyMTAwJTI1JTIyJTIwaGVpZ2h0JTNEJTIyNDUwJTIyJTIwZnJhbWVib3JkZXIlM0QlMjIwJTIyJTIwc3R5bGUlM0QlMjJib3JkZXIlM0EwJTIyJTIwYWxsb3dmdWxsc2NyZWVuJTNFJTNDJTJGaWZyYW1lJTNF[\/vc_raw_html][\/vc_column][\/vc_row][vc_row css=&#8221;.vc_custom_1531318097357{margin-bottom: 50px !important;padding-right: 20px !important;padding-left: 20px !important;}&#8221;][vc_column offset=&#8221;vc_col-md-offset-2 vc_col-md-8&#8243;][vc_row_inner][vc_column_inner width=&#8221;1\/2&#8243;][vc_raw_html]JTNDZGl2JTIwY2xhc3MlM0QlMjJyYXZpcy10aXRsZS10LTIlMjIlM0UlM0NkaXYlMjBjbGFzcyUzRCUyMnRpdGxlJTIyJTNFJTNDc3BhbiUzRSVFMyU4MSU4QSVFNSU5NSU4RiVFNSU5MCU4OCVFMyU4MSU5QiVFMyU4MSVBOCVFMyU4MiVBMiVFMyU4MiVBRiVFMyU4MiVCQiVFMyU4MiVCOSUzQyUyRnNwYW4lM0UlM0MlMkZkaXYlM0UlM0NkaXYlMjBjbGFzcyUzRCUyMnN1Yi10aXRsZSUyMiUzRSUzQyUyRmRpdiUzRSUzQyUyRmRpdiUzRQ==[\/vc_raw_html][vc_column_text]<b>H\u00f4tel Beaubourg<\/b><br \/>\n11 rue Simon Lefranc &#8211; 75004 PARIS<br \/>\n\u96fb\u8a71 : +33 1 42 74 34 24<\/p>\n<p>\u304a\u554f\u5408\u305b :\u00a0<a href=\"mailto:reservation@hotelbeaubourg.com\">reservation@hotelbeaubourg.com<\/a><\/p>\n<p><b>M\u00e9tro<\/b>\u00a0:<br \/>\nCh\u00e2telet (\u884c 1,4,7,11,14) : 5 \u5206 \u6b69\u304f<br \/>\nHotel de Ville (\u884c 1,11) : 2 \u5206 \u6b69\u304f<br \/>\nRambuteau (\u884c 11): 1 \u5206 \u6b69\u304f<\/p>\n<p><b>RER<\/b>\u00a0:<br \/>\nA, B, D : Ch\u00e2telet : 5 \u884c \u6b69\u304f<\/p>\n<p>&nbsp;<\/p>\n<p><strong>\u3042\u306a\u305f\u306e\u65c5\u7a0b\u3092\u8a08\u7b97\u3059\u308b :<\/strong><\/p>\n<p><a href=\"https:\/\/www.google.com.br\/maps\/dir\/ma+position\/Hotel+Beaubourg,+11+Rue+Simon+le+Franc,+75004+Paris\/\" target=\"_blank\" rel=\"noopener noreferrer\"><img decoding=\"async\" class=\"alignnone wp-image-17068 size-full\" src=\"http:\/\/www.beaubourg-paris-hotel.com\/wp-content\/uploads\/2018\/07\/itineraire-google-map-all.png\" alt=\"\" width=\"175\" height=\"41\" \/><\/a><\/p>\n<p><a href=\"waze:\/\/?ll=48.86009,2.35335&amp;navigate=yes\"><img decoding=\"async\" class=\"alignnone size-full wp-image-17249\" src=\"http:\/\/www.beaubourg-paris-hotel.com\/wp-content\/uploads\/2018\/07\/waze-all.png\" alt=\"\" width=\"175\" height=\"41\" \/><\/a><\/p>\n<p>&nbsp;<\/p>\n<p><strong>\u30ed\u30ef\u30b7\u30fc\u304b\u3089\u30db\u30c6\u30eb\u307e\u3067 \uff1a<\/strong><\/p>\n<p>C.D.G\u7a7a\u6e2f\u304b\u3089\u96fb\u8eca\u3067\u30db\u30c6\u30eb\u307e\u3067\u30a2\u30af\u30bb\u30b9\u3059\u308b\u6700\u5584\u306e\u65b9\u6cd5\u306f\u6b21\u306e\u3068\u304a\u308a\u3067\u3059\u3002<\/p>\n<p>R.E.R\uff08B\uff09\u96fb\u8eca\u306b\u4e57\u308a\u63db\u3048\u3066 &#8220;CHATELET LES HALLES&#8221;\u3067\u76f4\u63a5\u964d\u308a\u308b\u3002<\/p>\n<p>&#8220;CHATELET LES HALLES&#8221;\u3067\u306f\u30e1\u30c8\u30ed11\u756a\u306b\u4e57\u308a\u63db\u3048\u3001\u6b21\u306e\u505c\u7559\u6240 &#8220;RAMBUTEAU&#8221;\u3067\u964d\u308a\u3066\u304f\u3060\u3055\u3044\u3002<\/p>\n<p>\u79c1\u305f\u3061\u306f\u3001\u5730\u4e0b\u9244\u99c5\u304b\u30891\u30d6\u30ed\u30c3\u30af\u5148\u306b\u3042\u308b\u300c\u30dd\u30f3\u30d4\u30c9\u30fc\u30bb\u30f3\u30bf\u30fc\uff08POMPIDOU CENTER\uff09\u300d\u306e\u5f8c\u308d\u306b\u4f4d\u7f6e\u3057\u3066\u3044\u307e\u3059\u3002<\/p>\n<p>\u6642\u306b\u306f &#8220;CHATELET LES HALLES&#8221;\u304b\u3089\u5f92\u6b695\u5206\u304b\u30897\u5206\u3067 &#8220;Ch\u00e2telet&#8221;\u306f\u5927\u304d\u306a\u505c\u7559\u6240\u3068\u306a\u3063\u3066\u304a\u308a\u3001RER\u304b\u3089\u5730\u4e0b\u9244\u3078\u306e\u5909\u66f4\u306f\u305d\u308c\u307b\u3069\u7c21\u5358\u3067\u306f\u3042\u308a\u307e\u305b\u3093\u3002<\/p>\n<p>&nbsp;<\/p>\n<p><strong>\u30aa\u30eb\u30ea\u30fc\u304b\u3089\u30db\u30c6\u30eb\u307e\u3067\uff1a<\/strong><\/p>\n<p>Orly\u7a7a\u6e2f\u304b\u3089\u5217\u8eca\u3067\u5f53\u30db\u30c6\u30eb\u306b\u30a2\u30af\u30bb\u30b9\u3059\u308b\u6700\u5584\u306e\u65b9\u6cd5\u306f\u6b21\u306e\u3068\u304a\u308a\u3067\u3059\u3002<\/p>\n<p>Orly Val\u3092 &#8220;Antony&#8221;\u306b\u76f4\u63a5\u4e57\u308a\u3001R.E.R\uff08B\uff09\u5217\u8eca\u306b\u4e57\u308a\u63db\u3048\u3066\u964d\u308a\u3066\u304f\u3060\u3055\u3044\u3002<br \/>\n&#8220;\u30b7\u30e3\u30c8\u30ec\u30fb\u30ec\u30fb\u30db\u30fc\u30eb&#8221;\u3002<\/p>\n<p>&#8220;\u30b7\u30e3\u30c8\u30ec\u30fb\u30ec\u30fb\u30db\u30fc\u30eb\uff08Chatelet les halles\uff09&#8221;\u3067\u306f\u5730\u4e0b\u924411\u756a\u306b\u4e57\u308a\u63db\u3048\u3001\u6b21\u306e\u505c\u7559\u6240\u3067\u964d\u308a\u308b\u5fc5\u8981\u304c\u3042\u308a\u307e\u3059<br \/>\n&#8220;Rambutau&#8221;\u3002<\/p>\n<p>\u79c1\u305f\u3061\u306f\u3001\u5730\u4e0b\u9244\u99c5\u304b\u30891\u30d6\u30ed\u30c3\u30af\u5148\u306b\u3042\u308b\u300c\u30dd\u30f3\u30d4\u30c9\u30fc\u30bb\u30f3\u30bf\u30fc\u300d\u306e\u5f8c\u308d\u306b\u4f4d\u7f6e\u3057\u3066\u3044\u307e\u3059\u3002<\/p>\n<p>\u6642\u306b\u306f &#8220;Chatelet les Halles&#8221;\u304b\u3089\u30db\u30c6\u30eb\u307e\u30675\uff5e7\u5206\u6b69\u304f\u65b9\u304c\u826f\u3044\u5834\u5408\u3082\u3042\u308a\u307e\u3059\uff1a<br \/>\n&#8220;\u30b7\u30e3\u30c8\u30ec&#8221;\u306f\u5927\u304d\u306a\u505c\u7559\u6240\u3067\u3042\u308a\u3001RER\u304b\u3089\u30e1\u30c8\u30ed\u3078\u306e\u5909\u66f4\u306f\u305d\u308c\u307b\u3069\u7c21\u5358\u3067\u306f\u3042\u308a\u307e\u305b\u3093\u3002[\/vc_column_text][\/vc_column_inner][vc_column_inner width=&#8221;1\/2&#8243; css=&#8221;.vc_custom_1529046104225{margin-top: 40px !important;}&#8221;][vc_raw_html]JTNDZGl2JTIwY2xhc3MlM0QlMjJnYWxsZXJ5LWNvbnRhaW5lciUyMiUzRSUwQSUzQ3VsJTIwY2xhc3MlM0QlMjJpbWFnZS1tYWluLWJveCUyMGNsZWFyZml4JTIyJTIwc3R5bGUlM0QlMjJwb3NpdGlvbiUzQSUyMHJlbGF0aXZlJTNCJTIwaGVpZ2h0JTNBJTIwNzkwNC45OXB4JTNCJTIyJTNFJTBBJTIwJTA5JTNDbGklMjBjbGFzcyUzRCUyMml0ZW0lMjBjb2wteHMtMTIlMjBjb2wtbWQtMTIlMjBob3RlbCUyMiUyMHN0eWxlJTNEJTIycG9zaXRpb24lM0ElMjBhYnNvbHV0ZSUzQiUyMGxlZnQlM0ElMjAwJTI1JTNCJTIwdG9wJTNBJTIwMHB4JTNCJTIyJTNFJTBBJTNDZmlndXJlJTNFJTNDaW1nJTIwc3JjJTNEJTIyaHR0cHMlM0ElMkYlMkZ3d3cuYmVhdWJvdXJnLXBhcmlzLWhvdGVsLmNvbSUyRndwLWNvbnRlbnQlMkZ1cGxvYWRzJTJGMjAxOCUyRjA2JTJGaW1nX21hcF9nZC5qcGclMjIlMjBhbHQlM0QlMjJIb3RlbCUyMEJlYXVib3VyZyUyMFBhcmlzJTIwTWFyYWlzJTIyJTIwJTJGJTNFJTNDYSUyMGNsYXNzJTNEJTIybW9yZS1kZXRhaWxzJTIyJTIwaHJlZiUzRCUyMmh0dHBzJTNBJTJGJTJGd3d3LmJlYXVib3VyZy1wYXJpcy1ob3RlbC5jb20lMkZ3cC1jb250ZW50JTJGdXBsb2FkcyUyRjIwMTglMkYwNiUyRmltZ19tYXBfZ2QuanBnJTIyJTIwZGF0YS10aXRsZSUzRCUyMkhvdGVsJTIwQmVhdWJvdXJnJTIwUGFyaXMlMjBNYXJhaXMlMjIlM0VFbmxhcmdlJTNDJTJGYSUzRSUzQyUyRmZpZ3VyZSUzRSUwQSUzQyUyRmxpJTNFJTBBJTNDJTJGdWwlM0UlMEElM0MlMkZkaXYlM0U=[\/vc_raw_html][\/vc_column_inner][\/vc_row_inner][\/vc_column][\/vc_row][vc_row][vc_column][vc_single_image image=&#8221;17341&#8243; img_size=&#8221;full&#8221; alignment=&#8221;center&#8221;][\/vc_column][\/vc_row]<\/p>\n","protected":false},"excerpt":{"rendered":"<p>[vc_row el_class=&#8221;bande-resa&#038;&#8230;<\/p>\n<div class=\"read-more-container\"><a class=\"more-link btn btn-default btn-sm read-more\" href=\"https:\/\/www.beaubourg-paris-hotel.com\/ja\/situation\/\">Read More<\/a><\/div>\n","protected":false},"author":1,"featured_media":0,"parent":0,"menu_order":0,"comment_status":"closed","ping_status":"closed","template":"","meta":{"footnotes":""},"class_list":["post-16512","page","type-page","status-publish","hentry"],"yoast_head":"<title>\u30dc\u30fc\u30d6\u30fc\u30eb\u30db\u30c6\u30eb*** - Paris Marais- \u516c\u5f0f\u30b5\u30a4\u30c8\u306e\u30d9\u30b9\u30c8\u30ec\u30fc\u30c8<\/title>\n<meta name=\"description\" content=\"\u76f4\u63a5\u4e88\u7d04! \u30db\u30c6\u30eb\u306e\u30a6\u30a7\u30d6\u30b5\u30a4\u30c8\u306fbooking.com\u3088\u308a\u3082\u5b89\u3044\u3067\u3059\u3002- \u30db\u30c6\u30eb\u30fb\u30dc\u30d6\u30fc\u30eb\u306f\u30de\u30ec\u5730\u533a\u306e\u4e2d\u5fc3\u3001\u30dd\u30f3\u30d4\u30c9\u30a5\u30fc\u30bb\u30f3\u30bf\u30fc\u8fd1\u304f\u306b\u3042\u308a\u3001\u30e1\u30c8\u30ed\u3084\u30d0\u30b9\u3067\u306e\u30a2\u30af\u30bb\u30b9\u81f3\u4fbf\u3067\u3059\u3002\u8fd1\u304f\u306b\u306f\u516c\u5171\u99d0\u8eca\u5834\u3082\u3054\u3056\u3044\u307e\u3059\u3002\" \/>\n<meta name=\"robots\" content=\"index, follow, max-snippet:-1, max-image-preview:large, max-video-preview:-1\" \/>\n<link rel=\"canonical\" href=\"https:\/\/www.beaubourg-paris-hotel.com\/ja\/situation\/\" \/>\n<meta property=\"og:locale\" content=\"ja_JP\" \/>\n<meta property=\"og:type\" content=\"article\" \/>\n<meta property=\"og:title\" content=\"\u30dc\u30fc\u30d6\u30fc\u30eb\u30db\u30c6\u30eb*** - Paris Marais- \u516c\u5f0f\u30b5\u30a4\u30c8\u306e\u30d9\u30b9\u30c8\u30ec\u30fc\u30c8\" \/>\n<meta property=\"og:description\" content=\"\u76f4\u63a5\u4e88\u7d04! \u30db\u30c6\u30eb\u306e\u30a6\u30a7\u30d6\u30b5\u30a4\u30c8\u306fbooking.com\u3088\u308a\u3082\u5b89\u3044\u3067\u3059\u3002- \u30db\u30c6\u30eb\u30fb\u30dc\u30d6\u30fc\u30eb\u306f\u30de\u30ec\u5730\u533a\u306e\u4e2d\u5fc3\u3001\u30dd\u30f3\u30d4\u30c9\u30a5\u30fc\u30bb\u30f3\u30bf\u30fc\u8fd1\u304f\u306b\u3042\u308a\u3001\u30e1\u30c8\u30ed\u3084\u30d0\u30b9\u3067\u306e\u30a2\u30af\u30bb\u30b9\u81f3\u4fbf\u3067\u3059\u3002\u8fd1\u304f\u306b\u306f\u516c\u5171\u99d0\u8eca\u5834\u3082\u3054\u3056\u3044\u307e\u3059\u3002\" \/>\n<meta property=\"og:url\" content=\"https:\/\/www.beaubourg-paris-hotel.com\/ja\/situation\/\" \/>\n<meta property=\"og:site_name\" content=\"H\u00f4tel Beaubourg\" \/>\n<meta property=\"article:modified_time\" content=\"2020-07-10T15:25:53+00:00\" \/>\n<meta property=\"og:image\" content=\"http:\/\/www.beaubourg-paris-hotel.com\/wp-content\/uploads\/2018\/07\/itineraire-google-map-all.png\" \/>\n<meta name=\"twitter:card\" content=\"summary_large_image\" \/>\n<meta name=\"twitter:label1\" content=\"\u63a8\u5b9a\u8aad\u307f\u53d6\u308a\u6642\u9593\" \/>\n\t<meta name=\"twitter:data1\" content=\"3\u5206\" \/>\n<script type=\"application\/ld+json\" class=\"yoast-schema-graph\">{\"@context\":\"https:\/\/schema.org\",\"@graph\":[{\"@type\":\"WebPage\",\"@id\":\"https:\/\/www.beaubourg-paris-hotel.com\/ja\/situation\/\",\"url\":\"https:\/\/www.beaubourg-paris-hotel.com\/ja\/situation\/\",\"name\":\"\u30dc\u30fc\u30d6\u30fc\u30eb\u30db\u30c6\u30eb*** - Paris Marais- \u516c\u5f0f\u30b5\u30a4\u30c8\u306e\u30d9\u30b9\u30c8\u30ec\u30fc\u30c8\",\"isPartOf\":{\"@id\":\"https:\/\/www.beaubourg-paris-hotel.com\/it\/#website\"},\"primaryImageOfPage\":{\"@id\":\"https:\/\/www.beaubourg-paris-hotel.com\/ja\/situation\/#primaryimage\"},\"image\":{\"@id\":\"https:\/\/www.beaubourg-paris-hotel.com\/ja\/situation\/#primaryimage\"},\"thumbnailUrl\":\"http:\/\/www.beaubourg-paris-hotel.com\/wp-content\/uploads\/2018\/07\/itineraire-google-map-all.png\",\"datePublished\":\"2018-04-13T09:08:11+00:00\",\"dateModified\":\"2020-07-10T15:25:53+00:00\",\"description\":\"\u76f4\u63a5\u4e88\u7d04! \u30db\u30c6\u30eb\u306e\u30a6\u30a7\u30d6\u30b5\u30a4\u30c8\u306fbooking.com\u3088\u308a\u3082\u5b89\u3044\u3067\u3059\u3002- \u30db\u30c6\u30eb\u30fb\u30dc\u30d6\u30fc\u30eb\u306f\u30de\u30ec\u5730\u533a\u306e\u4e2d\u5fc3\u3001\u30dd\u30f3\u30d4\u30c9\u30a5\u30fc\u30bb\u30f3\u30bf\u30fc\u8fd1\u304f\u306b\u3042\u308a\u3001\u30e1\u30c8\u30ed\u3084\u30d0\u30b9\u3067\u306e\u30a2\u30af\u30bb\u30b9\u81f3\u4fbf\u3067\u3059\u3002\u8fd1\u304f\u306b\u306f\u516c\u5171\u99d0\u8eca\u5834\u3082\u3054\u3056\u3044\u307e\u3059\u3002\",\"breadcrumb\":{\"@id\":\"https:\/\/www.beaubourg-paris-hotel.com\/ja\/situation\/#breadcrumb\"},\"inLanguage\":\"ja\",\"potentialAction\":[{\"@type\":\"ReadAction\",\"target\":[\"https:\/\/www.beaubourg-paris-hotel.com\/ja\/situation\/\"]}]},{\"@type\":\"ImageObject\",\"inLanguage\":\"ja\",\"@id\":\"https:\/\/www.beaubourg-paris-hotel.com\/ja\/situation\/#primaryimage\",\"url\":\"http:\/\/www.beaubourg-paris-hotel.com\/wp-content\/uploads\/2018\/07\/itineraire-google-map-all.png\",\"contentUrl\":\"http:\/\/www.beaubourg-paris-hotel.com\/wp-content\/uploads\/2018\/07\/itineraire-google-map-all.png\"},{\"@type\":\"BreadcrumbList\",\"@id\":\"https:\/\/www.beaubourg-paris-hotel.com\/ja\/situation\/#breadcrumb\",\"itemListElement\":[{\"@type\":\"ListItem\",\"position\":1,\"name\":\"Accueil\",\"item\":\"https:\/\/www.beaubourg-paris-hotel.com\/ja\/\"},{\"@type\":\"ListItem\",\"position\":2,\"name\":\"Situation\"}]},{\"@type\":\"WebSite\",\"@id\":\"https:\/\/www.beaubourg-paris-hotel.com\/it\/#website\",\"url\":\"https:\/\/www.beaubourg-paris-hotel.com\/it\/\",\"name\":\"H\u00f4tel Beaubourg\",\"description\":\"H\u00f4tel 3 \u00e9toiles de charme, Paris Centre.\",\"potentialAction\":[{\"@type\":\"SearchAction\",\"target\":{\"@type\":\"EntryPoint\",\"urlTemplate\":\"https:\/\/www.beaubourg-paris-hotel.com\/it\/?s={search_term_string}\"},\"query-input\":{\"@type\":\"PropertyValueSpecification\",\"valueRequired\":true,\"valueName\":\"search_term_string\"}}],\"inLanguage\":\"ja\"}]}<\/script>","yoast_head_json":{"title":"\u30dc\u30fc\u30d6\u30fc\u30eb\u30db\u30c6\u30eb*** - Paris Marais- \u516c\u5f0f\u30b5\u30a4\u30c8\u306e\u30d9\u30b9\u30c8\u30ec\u30fc\u30c8","description":"\u76f4\u63a5\u4e88\u7d04! \u30db\u30c6\u30eb\u306e\u30a6\u30a7\u30d6\u30b5\u30a4\u30c8\u306fbooking.com\u3088\u308a\u3082\u5b89\u3044\u3067\u3059\u3002- \u30db\u30c6\u30eb\u30fb\u30dc\u30d6\u30fc\u30eb\u306f\u30de\u30ec\u5730\u533a\u306e\u4e2d\u5fc3\u3001\u30dd\u30f3\u30d4\u30c9\u30a5\u30fc\u30bb\u30f3\u30bf\u30fc\u8fd1\u304f\u306b\u3042\u308a\u3001\u30e1\u30c8\u30ed\u3084\u30d0\u30b9\u3067\u306e\u30a2\u30af\u30bb\u30b9\u81f3\u4fbf\u3067\u3059\u3002\u8fd1\u304f\u306b\u306f\u516c\u5171\u99d0\u8eca\u5834\u3082\u3054\u3056\u3044\u307e\u3059\u3002","robots":{"index":"index","follow":"follow","max-snippet":"max-snippet:-1","max-image-preview":"max-image-preview:large","max-video-preview":"max-video-preview:-1"},"canonical":"https:\/\/www.beaubourg-paris-hotel.com\/ja\/situation\/","og_locale":"ja_JP","og_type":"article","og_title":"\u30dc\u30fc\u30d6\u30fc\u30eb\u30db\u30c6\u30eb*** - Paris Marais- \u516c\u5f0f\u30b5\u30a4\u30c8\u306e\u30d9\u30b9\u30c8\u30ec\u30fc\u30c8","og_description":"\u76f4\u63a5\u4e88\u7d04! \u30db\u30c6\u30eb\u306e\u30a6\u30a7\u30d6\u30b5\u30a4\u30c8\u306fbooking.com\u3088\u308a\u3082\u5b89\u3044\u3067\u3059\u3002- \u30db\u30c6\u30eb\u30fb\u30dc\u30d6\u30fc\u30eb\u306f\u30de\u30ec\u5730\u533a\u306e\u4e2d\u5fc3\u3001\u30dd\u30f3\u30d4\u30c9\u30a5\u30fc\u30bb\u30f3\u30bf\u30fc\u8fd1\u304f\u306b\u3042\u308a\u3001\u30e1\u30c8\u30ed\u3084\u30d0\u30b9\u3067\u306e\u30a2\u30af\u30bb\u30b9\u81f3\u4fbf\u3067\u3059\u3002\u8fd1\u304f\u306b\u306f\u516c\u5171\u99d0\u8eca\u5834\u3082\u3054\u3056\u3044\u307e\u3059\u3002","og_url":"https:\/\/www.beaubourg-paris-hotel.com\/ja\/situation\/","og_site_name":"H\u00f4tel Beaubourg","article_modified_time":"2020-07-10T15:25:53+00:00","og_image":[{"url":"http:\/\/www.beaubourg-paris-hotel.com\/wp-content\/uploads\/2018\/07\/itineraire-google-map-all.png","type":"","width":"","height":""}],"twitter_card":"summary_large_image","twitter_misc":{"\u63a8\u5b9a\u8aad\u307f\u53d6\u308a\u6642\u9593":"3\u5206"},"schema":{"@context":"https:\/\/schema.org","@graph":[{"@type":"WebPage","@id":"https:\/\/www.beaubourg-paris-hotel.com\/ja\/situation\/","url":"https:\/\/www.beaubourg-paris-hotel.com\/ja\/situation\/","name":"\u30dc\u30fc\u30d6\u30fc\u30eb\u30db\u30c6\u30eb*** - Paris Marais- \u516c\u5f0f\u30b5\u30a4\u30c8\u306e\u30d9\u30b9\u30c8\u30ec\u30fc\u30c8","isPartOf":{"@id":"https:\/\/www.beaubourg-paris-hotel.com\/it\/#website"},"primaryImageOfPage":{"@id":"https:\/\/www.beaubourg-paris-hotel.com\/ja\/situation\/#primaryimage"},"image":{"@id":"https:\/\/www.beaubourg-paris-hotel.com\/ja\/situation\/#primaryimage"},"thumbnailUrl":"http:\/\/www.beaubourg-paris-hotel.com\/wp-content\/uploads\/2018\/07\/itineraire-google-map-all.png","datePublished":"2018-04-13T09:08:11+00:00","dateModified":"2020-07-10T15:25:53+00:00","description":"\u76f4\u63a5\u4e88\u7d04! \u30db\u30c6\u30eb\u306e\u30a6\u30a7\u30d6\u30b5\u30a4\u30c8\u306fbooking.com\u3088\u308a\u3082\u5b89\u3044\u3067\u3059\u3002- \u30db\u30c6\u30eb\u30fb\u30dc\u30d6\u30fc\u30eb\u306f\u30de\u30ec\u5730\u533a\u306e\u4e2d\u5fc3\u3001\u30dd\u30f3\u30d4\u30c9\u30a5\u30fc\u30bb\u30f3\u30bf\u30fc\u8fd1\u304f\u306b\u3042\u308a\u3001\u30e1\u30c8\u30ed\u3084\u30d0\u30b9\u3067\u306e\u30a2\u30af\u30bb\u30b9\u81f3\u4fbf\u3067\u3059\u3002\u8fd1\u304f\u306b\u306f\u516c\u5171\u99d0\u8eca\u5834\u3082\u3054\u3056\u3044\u307e\u3059\u3002","breadcrumb":{"@id":"https:\/\/www.beaubourg-paris-hotel.com\/ja\/situation\/#breadcrumb"},"inLanguage":"ja","potentialAction":[{"@type":"ReadAction","target":["https:\/\/www.beaubourg-paris-hotel.com\/ja\/situation\/"]}]},{"@type":"ImageObject","inLanguage":"ja","@id":"https:\/\/www.beaubourg-paris-hotel.com\/ja\/situation\/#primaryimage","url":"http:\/\/www.beaubourg-paris-hotel.com\/wp-content\/uploads\/2018\/07\/itineraire-google-map-all.png","contentUrl":"http:\/\/www.beaubourg-paris-hotel.com\/wp-content\/uploads\/2018\/07\/itineraire-google-map-all.png"},{"@type":"BreadcrumbList","@id":"https:\/\/www.beaubourg-paris-hotel.com\/ja\/situation\/#breadcrumb","itemListElement":[{"@type":"ListItem","position":1,"name":"Accueil","item":"https:\/\/www.beaubourg-paris-hotel.com\/ja\/"},{"@type":"ListItem","position":2,"name":"Situation"}]},{"@type":"WebSite","@id":"https:\/\/www.beaubourg-paris-hotel.com\/it\/#website","url":"https:\/\/www.beaubourg-paris-hotel.com\/it\/","name":"H\u00f4tel Beaubourg","description":"H\u00f4tel 3 \u00e9toiles de charme, Paris Centre.","potentialAction":[{"@type":"SearchAction","target":{"@type":"EntryPoint","urlTemplate":"https:\/\/www.beaubourg-paris-hotel.com\/it\/?s={search_term_string}"},"query-input":{"@type":"PropertyValueSpecification","valueRequired":true,"valueName":"search_term_string"}}],"inLanguage":"ja"}]}},"_links":{"self":[{"href":"https:\/\/www.beaubourg-paris-hotel.com\/ja\/wp-json\/wp\/v2\/pages\/16512","targetHints":{"allow":["GET"]}}],"collection":[{"href":"https:\/\/www.beaubourg-paris-hotel.com\/ja\/wp-json\/wp\/v2\/pages"}],"about":[{"href":"https:\/\/www.beaubourg-paris-hotel.com\/ja\/wp-json\/wp\/v2\/types\/page"}],"author":[{"embeddable":true,"href":"https:\/\/www.beaubourg-paris-hotel.com\/ja\/wp-json\/wp\/v2\/users\/1"}],"replies":[{"embeddable":true,"href":"https:\/\/www.beaubourg-paris-hotel.com\/ja\/wp-json\/wp\/v2\/comments?post=16512"}],"version-history":[{"count":13,"href":"https:\/\/www.beaubourg-paris-hotel.com\/ja\/wp-json\/wp\/v2\/pages\/16512\/revisions"}],"predecessor-version":[{"id":19933,"href":"https:\/\/www.beaubourg-paris-hotel.com\/ja\/wp-json\/wp\/v2\/pages\/16512\/revisions\/19933"}],"wp:attachment":[{"href":"https:\/\/www.beaubourg-paris-hotel.com\/ja\/wp-json\/wp\/v2\/media?parent=16512"}],"curies":[{"name":"wp","href":"https:\/\/api.w.org\/{rel}","templated":true}]}}