{"id":16506,"date":"2018-05-04T08:05:34","date_gmt":"2018-05-04T06:05:34","guid":{"rendered":"http:\/\/www.beaubourg-paris-hotel.com\/nos-services\/"},"modified":"2020-07-10T15:31:12","modified_gmt":"2020-07-10T13:31:12","slug":"nos-services","status":"publish","type":"page","link":"https:\/\/www.beaubourg-paris-hotel.com\/ja\/nos-services\/","title":{"rendered":"Nos Services"},"content":{"rendered":"<p>[vc_row el_class=&#8221;bande-resa&#8221;][vc_column][vc_raw_html]JTNDZGl2JTIwY2xhc3MlM0QlMjJyZXNlcnZhdGlvbi1mb3JtJTIwZGVzayUyMiUyMHN0eWxlJTNEJTIydGV4dC1hbGlnbiUzQSUyMGNlbnRlciUzQiUyMiUzRSUwQSUzQ2Zvcm0lMjBpZCUzRCUyMkFWUCUyMiUyMGFjdGlvbiUzRCUyMmh0dHAlM0ElMkYlMkZ3d3cuc2VjdXJlLWhvdGVsLWJvb2tpbmcuY29tJTJGSG90ZWwtQmVhdWJvdXJnJTJGMkdVSiUyRnNlYXJjaCUzRmhvdGVsSWQlM0QyMjg1JTIyJTIwbWV0aG9kJTNEJTIycG9zdCUyMiUyMHRhcmdldCUzRCUyMl9ibGFuayUyMiUyMG9uc3VibWl0JTNEJTIyaWYlMjhfZ2FxJTIxJTNEbnVsbCUyOV9nYXEucHVzaCUyOCU1QiUyN19saW5rQnlQb3N0JTI3JTJDJTIwdGhpcyU1RCUyOSUzQiUyMiUzRSUwQSUyMCUyMCUyMCUyMCUyMCUyMCUyMCUyMCUyMCUyMCUyMCUyMCUyMCUzQ2lucHV0JTIwdHlwZSUzRCUyMmhpZGRlbiUyMiUyMGlkJTNEJTIybGFuZ3VhZ2UlMjIlMjBuYW1lJTNEJTIybGFuZ3VhZ2UlMjIlMjB2YWx1ZSUzRCUyMmphJTIyJTIwJTJGJTNFJTBBJTIwJTIwJTIwJTIwJTIwJTIwJTIwJTIwJTIwJTIwJTIwJTIwJTIwJTNDaW5wdXQlMjB0eXBlJTNEJTIyaGlkZGVuJTIyJTIwaWQlM0QlMjJBVlBfYXJyaXZhbERhdGUlMjIlMjBuYW1lJTNEJTIyYXJyaXZhbERhdGUlMjIlMjB2YWx1ZSUzRCUyMiUyMiUyMCUyRiUzRSUwQSUyMCUyMCUyMCUyMCUyMCUyMCUyMCUyMCUyMCUyMCUyMCUyMCUyMCUzQ2lucHV0JTIwdHlwZSUzRCUyMmhpZGRlbiUyMiUyMGlkJTNEJTIyQVZQX25pZ2h0cyUyMiUyMG5hbWUlM0QlMjJuaWdodHMlMjIlMjB2YWx1ZSUzRCUyMiUyMiUyMCUyRiUzRSUwQSUyMCUyMCUyMCUyMCUyMCUyMCUyMCUyMCUyMCUyMCUyMCUyMCUyMCUzQ2lucHV0JTIwdHlwZSUzRCUyMmhpZGRlbiUyMiUyMGlkJTNEJTIyZ3Vlc3RDb3VudFNlbGVjdG9yJTIyJTIwbmFtZSUzRCUyMmd1ZXN0Q291bnRTZWxlY3RvciUyMiUyMHZhbHVlJTNEJTIyUmVhZE9ubHklMjIlMjAlMkYlM0UlMEElMjAlMjAlMjAlMjAlMjAlMjAlMjAlMjAlMjAlMjAlMjAlMjAlMjAlM0NkaXYlMjBjbGFzcyUzRCUyMmlucHV0LWRhdGUtcmVzYSUyMiUzRSUzQ2lucHV0JTIwdHlwZSUzRCUyMnRleHQlMjIlMjBjbGFzcyUzRCUyMmFzRGF0ZVBpY2tlciUyMiUyMCUyMGlkJTNEJTIyZGF0ZSUyMiUyMG5hbWUlM0QlMjJkYXRlLWFycml2ZWUlMjIlMjAlMjBwbGFjZWhvbGRlciUzRCUyMiVFMyU4MSU5NCVFNSU4OCVCMCVFNyU5RCU4MCVFNiU5NyVBNSUyMiUyMCUzRSUzQ2klMjBjbGFzcyUzRCUyMmZhJTIwZmEtY2FsZW5kYXIlMjIlM0UlM0MlMkZpJTNFJTNDJTJGZGl2JTNFJTBBJTIwJTIwJTIwJTIwJTIwJTIwJTIwJTIwJTIwJTIwJTIwJTIwJTIwJTNDZGl2JTIwY2xhc3MlM0QlMjJpbnB1dC1kYXRlLXJlc2ElMjIlM0UlM0NpbnB1dCUyMHR5cGUlM0QlMjJ0ZXh0JTIyJTIwaWQlM0QlMjJkYXRlMiUyMiUyMG5hbWUlM0QlMjJkYXRlLWRlcGFydCUyMiUyMGNsYXNzJTNEJTIyYXNEYXRlUGlja2VyJTIyJTIwcGxhY2Vob2xkZXIlM0QlMjIlRTMlODElOTQlRTUlODclQkElRTclOTklQkElRTYlOTclQTUlMjIlMjAlM0UlM0NpJTIwY2xhc3MlM0QlMjJmYSUyMGZhLWNhbGVuZGFyJTIyJTNFJTNDJTJGaSUzRSUzQyUyRmRpdiUzRSUwQSUyMCUyMCUyMCUyMCUyMCUyMCUyMCUyMCUyMCUyMCUyMCUyMCUyMCUzQ2RpdiUyMGNsYXNzJTNEJTIyaW5wdXQtZGF0ZS1yZXNhJTIyJTNFJTNDc2VsZWN0JTIwaWQlM0QlMjJzZWxlY3RlZEFkdWx0Q291bnQlMjIlMjBuYW1lJTNEJTIyc2VsZWN0ZWRBZHVsdENvdW50JTIyJTNFJTNDJTJGc2VsZWN0JTNFJTIwJTNDaSUyMGNsYXNzJTNEJTIyZmElMjBmYS11c2VyJTIyJTIwYXJpYS1oaWRkZW4lM0QlMjJ0cnVlJTIyJTNFJTNDJTJGaSUzRSUzQyUyRmRpdiUzRSUyMCUyMCUyMCUyMCUyMCUyMCUyMCUyMCUyMCUyMCUyMCUyMCUwQSUyMCUyMCUyMCUyMCUyMCUyMCUyMCUyMCUyMCUyMCUyMCUyMCUyMCUzQ2J1dHRvbiUyMHR5cGUlM0QlMjJzdWJtaXQlMjIlMjBjbGFzcyUzRCUyMnJhdmlzLWJ0biUyMGJ0bi10eXBlLTIlMjIlM0UlRTQlQkElODglRTclQjQlODQlM0MlMkZidXR0b24lM0UlMEElMjAlMjAlMjAlMjAlMjAlMjAlMjAlMjAlMjAlMjAlMjAlMjAlMjAlM0MlMkZmb3JtJTNFJTIwJTIwJTIwJTIwJTIwJTIwJTIwJTIwJTIwJTIwJTBBJTIwJTNDc2NyaXB0JTIwdHlwZSUzRCUyMnRleHQlMkZqYXZhc2NyaXB0JTIyJTIwc3JjJTNEJTIyaHR0cHMlM0ElMkYlMkZ3d3cuYmVhdWJvdXJnLXBhcmlzLWhvdGVsLmNvbSUyRmF2YWlscHJvJTJGYXZhaWxwcm8uanMlMjIlM0UlM0MlMkZzY3JpcHQlM0UlMEElM0MlMkZkaXYlM0U=[\/vc_raw_html][\/vc_column][\/vc_row][vc_row css=&#8221;.vc_custom_1594387870938{margin-top: 120px !important;margin-bottom: 30px !important;}&#8221; el_class=&#8221;marge-menu&#8221;][vc_column offset=&#8221;vc_col-md-offset-2 vc_col-md-8&#8243;][vc_raw_html css=&#8221;.vc_custom_1530713726182{margin-top: 0px !important;padding-top: 0px !important;}&#8221;]JTNDZGl2JTIwY2xhc3MlM0QlMjJyYXZpcy10aXRsZS10LTIlMjIlM0UlM0NkaXYlMjBjbGFzcyUzRCUyMnRpdGxlJTIyJTNFJTNDc3BhbiUzRSVFMyU4MyU5QiVFMyU4MyU4NiVFMyU4MyVBQiVFMyU4MSVBRSVFMyU4MiVCNSVFMyU4MyVCQyVFMyU4MyU5MyVFMyU4MiVCOSUzQyUyRnNwYW4lM0UlM0MlMkZkaXYlM0UlM0NkaXYlMjBjbGFzcyUzRCUyMnN1Yi10aXRsZSUyMiUzRSUzQyUyRmRpdiUzRSUzQyUyRmRpdiUzRQ==[\/vc_raw_html][vc_column_text]<\/p>\n<p style=\"text-align: center;\">\u304a\u5ba2\u69d8\u306e\u30d1\u30ea\u306e\u65c5\u3092\u5feb\u9069\u306b\u3001\u305d\u3057\u3066\u30b9\u30e0\u30fc\u30ba\u306b\u3059\u308b\u305f\u3081\u3001\u30db\u30c6\u30eb\u30fb\u30dc\u30d6\u30fc\u30eb\u3067\u306f\u3001\u3055\u307e\u3056\u307e\u306a\u30b5\u30fc\u30d3\u30b9\u3092\u3054\u7528\u610f\u3057\u3066\u304a\u308a\u307e\u3059<\/p>\n<p>[\/vc_column_text][\/vc_column][\/vc_row][vc_row css=&#8221;.vc_custom_1528815504856{margin-top: 0px !important;margin-bottom: 0px !important;padding-top: 0px !important;padding-bottom: 0px !important;}&#8221;][vc_column][vc_column_text]<section id=\"hotel-sections\"><div class=\"section-row clearfix\">\n\n\t\t\t\t\t\t\t<div class=\"desc animated-box\" data-animation=\"fadeInUp\" data-delay=\"400\">\n\n\t\t\t\t\t\t\t\t<div class=\"ravis-title-t-1\">\n\n\t\t\t\t\t\t\t\t\t<div class=\"title\"><span>\u30d5\u30ed\u30f3\u30c8<\/span><\/div>\n\n\t\t\t\t\t\t\t\t\t<div class=\"sub-title\">\u3044\u3064\u3067\u3082\u304a\u3082\u3066\u306a\u3057\uff01<\/div>\n\n\t\t\t\t\t\t\t\t<\/div>\n\n\t\t\t\t\t\t\t\t<div class=\"content\">\u304a\u5ba2\u69d8\u306e\u65c5\u304c\u6700\u9ad8\u306e\u601d\u3044\u51fa\u306b\u306a\u308a\u307e\u3059\u3088\u3046\u3001\u30d5\u30ed\u30f3\u30c8\u30b9\u30bf\u30c3\u30d5\u304c\u663c\u3082\u591c\u3082\u30b5\u30dd\u30fc\u30c8\u3055\u305b\u3066\u3044\u305f\u3060\u304d\u307e\u3059\u3002\u30ec\u30b9\u30c8\u30e9\u30f3\u306e\u7d39\u4ecb\u3084\u5404\u7a2e\u3054\u4e88\u7d04\u3001\u30c4\u30a2\u30fc\u3001\u30d5\u30e9\u30a4\u30c8\u306e\u30ea\u30b3\u30f3\u30d5\u30a1\u30fc\u30e0\u306a\u3069\u306f\u30b3\u30f3\u30b7\u30a7\u30eb\u30b8\u30e5\u306b\u304a\u4efb\u305b\u304f\u3060\u3055\u3044\uff01\u9ad8\u7d1a\u30db\u30c6\u30eb\u306e\u30b5\u30fc\u30d3\u30b9\u3068\u306c\u304f\u3082\u308a\u306e\u3042\u308b\u304a\u3082\u3066\u306a\u3057\u3002\u79c1\u305f\u3061\u306e\u4f7f\u547d\uff1a\u305d\u308c\u306f\u3001\u304a\u5ba2\u69d8\u306b\u3054\u6e80\u8db3\u3044\u305f\u3060\u304f\u3053\u3068\u3067\u3059\u3002\u307e\u305f\u3001\u30b9\u30bf\u30c3\u30d5\u306f\u30de\u30eb\u30c1\u30ea\u30f3\u30ac\u30eb\u3067\u3059\u3002\r\n\r\n\u5c45\u5fc3\u5730\u304c\u826f\u304f\u3066\u30ea\u30e9\u30c3\u30af\u30b9\u3067\u304d\u308b\u30e9\u30a6\u30f3\u30b8\u3001\u7121\u6599\u3067\u30cd\u30c3\u30c8\u30b5\u30fc\u30d5\u30a3\u30f3\u3067\u304d\u308b\u30d1\u30bd\u30b3\u30f3\u3092\u4f7f\u3063\u305f\u308a\u3001\u4f1a\u8b70\u3092\u958b\u3044\u305f\u308a\uff65\uff65\uff65\u65b0\u805e\u3084\u96d1\u8a8c\u3092\u773a\u3081\u305f\u308a\u3001\u30b7\u30e3\u30f3\u30d1\u30f3\u3084\u30ab\u30d5\u30a7\u30aa\u30ec\u3092\u98f2\u3093\u3060\u308a\u3001\u7985\u306e\u5ead\u3067\u5fc3\u3092\u9759\u3081\u305f\u308a\u3059\u308b\u548c\u3084\u304b\u306a\u7a7a\u9593\uff65\uff65\uff65\u90fd\u4f1a\u306e\u771f\u3093\u4e2d\u306b\u3001\u9759\u3051\u3055\u304c\u3042\u308a\u307e\u3059\u3002 \u304a\u8377\u7269\u306f24\u6642\u9593\u304a\u9810\u304b\u308a\u3044\u305f\u3057\u307e\u3059\u3002\r\n<p>&nbsp;<\/p>\r\n\r\n<img decoding=\"async\" class=\"alignnone wp-image-16315 size-full smart\" src=\"http:\/\/www.beaubourg-paris-hotel.com\/wp-content\/uploads\/2018\/05\/Hotel-beaubourg-Paris_services-10.jpg\" alt=\"SERVICES\" width=\"1920\" height=\"1000\" srcset=\"https:\/\/www.beaubourg-paris-hotel.com\/wp-content\/uploads\/2018\/05\/Hotel-beaubourg-Paris_services-10.jpg 1920w, https:\/\/www.beaubourg-paris-hotel.com\/wp-content\/uploads\/2018\/05\/Hotel-beaubourg-Paris_services-10-300x156.jpg 300w, https:\/\/www.beaubourg-paris-hotel.com\/wp-content\/uploads\/2018\/05\/Hotel-beaubourg-Paris_services-10-768x400.jpg 768w, https:\/\/www.beaubourg-paris-hotel.com\/wp-content\/uploads\/2018\/05\/Hotel-beaubourg-Paris_services-10-1024x533.jpg 1024w\" sizes=\"(max-width: 1920px) 100vw, 1920px\" \/><\/div>\n\n\t\t\t\t\t\t\t<\/div><div class=\"img-container animated-box\" data-animation=\"fadeInUp\" data-bg-img=\"https:\/\/www.beaubourg-paris-hotel.com\/wp-content\/uploads\/2018\/05\/Hotel-beaubourg-Paris_services-10.jpg\"><\/div><\/div><div class=\"section-row clearfix\"><div class=\"img-container animated-box\" data-animation=\"fadeInUp\" data-bg-img=\"https:\/\/www.beaubourg-paris-hotel.com\/wp-content\/uploads\/2018\/05\/Hotel-beaubourg-Paris_services-6.jpg\"><\/div>\n\n\t\t\t\t\t\t\t<div class=\"desc animated-box\" data-animation=\"fadeInUp\" data-delay=\"400\">\n\n\t\t\t\t\t\t\t\t<div class=\"ravis-title-t-1\">\n\n\t\t\t\t\t\t\t\t\t<div class=\"title\"><span>WIFI<\/span><\/div>\n\n\t\t\t\t\t\t\t\t\t<div class=\"sub-title\">\u5b89\u5168\u306a\u30d5\u30a1\u30a4\u30d0\u30fcWiFi \u7121\u6599<\/div>\n\n\t\t\t\t\t\t\t\t<\/div>\n\n\t\t\t\t\t\t\t\t<div class=\"content\"><p style=\"text-align: left\">\u5168\u9928Wifi\u30a2\u30af\u30bb\u30b9\u7121\u6599<\/p>\r\n<p style=\"text-align: left\">\u30a4\u30f3\u30bf\u30fc\u30cd\u30c3\u30c8\u304c\u5229\u7528\u3067\u304d\u308b\u30d1\u30bd\u30b3\u30f3\u5229\u7528\u7121\u6599<\/p>\r\n<p>&nbsp;<\/p>\r\n\r\n<img decoding=\"async\" class=\"smart alignnone wp-image-16311 size-full smart\" src=\"http:\/\/www.beaubourg-paris-hotel.com\/wp-content\/uploads\/2018\/05\/Hotel-beaubourg-Paris_services-6.jpg\" alt=\"SERVICES\" width=\"1920\" height=\"1000\" srcset=\"https:\/\/www.beaubourg-paris-hotel.com\/wp-content\/uploads\/2018\/05\/Hotel-beaubourg-Paris_services-6.jpg 1920w, https:\/\/www.beaubourg-paris-hotel.com\/wp-content\/uploads\/2018\/05\/Hotel-beaubourg-Paris_services-6-300x156.jpg 300w, https:\/\/www.beaubourg-paris-hotel.com\/wp-content\/uploads\/2018\/05\/Hotel-beaubourg-Paris_services-6-768x400.jpg 768w, https:\/\/www.beaubourg-paris-hotel.com\/wp-content\/uploads\/2018\/05\/Hotel-beaubourg-Paris_services-6-1024x533.jpg 1024w\" sizes=\"(max-width: 1920px) 100vw, 1920px\" \/><\/div>\n\n\t\t\t\t\t\t\t<\/div><\/div><div class=\"section-row clearfix\">\n\n\t\t\t\t\t\t\t<div class=\"desc animated-box\" data-animation=\"fadeInUp\" data-delay=\"400\">\n\n\t\t\t\t\t\t\t\t<div class=\"ravis-title-t-1\">\n\n\t\t\t\t\t\t\t\t\t<div class=\"title\"><span>\u30d3\u30e5\u30c3\u30d5\u30a7\u5f0f\u671d\u98df : 11 \u20ac<\/span><\/div>\n\n\t\t\t\t\t\t\t\t\t<div class=\"sub-title\">\u307e\u305f\u306f\u4e38\u5929\u4e95\u306e\u30c0\u30a4\u30cb\u30f3\u30b0\u3067\u306e\u671d\u98df<\/div>\n\n\t\t\t\t\t\t\t\t<\/div>\n\n\t\t\t\t\t\t\t\t<div class=\"content\">\u4e38\u5929\u4e95\u306e\u30c0\u30a4\u30cb\u30f3\u30b0\u3001\u3080\u304d\u51fa\u3057\u306e\u77f3\u58c1\u3001\u53e4\u4e95\u6238\u3002\u6b74\u53f2\u3092\u611f\u3058\u3055\u305b\u308b\u5fc3\u5730\u306e\u826f\u3044\u7a7a\u9593\u304c\u6c17\u6301\u3061\u306e\u826f\u3044\u76ee\u899a\u3081\u3092\u7d04\u675f\u3057\u3066\u304f\u308c\u307e\u3059\u3002\u30d3\u30b8\u30cd\u30b9\u3084\u89b3\u5149\u306e\u4e00\u65e5\u3092\u59cb\u3081\u308b\u524d\u306b\u3001\u671d7\u6642\u304b\u308911\u6642\u307e\u3067\u30dc\u30ea\u30e5\u30fc\u30e0\u305f\u3063\u3077\u308a\u306e\u671d\u98df\u3092\u3054\u7528\u610f\u3057\u3066\u3044\u307e\u3059\u3002\u30d9\u30c3\u30c9\u3067\u671d\u5bdd\u574a\u3092\u3057\u305f\u3044\u65e5\u306f\u3001\u304a\u90e8\u5c4b\u307e\u3067\u304a\u5c4a\u3051\u3057\u307e\u3059\u3002\r\n\r\n&nbsp;\r\n\r\n\u79c1\u305f\u3061\u306e\u671d\u98df\u30d3\u30e5\u30c3\u30d5\u30a7\u306f\u3001\u5927\u304d\u306a\u9078\u629e\u3092\u63d0\u4f9b\u3057\u3066\u3044\u307e\u3059:\r\n<ul>\r\n \t<li>\u30db\u30c3\u30c8\u30c9\u30ea\u30f3\u30af(\u7d05\u8336\u3001\u30b3\u30fc\u30d2\u30fc\u3001\u30a8\u30b9\u30d7\u30ec\u30c3\u30bd\u307e\u305f\u306f\u30db\u30c3\u30c8\u30c1\u30e7\u30b3\u30ec\u30fc\u30c8)<\/li>\r\n \t<li>\u30aa\u30ec\u30f3\u30b8\u30b8\u30e5\u30fc\u30b9\u3001\u30d5\u30eb\u30fc\u30c4\u30b5\u30e9\u30c0\u3001\u3086\u3067\u5375\u3001\u30cf\u30e0\u3001\u30c1\u30fc\u30ba<\/li>\r\n \t<li>\u30d1\u30f3\u3001\u30d0\u30bf\u30fc\u3001\u30b8\u30e3\u30e0\u3001\u30af\u30ed\u30ef\u30c3\u30b5\u30f3\u3001\u30e8\u30fc\u30b0\u30eb\u30c8\u3001\u30b7\u30ea\u30a2\u30eb<\/li>\r\n \t<li>\u5375\u713c\u304d\u307e\u305f\u306f\u30b9\u30af\u30e9\u30f3\u30d6\u30eb\u30a8\u30c3\u30b0\u3001\u30cf\u30e0\u307e\u305f\u306f\u30c1\u30fc\u30ba\u306e\u5375 (\u8ffd\u52a0\u6599\u91d1)<\/li>\r\n<\/ul>\r\n&nbsp;\r\n\r\n<img decoding=\"async\" class=\"alignnone size-full wp-image-17809 smart\" src=\"http:\/\/www.beaubourg-paris-hotel.com\/wp-content\/uploads\/2018\/05\/Hotel-beaubourg-Paris_services-9.jpg\" alt=\"SERVICES\" width=\"1920\" height=\"1000\" srcset=\"https:\/\/www.beaubourg-paris-hotel.com\/wp-content\/uploads\/2018\/05\/Hotel-beaubourg-Paris_services-9.jpg 1920w, https:\/\/www.beaubourg-paris-hotel.com\/wp-content\/uploads\/2018\/05\/Hotel-beaubourg-Paris_services-9-300x156.jpg 300w, https:\/\/www.beaubourg-paris-hotel.com\/wp-content\/uploads\/2018\/05\/Hotel-beaubourg-Paris_services-9-768x400.jpg 768w, https:\/\/www.beaubourg-paris-hotel.com\/wp-content\/uploads\/2018\/05\/Hotel-beaubourg-Paris_services-9-1024x533.jpg 1024w\" sizes=\"(max-width: 1920px) 100vw, 1920px\" \/><\/div>\n\n\t\t\t\t\t\t\t<\/div><div class=\"img-container animated-box\" data-animation=\"fadeInUp\" data-bg-img=\"https:\/\/www.beaubourg-paris-hotel.com\/wp-content\/uploads\/2018\/05\/Hotel-beaubourg-Paris_services-9.jpg\"><\/div><\/div><div class=\"section-row clearfix\"><div class=\"img-container animated-box\" data-animation=\"fadeInUp\" data-bg-img=\"https:\/\/www.beaubourg-paris-hotel.com\/wp-content\/uploads\/2018\/05\/Hotel-beaubourg-Paris_services-5.jpg\"><\/div>\n\n\t\t\t\t\t\t\t<div class=\"desc animated-box\" data-animation=\"fadeInUp\" data-delay=\"400\">\n\n\t\t\t\t\t\t\t\t<div class=\"ravis-title-t-1\">\n\n\t\t\t\t\t\t\t\t\t<div class=\"title\"><span>\u30d3\u30b8\u30cd\u30b9\u30bb\u30df\u30ca\u30fc\u3001\u4f1a\u8b70<\/span><\/div>\n\n\t\t\t\t\t\t\t\t\t<div class=\"sub-title\">\u65e5\u4e2d\u3001\u30bb\u30df\u30ca\u30fc\u7528\u306e\u4f1a\u8b70\u5ba4\u30ec\u30f3\u30bf\u30eb\u304c\u53ef\u80fd<\/div>\n\n\t\t\t\t\t\t\t\t<\/div>\n\n\t\t\t\t\t\t\t\t<div class=\"content\">\u30d1\u30ea\u306e\u3069\u771f\u3093\u4e2d\u3001\u305d\u3057\u3066\u6d17\u7df4\u3055\u308c\u305f\u96f0\u56f2\u6c17\u306e\u5834\u6240\u3067\u4f1a\u8b70\u3084\u30aa\u30fc\u30d7\u30cb\u30f3\u30b0\u30bb\u30ec\u30e2\u30cb\u30fc\u3001\u30bb\u30df\u30ca\u30fc\u3092\u958b\u50ac\u3059\u308b\u306e\u306b\u3074\u3063\u305f\u308a\u306e\u30b9\u30da\u30fc\u30b9\u304c\u30db\u30c6\u30eb\u30fb\u30dc\u30d6\u30fc\u30eb\u306b\u306f\u3042\u308a\u307e\u3059\u3002\r\n\r\n\u7740\u5e2d\u306a\u3089\u6700\u592712\u540d\u3001\u30ef\u30fc\u30af\u30b7\u30e7\u30c3\u30d7\u5f62\u5f0f\u306a\u3089\u6700\u592720\u540d\u307e\u3067\u53ce\u5bb9\u3067\u304d\u308b\u3001\u5feb\u9069\u3067\u6d17\u7df4\u3055\u308c\u305f\u4f1a\u8b70\u5ba4\u3092\u3054\u7528\u610f\u3057\u3066\u304a\u308a\u307e\u3059\u3002\r\n\r\n\u304a\u554f\u5408\u305b : <a href=\"mailto:reservation@hotelbeaubourg.com\">reservation@hotelbeaubourg.com<\/a> \/ \u96fb\u8a71: +33 1 42 74 34 24\r\n\r\n&nbsp;\r\n\r\n<img decoding=\"async\" class=\"smart alignnone wp-image-17833 size-full smart\" src=\"http:\/\/www.beaubourg-paris-hotel.com\/wp-content\/uploads\/2018\/05\/Hotel-beaubourg-Paris_services-5.jpg\" alt=\"\u30b5\u30fc\u30d3\u30b9\" width=\"1920\" height=\"1000\" srcset=\"https:\/\/www.beaubourg-paris-hotel.com\/wp-content\/uploads\/2018\/05\/Hotel-beaubourg-Paris_services-5.jpg 1920w, https:\/\/www.beaubourg-paris-hotel.com\/wp-content\/uploads\/2018\/05\/Hotel-beaubourg-Paris_services-5-300x156.jpg 300w, https:\/\/www.beaubourg-paris-hotel.com\/wp-content\/uploads\/2018\/05\/Hotel-beaubourg-Paris_services-5-768x400.jpg 768w, https:\/\/www.beaubourg-paris-hotel.com\/wp-content\/uploads\/2018\/05\/Hotel-beaubourg-Paris_services-5-1024x533.jpg 1024w\" sizes=\"(max-width: 1920px) 100vw, 1920px\" \/><\/div>\n\n\t\t\t\t\t\t\t<\/div><\/div><\/section>[\/vc_column_text][\/vc_column][\/vc_row]<\/p>\n","protected":false},"excerpt":{"rendered":"<p>[vc_row el_class=&#8221;bande-resa&#038;&#8230;<\/p>\n<div class=\"read-more-container\"><a class=\"more-link btn btn-default btn-sm read-more\" href=\"https:\/\/www.beaubourg-paris-hotel.com\/ja\/hotel_section\/seminaires-reunions\/\">Read More<\/a><\/div>\n","protected":false},"author":1,"featured_media":0,"parent":0,"menu_order":0,"comment_status":"closed","ping_status":"closed","template":"","meta":{"footnotes":""},"class_list":["post-16506","page","type-page","status-publish","hentry"],"yoast_head":"<title>\u30dc\u30fc\u30d6\u30fc\u30eb\u30db\u30c6\u30eb*** - Paris Marais- \u516c\u5f0f\u30b5\u30a4\u30c8\u306e\u30d9\u30b9\u30c8\u30ec\u30fc\u30c8<\/title>\n<meta name=\"description\" content=\"\u76f4\u63a5\u4e88\u7d04! \u30db\u30c6\u30eb\u306e\u30a6\u30a7\u30d6\u30b5\u30a4\u30c8\u306fbooking.com\u3088\u308a\u3082\u5b89\u3044\u3067\u3059\u3002- \u304a\u3059\u3059\u3081\u30ec\u30b9\u30c8\u30e9\u30f3\u306e\u7d39\u4ecb\u3084\u30c1\u30b1\u30c3\u30c8\u4e88\u7d04\u306f\u304a\u6c17\u8efd\u306b\u30d5\u30ed\u30f3\u30c8\u30b9\u30bf\u30c3\u30d5\u307e\u3067\u304a\u7533\u3057\u4ed8\u3051\u304f\u3060\u3055\u3044\u3002\u6bce\u671d\u3001\u30dc\u30ea\u30e5\u30fc\u30e0\u305f\u3063\u3077\u308a\u306e\u30d3\u30e5\u30c3\u30d5\u30a7\u5f0f\u671d\u98df\u3092\u3054\u7528\u610f\u3057\u3066\u304a\u308a\u307e\u3059\u3002\" \/>\n<meta name=\"robots\" content=\"index, follow, max-snippet:-1, max-image-preview:large, max-video-preview:-1\" \/>\n<link rel=\"canonical\" href=\"https:\/\/www.beaubourg-paris-hotel.com\/ja\/nos-services\/\" \/>\n<meta property=\"og:locale\" content=\"ja_JP\" \/>\n<meta property=\"og:type\" content=\"article\" \/>\n<meta property=\"og:title\" content=\"\u30dc\u30fc\u30d6\u30fc\u30eb\u30db\u30c6\u30eb*** - Paris Marais- \u516c\u5f0f\u30b5\u30a4\u30c8\u306e\u30d9\u30b9\u30c8\u30ec\u30fc\u30c8\" \/>\n<meta property=\"og:description\" content=\"\u76f4\u63a5\u4e88\u7d04! \u30db\u30c6\u30eb\u306e\u30a6\u30a7\u30d6\u30b5\u30a4\u30c8\u306fbooking.com\u3088\u308a\u3082\u5b89\u3044\u3067\u3059\u3002- \u304a\u3059\u3059\u3081\u30ec\u30b9\u30c8\u30e9\u30f3\u306e\u7d39\u4ecb\u3084\u30c1\u30b1\u30c3\u30c8\u4e88\u7d04\u306f\u304a\u6c17\u8efd\u306b\u30d5\u30ed\u30f3\u30c8\u30b9\u30bf\u30c3\u30d5\u307e\u3067\u304a\u7533\u3057\u4ed8\u3051\u304f\u3060\u3055\u3044\u3002\u6bce\u671d\u3001\u30dc\u30ea\u30e5\u30fc\u30e0\u305f\u3063\u3077\u308a\u306e\u30d3\u30e5\u30c3\u30d5\u30a7\u5f0f\u671d\u98df\u3092\u3054\u7528\u610f\u3057\u3066\u304a\u308a\u307e\u3059\u3002\" \/>\n<meta property=\"og:url\" content=\"https:\/\/www.beaubourg-paris-hotel.com\/ja\/nos-services\/\" \/>\n<meta property=\"og:site_name\" content=\"H\u00f4tel Beaubourg\" \/>\n<meta property=\"article:modified_time\" content=\"2020-07-10T13:31:12+00:00\" \/>\n<meta name=\"twitter:card\" content=\"summary_large_image\" \/>\n<meta name=\"twitter:label1\" content=\"\u63a8\u5b9a\u8aad\u307f\u53d6\u308a\u6642\u9593\" \/>\n\t<meta name=\"twitter:data1\" content=\"1\u5206\" \/>\n<script type=\"application\/ld+json\" class=\"yoast-schema-graph\">{\"@context\":\"https:\/\/schema.org\",\"@graph\":[{\"@type\":\"WebPage\",\"@id\":\"https:\/\/www.beaubourg-paris-hotel.com\/ja\/nos-services\/\",\"url\":\"https:\/\/www.beaubourg-paris-hotel.com\/ja\/nos-services\/\",\"name\":\"\u30dc\u30fc\u30d6\u30fc\u30eb\u30db\u30c6\u30eb*** - Paris Marais- \u516c\u5f0f\u30b5\u30a4\u30c8\u306e\u30d9\u30b9\u30c8\u30ec\u30fc\u30c8\",\"isPartOf\":{\"@id\":\"https:\/\/www.beaubourg-paris-hotel.com\/it\/#website\"},\"datePublished\":\"2018-05-04T06:05:34+00:00\",\"dateModified\":\"2020-07-10T13:31:12+00:00\",\"description\":\"\u76f4\u63a5\u4e88\u7d04! \u30db\u30c6\u30eb\u306e\u30a6\u30a7\u30d6\u30b5\u30a4\u30c8\u306fbooking.com\u3088\u308a\u3082\u5b89\u3044\u3067\u3059\u3002- \u304a\u3059\u3059\u3081\u30ec\u30b9\u30c8\u30e9\u30f3\u306e\u7d39\u4ecb\u3084\u30c1\u30b1\u30c3\u30c8\u4e88\u7d04\u306f\u304a\u6c17\u8efd\u306b\u30d5\u30ed\u30f3\u30c8\u30b9\u30bf\u30c3\u30d5\u307e\u3067\u304a\u7533\u3057\u4ed8\u3051\u304f\u3060\u3055\u3044\u3002\u6bce\u671d\u3001\u30dc\u30ea\u30e5\u30fc\u30e0\u305f\u3063\u3077\u308a\u306e\u30d3\u30e5\u30c3\u30d5\u30a7\u5f0f\u671d\u98df\u3092\u3054\u7528\u610f\u3057\u3066\u304a\u308a\u307e\u3059\u3002\",\"breadcrumb\":{\"@id\":\"https:\/\/www.beaubourg-paris-hotel.com\/ja\/nos-services\/#breadcrumb\"},\"inLanguage\":\"ja\",\"potentialAction\":[{\"@type\":\"ReadAction\",\"target\":[\"https:\/\/www.beaubourg-paris-hotel.com\/ja\/nos-services\/\"]}]},{\"@type\":\"BreadcrumbList\",\"@id\":\"https:\/\/www.beaubourg-paris-hotel.com\/ja\/nos-services\/#breadcrumb\",\"itemListElement\":[{\"@type\":\"ListItem\",\"position\":1,\"name\":\"Accueil\",\"item\":\"https:\/\/www.beaubourg-paris-hotel.com\/ja\/\"},{\"@type\":\"ListItem\",\"position\":2,\"name\":\"Nos Services\"}]},{\"@type\":\"WebSite\",\"@id\":\"https:\/\/www.beaubourg-paris-hotel.com\/it\/#website\",\"url\":\"https:\/\/www.beaubourg-paris-hotel.com\/it\/\",\"name\":\"H\u00f4tel Beaubourg\",\"description\":\"H\u00f4tel 3 \u00e9toiles de charme, Paris Centre.\",\"potentialAction\":[{\"@type\":\"SearchAction\",\"target\":{\"@type\":\"EntryPoint\",\"urlTemplate\":\"https:\/\/www.beaubourg-paris-hotel.com\/it\/?s={search_term_string}\"},\"query-input\":{\"@type\":\"PropertyValueSpecification\",\"valueRequired\":true,\"valueName\":\"search_term_string\"}}],\"inLanguage\":\"ja\"}]}<\/script>","yoast_head_json":{"title":"\u30dc\u30fc\u30d6\u30fc\u30eb\u30db\u30c6\u30eb*** - Paris Marais- \u516c\u5f0f\u30b5\u30a4\u30c8\u306e\u30d9\u30b9\u30c8\u30ec\u30fc\u30c8","description":"\u76f4\u63a5\u4e88\u7d04! \u30db\u30c6\u30eb\u306e\u30a6\u30a7\u30d6\u30b5\u30a4\u30c8\u306fbooking.com\u3088\u308a\u3082\u5b89\u3044\u3067\u3059\u3002- \u304a\u3059\u3059\u3081\u30ec\u30b9\u30c8\u30e9\u30f3\u306e\u7d39\u4ecb\u3084\u30c1\u30b1\u30c3\u30c8\u4e88\u7d04\u306f\u304a\u6c17\u8efd\u306b\u30d5\u30ed\u30f3\u30c8\u30b9\u30bf\u30c3\u30d5\u307e\u3067\u304a\u7533\u3057\u4ed8\u3051\u304f\u3060\u3055\u3044\u3002\u6bce\u671d\u3001\u30dc\u30ea\u30e5\u30fc\u30e0\u305f\u3063\u3077\u308a\u306e\u30d3\u30e5\u30c3\u30d5\u30a7\u5f0f\u671d\u98df\u3092\u3054\u7528\u610f\u3057\u3066\u304a\u308a\u307e\u3059\u3002","robots":{"index":"index","follow":"follow","max-snippet":"max-snippet:-1","max-image-preview":"max-image-preview:large","max-video-preview":"max-video-preview:-1"},"canonical":"https:\/\/www.beaubourg-paris-hotel.com\/ja\/nos-services\/","og_locale":"ja_JP","og_type":"article","og_title":"\u30dc\u30fc\u30d6\u30fc\u30eb\u30db\u30c6\u30eb*** - Paris Marais- \u516c\u5f0f\u30b5\u30a4\u30c8\u306e\u30d9\u30b9\u30c8\u30ec\u30fc\u30c8","og_description":"\u76f4\u63a5\u4e88\u7d04! \u30db\u30c6\u30eb\u306e\u30a6\u30a7\u30d6\u30b5\u30a4\u30c8\u306fbooking.com\u3088\u308a\u3082\u5b89\u3044\u3067\u3059\u3002- \u304a\u3059\u3059\u3081\u30ec\u30b9\u30c8\u30e9\u30f3\u306e\u7d39\u4ecb\u3084\u30c1\u30b1\u30c3\u30c8\u4e88\u7d04\u306f\u304a\u6c17\u8efd\u306b\u30d5\u30ed\u30f3\u30c8\u30b9\u30bf\u30c3\u30d5\u307e\u3067\u304a\u7533\u3057\u4ed8\u3051\u304f\u3060\u3055\u3044\u3002\u6bce\u671d\u3001\u30dc\u30ea\u30e5\u30fc\u30e0\u305f\u3063\u3077\u308a\u306e\u30d3\u30e5\u30c3\u30d5\u30a7\u5f0f\u671d\u98df\u3092\u3054\u7528\u610f\u3057\u3066\u304a\u308a\u307e\u3059\u3002","og_url":"https:\/\/www.beaubourg-paris-hotel.com\/ja\/nos-services\/","og_site_name":"H\u00f4tel Beaubourg","article_modified_time":"2020-07-10T13:31:12+00:00","twitter_card":"summary_large_image","twitter_misc":{"\u63a8\u5b9a\u8aad\u307f\u53d6\u308a\u6642\u9593":"1\u5206"},"schema":{"@context":"https:\/\/schema.org","@graph":[{"@type":"WebPage","@id":"https:\/\/www.beaubourg-paris-hotel.com\/ja\/nos-services\/","url":"https:\/\/www.beaubourg-paris-hotel.com\/ja\/nos-services\/","name":"\u30dc\u30fc\u30d6\u30fc\u30eb\u30db\u30c6\u30eb*** - Paris Marais- \u516c\u5f0f\u30b5\u30a4\u30c8\u306e\u30d9\u30b9\u30c8\u30ec\u30fc\u30c8","isPartOf":{"@id":"https:\/\/www.beaubourg-paris-hotel.com\/it\/#website"},"datePublished":"2018-05-04T06:05:34+00:00","dateModified":"2020-07-10T13:31:12+00:00","description":"\u76f4\u63a5\u4e88\u7d04! \u30db\u30c6\u30eb\u306e\u30a6\u30a7\u30d6\u30b5\u30a4\u30c8\u306fbooking.com\u3088\u308a\u3082\u5b89\u3044\u3067\u3059\u3002- \u304a\u3059\u3059\u3081\u30ec\u30b9\u30c8\u30e9\u30f3\u306e\u7d39\u4ecb\u3084\u30c1\u30b1\u30c3\u30c8\u4e88\u7d04\u306f\u304a\u6c17\u8efd\u306b\u30d5\u30ed\u30f3\u30c8\u30b9\u30bf\u30c3\u30d5\u307e\u3067\u304a\u7533\u3057\u4ed8\u3051\u304f\u3060\u3055\u3044\u3002\u6bce\u671d\u3001\u30dc\u30ea\u30e5\u30fc\u30e0\u305f\u3063\u3077\u308a\u306e\u30d3\u30e5\u30c3\u30d5\u30a7\u5f0f\u671d\u98df\u3092\u3054\u7528\u610f\u3057\u3066\u304a\u308a\u307e\u3059\u3002","breadcrumb":{"@id":"https:\/\/www.beaubourg-paris-hotel.com\/ja\/nos-services\/#breadcrumb"},"inLanguage":"ja","potentialAction":[{"@type":"ReadAction","target":["https:\/\/www.beaubourg-paris-hotel.com\/ja\/nos-services\/"]}]},{"@type":"BreadcrumbList","@id":"https:\/\/www.beaubourg-paris-hotel.com\/ja\/nos-services\/#breadcrumb","itemListElement":[{"@type":"ListItem","position":1,"name":"Accueil","item":"https:\/\/www.beaubourg-paris-hotel.com\/ja\/"},{"@type":"ListItem","position":2,"name":"Nos Services"}]},{"@type":"WebSite","@id":"https:\/\/www.beaubourg-paris-hotel.com\/it\/#website","url":"https:\/\/www.beaubourg-paris-hotel.com\/it\/","name":"H\u00f4tel Beaubourg","description":"H\u00f4tel 3 \u00e9toiles de charme, Paris Centre.","potentialAction":[{"@type":"SearchAction","target":{"@type":"EntryPoint","urlTemplate":"https:\/\/www.beaubourg-paris-hotel.com\/it\/?s={search_term_string}"},"query-input":{"@type":"PropertyValueSpecification","valueRequired":true,"valueName":"search_term_string"}}],"inLanguage":"ja"}]}},"_links":{"self":[{"href":"https:\/\/www.beaubourg-paris-hotel.com\/ja\/wp-json\/wp\/v2\/pages\/16506","targetHints":{"allow":["GET"]}}],"collection":[{"href":"https:\/\/www.beaubourg-paris-hotel.com\/ja\/wp-json\/wp\/v2\/pages"}],"about":[{"href":"https:\/\/www.beaubourg-paris-hotel.com\/ja\/wp-json\/wp\/v2\/types\/page"}],"author":[{"embeddable":true,"href":"https:\/\/www.beaubourg-paris-hotel.com\/ja\/wp-json\/wp\/v2\/users\/1"}],"replies":[{"embeddable":true,"href":"https:\/\/www.beaubourg-paris-hotel.com\/ja\/wp-json\/wp\/v2\/comments?post=16506"}],"version-history":[{"count":4,"href":"https:\/\/www.beaubourg-paris-hotel.com\/ja\/wp-json\/wp\/v2\/pages\/16506\/revisions"}],"predecessor-version":[{"id":19868,"href":"https:\/\/www.beaubourg-paris-hotel.com\/ja\/wp-json\/wp\/v2\/pages\/16506\/revisions\/19868"}],"wp:attachment":[{"href":"https:\/\/www.beaubourg-paris-hotel.com\/ja\/wp-json\/wp\/v2\/media?parent=16506"}],"curies":[{"name":"wp","href":"https:\/\/api.w.org\/{rel}","templated":true}]}}