{"id":16452,"date":"2018-05-03T14:12:50","date_gmt":"2018-05-03T12:12:50","guid":{"rendered":"http:\/\/www.beaubourg-paris-hotel.com\/accueil-hotel-beaubourg\/"},"modified":"2022-06-23T10:47:30","modified_gmt":"2022-06-23T08:47:30","slug":"accueil-hotel-beaubourg","status":"publish","type":"page","link":"https:\/\/www.beaubourg-paris-hotel.com\/ja\/","title":{"rendered":"Accueil"},"content":{"rendered":"<p>[vc_row el_class=&#8221;bande-resa&#8221;][vc_column css=&#8221;.vc_custom_1526545203635{margin-top: 5px !important;margin-bottom: 5px !important;padding-top: 0px !important;padding-bottom: 0px !important;}&#8221; offset=&#8221;vc_col-lg-offset-2 vc_col-lg-8 vc_col-md-offset-2 vc_col-md-8 vc_hidden-xs&#8221;][vc_raw_html css=&#8221;.vc_custom_1532058832892{margin-top: 0px !important;margin-right: 0px !important;margin-bottom: 0px !important;margin-left: 0px !important;border-top-width: 0px !important;border-right-width: 0px !important;border-bottom-width: 0px !important;border-left-width: 0px !important;padding-top: 0px !important;padding-right: 0px !important;padding-bottom: 0px !important;padding-left: 0px !important;}&#8221;]JTNDZGl2JTIwY2xhc3MlM0QlMjJyZXNlcnZhdGlvbi1mb3JtJTIwZGVzayUyMiUyMHN0eWxlJTNEJTIydGV4dC1hbGlnbiUzQSUyMGNlbnRlciUzQiUyMiUzRSUwQSUzQ2Zvcm0lMjBpZCUzRCUyMkFWUCUyMiUyMGFjdGlvbiUzRCUyMmh0dHAlM0ElMkYlMkZ3d3cuc2VjdXJlLWhvdGVsLWJvb2tpbmcuY29tJTJGSG90ZWwtQmVhdWJvdXJnJTJGMkdVSiUyRnNlYXJjaCUzRmhvdGVsSWQlM0QyMjg1JTIyJTIwbWV0aG9kJTNEJTIycG9zdCUyMiUyMHRhcmdldCUzRCUyMl9ibGFuayUyMiUyMG9uc3VibWl0JTNEJTIyaWYlMjhfZ2FxJTIxJTNEbnVsbCUyOV9nYXEucHVzaCUyOCU1QiUyN19saW5rQnlQb3N0JTI3JTJDJTIwdGhpcyU1RCUyOSUzQiUyMiUzRSUwQSUyMCUyMCUyMCUyMCUyMCUyMCUyMCUyMCUyMCUyMCUyMCUyMCUyMCUzQ2lucHV0JTIwdHlwZSUzRCUyMmhpZGRlbiUyMiUyMGlkJTNEJTIybGFuZ3VhZ2UlMjIlMjBuYW1lJTNEJTIybGFuZ3VhZ2UlMjIlMjB2YWx1ZSUzRCUyMmphJTIyJTIwJTJGJTNFJTBBJTIwJTIwJTIwJTIwJTIwJTIwJTIwJTIwJTIwJTIwJTIwJTIwJTIwJTNDaW5wdXQlMjB0eXBlJTNEJTIyaGlkZGVuJTIyJTIwaWQlM0QlMjJBVlBfYXJyaXZhbERhdGUlMjIlMjBuYW1lJTNEJTIyYXJyaXZhbERhdGUlMjIlMjB2YWx1ZSUzRCUyMiUyMiUyMCUyRiUzRSUwQSUyMCUyMCUyMCUyMCUyMCUyMCUyMCUyMCUyMCUyMCUyMCUyMCUyMCUzQ2lucHV0JTIwdHlwZSUzRCUyMmhpZGRlbiUyMiUyMGlkJTNEJTIyQVZQX25pZ2h0cyUyMiUyMG5hbWUlM0QlMjJuaWdodHMlMjIlMjB2YWx1ZSUzRCUyMiUyMiUyMCUyRiUzRSUwQSUyMCUyMCUyMCUyMCUyMCUyMCUyMCUyMCUyMCUyMCUyMCUyMCUyMCUzQ2lucHV0JTIwdHlwZSUzRCUyMmhpZGRlbiUyMiUyMGlkJTNEJTIyZ3Vlc3RDb3VudFNlbGVjdG9yJTIyJTIwbmFtZSUzRCUyMmd1ZXN0Q291bnRTZWxlY3RvciUyMiUyMHZhbHVlJTNEJTIyUmVhZE9ubHklMjIlMjAlMkYlM0UlMEElMjAlMjAlMjAlMjAlMjAlMjAlMjAlMjAlMjAlMjAlMjAlMjAlMjAlM0NkaXYlMjBjbGFzcyUzRCUyMmlucHV0LWRhdGUtcmVzYSUyMiUzRSUzQ2lucHV0JTIwdHlwZSUzRCUyMnRleHQlMjIlMjBjbGFzcyUzRCUyMmFzRGF0ZVBpY2tlciUyMiUyMCUyMGlkJTNEJTIyZGF0ZSUyMiUyMG5hbWUlM0QlMjJkYXRlLWFycml2ZWUlMjIlMjAlMjBwbGFjZWhvbGRlciUzRCUyMiVFMyU4MSU5NCVFNSU4OCVCMCVFNyU5RCU4MCVFNiU5NyVBNSUyMiUyMCUzRSUzQ2klMjBjbGFzcyUzRCUyMmZhJTIwZmEtY2FsZW5kYXIlMjIlM0UlM0MlMkZpJTNFJTNDJTJGZGl2JTNFJTBBJTIwJTIwJTIwJTIwJTIwJTIwJTIwJTIwJTIwJTIwJTIwJTIwJTIwJTNDZGl2JTIwY2xhc3MlM0QlMjJpbnB1dC1kYXRlLXJlc2ElMjIlM0UlM0NpbnB1dCUyMHR5cGUlM0QlMjJ0ZXh0JTIyJTIwaWQlM0QlMjJkYXRlMiUyMiUyMG5hbWUlM0QlMjJkYXRlLWRlcGFydCUyMiUyMGNsYXNzJTNEJTIyYXNEYXRlUGlja2VyJTIyJTIwcGxhY2Vob2xkZXIlM0QlMjIlRTMlODElOTQlRTUlODclQkElRTclOTklQkElRTYlOTclQTUlMjIlMjAlM0UlM0NpJTIwY2xhc3MlM0QlMjJmYSUyMGZhLWNhbGVuZGFyJTIyJTNFJTNDJTJGaSUzRSUzQyUyRmRpdiUzRSUwQSUyMCUyMCUyMCUyMCUyMCUyMCUyMCUyMCUyMCUyMCUyMCUyMCUyMCUzQ2RpdiUyMGNsYXNzJTNEJTIyaW5wdXQtZGF0ZS1yZXNhJTIyJTNFJTNDc2VsZWN0JTIwaWQlM0QlMjJzZWxlY3RlZEFkdWx0Q291bnQlMjIlMjBuYW1lJTNEJTIyc2VsZWN0ZWRBZHVsdENvdW50JTIyJTNFJTNDJTJGc2VsZWN0JTNFJTIwJTNDaSUyMGNsYXNzJTNEJTIyZmElMjBmYS11c2VyJTIyJTIwYXJpYS1oaWRkZW4lM0QlMjJ0cnVlJTIyJTNFJTNDJTJGaSUzRSUzQyUyRmRpdiUzRSUyMCUyMCUyMCUyMCUyMCUyMCUyMCUyMCUyMCUyMCUyMCUyMCUwQSUyMCUyMCUyMCUyMCUyMCUyMCUyMCUyMCUyMCUyMCUyMCUyMCUyMCUzQ2J1dHRvbiUyMHR5cGUlM0QlMjJzdWJtaXQlMjIlMjBjbGFzcyUzRCUyMnJhdmlzLWJ0biUyMGJ0bi10eXBlLTIlMjIlM0UlRTQlQkElODglRTclQjQlODQlM0MlMkZidXR0b24lM0UlMEElMjAlMjAlMjAlMjAlMjAlMjAlMjAlMjAlMjAlMjAlMjAlMjAlMjAlM0MlMkZmb3JtJTNFJTBBJTIwJTIwJTIwJTIwJTIwJTIwJTIwJTIwJTIwJTIwJTIwJTBBJTIwJTNDc2NyaXB0JTIwdHlwZSUzRCUyMnRleHQlMkZqYXZhc2NyaXB0JTIyJTIwc3JjJTNEJTIyaHR0cHMlM0ElMkYlMkZ3d3cuYmVhdWJvdXJnLXBhcmlzLWhvdGVsLmNvbSUyRmF2YWlscHJvJTJGYXZhaWxwcm8uanMlMjIlM0UlM0MlMkZzY3JpcHQlM0UlMEElM0MlMkZkaXYlM0U=[\/vc_raw_html][\/vc_column][\/vc_row][vc_row css=&#8221;.vc_custom_1527227581196{margin-top: 0px !important;}&#8221;][vc_column offset=&#8221;vc_hidden-xs&#8221;][rev_slider_vc alias=&#8221;accueil-ja&#8221;][\/vc_column][\/vc_row][vc_row css=&#8221;.vc_custom_1570088819140{margin-top: 80px !important;}&#8221;][vc_column offset=&#8221;vc_hidden-lg vc_hidden-md vc_hidden-sm&#8221;][vc_single_image image=&#8221;19277&#8243; img_size=&#8221;full&#8221;][\/vc_column][\/vc_row][vc_row][vc_column css_animation=&#8221;zoomIn&#8221; css=&#8221;.vc_custom_1527835785640{margin-top: -130px !important;}&#8221;][vc_column_text]<\/p>\n<div id=\"texte\"><\/div>\n<section id=\"welcome-section\" class=\" \">\n\n\t\t\t\t\t<div class=\"inner-container container\">\n\n\t\t\t\t\t\t<div class=\"l-sec col-md-7\">\n\n\t\t\t\t\t\t\t<div class=\"ravis-title-t-1\">\n\n\t\t\t\t\t\t\t\t<div class=\"title\"><span>Hotel Beaubourg<\/span><\/div>\n\n\t\t\t\t\t\t\t\t<div class=\"sub-title\">\u30d1\u30ea\u3078\u3088\u3046\u3053\u305d<\/div>\n\n\t\t\t\t\t\t\t<\/div>\n\n\t\t\t\t\t\t\t<div class=\"content\">\u9031\u672b\u306b\u30ab\u30c3\u30d7\u30eb\u3067\u30011\u9031\u9593\u306e\u5bb6\u65cf\u65c5\u884c\u306b\u3001\u305d\u3057\u3066\u30d1\u30ea\u30b3\u30ec\u306e3\u65e5\u9593\u306b\uff65\uff65\uff65\uff1a\u9ad8\u7d1a\u611f\u3068\u9759\u3051\u3055\u3001\u305d\u3057\u3066\u559c\u3073\u306b\u8eab\u3092\u307e\u304b\u305b\u3066\u304f\u3060\u3055\u3044\uff65\uff65\uff65\u30db\u30c6\u30eb\u30fb\u30dc\u30d6\u30fc\u30eb\u3067\u306f\u3001\u683c\u5f0f\u3068\u6b32\u671b\u304c\u5171\u5b58\u3057\u3066\u3044\u307e\u3059\u3002\u5b8c\u74a7\u306a\u30b5\u30fc\u30d3\u30b9\u3068\u4e01\u5be7\u306a\u304a\u3082\u3066\u306a\u3057\u3001\u9928\u5185\u306e\u843d\u3061\u7740\u3044\u305f\u9759\u3051\u3055\u3068\u306b\u304e\u3084\u304b\u306a\u754c\u9688\uff1a\u300c1\u70b9\u3082\u306e\u300d\u306e\u5ba2\u5ba4\u306b\u6728\u306e\u6881\u3068\u5c45\u5fc3\u5730\u306e\u826f\u3044\u30a4\u30f3\u30c6\u30ea\u30a2\u3068wifi\u3001\u306c\u304f\u3082\u308a\u306e\u3042\u308b\u96f0\u56f2\u6c17\u3068\u73fe\u4ee3\u7684\u306a\u8a2d\u5099\u304c\u8abf\u548c\u3059\u308b\u3001\u30b7\u30c3\u30af\u3067\u3042\u308a\u306a\u304c\u3089\u3059\u3079\u3066\u306e\u4eba\u306b\u958b\u304b\u308c\u305f\u30db\u30c6\u30eb\uff65\uff65\uff65\u30d1\u30ea\u306f\u304a\u796d\u308a\u3067\u3059\uff01<\/p>\n<p>\u6b74\u53f2\u7684\u5efa\u9020\u7269\u6307\u5b9a\u306e\u5efa\u7269\u3001\u5bdd\u5fc3\u5730\u306e\u826f\u3044\u30d9\u30c3\u30c9\u3001\u6d3b\u6c17\u306e\u3042\u308b\u901a\u308a\u3001\u30de\u30ec\u5730\u533a\u306e\u4e2d\u5fc3\u306b\u3042\u308b3\u30c4\u661f\u30d7\u30c1\u30db\u30c6\u30eb\uff65\uff65\uff65\u30d1\u30ea\u306e\u6b74\u53f2\u7684\u5730\u533a\u306e\u77f3\u7573\u3092\u6b69\u304d\u3001\u30ce\u30fc\u30c8\u30eb\u30fb\u30c0\u30e0\u5927\u8056\u5802\u3084\u30eb\u30fc\u30f4\u30eb\u7f8e\u8853\u9928\u3001\u30dd\u30f3\u30d4\u30c9\u30a5\u30fc\u30bb\u30f3\u30bf\u30fc\u3092\u8a2a\u308c\u3001\u304a\u3057\u3083\u308c\u306a\u30d0\u30fc\u3067\u4e00\u676f\u3084\u308a\u3001BHV\u30c7\u30d1\u30fc\u30c8\u3084\u30af\u30ea\u30a8\u30a4\u30bf\u30fc\u306e\u30d6\u30c6\u30a3\u30c3\u30af\u3067\u30b7\u30e7\u30c3\u30d4\u30f3\u30b0\u3092\u3057\u305f\u3089\u3001\u30d6\u30e9\u30c3\u30b9\u30ea\u30fc\u3067\u9045\u3044\u5915\u98df\u3092\u3068\u308b\uff65\uff65\uff65\u3042\u3068\u306f\u3059\u3050\u305d\u3053\u306b\u3042\u308b\u30db\u30c6\u30eb\u30fb\u30dc\u30d6\u30fc\u30eb\u306e\u5feb\u9069\u306a\u7a7a\u9593\u306b\u5e30\u308b\u3060\u3051\u3067\u3059\u3002<\/p>\n<p>\u8eab\u4f53\u306e\u4e0d\u81ea\u7531\u306a\u4eba\u304c\u65bd\u8a2d\u306b\u30a2\u30af\u30bb\u30b9\u3067\u304d\u306a\u3044\u3002<\/div><a href=\"http:\/\/www.secure-hotel-booking.com\/Hotel-Beaubourg\/2GUJ\/dateselection?language=ja\" class=\"ravis-btn btn-type-2\" target=\"_blank\">\u4e88\u7d04<\/a><\/div><div class=\"r-sec col-md-5\"><img decoding=\"async\" src=\"http:\/\/www.beaubourg-paris-hotel.com\/wp-content\/uploads\/2018\/05\/Hotel-beaubourg-Paris-facade-hotel-3.jpg\" alt=\"Hotel Beaubourg\"><\/div>\n\n\t\t\t\t\t<\/div>\n\n\t\t\t\t<\/section>[\/vc_column_text][\/vc_column][\/vc_row][vc_row css=&#8221;.vc_custom_1526553746534{margin-top: 90px !important;}&#8221;][vc_column css_animation=&#8221;left-to-right&#8221; css=&#8221;.vc_custom_1570088842757{margin-top: -130px !important;}&#8221; offset=&#8221;vc_hidden-xs&#8221;][vc_column_text]<\/p>\n<section id=\"luxury-rooms\" class=\"clearfix\">\n<div class=\"room-boxes col-sm-6 col-md-3\"><a class=\"inner-container\" style=\"background-image: url('http:\/\/www.beaubourg-paris-hotel.com\/wp-content\/uploads\/2018\/06\/chambre-classic-double-home.jpg');\" href=\"http:\/\/www.beaubourg-paris-hotel.com\/ja\/chambres-double-classique\/\" data-bg=\"http:\/\/www.beaubourg-paris-hotel.com\/wp-content\/uploads\/2018\/06\/chambre-classic-double-home.jpg\"><span class=\"ravis-title\"><span class=\"inner-box\"><span class=\"title\">\u30af\u30e9\u30b7\u30c3\u30af\u30c0\u30d6\u30eb <\/span><span class=\"sub-title\">11\u301c15\u33a1 &#8211; 2 \u4eba<\/span><\/span><\/span><\/a><\/div>\n<div class=\"room-boxes col-sm-6 col-md-3\"><a class=\"inner-container\" style=\"background-image: url('http:\/\/www.beaubourg-paris-hotel.com\/wp-content\/uploads\/2018\/06\/chambre-double-superieure-home.jpg');\" href=\"http:\/\/www.beaubourg-paris-hotel.com\/ja\/chambre-double-superieure\/\" data-bg=\"http:\/\/www.beaubourg-paris-hotel.com\/wp-content\/uploads\/2018\/06\/chambre-double-superieure-home.jpg\"><span class=\"ravis-title\"><span class=\"inner-box\"><span class=\"title\">\u30b9\u30fc\u30da\u30ea\u30a2\u30c0\u30d6\u30eb <\/span><span class=\"sub-title\">17 \u301c 20 m\u00b2 &#8211; 2 \u4eba<\/span><\/span><\/span><\/a><\/div>\n<div class=\"room-boxes col-sm-6 col-md-3\"><a class=\"inner-container\" style=\"background-image: url('http:\/\/www.beaubourg-paris-hotel.com\/wp-content\/uploads\/2018\/06\/chambre-twin-superieure-home.jpg');\" href=\"http:\/\/www.beaubourg-paris-hotel.com\/ja\/chambre-twin-superieure\/\" data-bg=\"http:\/\/www.beaubourg-paris-hotel.com\/wp-content\/uploads\/2018\/06\/chambre-twin-superieure-home.jpg\"><span class=\"ravis-title\"><span class=\"inner-box\"><span class=\"title\">\u30c4\u30a4\u30f3<\/span><span class=\"sub-title\">17 \u301c 20 m\u00b2 &#8211; 2 \u4eba<\/span><\/span><\/span><\/a><\/div>\n<div class=\"room-boxes col-sm-6 col-md-3\"><a class=\"inner-container\" style=\"background-image: url('http:\/\/www.beaubourg-paris-hotel.com\/wp-content\/uploads\/2018\/06\/suite-junior-terrasse-home.jpg');\" href=\"http:\/\/www.beaubourg-paris-hotel.com\/ja\/junior-suite-deluxe-terrasse\/\" data-bg=\"http:\/\/www.beaubourg-paris-hotel.com\/wp-content\/uploads\/2018\/06\/suite-junior-terrasse-home.jpg\"><span class=\"ravis-title\"><span class=\"inner-box\"><span class=\"title\">\u30b8\u30e5\u30cb\u30a2\u30b9\u30a4\u30fc\u30c8<\/span><span class=\"sub-title\">23 m\u00b2 &#8211; 2 \u4eba<\/span><\/span><\/span><\/a><\/div>\n<\/section>\n<p>[\/vc_column_text][\/vc_column][\/vc_row][vc_row][vc_column css_animation=&#8221;right-to-left&#8221;][vc_column_text]<\/p>\n<div id=\"texte\"><\/div>\n<section id=\"welcome-section\" class=\" \">\n\n\t\t\t\t\t<div class=\"inner-container container\">\n\n\t\t\t\t\t\t<div class=\"l-sec col-md-7\">\n\n\t\t\t\t\t\t\t<div class=\"ravis-title-t-1\">\n\n\t\t\t\t\t\t\t\t<div class=\"title\"><span>\u30d3\u30e5\u30c3\u30d5\u30a7\u5f0f\u671d\u98df : 11 \u20ac<\/span><\/div>\n\n\t\t\t\t\t\t\t\t<div class=\"sub-title\">\u304a\u90e8\u5c4b\u3067\u3001\u307e\u305f\u306f\u4e38\u5929\u4e95\u306e\u30c0\u30a4\u30cb\u30f3\u30b0\u3067\u306e\u671d\u98df<\/div>\n\n\t\t\t\t\t\t\t<\/div>\n\n\t\t\t\t\t\t\t<div class=\"content\">\u4e38\u5929\u4e95\u306e\u30c0\u30a4\u30cb\u30f3\u30b0\u3001\u3080\u304d\u51fa\u3057\u306e\u77f3\u58c1\u3001\u53e4\u4e95\u6238\u3002\u6b74\u53f2\u3092\u611f\u3058\u3055\u305b\u308b\u5fc3\u5730\u306e\u826f\u3044\u7a7a\u9593\u304c\u6c17\u6301\u3061\u306e\u826f\u3044\u76ee\u899a\u3081\u3092\u7d04\u675f\u3057\u3066\u304f\u308c\u307e\u3059\u3002\u30d3\u30b8\u30cd\u30b9\u3084\u89b3\u5149\u306e\u4e00\u65e5\u3092\u59cb\u3081\u308b\u524d\u306b\u3001\u671d7\u6642\u304b\u308911\u6642\u307e\u3067\u30dc\u30ea\u30e5\u30fc\u30e0\u305f\u3063\u3077\u308a\u306e\u671d\u98df\u3092\u3054\u7528\u610f\u3057\u3066\u3044\u307e\u3059\u3002\u30d9\u30c3\u30c9\u3067\u671d\u5bdd\u574a\u3092\u3057\u305f\u3044\u65e5\u306f\u3001\u304a\u90e8\u5c4b\u307e\u3067\u304a\u5c4a\u3051\u3057\u307e\u3059\u3002<\/p>\n<p>\u79c1\u305f\u3061\u306e\u671d\u98df\u30d3\u30e5\u30c3\u30d5\u30a7\u306f\u3001\u5927\u304d\u306a\u9078\u629e\u3092\u63d0\u4f9b\u3057\u3066\u3044\u307e\u3059:<\/p>\n<ul>\n<li>\u30db\u30c3\u30c8\u30c9\u30ea\u30f3\u30af(\u7d05\u8336\u3001\u30b3\u30fc\u30d2\u30fc\u3001\u30a8\u30b9\u30d7\u30ec\u30c3\u30bd\u307e\u305f\u306f\u30db\u30c3\u30c8\u30c1\u30e7\u30b3\u30ec\u30fc\u30c8)<\/li>\n<li>\u30aa\u30ec\u30f3\u30b8\u30b8\u30e5\u30fc\u30b9\u3001\u30d5\u30eb\u30fc\u30c4\u30b5\u30e9\u30c0\u3001\u3086\u3067\u5375\u3001\u30cf\u30e0\u3001\u30c1\u30fc\u30ba<\/li>\n<li>\u30d1\u30f3\u3001\u30d0\u30bf\u30fc\u3001\u30b8\u30e3\u30e0\u3001\u30af\u30ed\u30ef\u30c3\u30b5\u30f3\u3001\u30e8\u30fc\u30b0\u30eb\u30c8\u3001\u30b7\u30ea\u30a2\u30eb<\/li>\n<li>\u5375\u713c\u304d\u307e\u305f\u306f\u30b9\u30af\u30e9\u30f3\u30d6\u30eb\u30a8\u30c3\u30b0\u3001\u30cf\u30e0\u307e\u305f\u306f\u30c1\u30fc\u30ba\u306e\u5375 (\u8ffd\u52a0\u6599\u91d1)<\/li>\n<\/ul>\n<p><\/div><a href=\"http:\/\/www.secure-hotel-booking.com\/Hotel-Beaubourg\/2GUJ\/dateselection?language=ja\" class=\"ravis-btn btn-type-2\" target=\"_blank\">\u4e88\u7d04<\/a><\/div><div class=\"r-sec col-md-5\"><img decoding=\"async\" src=\"http:\/\/www.beaubourg-paris-hotel.com\/wp-content\/uploads\/2018\/05\/Hotel-beaubourg-Paris-pdj-3.jpg\" alt=\"\u30d3\u30e5\u30c3\u30d5\u30a7\u5f0f\u671d\u98df : 11 \u20ac\"><\/div>\n\n\t\t\t\t\t<\/div>\n\n\t\t\t\t<\/section>[\/vc_column_text][\/vc_column][\/vc_row][vc_row][vc_column offset=&#8221;vc_hidden-xs&#8221;][vc_single_image image=&#8221;18273&#8243; img_size=&#8221;1170&#215;610&#8243; alignment=&#8221;center&#8221; css_animation=&#8221;fadeIn&#8221; css=&#8221;.vc_custom_1528992638944{margin-left: 0px !important;padding-left: 0px !important;}&#8221;][\/vc_column][\/vc_row][vc_row][vc_column css_animation=&#8221;right-to-left&#8221; css=&#8221;.vc_custom_1594392373841{margin-top: -130px !important;}&#8221; offset=&#8221;vc_hidden-xs&#8221;][vc_column_text]\n\n\t\t\t\t<section id=\"welcome-section\" class=\" \">\n\n\t\t\t\t\t<div class=\"inner-container container\">\n\n\t\t\t\t\t\t<div class=\"l-sec col-md-7\">\n\n\t\t\t\t\t\t\t<div class=\"ravis-title-t-1\">\n\n\t\t\t\t\t\t\t\t<div class=\"title\"><span>\u30d1\u30ea\u3092\u767a\u898b<\/span><\/div>\n\n\t\t\t\t\t\t\t\t<div class=\"sub-title\">\u6b74\u53f2\u7684\u30de\u30ec\u5730\u533a\u306e\u4e2d\u5fc3<\/div>\n\n\t\t\t\t\t\t\t<\/div>\n\n\t\t\t\t\t\t\t<div class=\"content\">\u4e2d\u5fc3\u8857\u306b\u3042\u3063\u3066\u3001\u30d1\u30ea\u89b3\u5149\u306b\u7406\u60f3\u7684\u306a\u30ed\u30b1\u30fc\u30b7\u30e7\u30f3\uff1a\u6b74\u53f2\u7684\u306a\u30de\u30ec\u5730\u533a\u306e\u4e2d\u5fc3\u306b\u3042\u308b\u30db\u30c6\u30eb\u30fb\u30dc\u30d6\u30fc\u30eb\u306f\u3001\u30d1\u30ea\u53f3\u5cb8\u30014\u533a\u306b\u4f4d\u7f6e\u3057\u307e\u3059\u3002\u6614\u306a\u304c\u3089\u306e\u5efa\u7269\u3001\u77f3\u7573\u306e\u9053\u3001\u30d6\u30c6\u30a3\u30c3\u30af\u3084\u7f8e\u8853\u9928\uff65\uff65\uff65\u305d\u306e\u8fd1\u304f\u306b\u306f\u73fe\u4ee3\u7f8e\u8853\u306e\u30dd\u30f3\u30d4\u30c9\u30a5\u30fc\u30bb\u30f3\u30bf\u30fc\u3001\u304b\u3064\u3066\u30d1\u30ea\u306e\u5e02\u5834\u3067\u3082\u3046\u3059\u3050\u30d1\u30ea\u306e\u73fe\u4ee3\u5efa\u7bc9\u306e\u82b1\u5f62\u3068\u306a\u308b\u30ec\uff65\u30a2\u30fc\u30eb\u304c\u3042\u308a\u307e\u3059\u3002\u3055\u3089\u306b\u30d4\u30ab\u30bd\u7f8e\u8853\u9928\u3084\u3001\u7f8e\u3057\u3044\u5ead\u306e\u3042\u308b\u8cb4\u65cf\u306e\u9928\u3082\u6570\u591a\u304f\u3042\u308a\u307e\u3059\u3002\u3055\u3089\u306b\u305d\u306e\u5148\u306b\u306f\u3001\u8aac\u660e\u4e0d\u8981\u306e\u30ce\u30fc\u30c8\u30eb\u30fb\u30c0\u30e0\u5927\u8056\u5802\u3084\u30eb\u30fc\u30f4\u30eb\u7f8e\u8853\u9928\u3001\u30b7\u30c3\u30af\u306a\u30d6\u30c6\u30a3\u30c3\u30af\u3084\u6b74\u53f2\u7684\u306a\u30ec\u30b9\u30c8\u30e9\u30f3\u3001\u4f1d\u8aac\u306e\u30d0\u30fc\u304c\u4e26\u3076\u30ab\u30eb\u30c1\u30a8\u30fb\u30e9\u30bf\u30f3\u3082\u3042\u308a\u307e\u3059\u3002\u30db\u30c6\u30eb\u30fb\u30dc\u30d6\u30fc\u30eb\u306f\u300c\u5149\u306e\u8857\u300d\u30d1\u30ea\u3092\u8a2a\u308c\u3001\u305d\u306e\u5efa\u7bc9\u3084\u6587\u5316\u3001\u30e2\u30fc\u30c9\u3092\u6e80\u55ab\u3059\u308b\u306e\u306b\u7406\u60f3\u7684\u306a\u30ed\u30b1\u30fc\u30b7\u30e7\u30f3\u3067\u3059\u3002<br \/>\n<\/div><a href=\"http:\/\/www.beaubourg-paris-hotel.com\/ja\/decouvrez-paris\/\" class=\"ravis-btn btn-type-2\" target=\"_blank\">\u30d1\u30ea\u3092\u767a\u898b<\/a><\/div><div class=\"r-sec col-md-5\"><img decoding=\"async\" src=\"http:\/\/www.beaubourg-paris-hotel.com\/wp-content\/uploads\/2018\/07\/Hotel-beaubourg-Paris-home1.jpg\" alt=\"\u30d1\u30ea\u3092\u767a\u898b\"><\/div>\n\n\t\t\t\t\t<\/div>\n\n\t\t\t\t<\/section>[\/vc_column_text][\/vc_column][\/vc_row][vc_row css=&#8221;.vc_custom_1527683290305{margin-bottom: 30px !important;}&#8221;][vc_column css_animation=&#8221;zoomInUp&#8221; offset=&#8221;vc_col-md-offset-2 vc_col-md-8 vc_hidden-xs&#8221;][vc_column_text css=&#8221;.vc_custom_1530707529088{margin-bottom: 20px !important;}&#8221;]<\/p>\n<div class=\"ravis-title-t-2\">\n<div class=\"title\">\u6700\u65b0\u60c5\u5831<\/div>\n<\/div>\n<p>[\/vc_column_text][vc_wp_posts number=&#8221;5&#8243;][\/vc_column][\/vc_row]<\/p>\n","protected":false},"excerpt":{"rendered":"<p>[vc_row el_class=&#8221;bande-resa&#038;&#8230;<\/p>\n<div class=\"read-more-container\"><a class=\"more-link btn btn-default btn-sm read-more\" href=\"https:\/\/www.beaubourg-paris-hotel.com\/ja\/\">Read More<\/a><\/div>\n","protected":false},"author":1,"featured_media":0,"parent":0,"menu_order":0,"comment_status":"closed","ping_status":"closed","template":"","meta":{"footnotes":""},"class_list":["post-16452","page","type-page","status-publish","hentry"],"yoast_head":"<title>\u30dc\u30fc\u30d6\u30fc\u30eb\u30db\u30c6\u30eb*** - Paris Marais- \u516c\u5f0f\u30b5\u30a4\u30c8\u306e\u30d9\u30b9\u30c8\u30ec\u30fc\u30c8<\/title>\n<meta name=\"description\" content=\"\u76f4\u63a5\u4e88\u7d04! \u30db\u30c6\u30eb\u306e\u30a6\u30a7\u30d6\u30b5\u30a4\u30c8\u306fbooking.com\u3088\u308a\u3082\u5b89\u3044\u3067\u3059\u3002\u30d1\u30ea\u306e\u30de\u30ec\u5730\u533a\u306b\u304a\u3051\u308b\u5c45\u5fc3\u5730\u306e\u826f\u3044\u9759\u304b\u306a\u30db\u30c6\u30eb\u3002\u30ce\u30fc\u30c8\u30eb\u30c0\u30e0\u3001\u30ec\u30fb\u30a2\u30fc\u30eb\u3068\u30b8\u30e7\u30eb\u30b8\u30e5\u30fb\u30dd\u30f3\u30d4\u30c9\u30a5\u30fc\u30fb\u30bb\u30f3\u30bf\u30fc\u306b\u8fd1\u3044\u3067\u3059\u3002\" \/>\n<meta name=\"robots\" content=\"index, follow, max-snippet:-1, max-image-preview:large, max-video-preview:-1\" \/>\n<link rel=\"canonical\" href=\"https:\/\/www.beaubourg-paris-hotel.com\/ja\/\" \/>\n<meta property=\"og:locale\" content=\"ja_JP\" \/>\n<meta property=\"og:type\" content=\"article\" \/>\n<meta property=\"og:title\" content=\"\u30dc\u30fc\u30d6\u30fc\u30eb\u30db\u30c6\u30eb*** - Paris Marais- \u516c\u5f0f\u30b5\u30a4\u30c8\u306e\u30d9\u30b9\u30c8\u30ec\u30fc\u30c8\" \/>\n<meta property=\"og:description\" content=\"\u76f4\u63a5\u4e88\u7d04! \u30db\u30c6\u30eb\u306e\u30a6\u30a7\u30d6\u30b5\u30a4\u30c8\u306fbooking.com\u3088\u308a\u3082\u5b89\u3044\u3067\u3059\u3002\u30d1\u30ea\u306e\u30de\u30ec\u5730\u533a\u306b\u304a\u3051\u308b\u5c45\u5fc3\u5730\u306e\u826f\u3044\u9759\u304b\u306a\u30db\u30c6\u30eb\u3002\u30ce\u30fc\u30c8\u30eb\u30c0\u30e0\u3001\u30ec\u30fb\u30a2\u30fc\u30eb\u3068\u30b8\u30e7\u30eb\u30b8\u30e5\u30fb\u30dd\u30f3\u30d4\u30c9\u30a5\u30fc\u30fb\u30bb\u30f3\u30bf\u30fc\u306b\u8fd1\u3044\u3067\u3059\u3002\" \/>\n<meta property=\"og:url\" content=\"https:\/\/www.beaubourg-paris-hotel.com\/ja\/\" \/>\n<meta property=\"og:site_name\" content=\"H\u00f4tel Beaubourg\" \/>\n<meta property=\"article:modified_time\" content=\"2022-06-23T08:47:30+00:00\" \/>\n<meta name=\"twitter:card\" content=\"summary_large_image\" \/>\n<meta name=\"twitter:label1\" content=\"\u63a8\u5b9a\u8aad\u307f\u53d6\u308a\u6642\u9593\" \/>\n\t<meta name=\"twitter:data1\" content=\"1\u5206\" \/>\n<script type=\"application\/ld+json\" class=\"yoast-schema-graph\">{\"@context\":\"https:\/\/schema.org\",\"@graph\":[{\"@type\":\"WebPage\",\"@id\":\"https:\/\/www.beaubourg-paris-hotel.com\/ja\/\",\"url\":\"https:\/\/www.beaubourg-paris-hotel.com\/ja\/\",\"name\":\"\u30dc\u30fc\u30d6\u30fc\u30eb\u30db\u30c6\u30eb*** - Paris Marais- \u516c\u5f0f\u30b5\u30a4\u30c8\u306e\u30d9\u30b9\u30c8\u30ec\u30fc\u30c8\",\"isPartOf\":{\"@id\":\"https:\/\/www.beaubourg-paris-hotel.com\/it\/#website\"},\"datePublished\":\"2018-05-03T12:12:50+00:00\",\"dateModified\":\"2022-06-23T08:47:30+00:00\",\"description\":\"\u76f4\u63a5\u4e88\u7d04! \u30db\u30c6\u30eb\u306e\u30a6\u30a7\u30d6\u30b5\u30a4\u30c8\u306fbooking.com\u3088\u308a\u3082\u5b89\u3044\u3067\u3059\u3002\u30d1\u30ea\u306e\u30de\u30ec\u5730\u533a\u306b\u304a\u3051\u308b\u5c45\u5fc3\u5730\u306e\u826f\u3044\u9759\u304b\u306a\u30db\u30c6\u30eb\u3002\u30ce\u30fc\u30c8\u30eb\u30c0\u30e0\u3001\u30ec\u30fb\u30a2\u30fc\u30eb\u3068\u30b8\u30e7\u30eb\u30b8\u30e5\u30fb\u30dd\u30f3\u30d4\u30c9\u30a5\u30fc\u30fb\u30bb\u30f3\u30bf\u30fc\u306b\u8fd1\u3044\u3067\u3059\u3002\",\"breadcrumb\":{\"@id\":\"https:\/\/www.beaubourg-paris-hotel.com\/ja\/#breadcrumb\"},\"inLanguage\":\"ja\",\"potentialAction\":[{\"@type\":\"ReadAction\",\"target\":[\"https:\/\/www.beaubourg-paris-hotel.com\/ja\/\"]}]},{\"@type\":\"BreadcrumbList\",\"@id\":\"https:\/\/www.beaubourg-paris-hotel.com\/ja\/#breadcrumb\",\"itemListElement\":[{\"@type\":\"ListItem\",\"position\":1,\"name\":\"Accueil\",\"item\":\"https:\/\/www.beaubourg-paris-hotel.com\/ja\/\"},{\"@type\":\"ListItem\",\"position\":2,\"name\":\"Accueil\"}]},{\"@type\":\"WebSite\",\"@id\":\"https:\/\/www.beaubourg-paris-hotel.com\/it\/#website\",\"url\":\"https:\/\/www.beaubourg-paris-hotel.com\/it\/\",\"name\":\"H\u00f4tel Beaubourg\",\"description\":\"H\u00f4tel 3 \u00e9toiles de charme, Paris Centre.\",\"potentialAction\":[{\"@type\":\"SearchAction\",\"target\":{\"@type\":\"EntryPoint\",\"urlTemplate\":\"https:\/\/www.beaubourg-paris-hotel.com\/it\/?s={search_term_string}\"},\"query-input\":{\"@type\":\"PropertyValueSpecification\",\"valueRequired\":true,\"valueName\":\"search_term_string\"}}],\"inLanguage\":\"ja\"}]}<\/script>","yoast_head_json":{"title":"\u30dc\u30fc\u30d6\u30fc\u30eb\u30db\u30c6\u30eb*** - Paris Marais- \u516c\u5f0f\u30b5\u30a4\u30c8\u306e\u30d9\u30b9\u30c8\u30ec\u30fc\u30c8","description":"\u76f4\u63a5\u4e88\u7d04! \u30db\u30c6\u30eb\u306e\u30a6\u30a7\u30d6\u30b5\u30a4\u30c8\u306fbooking.com\u3088\u308a\u3082\u5b89\u3044\u3067\u3059\u3002\u30d1\u30ea\u306e\u30de\u30ec\u5730\u533a\u306b\u304a\u3051\u308b\u5c45\u5fc3\u5730\u306e\u826f\u3044\u9759\u304b\u306a\u30db\u30c6\u30eb\u3002\u30ce\u30fc\u30c8\u30eb\u30c0\u30e0\u3001\u30ec\u30fb\u30a2\u30fc\u30eb\u3068\u30b8\u30e7\u30eb\u30b8\u30e5\u30fb\u30dd\u30f3\u30d4\u30c9\u30a5\u30fc\u30fb\u30bb\u30f3\u30bf\u30fc\u306b\u8fd1\u3044\u3067\u3059\u3002","robots":{"index":"index","follow":"follow","max-snippet":"max-snippet:-1","max-image-preview":"max-image-preview:large","max-video-preview":"max-video-preview:-1"},"canonical":"https:\/\/www.beaubourg-paris-hotel.com\/ja\/","og_locale":"ja_JP","og_type":"article","og_title":"\u30dc\u30fc\u30d6\u30fc\u30eb\u30db\u30c6\u30eb*** - Paris Marais- \u516c\u5f0f\u30b5\u30a4\u30c8\u306e\u30d9\u30b9\u30c8\u30ec\u30fc\u30c8","og_description":"\u76f4\u63a5\u4e88\u7d04! \u30db\u30c6\u30eb\u306e\u30a6\u30a7\u30d6\u30b5\u30a4\u30c8\u306fbooking.com\u3088\u308a\u3082\u5b89\u3044\u3067\u3059\u3002\u30d1\u30ea\u306e\u30de\u30ec\u5730\u533a\u306b\u304a\u3051\u308b\u5c45\u5fc3\u5730\u306e\u826f\u3044\u9759\u304b\u306a\u30db\u30c6\u30eb\u3002\u30ce\u30fc\u30c8\u30eb\u30c0\u30e0\u3001\u30ec\u30fb\u30a2\u30fc\u30eb\u3068\u30b8\u30e7\u30eb\u30b8\u30e5\u30fb\u30dd\u30f3\u30d4\u30c9\u30a5\u30fc\u30fb\u30bb\u30f3\u30bf\u30fc\u306b\u8fd1\u3044\u3067\u3059\u3002","og_url":"https:\/\/www.beaubourg-paris-hotel.com\/ja\/","og_site_name":"H\u00f4tel Beaubourg","article_modified_time":"2022-06-23T08:47:30+00:00","twitter_card":"summary_large_image","twitter_misc":{"\u63a8\u5b9a\u8aad\u307f\u53d6\u308a\u6642\u9593":"1\u5206"},"schema":{"@context":"https:\/\/schema.org","@graph":[{"@type":"WebPage","@id":"https:\/\/www.beaubourg-paris-hotel.com\/ja\/","url":"https:\/\/www.beaubourg-paris-hotel.com\/ja\/","name":"\u30dc\u30fc\u30d6\u30fc\u30eb\u30db\u30c6\u30eb*** - Paris Marais- \u516c\u5f0f\u30b5\u30a4\u30c8\u306e\u30d9\u30b9\u30c8\u30ec\u30fc\u30c8","isPartOf":{"@id":"https:\/\/www.beaubourg-paris-hotel.com\/it\/#website"},"datePublished":"2018-05-03T12:12:50+00:00","dateModified":"2022-06-23T08:47:30+00:00","description":"\u76f4\u63a5\u4e88\u7d04! \u30db\u30c6\u30eb\u306e\u30a6\u30a7\u30d6\u30b5\u30a4\u30c8\u306fbooking.com\u3088\u308a\u3082\u5b89\u3044\u3067\u3059\u3002\u30d1\u30ea\u306e\u30de\u30ec\u5730\u533a\u306b\u304a\u3051\u308b\u5c45\u5fc3\u5730\u306e\u826f\u3044\u9759\u304b\u306a\u30db\u30c6\u30eb\u3002\u30ce\u30fc\u30c8\u30eb\u30c0\u30e0\u3001\u30ec\u30fb\u30a2\u30fc\u30eb\u3068\u30b8\u30e7\u30eb\u30b8\u30e5\u30fb\u30dd\u30f3\u30d4\u30c9\u30a5\u30fc\u30fb\u30bb\u30f3\u30bf\u30fc\u306b\u8fd1\u3044\u3067\u3059\u3002","breadcrumb":{"@id":"https:\/\/www.beaubourg-paris-hotel.com\/ja\/#breadcrumb"},"inLanguage":"ja","potentialAction":[{"@type":"ReadAction","target":["https:\/\/www.beaubourg-paris-hotel.com\/ja\/"]}]},{"@type":"BreadcrumbList","@id":"https:\/\/www.beaubourg-paris-hotel.com\/ja\/#breadcrumb","itemListElement":[{"@type":"ListItem","position":1,"name":"Accueil","item":"https:\/\/www.beaubourg-paris-hotel.com\/ja\/"},{"@type":"ListItem","position":2,"name":"Accueil"}]},{"@type":"WebSite","@id":"https:\/\/www.beaubourg-paris-hotel.com\/it\/#website","url":"https:\/\/www.beaubourg-paris-hotel.com\/it\/","name":"H\u00f4tel Beaubourg","description":"H\u00f4tel 3 \u00e9toiles de charme, Paris Centre.","potentialAction":[{"@type":"SearchAction","target":{"@type":"EntryPoint","urlTemplate":"https:\/\/www.beaubourg-paris-hotel.com\/it\/?s={search_term_string}"},"query-input":{"@type":"PropertyValueSpecification","valueRequired":true,"valueName":"search_term_string"}}],"inLanguage":"ja"}]}},"_links":{"self":[{"href":"https:\/\/www.beaubourg-paris-hotel.com\/ja\/wp-json\/wp\/v2\/pages\/16452","targetHints":{"allow":["GET"]}}],"collection":[{"href":"https:\/\/www.beaubourg-paris-hotel.com\/ja\/wp-json\/wp\/v2\/pages"}],"about":[{"href":"https:\/\/www.beaubourg-paris-hotel.com\/ja\/wp-json\/wp\/v2\/types\/page"}],"author":[{"embeddable":true,"href":"https:\/\/www.beaubourg-paris-hotel.com\/ja\/wp-json\/wp\/v2\/users\/1"}],"replies":[{"embeddable":true,"href":"https:\/\/www.beaubourg-paris-hotel.com\/ja\/wp-json\/wp\/v2\/comments?post=16452"}],"version-history":[{"count":15,"href":"https:\/\/www.beaubourg-paris-hotel.com\/ja\/wp-json\/wp\/v2\/pages\/16452\/revisions"}],"predecessor-version":[{"id":20557,"href":"https:\/\/www.beaubourg-paris-hotel.com\/ja\/wp-json\/wp\/v2\/pages\/16452\/revisions\/20557"}],"wp:attachment":[{"href":"https:\/\/www.beaubourg-paris-hotel.com\/ja\/wp-json\/wp\/v2\/media?parent=16452"}],"curies":[{"name":"wp","href":"https:\/\/api.w.org\/{rel}","templated":true}]}}