{"id":16511,"date":"2018-04-13T11:08:11","date_gmt":"2018-04-13T09:08:11","guid":{"rendered":"http:\/\/www.beaubourg-paris-hotel.com\/situation\/"},"modified":"2020-07-10T17:25:33","modified_gmt":"2020-07-10T15:25:33","slug":"dove-siamo","status":"publish","type":"page","link":"https:\/\/www.beaubourg-paris-hotel.com\/it\/dove-siamo\/","title":{"rendered":"Dove siamo"},"content":{"rendered":"<p>[vc_row el_class=&#8221;bande-resa&#8221;][vc_column][vc_raw_html]JTNDZGl2JTIwY2xhc3MlM0QlMjJyZXNlcnZhdGlvbi1mb3JtJTIwZGVzayUyMiUyMHN0eWxlJTNEJTIydGV4dC1hbGlnbiUzQSUyMGNlbnRlciUzQiUyMiUzRSUwQSUzQ2Zvcm0lMjBpZCUzRCUyMkFWUCUyMiUyMGFjdGlvbiUzRCUyMmh0dHAlM0ElMkYlMkZ3d3cuc2VjdXJlLWhvdGVsLWJvb2tpbmcuY29tJTJGSG90ZWwtQmVhdWJvdXJnJTJGMkdVSiUyRnNlYXJjaCUzRmhvdGVsSWQlM0QyMjg1JTIyJTIwbWV0aG9kJTNEJTIycG9zdCUyMiUyMHRhcmdldCUzRCUyMl9ibGFuayUyMiUyMG9uc3VibWl0JTNEJTIyaWYlMjhfZ2FxJTIxJTNEbnVsbCUyOV9nYXEucHVzaCUyOCU1QiUyN19saW5rQnlQb3N0JTI3JTJDJTIwdGhpcyU1RCUyOSUzQiUyMiUzRSUwQSUyMCUyMCUyMCUyMCUyMCUyMCUyMCUyMCUyMCUyMCUyMCUyMCUyMCUzQ2lucHV0JTIwdHlwZSUzRCUyMmhpZGRlbiUyMiUyMGlkJTNEJTIybGFuZ3VhZ2UlMjIlMjBuYW1lJTNEJTIybGFuZ3VhZ2UlMjIlMjB2YWx1ZSUzRCUyMml0JTIyJTIwJTJGJTNFJTBBJTIwJTIwJTIwJTIwJTIwJTIwJTIwJTIwJTIwJTIwJTIwJTIwJTIwJTNDaW5wdXQlMjB0eXBlJTNEJTIyaGlkZGVuJTIyJTIwaWQlM0QlMjJBVlBfYXJyaXZhbERhdGUlMjIlMjBuYW1lJTNEJTIyYXJyaXZhbERhdGUlMjIlMjB2YWx1ZSUzRCUyMiUyMiUyMCUyRiUzRSUwQSUyMCUyMCUyMCUyMCUyMCUyMCUyMCUyMCUyMCUyMCUyMCUyMCUyMCUzQ2lucHV0JTIwdHlwZSUzRCUyMmhpZGRlbiUyMiUyMGlkJTNEJTIyQVZQX25pZ2h0cyUyMiUyMG5hbWUlM0QlMjJuaWdodHMlMjIlMjB2YWx1ZSUzRCUyMiUyMiUyMCUyRiUzRSUwQSUyMCUyMCUyMCUyMCUyMCUyMCUyMCUyMCUyMCUyMCUyMCUyMCUyMCUzQ2lucHV0JTIwdHlwZSUzRCUyMmhpZGRlbiUyMiUyMGlkJTNEJTIyZ3Vlc3RDb3VudFNlbGVjdG9yJTIyJTIwbmFtZSUzRCUyMmd1ZXN0Q291bnRTZWxlY3RvciUyMiUyMHZhbHVlJTNEJTIyUmVhZE9ubHklMjIlMjAlMkYlM0UlMEElMjAlMjAlMjAlMjAlMjAlMjAlMjAlMjAlMjAlMjAlMjAlMjAlMjAlM0NkaXYlMjBjbGFzcyUzRCUyMmlucHV0LWRhdGUtcmVzYSUyMiUzRSUzQ2lucHV0JTIwdHlwZSUzRCUyMnRleHQlMjIlMjBjbGFzcyUzRCUyMmFzRGF0ZVBpY2tlciUyMiUyMCUyMGlkJTNEJTIyZGF0ZSUyMiUyMG5hbWUlM0QlMjJkYXRlLWFycml2ZWUlMjIlMjAlMjBwbGFjZWhvbGRlciUzRCUyMkRhdGElMjBkaSUyMGFycml2byUyMiUyMCUzRSUzQ2klMjBjbGFzcyUzRCUyMmZhJTIwZmEtY2FsZW5kYXIlMjIlM0UlM0MlMkZpJTNFJTNDJTJGZGl2JTNFJTBBJTIwJTIwJTIwJTIwJTIwJTIwJTIwJTIwJTIwJTIwJTIwJTIwJTIwJTNDZGl2JTIwY2xhc3MlM0QlMjJpbnB1dC1kYXRlLXJlc2ElMjIlM0UlM0NpbnB1dCUyMHR5cGUlM0QlMjJ0ZXh0JTIyJTIwaWQlM0QlMjJkYXRlMiUyMiUyMG5hbWUlM0QlMjJkYXRlLWRlcGFydCUyMiUyMGNsYXNzJTNEJTIyYXNEYXRlUGlja2VyJTIyJTIwcGxhY2Vob2xkZXIlM0QlMjJEYXRhJTIwZGklMjBwYXJ0ZW56YSUyMiUyMCUzRSUzQ2klMjBjbGFzcyUzRCUyMmZhJTIwZmEtY2FsZW5kYXIlMjIlM0UlM0MlMkZpJTNFJTNDJTJGZGl2JTNFJTBBJTIwJTIwJTIwJTIwJTIwJTIwJTIwJTIwJTIwJTIwJTIwJTIwJTIwJTNDZGl2JTIwY2xhc3MlM0QlMjJpbnB1dC1kYXRlLXJlc2ElMjIlM0UlM0NzZWxlY3QlMjBpZCUzRCUyMnNlbGVjdGVkQWR1bHRDb3VudCUyMiUyMG5hbWUlM0QlMjJzZWxlY3RlZEFkdWx0Q291bnQlMjIlM0UlM0MlMkZzZWxlY3QlM0UlMjAlM0NpJTIwY2xhc3MlM0QlMjJmYSUyMGZhLXVzZXIlMjIlMjBhcmlhLWhpZGRlbiUzRCUyMnRydWUlMjIlM0UlM0MlMkZpJTNFJTNDJTJGZGl2JTNFJTBBJTIwJTIwJTIwJTIwJTIwJTIwJTIwJTIwJTIwJTIwJTIwJTIwJTBBJTIwJTIwJTIwJTIwJTIwJTIwJTIwJTIwJTIwJTIwJTIwJTIwJTIwJTNDYnV0dG9uJTIwdHlwZSUzRCUyMnN1Ym1pdCUyMiUyMGNsYXNzJTNEJTIycmF2aXMtYnRuJTIwYnRuLXR5cGUtMiUyMiUzRVBSRU5PVEFSRSUzQyUyRmJ1dHRvbiUzRSUwQSUyMCUyMCUyMCUyMCUyMCUyMCUyMCUyMCUyMCUyMCUyMCUyMCUyMCUzQyUyRmZvcm0lM0UlMjAlMjAlMjAlMjAlMjAlMjAlMjAlMjAlMjAlMjAlMEElMjAlM0NzY3JpcHQlMjB0eXBlJTNEJTIydGV4dCUyRmphdmFzY3JpcHQlMjIlMjBzcmMlM0QlMjJodHRwcyUzQSUyRiUyRnd3dy5iZWF1Ym91cmctcGFyaXMtaG90ZWwuY29tJTJGYXZhaWxwcm8lMkZhdmFpbHByby5qcyUyMiUzRSUzQyUyRnNjcmlwdCUzRSUwQSUzQyUyRmRpdiUzRQ==[\/vc_raw_html][\/vc_column][\/vc_row][vc_row css=&#8221;.vc_custom_1528354028942{margin-top: 120px !important;}&#8221;][vc_column][vc_raw_html]JTNDaWZyYW1lJTIwc3JjJTNEJTIyaHR0cHMlM0ElMkYlMkZ3d3cuZ29vZ2xlLmNvbSUyRm1hcHMlMkZlbWJlZCUzRnBiJTNEJTIxMW0xOCUyMTFtMTIlMjExbTMlMjExZDI2MjQuOTAxNjA4NzQyODY1JTIxMmQyLjM1MTE2NTYxNjA1ODg0MyUyMTNkNDguODYwMDg2NTc5Mjg3NjglMjEybTMlMjExZjAlMjEyZjAlMjEzZjAlMjEzbTIlMjExaTEwMjQlMjEyaTc2OCUyMTRmMTMuMSUyMTNtMyUyMTFtMiUyMTFzMHg0N2U2NmUxYzhhNjAxZTc1JTI1M0EweDRmZGI4NGNhMTFiYzFlMWMlMjEyczExJTJCUnVlJTJCU2ltb24lMkJsZSUyQkZyYW5jJTI1MkMlMkI3NTAwNCUyQlBhcmlzJTIxNWUwJTIxM20yJTIxMXNmciUyMTJzZnIlMjE0djE1NTM4NTc3NzU0MDYlMjE1bTIlMjExc2ZyJTIxMnNmciUyMiUyMHdpZHRoJTNEJTIyMTAwJTI1JTIyJTIwaGVpZ2h0JTNEJTIyNDUwJTIyJTIwZnJhbWVib3JkZXIlM0QlMjIwJTIyJTIwc3R5bGUlM0QlMjJib3JkZXIlM0EwJTIyJTIwYWxsb3dmdWxsc2NyZWVuJTNFJTNDJTJGaWZyYW1lJTNF[\/vc_raw_html][\/vc_column][\/vc_row][vc_row css=&#8221;.vc_custom_1531318061655{margin-bottom: 50px !important;padding-right: 20px !important;padding-left: 20px !important;}&#8221;][vc_column offset=&#8221;vc_col-md-offset-2 vc_col-md-8&#8243;][vc_row_inner][vc_column_inner width=&#8221;1\/2&#8243;][vc_raw_html]JTNDZGl2JTIwY2xhc3MlM0QlMjJyYXZpcy10aXRsZS10LTIlMjIlM0UlM0NkaXYlMjBjbGFzcyUzRCUyMnRpdGxlJTIyJTNFJTNDc3BhbiUzRUNvbnRhdHRvJTIwZSUyMGFjY2Vzc28lM0MlMkZzcGFuJTNFJTNDJTJGZGl2JTNFJTNDZGl2JTIwY2xhc3MlM0QlMjJzdWItdGl0bGUlMjIlM0UlM0MlMkZkaXYlM0UlM0MlMkZkaXYlM0U=[\/vc_raw_html][vc_column_text]<b>H\u00f4tel Beaubourg<\/b><br \/>\n11 rue Simon Lefranc &#8211; 75004 PARIS<br \/>\nT\u00e9l : +33 1 42 74 34 24<\/p>\n<p>E-mail :\u00a0<a href=\"mailto:reservation@hotelbeaubourg.com\">reservation@hotelbeaubourg.com<\/a><\/p>\n<p><b>Metro<\/b>\u00a0:<br \/>\nCh\u00e2telet (Linee 1,4,7,11,14) : 5 mn piede<br \/>\nHotel de Ville (Linee 1,11) : 2 mn piede<br \/>\nRambuteau (linee 11): 1 mn piede<\/p>\n<p><b>RER<\/b>\u00a0:<br \/>\nA, B, D : Ch\u00e2telet : 5 mn piede<\/p>\n<p>&nbsp;<\/p>\n<p><strong>calcola il tuo itinerario :<\/strong><\/p>\n<p><a href=\"https:\/\/www.google.com.br\/maps\/dir\/ma+position\/Hotel+Beaubourg,+11+Rue+Simon+le+Franc,+75004+Paris\/\" target=\"_blank\" rel=\"noopener noreferrer\"><img decoding=\"async\" class=\"alignnone wp-image-17068 size-full\" src=\"http:\/\/www.beaubourg-paris-hotel.com\/wp-content\/uploads\/2018\/07\/itineraire-google-map-all.png\" alt=\"\" width=\"175\" height=\"41\" \/><\/a><\/p>\n<p><a href=\"waze:\/\/?ll=48.86009,2.35335&amp;navigate=yes\"><img decoding=\"async\" class=\"alignnone size-full wp-image-17249\" src=\"http:\/\/www.beaubourg-paris-hotel.com\/wp-content\/uploads\/2018\/07\/waze-all.png\" alt=\"\" width=\"175\" height=\"41\" \/><\/a><\/p>\n<p>&nbsp;<\/p>\n<p><strong>Raggiungere l&#8217;hotel da Roissy :<\/strong><\/p>\n<p>Il modo migliore per raggiungere il nostro hotel dall&#8217;aeroporto C.D.G in treno \u00e8:<\/p>\n<p>Per prendere il treno <strong>R.E.R (B)<\/strong> e scendere a <strong>&#8220;CHATELET LES HALLES&#8221;<\/strong> direttamente senza cambiare.<\/p>\n<p>In &#8220;CHATELET LES HALLES&#8221; cambi in <strong>metro n\u00b0 11<\/strong> e dovresti scendere alla fermata successiva <strong>&#8220;RAMBUTEAU&#8221;.<\/strong><\/p>\n<p>Siamo situati <strong>dietro il &#8220;POMPIDOU CENTER&#8221;<\/strong> in un isolato dalla fermata della metropolitana.<\/p>\n<p>A volte \u00e8 meglio camminare da &#8220;CHATELET LES HALLES&#8221; a 5-7 minuti dal nostro hotel: &#8220;Ch\u00c3 telete&#8221; \u00c3\u00a8 una grande fermata e il passaggio dalla RER alla metropolitana non \u00c3\u00a8 facile.<\/p>\n<p>&nbsp;<\/p>\n<p><strong>Raggiungere l&#8217;hotel da Orly :<\/strong><\/p>\n<p>Il modo migliore per raggiungere il nostro hotel dall&#8217;aeroporto di Orly in treno \u00e8:<\/p>\n<p>Prendi l&#8217;<strong>Orly Val<\/strong> direttamente su <strong>&#8220;Antony&#8221;<\/strong> e poi passa al treno <strong>R.E.R (B)<\/strong> e scendi a<br \/>\n<strong>&#8220;Chatelet les halles&#8221;.<\/strong><\/p>\n<p>In &#8220;Chatelet les halles&#8221; prendi la <strong>metro n \u00b0 11<\/strong> e dovresti scendere alla fermata successiva<br \/>\n<strong>\u201cRambuteau\u201d<\/strong>.<\/p>\n<p>Siamo situati <strong>dietro il &#8220;Centro Pompidou&#8221;<\/strong> a un isolato dalla fermata della metropolitana.<\/p>\n<p>A volte \u00e8 meglio camminare da &#8220;Chatelet les Halles&#8221; a 5-7 minuti dal nostro hotel:<br \/>\n&#8220;Chatelet&#8221; \u00e8 una grande tappa e il passaggio dalla RER alla metropolitana non \u00e8 cos\u00ec facile.[\/vc_column_text][\/vc_column_inner][vc_column_inner width=&#8221;1\/2&#8243; css=&#8221;.vc_custom_1529046104225{margin-top: 40px !important;}&#8221;][vc_raw_html]JTNDZGl2JTIwY2xhc3MlM0QlMjJnYWxsZXJ5LWNvbnRhaW5lciUyMiUzRSUwQSUzQ3VsJTIwY2xhc3MlM0QlMjJpbWFnZS1tYWluLWJveCUyMGNsZWFyZml4JTIyJTIwc3R5bGUlM0QlMjJwb3NpdGlvbiUzQSUyMHJlbGF0aXZlJTNCJTIwaGVpZ2h0JTNBJTIwNzkwNC45OXB4JTNCJTIyJTNFJTBBJTIwJTA5JTNDbGklMjBjbGFzcyUzRCUyMml0ZW0lMjBjb2wteHMtMTIlMjBjb2wtbWQtMTIlMjBob3RlbCUyMiUyMHN0eWxlJTNEJTIycG9zaXRpb24lM0ElMjBhYnNvbHV0ZSUzQiUyMGxlZnQlM0ElMjAwJTI1JTNCJTIwdG9wJTNBJTIwMHB4JTNCJTIyJTNFJTBBJTNDZmlndXJlJTNFJTNDaW1nJTIwc3JjJTNEJTIyaHR0cHMlM0ElMkYlMkZ3d3cuYmVhdWJvdXJnLXBhcmlzLWhvdGVsLmNvbSUyRndwLWNvbnRlbnQlMkZ1cGxvYWRzJTJGMjAxOCUyRjA2JTJGaW1nX21hcF9nZC5qcGclMjIlMjBhbHQlM0QlMjJIb3RlbCUyMEJlYXVib3VyZyUyMFBhcmlzJTIwTWFyYWlzJTIyJTIwJTJGJTNFJTNDYSUyMGNsYXNzJTNEJTIybW9yZS1kZXRhaWxzJTIyJTIwaHJlZiUzRCUyMmh0dHBzJTNBJTJGJTJGd3d3LmJlYXVib3VyZy1wYXJpcy1ob3RlbC5jb20lMkZ3cC1jb250ZW50JTJGdXBsb2FkcyUyRjIwMTglMkYwNiUyRmltZ19tYXBfZ2QuanBnJTIyJTIwZGF0YS10aXRsZSUzRCUyMkhvdGVsJTIwQmVhdWJvdXJnJTIwUGFyaXMlMjBNYXJhaXMlMjIlM0VFbmxhcmdlJTNDJTJGYSUzRSUzQyUyRmZpZ3VyZSUzRSUwQSUzQyUyRmxpJTNFJTBBJTNDJTJGdWwlM0UlMEElM0MlMkZkaXYlM0U=[\/vc_raw_html][\/vc_column_inner][\/vc_row_inner][\/vc_column][\/vc_row][vc_row][vc_column][vc_single_image image=&#8221;17340&#8243; img_size=&#8221;full&#8221; alignment=&#8221;center&#8221;][\/vc_column][\/vc_row]<\/p>\n","protected":false},"excerpt":{"rendered":"<p>[vc_row el_class=&#8221;bande-resa&#8221;][vc_column][vc_raw_html]JTNDZGl2JTIwY2xhc3MlM0QlMjJyZXNlcnZhdGlvbi1mb3JtJTIwZGVzayUyMiUyMHN0eWxlJTNEJTIydGV4dC1hbGlnbiUzQSUyMGNlbnRlciUzQiUyMiUzRSUwQSUzQ2Zvcm0lMjBpZCUzRCUyMkFWUCUyMiUyMGFjdGlvbiUzRCUyMmh0dHAlM0ElMkYlMkZ3d3cuc2VjdXJlLWhvdGVsLWJvb2tpbmcuY29tJTJGSG90ZWwtQmVhdWJvdXJnJTJGMkdVSiUyRnNlYXJjaCUzRmhvdGVsSWQlM0QyMjg1JTIyJTIwbWV0aG9kJTNEJTIycG9zdCUyMiUyMHRhcmdldCUzRCUyMl9ibGFuayUyMiUyMG9uc3VibWl0JTNEJTIyaWYlMjhfZ2FxJTIxJTNEbnVsbCUyOV9nYXEucHVzaCUyOCU1QiUyN19saW5rQnlQb3N0JTI3JTJDJTIwdGhpcyU1RCUyOSUzQiUyMiUzRSUwQSUyMCUyMCUyMCUyMCUyMCUyMCUyMCUyMCUyMCUyMCUyMCUyMCUyMCUzQ2lucHV0JTIwdHlwZSUzRCUyMmhpZGRlbiUyMiUyMGlkJTNEJTIybGFuZ3VhZ2UlMjIlMjBuYW1lJTNEJTIybGFuZ3VhZ2UlMjIlMjB2YWx1ZSUzRCUyMml0JTIyJTIwJTJGJTNFJTBBJTIwJTIwJTIwJTIwJTIwJTIwJTIwJTIwJTIwJTIwJTIwJTIwJTIwJTNDaW5wdXQlMjB0eXBlJTNEJTIyaGlkZGVuJTIyJTIwaWQlM0QlMjJBVlBfYXJyaXZhbERhdGUlMjIlMjBuYW1lJTNEJTIyYXJyaXZhbERhdGUlMjIlMjB2YWx1ZSUzRCUyMiUyMiUyMCUyRiUzRSUwQSUyMCUyMCUyMCUyMCUyMCUyMCUyMCUyMCUyMCUyMCUyMCUyMCUyMCUzQ2lucHV0JTIwdHlwZSUzRCUyMmhpZGRlbiUyMiUyMGlkJTNEJTIyQVZQX25pZ2h0cyUyMiUyMG5hbWUlM0QlMjJuaWdodHMlMjIlMjB2YWx1ZSUzRCUyMiUyMiUyMCUyRiUzRSUwQSUyMCUyMCUyMCUyMCUyMCUyMCUyMCUyMCUyMCUyMCUyMCUyMCUyMCUzQ2lucHV0JTIwdHlwZSUzRCUyMmhpZGRlbiUyMiUyMGlkJTNEJTIyZ3Vlc3RDb3VudFNlbGVjdG9yJTIyJTIwbmFtZSUzRCUyMmd1ZXN0Q291bnRTZWxlY3RvciUyMiUyMHZhbHVlJTNEJTIyUmVhZE9ubHklMjIlMjAlMkYlM0UlMEElMjAlMjAlMjAlMjAlMjAlMjAlMjAlMjAlMjAlMjAlMjAlMjAlMjAlM0NkaXYlMjBjbGFzcyUzRCUyMmlucHV0LWRhdGUtcmVzYSUyMiUzRSUzQ2lucHV0JTIwdHlwZSUzRCUyMnRleHQlMjIlMjBjbGFzcyUzRCUyMmFzRGF0ZVBpY2tlciUyMiUyMCUyMGlkJTNEJTIyZGF0ZSUyMiUyMG5hbWUlM0QlMjJkYXRlLWFycml2ZWUlMjIlMjAlMjBwbGFjZWhvbGRlciUzRCUyMkRhdGElMjBkaSUyMGFycml2byUyMiUyMCUzRSUzQ2klMjBjbGFzcyUzRCUyMmZhJTIwZmEtY2FsZW5kYXIlMjIlM0UlM0MlMkZpJTNFJTNDJTJGZGl2JTNFJTBBJTIwJTIwJTIwJTIwJTIwJTIwJTIwJTIwJTIwJTIwJTIwJTIwJTIwJTNDZGl2JTIwY2xhc3MlM0QlMjJpbnB1dC1kYXRlLXJlc2ElMjIlM0UlM0NpbnB1dCUyMHR5cGUlM0QlMjJ0ZXh0JTIyJTIwaWQlM0QlMjJkYXRlMiUyMiUyMG5hbWUlM0QlMjJkYXRlLWRlcGFydCUyMiUyMGNsYXNzJTNEJTIyYXNEYXRlUGlja2VyJTIyJTIwcGxhY2Vob2xkZXIlM0QlMjJEYXRhJTIwZGklMjBwYXJ0ZW56YSUyMiUyMCUzRSUzQ2klMjBjbGFzcyUzRCUyMmZhJTIwZmEtY2FsZW5kYXIlMjIlM0UlM0MlMkZpJTNFJTNDJTJGZGl2JTNFJTBBJTIwJTIwJTIwJTIwJTIwJTIwJTIwJTIwJTIwJTIwJTIwJTIwJTIwJTNDZGl2JTIwY2xhc3MlM0QlMjJpbnB1dC1kYXRlLXJlc2ElMjIlM0UlM0NzZWxlY3QlMjBpZCUzRCUyMnNlbGVjdGVkQWR1bHRDb3VudCUyMiUyMG5hbWUlM0QlMjJzZWxlY3RlZEFkdWx0Q291bnQlMjIlM0UlM0MlMkZzZWxlY3QlM0UlMjAlM0NpJTIwY2xhc3MlM0QlMjJmYSUyMGZhLXVzZXIlMjIlMjBhcmlhLWhpZGRlbiUzRCUyMnRydWUlMjIlM0UlM0MlMkZpJTNFJTNDJTJGZGl2JTNFJTBBJTIwJTIwJTIwJTIwJTIwJTIwJTIwJTIwJTIwJTIwJTIwJTIwJTBBJTIwJTIwJTIwJTIwJTIwJTIwJTIwJTIwJTIwJTIwJTIwJTIwJTIwJTNDYnV0dG9uJTIwdHlwZSUzRCUyMnN1Ym1pdCUyMiUyMGNsYXNzJTNEJTIycmF2aXMtYnRuJTIwYnRuLXR5cGUtMiUyMiUzRVBSRU5PVEFSRSUzQyUyRmJ1dHRvbiUzRSUwQSUyMCUyMCUyMCUyMCUyMCUyMCUyMCUyMCUyMCUyMCUyMCUyMCUyMCUzQyUyRmZvcm0lM0UlMjAlMjAlMjAlMjAlMjAlMjAlMjAlMjAlMjAlMjAlMEElMjAlM0NzY3JpcHQlMjB0eXBlJTNEJTIydGV4dCUyRmphdmFzY3JpcHQlMjIlMjBzcmMlM0QlMjJodHRwcyUzQSUyRiUyRnd3dy5iZWF1Ym91cmctcGFyaXMtaG90ZWwuY29tJTJGYXZhaWxwcm8lMkZhdmFpbHByby5qcyUyMiUzRSUzQyUyRnNjcmlwdCUzRSUwQSUzQyUyRmRpdiUzRQ==[\/vc_raw_html][\/vc_column][\/vc_row][vc_row css=&#8221;.vc_custom_1528354028942{margin-top: 120px !important;}&#8221;][vc_column][vc_raw_html]JTNDaWZyYW1lJTIwc3JjJTNEJTIyaHR0cHMlM0ElMkYlMkZ3d3cuZ29vZ2xlLmNvbSUyRm1hcHMlMkZlbWJlZCUzRnBiJTNEJTIxMW0xOCUyMTFtMTIlMjExbTMlMjExZDI2MjQuOTAxNjA4NzQyODY1JTIxMmQyLjM1MTE2NTYxNjA1ODg0MyUyMTNkNDguODYwMDg2NTc5Mjg3NjglMjEybTMlMjExZjAlMjEyZjAlMjEzZjAlMjEzbTIlMjExaTEwMjQlMjEyaTc2OCUyMTRmMTMuMSUyMTNtMyUyMTFtMiUyMTFzMHg0N2U2NmUxYzhhNjAxZTc1JTI1M0EweDRmZGI4NGNhMTFiYzFlMWMlMjEyczExJTJCUnVlJTJCU2ltb24lMkJsZSUyQkZyYW5jJTI1MkMlMkI3NTAwNCUyQlBhcmlzJTIxNWUwJTIxM20yJTIxMXNmciUyMTJzZnIlMjE0djE1NTM4NTc3NzU0MDYlMjE1bTIlMjExc2ZyJTIxMnNmciUyMiUyMHdpZHRoJTNEJTIyMTAwJTI1JTIyJTIwaGVpZ2h0JTNEJTIyNDUwJTIyJTIwZnJhbWVib3JkZXIlM0QlMjIwJTIyJTIwc3R5bGUlM0QlMjJib3JkZXIlM0EwJTIyJTIwYWxsb3dmdWxsc2NyZWVuJTNFJTNDJTJGaWZyYW1lJTNF[\/vc_raw_html][\/vc_column][\/vc_row][vc_row css=&#8221;.vc_custom_1531318061655{margin-bottom: 50px !important;padding-right: 20px !important;padding-left: 20px !important;}&#8221;][vc_column offset=&#8221;vc_col-md-offset-2 vc_col-md-8&#8243;][vc_row_inner][vc_column_inner width=&#8221;1\/2&#8243;][vc_raw_html]JTNDZGl2JTIwY2xhc3MlM0QlMjJyYXZpcy10aXRsZS10LTIlMjIlM0UlM0NkaXYlMjBjbGFzcyUzRCUyMnRpdGxlJTIyJTNFJTNDc3BhbiUzRUNvbnRhdHRvJTIwZSUyMGFjY2Vzc28lM0MlMkZzcGFuJTNFJTNDJTJGZGl2JTNFJTNDZGl2JTIwY2xhc3MlM0QlMjJzdWItdGl0bGUlMjIlM0UlM0MlMkZkaXYlM0UlM0MlMkZkaXYlM0U=[\/vc_raw_html][vc_column_text]H\u00f4tel Beaubourg 11 rue Simon Lefranc &#8211; 75004 PARIS T\u00e9l : +33 1 42 74 34 24 E-mail :\u00a0reservation@hotelbeaubourg.com Metro\u00a0: Ch\u00e2telet&#8230;<\/p>\n<div class=\"read-more-container\"><a class=\"more-link btn btn-default btn-sm read-more\" href=\"https:\/\/www.beaubourg-paris-hotel.com\/it\/dove-siamo\/\">Read More<\/a><\/div>\n","protected":false},"author":1,"featured_media":0,"parent":0,"menu_order":0,"comment_status":"closed","ping_status":"closed","template":"","meta":{"footnotes":""},"class_list":["post-16511","page","type-page","status-publish","hentry"],"yoast_head":"<title>H\u00f4tel Beaubourg*** - Parigi, Marais - Le migliori tariffe sul sito ufficiale - Dove siamo<\/title>\n<meta name=\"description\" content=\"Riservazione diretta - Sito Ufficiale meno caro che Booking.com! - L&#039;albergo Beaubourg si trova nel cuore del Marais, vicinissimo al Centro Pompidou, facilmente accessibile in metropolitana e pullman. Parcheggio pubblico a prossimit\u00e0.\" \/>\n<meta name=\"robots\" content=\"index, follow, max-snippet:-1, max-image-preview:large, max-video-preview:-1\" \/>\n<link rel=\"canonical\" href=\"https:\/\/www.beaubourg-paris-hotel.com\/it\/dove-siamo\/\" \/>\n<meta property=\"og:locale\" content=\"it_IT\" \/>\n<meta property=\"og:type\" content=\"article\" \/>\n<meta property=\"og:title\" content=\"H\u00f4tel Beaubourg*** - Parigi, Marais - Le migliori tariffe sul sito ufficiale - Dove siamo\" \/>\n<meta property=\"og:description\" content=\"Riservazione diretta - Sito Ufficiale meno caro che Booking.com! - L&#039;albergo Beaubourg si trova nel cuore del Marais, vicinissimo al Centro Pompidou, facilmente accessibile in metropolitana e pullman. Parcheggio pubblico a prossimit\u00e0.\" \/>\n<meta property=\"og:url\" content=\"https:\/\/www.beaubourg-paris-hotel.com\/it\/dove-siamo\/\" \/>\n<meta property=\"og:site_name\" content=\"H\u00f4tel Beaubourg\" \/>\n<meta property=\"article:modified_time\" content=\"2020-07-10T15:25:33+00:00\" \/>\n<meta property=\"og:image\" content=\"http:\/\/www.beaubourg-paris-hotel.com\/wp-content\/uploads\/2018\/07\/itineraire-google-map-all.png\" \/>\n<meta name=\"twitter:card\" content=\"summary_large_image\" \/>\n<meta name=\"twitter:label1\" content=\"Tempo di lettura stimato\" \/>\n\t<meta name=\"twitter:data1\" content=\"3 minuti\" \/>\n<script type=\"application\/ld+json\" class=\"yoast-schema-graph\">{\"@context\":\"https:\/\/schema.org\",\"@graph\":[{\"@type\":\"WebPage\",\"@id\":\"https:\/\/www.beaubourg-paris-hotel.com\/it\/dove-siamo\/\",\"url\":\"https:\/\/www.beaubourg-paris-hotel.com\/it\/dove-siamo\/\",\"name\":\"H\u00f4tel Beaubourg*** - Parigi, Marais - Le migliori tariffe sul sito ufficiale - Dove siamo\",\"isPartOf\":{\"@id\":\"https:\/\/www.beaubourg-paris-hotel.com\/it\/#website\"},\"primaryImageOfPage\":{\"@id\":\"https:\/\/www.beaubourg-paris-hotel.com\/it\/dove-siamo\/#primaryimage\"},\"image\":{\"@id\":\"https:\/\/www.beaubourg-paris-hotel.com\/it\/dove-siamo\/#primaryimage\"},\"thumbnailUrl\":\"http:\/\/www.beaubourg-paris-hotel.com\/wp-content\/uploads\/2018\/07\/itineraire-google-map-all.png\",\"datePublished\":\"2018-04-13T09:08:11+00:00\",\"dateModified\":\"2020-07-10T15:25:33+00:00\",\"description\":\"Riservazione diretta - Sito Ufficiale meno caro che Booking.com! - L'albergo Beaubourg si trova nel cuore del Marais, vicinissimo al Centro Pompidou, facilmente accessibile in metropolitana e pullman. Parcheggio pubblico a prossimit\u00e0.\",\"breadcrumb\":{\"@id\":\"https:\/\/www.beaubourg-paris-hotel.com\/it\/dove-siamo\/#breadcrumb\"},\"inLanguage\":\"it-IT\",\"potentialAction\":[{\"@type\":\"ReadAction\",\"target\":[\"https:\/\/www.beaubourg-paris-hotel.com\/it\/dove-siamo\/\"]}]},{\"@type\":\"ImageObject\",\"inLanguage\":\"it-IT\",\"@id\":\"https:\/\/www.beaubourg-paris-hotel.com\/it\/dove-siamo\/#primaryimage\",\"url\":\"http:\/\/www.beaubourg-paris-hotel.com\/wp-content\/uploads\/2018\/07\/itineraire-google-map-all.png\",\"contentUrl\":\"http:\/\/www.beaubourg-paris-hotel.com\/wp-content\/uploads\/2018\/07\/itineraire-google-map-all.png\"},{\"@type\":\"BreadcrumbList\",\"@id\":\"https:\/\/www.beaubourg-paris-hotel.com\/it\/dove-siamo\/#breadcrumb\",\"itemListElement\":[{\"@type\":\"ListItem\",\"position\":1,\"name\":\"Accueil\",\"item\":\"https:\/\/www.beaubourg-paris-hotel.com\/it\/\"},{\"@type\":\"ListItem\",\"position\":2,\"name\":\"Dove siamo\"}]},{\"@type\":\"WebSite\",\"@id\":\"https:\/\/www.beaubourg-paris-hotel.com\/it\/#website\",\"url\":\"https:\/\/www.beaubourg-paris-hotel.com\/it\/\",\"name\":\"H\u00f4tel Beaubourg\",\"description\":\"H\u00f4tel 3 \u00e9toiles de charme, Paris Centre.\",\"potentialAction\":[{\"@type\":\"SearchAction\",\"target\":{\"@type\":\"EntryPoint\",\"urlTemplate\":\"https:\/\/www.beaubourg-paris-hotel.com\/it\/?s={search_term_string}\"},\"query-input\":{\"@type\":\"PropertyValueSpecification\",\"valueRequired\":true,\"valueName\":\"search_term_string\"}}],\"inLanguage\":\"it-IT\"}]}<\/script>","yoast_head_json":{"title":"H\u00f4tel Beaubourg*** - Parigi, Marais - Le migliori tariffe sul sito ufficiale - Dove siamo","description":"Riservazione diretta - Sito Ufficiale meno caro che Booking.com! - L'albergo Beaubourg si trova nel cuore del Marais, vicinissimo al Centro Pompidou, facilmente accessibile in metropolitana e pullman. Parcheggio pubblico a prossimit\u00e0.","robots":{"index":"index","follow":"follow","max-snippet":"max-snippet:-1","max-image-preview":"max-image-preview:large","max-video-preview":"max-video-preview:-1"},"canonical":"https:\/\/www.beaubourg-paris-hotel.com\/it\/dove-siamo\/","og_locale":"it_IT","og_type":"article","og_title":"H\u00f4tel Beaubourg*** - Parigi, Marais - Le migliori tariffe sul sito ufficiale - Dove siamo","og_description":"Riservazione diretta - Sito Ufficiale meno caro che Booking.com! - L'albergo Beaubourg si trova nel cuore del Marais, vicinissimo al Centro Pompidou, facilmente accessibile in metropolitana e pullman. Parcheggio pubblico a prossimit\u00e0.","og_url":"https:\/\/www.beaubourg-paris-hotel.com\/it\/dove-siamo\/","og_site_name":"H\u00f4tel Beaubourg","article_modified_time":"2020-07-10T15:25:33+00:00","og_image":[{"url":"http:\/\/www.beaubourg-paris-hotel.com\/wp-content\/uploads\/2018\/07\/itineraire-google-map-all.png","type":"","width":"","height":""}],"twitter_card":"summary_large_image","twitter_misc":{"Tempo di lettura stimato":"3 minuti"},"schema":{"@context":"https:\/\/schema.org","@graph":[{"@type":"WebPage","@id":"https:\/\/www.beaubourg-paris-hotel.com\/it\/dove-siamo\/","url":"https:\/\/www.beaubourg-paris-hotel.com\/it\/dove-siamo\/","name":"H\u00f4tel Beaubourg*** - Parigi, Marais - Le migliori tariffe sul sito ufficiale - Dove siamo","isPartOf":{"@id":"https:\/\/www.beaubourg-paris-hotel.com\/it\/#website"},"primaryImageOfPage":{"@id":"https:\/\/www.beaubourg-paris-hotel.com\/it\/dove-siamo\/#primaryimage"},"image":{"@id":"https:\/\/www.beaubourg-paris-hotel.com\/it\/dove-siamo\/#primaryimage"},"thumbnailUrl":"http:\/\/www.beaubourg-paris-hotel.com\/wp-content\/uploads\/2018\/07\/itineraire-google-map-all.png","datePublished":"2018-04-13T09:08:11+00:00","dateModified":"2020-07-10T15:25:33+00:00","description":"Riservazione diretta - Sito Ufficiale meno caro che Booking.com! - L'albergo Beaubourg si trova nel cuore del Marais, vicinissimo al Centro Pompidou, facilmente accessibile in metropolitana e pullman. Parcheggio pubblico a prossimit\u00e0.","breadcrumb":{"@id":"https:\/\/www.beaubourg-paris-hotel.com\/it\/dove-siamo\/#breadcrumb"},"inLanguage":"it-IT","potentialAction":[{"@type":"ReadAction","target":["https:\/\/www.beaubourg-paris-hotel.com\/it\/dove-siamo\/"]}]},{"@type":"ImageObject","inLanguage":"it-IT","@id":"https:\/\/www.beaubourg-paris-hotel.com\/it\/dove-siamo\/#primaryimage","url":"http:\/\/www.beaubourg-paris-hotel.com\/wp-content\/uploads\/2018\/07\/itineraire-google-map-all.png","contentUrl":"http:\/\/www.beaubourg-paris-hotel.com\/wp-content\/uploads\/2018\/07\/itineraire-google-map-all.png"},{"@type":"BreadcrumbList","@id":"https:\/\/www.beaubourg-paris-hotel.com\/it\/dove-siamo\/#breadcrumb","itemListElement":[{"@type":"ListItem","position":1,"name":"Accueil","item":"https:\/\/www.beaubourg-paris-hotel.com\/it\/"},{"@type":"ListItem","position":2,"name":"Dove siamo"}]},{"@type":"WebSite","@id":"https:\/\/www.beaubourg-paris-hotel.com\/it\/#website","url":"https:\/\/www.beaubourg-paris-hotel.com\/it\/","name":"H\u00f4tel Beaubourg","description":"H\u00f4tel 3 \u00e9toiles de charme, Paris Centre.","potentialAction":[{"@type":"SearchAction","target":{"@type":"EntryPoint","urlTemplate":"https:\/\/www.beaubourg-paris-hotel.com\/it\/?s={search_term_string}"},"query-input":{"@type":"PropertyValueSpecification","valueRequired":true,"valueName":"search_term_string"}}],"inLanguage":"it-IT"}]}},"_links":{"self":[{"href":"https:\/\/www.beaubourg-paris-hotel.com\/it\/wp-json\/wp\/v2\/pages\/16511","targetHints":{"allow":["GET"]}}],"collection":[{"href":"https:\/\/www.beaubourg-paris-hotel.com\/it\/wp-json\/wp\/v2\/pages"}],"about":[{"href":"https:\/\/www.beaubourg-paris-hotel.com\/it\/wp-json\/wp\/v2\/types\/page"}],"author":[{"embeddable":true,"href":"https:\/\/www.beaubourg-paris-hotel.com\/it\/wp-json\/wp\/v2\/users\/1"}],"replies":[{"embeddable":true,"href":"https:\/\/www.beaubourg-paris-hotel.com\/it\/wp-json\/wp\/v2\/comments?post=16511"}],"version-history":[{"count":15,"href":"https:\/\/www.beaubourg-paris-hotel.com\/it\/wp-json\/wp\/v2\/pages\/16511\/revisions"}],"predecessor-version":[{"id":19932,"href":"https:\/\/www.beaubourg-paris-hotel.com\/it\/wp-json\/wp\/v2\/pages\/16511\/revisions\/19932"}],"wp:attachment":[{"href":"https:\/\/www.beaubourg-paris-hotel.com\/it\/wp-json\/wp\/v2\/media?parent=16511"}],"curies":[{"name":"wp","href":"https:\/\/api.w.org\/{rel}","templated":true}]}}