{"id":16493,"date":"2018-06-06T09:15:07","date_gmt":"2018-06-06T07:15:07","guid":{"rendered":"http:\/\/www.beaubourg-paris-hotel.com\/junior-suite-deluxe-terrasse\/"},"modified":"2023-06-14T15:44:45","modified_gmt":"2023-06-14T13:44:45","slug":"suite-junior-terrazza","status":"publish","type":"page","link":"https:\/\/www.beaubourg-paris-hotel.com\/it\/suite-junior-terrazza\/","title":{"rendered":"Suite junior terrazza"},"content":{"rendered":"<p>[vc_row css=&#8221;.vc_custom_1528354155092{margin-top: 0px !important;margin-bottom: 0px !important;padding-top: 0px !important;padding-bottom: 0px !important;}&#8221; el_class=&#8221;bande-resa&#8221;][vc_column css=&#8221;.vc_custom_1528267759646{margin-top: 0px !important;margin-right: 0px !important;margin-bottom: 0px !important;margin-left: 0px !important;border-top-width: 0px !important;border-right-width: 0px !important;border-bottom-width: 0px !important;border-left-width: 0px !important;padding-top: 5px !important;padding-right: 0px !important;padding-bottom: 5px !important;padding-left: 0px !important;}&#8221; offset=&#8221;vc_hidden-xs&#8221;][vc_raw_html css=&#8221;.vc_custom_1532058767034{margin-top: 0px !important;margin-right: 0px !important;margin-bottom: 0px !important;margin-left: 0px !important;border-top-width: 0px !important;border-right-width: 0px !important;border-bottom-width: 0px !important;border-left-width: 0px !important;padding-top: 0px !important;padding-right: 0px !important;padding-bottom: 0px !important;padding-left: 0px !important;}&#8221;]JTNDZGl2JTIwY2xhc3MlM0QlMjJyZXNlcnZhdGlvbi1mb3JtJTIwZGVzayUyMiUyMHN0eWxlJTNEJTIydGV4dC1hbGlnbiUzQSUyMGNlbnRlciUzQiUyMiUzRSUwQSUzQ2Zvcm0lMjBpZCUzRCUyMkFWUCUyMiUyMGFjdGlvbiUzRCUyMmh0dHAlM0ElMkYlMkZ3d3cuc2VjdXJlLWhvdGVsLWJvb2tpbmcuY29tJTJGSG90ZWwtQmVhdWJvdXJnJTJGMkdVSiUyRnNlYXJjaCUzRmhvdGVsSWQlM0QyMjg1JTIyJTIwbWV0aG9kJTNEJTIycG9zdCUyMiUyMHRhcmdldCUzRCUyMl9ibGFuayUyMiUyMG9uc3VibWl0JTNEJTIyaWYlMjhfZ2FxJTIxJTNEbnVsbCUyOV9nYXEucHVzaCUyOCU1QiUyN19saW5rQnlQb3N0JTI3JTJDJTIwdGhpcyU1RCUyOSUzQiUyMiUzRSUwQSUyMCUyMCUyMCUyMCUyMCUyMCUyMCUyMCUyMCUyMCUyMCUyMCUyMCUzQ2lucHV0JTIwdHlwZSUzRCUyMmhpZGRlbiUyMiUyMGlkJTNEJTIybGFuZ3VhZ2UlMjIlMjBuYW1lJTNEJTIybGFuZ3VhZ2UlMjIlMjB2YWx1ZSUzRCUyMml0JTIyJTIwJTJGJTNFJTBBJTIwJTIwJTIwJTIwJTIwJTIwJTIwJTIwJTIwJTIwJTIwJTIwJTIwJTNDaW5wdXQlMjB0eXBlJTNEJTIyaGlkZGVuJTIyJTIwaWQlM0QlMjJBVlBfYXJyaXZhbERhdGUlMjIlMjBuYW1lJTNEJTIyYXJyaXZhbERhdGUlMjIlMjB2YWx1ZSUzRCUyMiUyMiUyMCUyRiUzRSUwQSUyMCUyMCUyMCUyMCUyMCUyMCUyMCUyMCUyMCUyMCUyMCUyMCUyMCUzQ2lucHV0JTIwdHlwZSUzRCUyMmhpZGRlbiUyMiUyMGlkJTNEJTIyQVZQX25pZ2h0cyUyMiUyMG5hbWUlM0QlMjJuaWdodHMlMjIlMjB2YWx1ZSUzRCUyMiUyMiUyMCUyRiUzRSUwQSUyMCUyMCUyMCUyMCUyMCUyMCUyMCUyMCUyMCUyMCUyMCUyMCUyMCUzQ2lucHV0JTIwdHlwZSUzRCUyMmhpZGRlbiUyMiUyMGlkJTNEJTIyZ3Vlc3RDb3VudFNlbGVjdG9yJTIyJTIwbmFtZSUzRCUyMmd1ZXN0Q291bnRTZWxlY3RvciUyMiUyMHZhbHVlJTNEJTIyUmVhZE9ubHklMjIlMjAlMkYlM0UlMEElMjAlMjAlMjAlMjAlMjAlMjAlMjAlMjAlMjAlMjAlMjAlMjAlMjAlM0NkaXYlMjBjbGFzcyUzRCUyMmlucHV0LWRhdGUtcmVzYSUyMiUzRSUzQ2lucHV0JTIwdHlwZSUzRCUyMnRleHQlMjIlMjBjbGFzcyUzRCUyMmFzRGF0ZVBpY2tlciUyMiUyMCUyMGlkJTNEJTIyZGF0ZSUyMiUyMG5hbWUlM0QlMjJkYXRlLWFycml2ZWUlMjIlMjAlMjBwbGFjZWhvbGRlciUzRCUyMkRhdGElMjBkaSUyMGFycml2byUyMiUyMCUzRSUzQ2klMjBjbGFzcyUzRCUyMmZhJTIwZmEtY2FsZW5kYXIlMjIlM0UlM0MlMkZpJTNFJTNDJTJGZGl2JTNFJTBBJTIwJTIwJTIwJTIwJTIwJTIwJTIwJTIwJTIwJTIwJTIwJTIwJTIwJTNDZGl2JTIwY2xhc3MlM0QlMjJpbnB1dC1kYXRlLXJlc2ElMjIlM0UlM0NpbnB1dCUyMHR5cGUlM0QlMjJ0ZXh0JTIyJTIwaWQlM0QlMjJkYXRlMiUyMiUyMG5hbWUlM0QlMjJkYXRlLWRlcGFydCUyMiUyMGNsYXNzJTNEJTIyYXNEYXRlUGlja2VyJTIyJTIwcGxhY2Vob2xkZXIlM0QlMjJEYXRhJTIwZGklMjBwYXJ0ZW56YSUyMiUyMCUzRSUzQ2klMjBjbGFzcyUzRCUyMmZhJTIwZmEtY2FsZW5kYXIlMjIlM0UlM0MlMkZpJTNFJTNDJTJGZGl2JTNFJTBBJTIwJTIwJTIwJTIwJTIwJTIwJTIwJTIwJTIwJTIwJTIwJTIwJTIwJTNDZGl2JTIwY2xhc3MlM0QlMjJpbnB1dC1kYXRlLXJlc2ElMjIlM0UlM0NzZWxlY3QlMjBpZCUzRCUyMnNlbGVjdGVkQWR1bHRDb3VudCUyMiUyMG5hbWUlM0QlMjJzZWxlY3RlZEFkdWx0Q291bnQlMjIlM0UlM0MlMkZzZWxlY3QlM0UlMjAlM0NpJTIwY2xhc3MlM0QlMjJmYSUyMGZhLXVzZXIlMjIlMjBhcmlhLWhpZGRlbiUzRCUyMnRydWUlMjIlM0UlM0MlMkZpJTNFJTNDJTJGZGl2JTNFJTBBJTIwJTIwJTIwJTIwJTIwJTIwJTIwJTIwJTIwJTIwJTIwJTIwJTBBJTIwJTIwJTIwJTIwJTIwJTIwJTIwJTIwJTIwJTIwJTIwJTIwJTIwJTNDYnV0dG9uJTIwdHlwZSUzRCUyMnN1Ym1pdCUyMiUyMGNsYXNzJTNEJTIycmF2aXMtYnRuJTIwYnRuLXR5cGUtMiUyMiUzRVBSRU5PVEFSRSUzQyUyRmJ1dHRvbiUzRSUwQSUyMCUyMCUyMCUyMCUyMCUyMCUyMCUyMCUyMCUyMCUyMCUyMCUyMCUzQyUyRmZvcm0lM0UlMjAlMjAlMjAlMjAlMjAlMjAlMjAlMjAlMjAlMjAlMEElMjAlM0NzY3JpcHQlMjB0eXBlJTNEJTIydGV4dCUyRmphdmFzY3JpcHQlMjIlMjBzcmMlM0QlMjJodHRwcyUzQSUyRiUyRnd3dy5iZWF1Ym91cmctcGFyaXMtaG90ZWwuY29tJTJGYXZhaWxwcm8lMkZhdmFpbHByby5qcyUyMiUzRSUzQyUyRnNjcmlwdCUzRSUwQSUzQyUyRmRpdiUzRQ==[\/vc_raw_html][\/vc_column][\/vc_row][vc_row css=&#8221;.vc_custom_1528869659861{margin-top: 0px !important;margin-right: 0px !important;margin-bottom: 0px !important;margin-left: 0px !important;border-top-width: 0px !important;border-right-width: 0px !important;border-bottom-width: 0px !important;border-left-width: 0px !important;padding-top: 0px !important;padding-right: 0px !important;padding-bottom: 0px !important;padding-left: 0px !important;}&#8221;][vc_column css=&#8221;.vc_custom_1527175710724{margin-top: 0px !important;margin-right: 0px !important;margin-bottom: 0px !important;margin-left: 0px !important;border-top-width: 0px !important;border-right-width: 0px !important;border-bottom-width: 0px !important;border-left-width: 0px !important;padding-top: 0px !important;padding-right: 0px !important;padding-bottom: 0px !important;padding-left: 0px !important;}&#8221;][rev_slider_vc alias=&#8221;junior-it&#8221;][\/vc_column][\/vc_row][vc_row css=&#8221;.vc_custom_1527232198207{margin-top: 10px !important;margin-right: 0px !important;margin-bottom: 0px !important;margin-left: 0px !important;border-top-width: 0px !important;border-right-width: 0px !important;border-bottom-width: 0px !important;border-left-width: 0px !important;padding-top: 0px !important;padding-right: 0px !important;padding-bottom: 0px !important;padding-left: 0px !important;}&#8221;][vc_column offset=&#8221;vc_col-md-offset-2 vc_col-md-8 vc_col-sm-offset-0&#8243; css=&#8221;.vc_custom_1528268185266{margin-top: 0px !important;padding-top: 0px !important;}&#8221;][vc_raw_html css=&#8221;.vc_custom_1530695653952{margin-top: 0px !important;margin-bottom: 10px !important;padding-bottom: 0px !important;}&#8221;]JTNDZGl2JTIwY2xhc3MlM0QlMjJyYXZpcy10aXRsZS10LTIlMjIlM0UlM0NkaXYlMjBjbGFzcyUzRCUyMnRpdGxlJTIyJTNFJTNDc3BhbiUzRVN1aXRlJTIwanVuaW9yJTIwdGVycmF6emElM0MlMkZzcGFuJTNFJTNDJTJGZGl2JTNFJTNDZGl2JTIwY2xhc3MlM0QlMjJzdWItdGl0bGUlMjIlM0UlM0MlMkZkaXYlM0UlM0MlMkZkaXYlM0U=[\/vc_raw_html][vc_column_text css=&#8221;.vc_custom_1531399922069{margin-top: 20px !important;margin-bottom: 0px !important;padding-top: 0px !important;padding-right: 20px !important;padding-bottom: 20px !important;padding-left: 20px !important;}&#8221;]<\/p>\n<div style=\"text-align: justify;\">\n<h4 style=\"text-align: center;\"><strong>1 a 3 persone &#8211; 23 m\u00b2<br \/>\nTerrazza : 19 M2<\/strong><\/h4>\n<h5 style=\"text-align: center;\">1 Letto matrimoniale : 160 X 200 cm<\/h5>\n<\/div>\n<p>&nbsp;<\/p>\n<p><strong>Un giardino in citt\u00e0!<\/strong> Una <strong>camera immensa<\/strong> che si apre su un angolo di paradiso \u2026 <strong>grande terazza per un chiar&#8217; di luna in privato<\/strong> \u2026 Un <strong>luogo raro ed incantevole<\/strong>, una casa di campagna nel centro del quartiere del Marais per vivere in tutt&#8217;intimit\u00e0 la vostra luna di mielle con Parigi.<\/p>\n<p>&nbsp;<\/p>\n<p style=\"text-align: center;\"><a class=\"ravis-btn btn-type-2\" href=\"http:\/\/www.secure-hotel-booking.com\/Hotel-Beaubourg\/2GUJ\/search?hotelId=2285&amp;language=it\" target=\"_blank\" rel=\"noopener noreferrer\">Prenotare <i class=\"fa fa-calendar\"><\/i><\/a><\/p>\n<p>[\/vc_column_text][vc_raw_html css=&#8221;.vc_custom_1530695714403{margin-top: 20px !important;margin-bottom: 50px !important;padding-bottom: 0px !important;}&#8221;]JTNDZGl2JTIwY2xhc3MlM0QlMjJyYXZpcy10aXRsZS10LTIlMjIlM0UlM0NkaXYlMjBjbGFzcyUzRCUyMnRpdGxlJTIyJTNFJTNDc3BhbiUzRUF0dHJlenphdHVyZSUzQyUyRnNwYW4lM0UlM0MlMkZkaXYlM0UlM0NkaXYlMjBjbGFzcyUzRCUyMnN1Yi10aXRsZSUyMiUzRSUzQyUyRmRpdiUzRSUzQyUyRmRpdiUzRQ==[\/vc_raw_html][vc_row_inner][vc_column_inner width=&#8221;1\/2&#8243;][vc_column_text]<\/p>\n<ul>\n<li>Fibra Wifi libera e sicura<\/li>\n<li>Aria condizionata reversibile<\/li>\n<li>Insonorizzazione<\/li>\n<li>Vassoio di cortesia (T\u00e9, caff\u00e8)<\/li>\n<li>TV connessa 43\u201d 4K, TNT e Satellite<\/li>\n<li>Caricatore USB<\/li>\n<li>Sicuro (per laptop da 15 pollici)<\/li>\n<li>Minibar<\/li>\n<li>Letto integrativo per un bambino di 0 a 14 anni ( con supplemento)<\/li>\n<\/ul>\n<p>[\/vc_column_text][\/vc_column_inner][vc_column_inner width=&#8221;1\/2&#8243;][vc_column_text]<\/p>\n<ul>\n<li>Riscaldamento centrale<\/li>\n<li>Bagno privato<\/li>\n<li>Asciugacapelli<\/li>\n<li>Prodotti di benvenuto<\/li>\n<li>specchio d&#8217;ingrandimento<\/li>\n<li>Gratis lettino per neonati su richiesta<\/li>\n<li>Deposito bagagli<\/li>\n<li>Linea telefonica diretta<\/li>\n<li>Fumare accettato sulla terrazza<\/li>\n<\/ul>\n<p>[\/vc_column_text][\/vc_column_inner][\/vc_row_inner][vc_raw_html]JTNDZGl2JTIwY2xhc3MlM0QlMjJpY29ucy1jb250YWluZXIlMjIlM0UlMEElM0N1bCUyMGNsYXNzJTNEJTIybGlzdC1pbmxpbmUlMjIlM0UlMEElM0NsaSUyMHRpdGxlJTNEJTIyV0lGSSUyMiUzRSUzQ2klMjBjbGFzcyUzRCUyMmZhJTIwZmEtd2lmaSUyMiUyMGFyaWEtaGlkZGVuJTNEJTIydHJ1ZSUyMiUzRSUzQyUyRmklM0UlM0MlMkZsaSUzRSUwQSUzQ2xpJTIwdGl0bGUlM0QlMjJQcm9kb3R0aSUyMGRpJTIwYmVudmVudXRvJTIyJTNFJTNDaSUyMGNsYXNzJTNEJTIycmF2aXMtaWNvbi10b2lsZXRyaWVzJTIyJTNFJTNDJTJGaSUzRSUzQyUyRmxpJTNFJTBBJTNDbGklMjB0aXRsZSUzRCUyMkFyaWElMjBjb25kaXppb25hdGElMjIlM0UlM0NpJTIwY2xhc3MlM0QlMjJyYXZpcy1pY29uLWFpci1jb25kaXRpb25lciUyMiUzRSUzQyUyRmklM0UlM0MlMkZsaSUzRSUwQSUzQ2xpJTIwdGl0bGUlM0QlMjJBc2NpdWdhY2FwZWxsaSUyMiUzRSUzQ2klMjBjbGFzcyUzRCUyMnJhdmlzLWljb24taGFpci1kcnllciUyMiUzRSUzQyUyRmklM0UlM0MlMkZsaSUzRSUwQSUzQ2xpJTIwdGl0bGUlM0QlMjJzcGVjY2hpbyUyMGQlMjdpbmdyYW5kaW1lbnRvJTIyJTNFJTNDaSUyMGNsYXNzJTNEJTIyZmElMjBmYS1jaXJjbGUtbyUyMiUyMGFyaWEtaGlkZGVuJTNEJTIydHJ1ZSUyMiUzRSUzQyUyRmklM0UlM0MlMkZsaSUzRSUwQSUzQ2xpJTIwdGl0bGUlM0QlMjJzdmVnbGlhJTIyJTNFJTNDaSUyMGNsYXNzJTNEJTIycmF2aXMtaWNvbi1hbGFybS1jbG9jayUyMiUzRSUzQyUyRmklM0UlM0MlMkZsaSUzRSUwQSUzQ2xpJTIwdGl0bGUlM0QlMjJEZXBvc2l0byUyMGJhZ2FnbGklMjIlM0UlM0NpJTIwY2xhc3MlM0QlMjJyYXZpcy1pY29uLWx1Z2dhZ2UlMjIlM0UlM0MlMkZpJTNFJTNDJTJGbGklM0UlMEElM0NsaSUyMHRpdGxlJTNEJTIyYXJtYWRpJTIyJTNFJTNDaSUyMGNsYXNzJTNEJTIycmF2aXMtaWNvbi1kcmF3ZXJzJTIyJTNFJTNDJTJGaSUzRSUzQyUyRmxpJTNFJTBBJTNDbGklMjB0aXRsZSUzRCUyMnJpdmlzdGUlMjIlM0UlM0NpJTIwY2xhc3MlM0QlMjJyYXZpcy1pY29uLW5ld3NwYXBlciUyMiUzRSUzQyUyRmklM0UlM0MlMkZsaSUzRSUwQSUzQ2xpJTIwdGl0bGUlM0QlMjJDb21vZGlubyUyMiUzRSUzQ2klMjBjbGFzcyUzRCUyMnJhdmlzLWljb24tbmlnaHRzdGFuZCUyMiUzRSUzQyUyRmklM0UlM0MlMkZsaSUzRSUwQSUzQ2xpJTIwdGl0bGUlM0QlMjJCYWdubyUyMiUzRSUzQ2klMjBjbGFzcyUzRCUyMnJhdmlzLWljb24tc2hvd2VyJTIyJTNFJTNDJTJGaSUzRSUzQyUyRmxpJTNFJTBBJTNDbGklMjB0aXRsZSUzRCUyMlRWJTIwNEslMjBjb25uZXNzYSUyMiUzRSUzQ2klMjBjbGFzcyUzRCUyMmZhJTIwZmEtdGVsZXZpc2lvbiUyMiUyMGFyaWEtaGlkZGVuJTNEJTIydHJ1ZSUyMiUzRSUzQyUyRmklM0UlM0MlMkZsaSUzRSUwQSUzQ2xpJTIwdGl0bGUlM0QlMjJhc2NpdWdhbWFuaSUyMiUzRSUzQ2klMjBjbGFzcyUzRCUyMnJhdmlzLWljb24tdG93ZWwlMjIlM0UlM0MlMkZpJTNFJTNDJTJGbGklM0UlMEElM0NsaSUyMHRpdGxlJTNEJTIyU2Vydml6aW8lMjBkaSUyMHB1bGl6aWElMjIlMjB0aXRsZSUzRCUyMiUyMiUzRSUzQ2klMjBjbGFzcyUzRCUyMnJhdmlzLWljb24tY2xlYW5pbmctc2VydmljZSUyMiUzRSUzQyUyRmklM0UlM0MlMkZsaSUzRSUwQSUzQ2xpJTIwdGl0bGUlM0QlMjJWYXNzb2lvJTIwZGklMjBjb3J0ZXNpYSUyMiUzRSUzQ2klMjBjbGFzcyUzRCUyMmZhJTIwZmEtY29mZmVlJTIyJTIwYXJpYS1oaWRkZW4lM0QlMjJ0cnVlJTIyJTNFJTNDJTJGaSUzRSUzQyUyRmxpJTNFJTBBJTNDbGklMjB0aXRsZSUzRCUyMmxhdmFuZGVyaWElMjIlM0UlM0NpJTIwY2xhc3MlM0QlMjJyYXZpcy1pY29uLWxhdW5kcnktc2VydmljZSUyMiUzRSUzQyUyRmklM0UlM0MlMkZsaSUzRSUwQSUzQ2xpJTIwdGl0bGUlM0QlMjJSZWNlcHRpb24lMjAyNCUyMG9yZSUyMiUzRSUzQ2klMjBjbGFzcyUzRCUyMnJhdmlzLWljb24taG90ZWwtc3RhZmYlMjIlM0UlM0MlMkZpJTNFJTNDJTJGbGklM0UlMEElM0NsaSUyMHRpdGxlJTNEJTIydGVsZWZvbm8lMjIlM0UlM0NpJTIwY2xhc3MlM0QlMjJmYSUyMGZhLXBob25lJTIyJTIwYXJpYS1oaWRkZW4lM0QlMjJ0cnVlJTIyJTNFJTNDJTJGaSUzRSUzQyUyRmxpJTNFJTBBJTNDbGklMjB0aXRsZSUzRCUyMkNhcmljYXRvcmUlMjBVU0IlMjIlM0UlM0NpJTIwY2xhc3MlM0QlMjJyYXZpcy1pY29uLXBsdWclMjBhcmlhLWhpZGRlbiUzRCUyMnRydWUlMjIlM0UlM0MlMkZpJTNFJTNDJTJGbGklM0UlMEElM0NsaSUyMHRpdGxlJTNEJTIyU2ljaGVyJTIyJTNFJTNDaSUyMGNsYXNzJTNEJTIycmF2aXMtaWNvbi1zYWZlYm94JTIwYXJpYS1oaWRkZW4lM0QlMjJ0cnVlJTIyJTNFJTNDJTJGaSUzRSUzQyUyRmxpJTNFJTBBJTNDJTJGdWwlM0UlMEElM0MlMkZkaXYlM0U=[\/vc_raw_html][vc_column_text css=&#8221;.vc_custom_1532058780199{margin-top: 20px !important;margin-bottom: 0px !important;padding-top: 0px !important;padding-right: 20px !important;padding-bottom: 20px !important;padding-left: 20px !important;}&#8221;]<\/p>\n<div style=\"text-align: justify;\">\n<hr \/>\n<p style=\"text-align: justify;\">Travi autentiche e campi di fiori, porcellane all&#8217;antica ed attrezzature moderne&#8230;<\/p>\n<p style=\"text-align: justify;\"><strong>28 ambienti nel contempo di lusso e rustici<\/strong>, le camere ristrutturate recentemente ed arredate con scorrevolezza, con bagni confortevoli, sono ventotto gioielli preziosi ed originali&#8230;<\/p>\n<p style=\"text-align: justify;\">Un universo al di l\u00e0 del tempo e servizi contemporanei per godersi un attimo di rilassamento al riparo dalla frenesia di Parigi&#8230;<\/p>\n<p style=\"text-align: justify;\">Rosa cipria, verde mandorla e blu reale, rosso vivo su grigio elegante: <strong>chiedete il programma !<\/strong> Tele di Jouy, gigli e stampe giapponesi ricordano il pop e lo sfarzo. Mobili in legno scuro o laccati, <strong>attrezzature moderne<\/strong> per restare collegati&#8230; Tessuti retr\u00f2 e TV a schermo piatto, colori energici e <strong>Wi-Fi,<\/strong> tende damascate, finestre insonorizzate&#8230;<\/p>\n<p style=\"text-align: justify;\"><strong>Un&#8217;armonia serena e tonificante.<\/strong><\/p>\n<\/div>\n<p>&nbsp;<\/p>\n<p style=\"text-align: center;\"><a class=\"ravis-btn btn-type-2\" href=\"http:\/\/www.secure-hotel-booking.com\/Hotel-Beaubourg\/2GUJ\/search?hotelId=2285&amp;language=it\" target=\"_blank\" rel=\"noopener noreferrer\">Prenotare <i class=\"fa fa-calendar\"><\/i><\/a><\/p>\n<p>[\/vc_column_text][\/vc_column][\/vc_row][vc_row full_width=&#8221;stretch_row_content_no_spaces&#8221; content_placement=&#8221;middle&#8221; css=&#8221;.vc_custom_1527232176154{margin-top: 0px !important;margin-right: 0px !important;margin-bottom: 50px !important;margin-left: 0px !important;border-top-width: 0px !important;border-right-width: 0px !important;border-bottom-width: 0px !important;border-left-width: 0px !important;padding-top: 0px !important;padding-right: 0px !important;padding-bottom: 0px !important;padding-left: 0px !important;}&#8221;][vc_column width=&#8221;5\/6&#8243; el_class=&#8221;inner-container container&#8221; offset=&#8221;vc_col-lg-offset-1 vc_col-md-offset-1 vc_col-xs-12&#8243; css=&#8221;.vc_custom_1526549008196{margin-top: 0px !important;margin-right: 0px !important;margin-bottom: 0px !important;margin-left: 0px !important;border-top-width: 0px !important;border-right-width: 0px !important;border-bottom-width: 0px !important;border-left-width: 0px !important;padding-top: 0px !important;padding-right: 0px !important;padding-bottom: 0px !important;padding-left: 0px !important;}&#8221;][vc_separator color=&#8221;black&#8221;][vc_row_inner css=&#8221;.vc_custom_1527172673588{margin-bottom: 0px !important;padding-bottom: 20px !important;}&#8221;][vc_column_inner el_class=&#8221;block-shadow&#8221; width=&#8221;1\/3&#8243; offset=&#8221;vc_col-lg-4 vc_col-md-4&#8243; css=&#8221;.vc_custom_1527834190220{padding-right: 10px !important;padding-left: 10px !important;}&#8221;][rev_slider_vc alias=&#8221;encart-classique-it&#8221;][vc_column_text css=&#8221;.vc_custom_1532058786384{padding-top: 0px !important;padding-right: 20px !important;padding-bottom: 0px !important;padding-left: 20px !important;}&#8221;]<\/p>\n<h4>Doppia classica<\/h4>\n<p>1 a 2 persone<br \/>\n11 a 15 m\u00b2<\/p>\n<hr \/>\n<p><a class=\"btn-plus\" href=\"http:\/\/www.beaubourg-paris-hotel.com\/it\/camere-classica-doppia\/\">Pi\u00f9 dettagli<\/a><\/p>\n<p style=\"text-align: left;\"><a class=\"btn-plus-resa\" href=\"http:\/\/www.secure-hotel-booking.com\/Hotel-Beaubourg\/2GUJ\/search?hotelId=2285&amp;language=it\" target=\"_blank\" rel=\"noopener noreferrer\">PRENOTARE<\/a><\/p>\n<p>[\/vc_column_text][\/vc_column_inner][vc_column_inner el_class=&#8221;block-shadow&#8221; width=&#8221;1\/3&#8243; offset=&#8221;vc_col-lg-4 vc_col-md-4&#8243; css=&#8221;.vc_custom_1527834197526{padding-right: 10px !important;padding-left: 10px !important;}&#8221;][rev_slider_vc alias=&#8221;encart-double-it&#8221;][vc_column_text css=&#8221;.vc_custom_1532058793957{padding-top: 0px !important;padding-right: 20px !important;padding-bottom: 0px !important;padding-left: 20px !important;}&#8221;]<\/p>\n<h4>Doppia superior<\/h4>\n<p>1 a 2 persone<br \/>\n17 a 20 m\u00b2<\/p>\n<hr \/>\n<p><a class=\"btn-plus\" href=\"http:\/\/www.beaubourg-paris-hotel.com\/it\/camere-superior-doppia\/\">Pi\u00f9 dettagli<\/a><\/p>\n<p style=\"text-align: left;\"><a class=\"btn-plus-resa\" href=\"http:\/\/www.secure-hotel-booking.com\/Hotel-Beaubourg\/2GUJ\/search?hotelId=2285&amp;language=it\" target=\"_blank\" rel=\"noopener noreferrer\">PRENOTARE<\/a><\/p>\n<p>[\/vc_column_text][\/vc_column_inner][vc_column_inner el_class=&#8221;block-shadow&#8221; width=&#8221;1\/3&#8243; offset=&#8221;vc_col-lg-4 vc_col-md-4&#8243; css=&#8221;.vc_custom_1527834210400{padding-right: 10px !important;padding-left: 10px !important;}&#8221;][rev_slider_vc alias=&#8221;encart-twin-it&#8221;][vc_column_text css=&#8221;.vc_custom_1532058799878{padding-top: 0px !important;padding-right: 20px !important;padding-bottom: 0px !important;padding-left: 20px !important;}&#8221;]<\/p>\n<h4>Gemelli superior<\/h4>\n<p>1 a 2 persone<br \/>\n17 a 20 m\u00b2<\/p>\n<hr \/>\n<p><a class=\"btn-plus\" href=\"http:\/\/www.beaubourg-paris-hotel.com\/it\/camere-gemelli-superior\/\">Pi\u00f9 dettagli<\/a><\/p>\n<p style=\"text-align: left;\"><a class=\"btn-plus-resa\" href=\"http:\/\/www.secure-hotel-booking.com\/Hotel-Beaubourg\/2GUJ\/search?hotelId=2285&amp;language=it\" target=\"_blank\" rel=\"noopener noreferrer\">PRENOTARE<\/a><\/p>\n<p>[\/vc_column_text][\/vc_column_inner][\/vc_row_inner][\/vc_column][\/vc_row]<\/p>\n","protected":false},"excerpt":{"rendered":"<p>[vc_row css=&#8221;.vc_custom_1528354155092{margin-top: 0px !important;margin-bottom: 0px !important;padding-top: 0px !important;padding-bottom: 0px !important;}&#8221; el_class=&#8221;bande-resa&#8221;][vc_column css=&#8221;.vc_custom_1528267759646{margin-top: 0px !important;margin-right: 0px !important;margin-bottom: 0px !important;margin-left: 0px !important;border-top-width: 0px !important;border-right-width: 0px !important;border-bottom-width: 0px !important;border-left-width: 0px !important;padding-top: 5px !important;padding-right: 0px !important;padding-bottom: 5px !important;padding-left: 0px&#8230;<\/p>\n<div class=\"read-more-container\"><a class=\"more-link btn btn-default btn-sm read-more\" href=\"https:\/\/www.beaubourg-paris-hotel.com\/it\/suite-junior-terrazza\/\">Read More<\/a><\/div>\n","protected":false},"author":1,"featured_media":0,"parent":0,"menu_order":0,"comment_status":"closed","ping_status":"closed","template":"","meta":{"footnotes":""},"class_list":["post-16493","page","type-page","status-publish","hentry"],"yoast_head":"<title>H\u00f4tel Beaubourg*** - Parigi, Marais - Le migliori tariffe sul sito ufficiale - Suite junior<\/title>\n<meta name=\"description\" content=\"Riservazione diretta - Sito Ufficiale meno caro che Booking.com! - il sito ufficiale dell&#039;albergo Beaubourg vi fa scoprire le sue diverse camere Classiche, Superiori, Junior Suite, dove si sposano l&#039;incanto dell&#039;antico e la comodit\u00e0 del moderno, finestre doppi vetri, Climatizzazione, Accesso Wi-Fi, Mini-Bar, TV schermo piatto.\" \/>\n<meta name=\"robots\" content=\"index, follow, max-snippet:-1, max-image-preview:large, max-video-preview:-1\" \/>\n<link rel=\"canonical\" href=\"https:\/\/www.beaubourg-paris-hotel.com\/it\/suite-junior-terrazza\/\" \/>\n<meta property=\"og:locale\" content=\"it_IT\" \/>\n<meta property=\"og:type\" content=\"article\" \/>\n<meta property=\"og:title\" content=\"H\u00f4tel Beaubourg*** - Parigi, Marais - Le migliori tariffe sul sito ufficiale - Suite junior\" \/>\n<meta property=\"og:description\" content=\"Riservazione diretta - Sito Ufficiale meno caro che Booking.com! - il sito ufficiale dell&#039;albergo Beaubourg vi fa scoprire le sue diverse camere Classiche, Superiori, Junior Suite, dove si sposano l&#039;incanto dell&#039;antico e la comodit\u00e0 del moderno, finestre doppi vetri, Climatizzazione, Accesso Wi-Fi, Mini-Bar, TV schermo piatto.\" \/>\n<meta property=\"og:url\" content=\"https:\/\/www.beaubourg-paris-hotel.com\/it\/suite-junior-terrazza\/\" \/>\n<meta property=\"og:site_name\" content=\"H\u00f4tel Beaubourg\" \/>\n<meta property=\"article:modified_time\" content=\"2023-06-14T13:44:45+00:00\" \/>\n<meta name=\"twitter:card\" content=\"summary_large_image\" \/>\n<meta name=\"twitter:label1\" content=\"Tempo di lettura stimato\" \/>\n\t<meta name=\"twitter:data1\" content=\"4 minuti\" \/>\n<script type=\"application\/ld+json\" class=\"yoast-schema-graph\">{\"@context\":\"https:\/\/schema.org\",\"@graph\":[{\"@type\":\"WebPage\",\"@id\":\"https:\/\/www.beaubourg-paris-hotel.com\/it\/suite-junior-terrazza\/\",\"url\":\"https:\/\/www.beaubourg-paris-hotel.com\/it\/suite-junior-terrazza\/\",\"name\":\"H\u00f4tel Beaubourg*** - Parigi, Marais - Le migliori tariffe sul sito ufficiale - Suite junior\",\"isPartOf\":{\"@id\":\"https:\/\/www.beaubourg-paris-hotel.com\/it\/#website\"},\"datePublished\":\"2018-06-06T07:15:07+00:00\",\"dateModified\":\"2023-06-14T13:44:45+00:00\",\"description\":\"Riservazione diretta - Sito Ufficiale meno caro che Booking.com! - il sito ufficiale dell'albergo Beaubourg vi fa scoprire le sue diverse camere Classiche, Superiori, Junior Suite, dove si sposano l'incanto dell'antico e la comodit\u00e0 del moderno, finestre doppi vetri, Climatizzazione, Accesso Wi-Fi, Mini-Bar, TV schermo piatto.\",\"breadcrumb\":{\"@id\":\"https:\/\/www.beaubourg-paris-hotel.com\/it\/suite-junior-terrazza\/#breadcrumb\"},\"inLanguage\":\"it-IT\",\"potentialAction\":[{\"@type\":\"ReadAction\",\"target\":[\"https:\/\/www.beaubourg-paris-hotel.com\/it\/suite-junior-terrazza\/\"]}]},{\"@type\":\"BreadcrumbList\",\"@id\":\"https:\/\/www.beaubourg-paris-hotel.com\/it\/suite-junior-terrazza\/#breadcrumb\",\"itemListElement\":[{\"@type\":\"ListItem\",\"position\":1,\"name\":\"Accueil\",\"item\":\"https:\/\/www.beaubourg-paris-hotel.com\/it\/\"},{\"@type\":\"ListItem\",\"position\":2,\"name\":\"Suite junior terrazza\"}]},{\"@type\":\"WebSite\",\"@id\":\"https:\/\/www.beaubourg-paris-hotel.com\/it\/#website\",\"url\":\"https:\/\/www.beaubourg-paris-hotel.com\/it\/\",\"name\":\"H\u00f4tel Beaubourg\",\"description\":\"H\u00f4tel 3 \u00e9toiles de charme, Paris Centre.\",\"potentialAction\":[{\"@type\":\"SearchAction\",\"target\":{\"@type\":\"EntryPoint\",\"urlTemplate\":\"https:\/\/www.beaubourg-paris-hotel.com\/it\/?s={search_term_string}\"},\"query-input\":{\"@type\":\"PropertyValueSpecification\",\"valueRequired\":true,\"valueName\":\"search_term_string\"}}],\"inLanguage\":\"it-IT\"}]}<\/script>","yoast_head_json":{"title":"H\u00f4tel Beaubourg*** - Parigi, Marais - Le migliori tariffe sul sito ufficiale - Suite junior","description":"Riservazione diretta - Sito Ufficiale meno caro che Booking.com! - il sito ufficiale dell'albergo Beaubourg vi fa scoprire le sue diverse camere Classiche, Superiori, Junior Suite, dove si sposano l'incanto dell'antico e la comodit\u00e0 del moderno, finestre doppi vetri, Climatizzazione, Accesso Wi-Fi, Mini-Bar, TV schermo piatto.","robots":{"index":"index","follow":"follow","max-snippet":"max-snippet:-1","max-image-preview":"max-image-preview:large","max-video-preview":"max-video-preview:-1"},"canonical":"https:\/\/www.beaubourg-paris-hotel.com\/it\/suite-junior-terrazza\/","og_locale":"it_IT","og_type":"article","og_title":"H\u00f4tel Beaubourg*** - Parigi, Marais - Le migliori tariffe sul sito ufficiale - Suite junior","og_description":"Riservazione diretta - Sito Ufficiale meno caro che Booking.com! - il sito ufficiale dell'albergo Beaubourg vi fa scoprire le sue diverse camere Classiche, Superiori, Junior Suite, dove si sposano l'incanto dell'antico e la comodit\u00e0 del moderno, finestre doppi vetri, Climatizzazione, Accesso Wi-Fi, Mini-Bar, TV schermo piatto.","og_url":"https:\/\/www.beaubourg-paris-hotel.com\/it\/suite-junior-terrazza\/","og_site_name":"H\u00f4tel Beaubourg","article_modified_time":"2023-06-14T13:44:45+00:00","twitter_card":"summary_large_image","twitter_misc":{"Tempo di lettura stimato":"4 minuti"},"schema":{"@context":"https:\/\/schema.org","@graph":[{"@type":"WebPage","@id":"https:\/\/www.beaubourg-paris-hotel.com\/it\/suite-junior-terrazza\/","url":"https:\/\/www.beaubourg-paris-hotel.com\/it\/suite-junior-terrazza\/","name":"H\u00f4tel Beaubourg*** - Parigi, Marais - Le migliori tariffe sul sito ufficiale - Suite junior","isPartOf":{"@id":"https:\/\/www.beaubourg-paris-hotel.com\/it\/#website"},"datePublished":"2018-06-06T07:15:07+00:00","dateModified":"2023-06-14T13:44:45+00:00","description":"Riservazione diretta - Sito Ufficiale meno caro che Booking.com! - il sito ufficiale dell'albergo Beaubourg vi fa scoprire le sue diverse camere Classiche, Superiori, Junior Suite, dove si sposano l'incanto dell'antico e la comodit\u00e0 del moderno, finestre doppi vetri, Climatizzazione, Accesso Wi-Fi, Mini-Bar, TV schermo piatto.","breadcrumb":{"@id":"https:\/\/www.beaubourg-paris-hotel.com\/it\/suite-junior-terrazza\/#breadcrumb"},"inLanguage":"it-IT","potentialAction":[{"@type":"ReadAction","target":["https:\/\/www.beaubourg-paris-hotel.com\/it\/suite-junior-terrazza\/"]}]},{"@type":"BreadcrumbList","@id":"https:\/\/www.beaubourg-paris-hotel.com\/it\/suite-junior-terrazza\/#breadcrumb","itemListElement":[{"@type":"ListItem","position":1,"name":"Accueil","item":"https:\/\/www.beaubourg-paris-hotel.com\/it\/"},{"@type":"ListItem","position":2,"name":"Suite junior terrazza"}]},{"@type":"WebSite","@id":"https:\/\/www.beaubourg-paris-hotel.com\/it\/#website","url":"https:\/\/www.beaubourg-paris-hotel.com\/it\/","name":"H\u00f4tel Beaubourg","description":"H\u00f4tel 3 \u00e9toiles de charme, Paris Centre.","potentialAction":[{"@type":"SearchAction","target":{"@type":"EntryPoint","urlTemplate":"https:\/\/www.beaubourg-paris-hotel.com\/it\/?s={search_term_string}"},"query-input":{"@type":"PropertyValueSpecification","valueRequired":true,"valueName":"search_term_string"}}],"inLanguage":"it-IT"}]}},"_links":{"self":[{"href":"https:\/\/www.beaubourg-paris-hotel.com\/it\/wp-json\/wp\/v2\/pages\/16493","targetHints":{"allow":["GET"]}}],"collection":[{"href":"https:\/\/www.beaubourg-paris-hotel.com\/it\/wp-json\/wp\/v2\/pages"}],"about":[{"href":"https:\/\/www.beaubourg-paris-hotel.com\/it\/wp-json\/wp\/v2\/types\/page"}],"author":[{"embeddable":true,"href":"https:\/\/www.beaubourg-paris-hotel.com\/it\/wp-json\/wp\/v2\/users\/1"}],"replies":[{"embeddable":true,"href":"https:\/\/www.beaubourg-paris-hotel.com\/it\/wp-json\/wp\/v2\/comments?post=16493"}],"version-history":[{"count":13,"href":"https:\/\/www.beaubourg-paris-hotel.com\/it\/wp-json\/wp\/v2\/pages\/16493\/revisions"}],"predecessor-version":[{"id":21084,"href":"https:\/\/www.beaubourg-paris-hotel.com\/it\/wp-json\/wp\/v2\/pages\/16493\/revisions\/21084"}],"wp:attachment":[{"href":"https:\/\/www.beaubourg-paris-hotel.com\/it\/wp-json\/wp\/v2\/media?parent=16493"}],"curies":[{"name":"wp","href":"https:\/\/api.w.org\/{rel}","templated":true}]}}