{"id":16451,"date":"2018-05-03T14:12:50","date_gmt":"2018-05-03T12:12:50","guid":{"rendered":"http:\/\/www.beaubourg-paris-hotel.com\/accueil-hotel-beaubourg\/"},"modified":"2022-06-23T10:47:06","modified_gmt":"2022-06-23T08:47:06","slug":"accueil-hotel-beaubourg","status":"publish","type":"page","link":"https:\/\/www.beaubourg-paris-hotel.com\/it\/","title":{"rendered":"Albergo"},"content":{"rendered":"<p>[vc_row el_class=&#8221;bande-resa&#8221;][vc_column css=&#8221;.vc_custom_1526545203635{margin-top: 5px !important;margin-bottom: 5px !important;padding-top: 0px !important;padding-bottom: 0px !important;}&#8221; offset=&#8221;vc_col-lg-offset-2 vc_col-lg-8 vc_col-md-offset-2 vc_col-md-8 vc_hidden-xs&#8221;][vc_raw_html css=&#8221;.vc_custom_1532058241746{margin-top: 0px !important;margin-right: 0px !important;margin-bottom: 0px !important;margin-left: 0px !important;border-top-width: 0px !important;border-right-width: 0px !important;border-bottom-width: 0px !important;border-left-width: 0px !important;padding-top: 0px !important;padding-right: 0px !important;padding-bottom: 0px !important;padding-left: 0px !important;}&#8221;]JTNDZGl2JTIwY2xhc3MlM0QlMjJyZXNlcnZhdGlvbi1mb3JtJTIwZGVzayUyMiUyMHN0eWxlJTNEJTIydGV4dC1hbGlnbiUzQSUyMGNlbnRlciUzQiUyMiUzRSUwQSUzQ2Zvcm0lMjBpZCUzRCUyMkFWUCUyMiUyMGFjdGlvbiUzRCUyMmh0dHAlM0ElMkYlMkZ3d3cuc2VjdXJlLWhvdGVsLWJvb2tpbmcuY29tJTJGSG90ZWwtQmVhdWJvdXJnJTJGMkdVSiUyRnNlYXJjaCUzRmhvdGVsSWQlM0QyMjg1JTIyJTIwbWV0aG9kJTNEJTIycG9zdCUyMiUyMHRhcmdldCUzRCUyMl9ibGFuayUyMiUyMG9uc3VibWl0JTNEJTIyaWYlMjhfZ2FxJTIxJTNEbnVsbCUyOV9nYXEucHVzaCUyOCU1QiUyN19saW5rQnlQb3N0JTI3JTJDJTIwdGhpcyU1RCUyOSUzQiUyMiUzRSUwQSUyMCUyMCUyMCUyMCUyMCUyMCUyMCUyMCUyMCUyMCUyMCUyMCUyMCUzQ2lucHV0JTIwdHlwZSUzRCUyMmhpZGRlbiUyMiUyMGlkJTNEJTIybGFuZ3VhZ2UlMjIlMjBuYW1lJTNEJTIybGFuZ3VhZ2UlMjIlMjB2YWx1ZSUzRCUyMml0JTIyJTIwJTJGJTNFJTBBJTIwJTIwJTIwJTIwJTIwJTIwJTIwJTIwJTIwJTIwJTIwJTIwJTIwJTNDaW5wdXQlMjB0eXBlJTNEJTIyaGlkZGVuJTIyJTIwaWQlM0QlMjJBVlBfYXJyaXZhbERhdGUlMjIlMjBuYW1lJTNEJTIyYXJyaXZhbERhdGUlMjIlMjB2YWx1ZSUzRCUyMiUyMiUyMCUyRiUzRSUwQSUyMCUyMCUyMCUyMCUyMCUyMCUyMCUyMCUyMCUyMCUyMCUyMCUyMCUzQ2lucHV0JTIwdHlwZSUzRCUyMmhpZGRlbiUyMiUyMGlkJTNEJTIyQVZQX25pZ2h0cyUyMiUyMG5hbWUlM0QlMjJuaWdodHMlMjIlMjB2YWx1ZSUzRCUyMiUyMiUyMCUyRiUzRSUwQSUyMCUyMCUyMCUyMCUyMCUyMCUyMCUyMCUyMCUyMCUyMCUyMCUyMCUzQ2lucHV0JTIwdHlwZSUzRCUyMmhpZGRlbiUyMiUyMGlkJTNEJTIyZ3Vlc3RDb3VudFNlbGVjdG9yJTIyJTIwbmFtZSUzRCUyMmd1ZXN0Q291bnRTZWxlY3RvciUyMiUyMHZhbHVlJTNEJTIyUmVhZE9ubHklMjIlMjAlMkYlM0UlMEElMjAlMjAlMjAlMjAlMjAlMjAlMjAlMjAlMjAlMjAlMjAlMjAlMjAlM0NkaXYlMjBjbGFzcyUzRCUyMmlucHV0LWRhdGUtcmVzYSUyMiUzRSUzQ2lucHV0JTIwdHlwZSUzRCUyMnRleHQlMjIlMjBjbGFzcyUzRCUyMmFzRGF0ZVBpY2tlciUyMiUyMCUyMGlkJTNEJTIyZGF0ZSUyMiUyMG5hbWUlM0QlMjJkYXRlLWFycml2ZWUlMjIlMjAlMjBwbGFjZWhvbGRlciUzRCUyMkRhdGElMjBkaSUyMGFycml2byUyMiUyMCUzRSUzQ2klMjBjbGFzcyUzRCUyMmZhJTIwZmEtY2FsZW5kYXIlMjIlM0UlM0MlMkZpJTNFJTNDJTJGZGl2JTNFJTBBJTIwJTIwJTIwJTIwJTIwJTIwJTIwJTIwJTIwJTIwJTIwJTIwJTIwJTNDZGl2JTIwY2xhc3MlM0QlMjJpbnB1dC1kYXRlLXJlc2ElMjIlM0UlM0NpbnB1dCUyMHR5cGUlM0QlMjJ0ZXh0JTIyJTIwaWQlM0QlMjJkYXRlMiUyMiUyMG5hbWUlM0QlMjJkYXRlLWRlcGFydCUyMiUyMGNsYXNzJTNEJTIyYXNEYXRlUGlja2VyJTIyJTIwcGxhY2Vob2xkZXIlM0QlMjJEYXRhJTIwZGklMjBwYXJ0ZW56YSUyMiUyMCUzRSUzQ2klMjBjbGFzcyUzRCUyMmZhJTIwZmEtY2FsZW5kYXIlMjIlM0UlM0MlMkZpJTNFJTNDJTJGZGl2JTNFJTBBJTIwJTIwJTIwJTIwJTIwJTIwJTIwJTIwJTIwJTIwJTIwJTIwJTIwJTNDZGl2JTIwY2xhc3MlM0QlMjJpbnB1dC1kYXRlLXJlc2ElMjIlM0UlM0NzZWxlY3QlMjBpZCUzRCUyMnNlbGVjdGVkQWR1bHRDb3VudCUyMiUyMG5hbWUlM0QlMjJzZWxlY3RlZEFkdWx0Q291bnQlMjIlM0UlM0MlMkZzZWxlY3QlM0UlMjAlM0NpJTIwY2xhc3MlM0QlMjJmYSUyMGZhLXVzZXIlMjIlMjBhcmlhLWhpZGRlbiUzRCUyMnRydWUlMjIlM0UlM0MlMkZpJTNFJTNDJTJGZGl2JTNFJTBBJTIwJTIwJTIwJTIwJTIwJTIwJTIwJTIwJTIwJTIwJTIwJTIwJTBBJTIwJTIwJTIwJTIwJTIwJTIwJTIwJTIwJTIwJTIwJTIwJTIwJTIwJTNDYnV0dG9uJTIwdHlwZSUzRCUyMnN1Ym1pdCUyMiUyMGNsYXNzJTNEJTIycmF2aXMtYnRuJTIwYnRuLXR5cGUtMiUyMiUzRVBSRU5PVEFSRSUzQyUyRmJ1dHRvbiUzRSUwQSUyMCUyMCUyMCUyMCUyMCUyMCUyMCUyMCUyMCUyMCUyMCUyMCUyMCUzQyUyRmZvcm0lM0UlMEElMjAlMjAlMjAlMjAlMjAlMjAlMjAlMjAlMjAlMjAlMjAlMEElMjAlM0NzY3JpcHQlMjB0eXBlJTNEJTIydGV4dCUyRmphdmFzY3JpcHQlMjIlMjBzcmMlM0QlMjJodHRwcyUzQSUyRiUyRnd3dy5iZWF1Ym91cmctcGFyaXMtaG90ZWwuY29tJTJGYXZhaWxwcm8lMkZhdmFpbHByby5qcyUyMiUzRSUzQyUyRnNjcmlwdCUzRSUwQSUzQyUyRmRpdiUzRQ==[\/vc_raw_html][\/vc_column][\/vc_row][vc_row css=&#8221;.vc_custom_1527227581196{margin-top: 0px !important;}&#8221;][vc_column offset=&#8221;vc_hidden-xs&#8221;][rev_slider_vc alias=&#8221;accueil-it&#8221;][\/vc_column][\/vc_row][vc_row css=&#8221;.vc_custom_1570088665264{margin-top: 80px !important;}&#8221; el_class=&#8221;smart&#8221;][vc_column offset=&#8221;vc_hidden-lg vc_hidden-md vc_hidden-sm&#8221;][vc_single_image image=&#8221;19276&#8243; img_size=&#8221;full&#8221;][\/vc_column][\/vc_row][vc_row css=&#8221;.vc_custom_1594391905542{margin-top: 0px !important;}&#8221;][vc_column css_animation=&#8221;zoomIn&#8221; css=&#8221;.vc_custom_1527835785640{margin-top: -130px !important;}&#8221;][vc_column_text]<\/p>\n<div id=\"texte\"><\/div>\n<section id=\"welcome-section\" class=\" \">\n\n\t\t\t\t\t<div class=\"inner-container container\">\n\n\t\t\t\t\t\t<div class=\"l-sec col-md-7\">\n\n\t\t\t\t\t\t\t<div class=\"ravis-title-t-1\">\n\n\t\t\t\t\t\t\t\t<div class=\"title\"><span>Hotel Beaubourg<\/span><\/div>\n\n\t\t\t\t\t\t\t\t<div class=\"sub-title\">Benvenuti a Parigi<\/div>\n\n\t\t\t\t\t\t\t<\/div>\n\n\t\t\t\t\t\t\t<div class=\"content\">Per un <strong>week-end in innamorati<\/strong>, una <strong>settimana in famiglia<\/strong>, oppure tre giorni della Settimana della Moda \u2013 lasciatevi sedurre di lusso, calma e piacere dell'albergo Beaubourg, <strong>con i suoi servizi irreprensibili ed accoglienza personalizzata, pace olimpica e quartiere festoso<\/strong>. Camere particolari, \u00ab a parte unica \u00bb nelle quali le travi si abbinano all' arredamento confortevole, connessione Wi-Fi, <strong>un'atmosfera calorosa ed attrezzature moderne<\/strong> \u2013 un albergo elegante, per tutti i tipi di visitori \u2013 Parigi \u00e8 una festa in s\u00e9 !<\/p>\n<p>Muri sotto la tutela della Sovrintendenza, letti soffici e strade animate, un <strong>albergo di charme a tre stelle nel centro del quartiere del Marais<\/strong> \u2026 Venite camminare per le strade acciottolate e lastricate di Parigi, visitate il <strong>Notre Dame<\/strong>, <strong>il Louvre e il Centre Pompidou<\/strong>, prendete un drink in un bar alla moda, fatte i saldi a BHV e negozi dei creatori d'ultimo design, cenate in una brasserie ... e tornate in un batter d'occhio nel mondo ovattato dell'albergo Beaubourg !<\/p>\n<p>Struttura non accessibile alle persone a mobilit\u00e0 ridotta.<\/div><a href=\"http:\/\/www.secure-hotel-booking.com\/Hotel-Beaubourg\/2GUJ\/dateselection?language=it\" class=\"ravis-btn btn-type-2\" target=\"_blank\">Prenotare<\/a><\/div><div class=\"r-sec col-md-5\"><img decoding=\"async\" src=\"http:\/\/www.beaubourg-paris-hotel.com\/wp-content\/uploads\/2018\/05\/Hotel-beaubourg-Paris-facade-hotel-3.jpg\" alt=\"Hotel Beaubourg\"><\/div>\n\n\t\t\t\t\t<\/div>\n\n\t\t\t\t<\/section>[\/vc_column_text][\/vc_column][\/vc_row][vc_row css=&#8221;.vc_custom_1594391965261{margin-top: 0px !important;}&#8221;][vc_column css_animation=&#8221;left-to-right&#8221; css=&#8221;.vc_custom_1570088700834{margin-top: -130px !important;}&#8221; offset=&#8221;vc_hidden-xs&#8221;][vc_column_text]<\/p>\n<section id=\"luxury-rooms\" class=\"clearfix\">\n<div class=\"room-boxes col-sm-6 col-md-3\"><a class=\"inner-container\" style=\"background-image: url('http:\/\/www.beaubourg-paris-hotel.com\/wp-content\/uploads\/2018\/06\/chambre-classic-double-home.jpg');\" href=\"http:\/\/www.beaubourg-paris-hotel.com\/it\/camere-classica-doppia\/\" data-bg=\"http:\/\/www.beaubourg-paris-hotel.com\/wp-content\/uploads\/2018\/06\/chambre-classic-double-home.jpg\"><span class=\"ravis-title\"><span class=\"inner-box\"><span class=\"title\">Classica doppia<\/span><span class=\"sub-title\">11 a 15 m\u00b2 &#8211; 2 persone<\/span><\/span><\/span><\/a><\/div>\n<div class=\"room-boxes col-sm-6 col-md-3\"><a class=\"inner-container\" style=\"background-image: url('http:\/\/www.beaubourg-paris-hotel.com\/wp-content\/uploads\/2018\/06\/chambre-double-superieure-home.jpg');\" href=\"http:\/\/www.beaubourg-paris-hotel.com\/it\/camere-superior-doppia\/\" data-bg=\"http:\/\/www.beaubourg-paris-hotel.com\/wp-content\/uploads\/2018\/06\/chambre-double-superieure-home.jpg\"><span class=\"ravis-title\"><span class=\"inner-box\"><span class=\"title\">Superior doppia<\/span><span class=\"sub-title\">17 a 20 m\u00b2 &#8211; 2 persone<\/span><\/span><\/span><\/a><\/div>\n<div class=\"room-boxes col-sm-6 col-md-3\"><a class=\"inner-container\" style=\"background-image: url('http:\/\/www.beaubourg-paris-hotel.com\/wp-content\/uploads\/2018\/06\/chambre-twin-superieure-home.jpg');\" href=\"http:\/\/www.beaubourg-paris-hotel.com\/it\/camere-gemelli-superior\/\" data-bg=\"http:\/\/www.beaubourg-paris-hotel.com\/wp-content\/uploads\/2018\/06\/chambre-twin-superieure-home.jpg\"><span class=\"ravis-title\"><span class=\"inner-box\"><span class=\"title\">Gemelli superior<\/span><span class=\"sub-title\">17 a 20 m\u00b2 &#8211; 2 persone<\/span><\/span><\/span><\/a><\/div>\n<div class=\"room-boxes col-sm-6 col-md-3\"><a class=\"inner-container\" style=\"background-image: url('http:\/\/www.beaubourg-paris-hotel.com\/wp-content\/uploads\/2018\/06\/suite-junior-terrasse-home.jpg');\" href=\"http:\/\/www.beaubourg-paris-hotel.com\/it\/suite-junior-terrazza\/\" data-bg=\"http:\/\/www.beaubourg-paris-hotel.com\/wp-content\/uploads\/2018\/06\/suite-junior-terrasse-home.jpg\"><span class=\"ravis-title\"><span class=\"inner-box\"><span class=\"title\">Suite junior terrazza<\/span><span class=\"sub-title\">23 m\u00b2 &#8211; 2 persone<\/span><\/span><\/span><\/a><\/div>\n<\/section>\n<p>[\/vc_column_text][\/vc_column][\/vc_row][vc_row css=&#8221;.vc_custom_1594392034090{margin-top: 0px !important;}&#8221;][vc_column css_animation=&#8221;right-to-left&#8221; css=&#8221;.vc_custom_1594392012183{margin-top: 0px !important;}&#8221;][vc_column_text]<\/p>\n<div id=\"texte\"><\/div>\n<section id=\"welcome-section\" class=\" \">\n\n\t\t\t\t\t<div class=\"inner-container container\">\n\n\t\t\t\t\t\t<div class=\"l-sec col-md-7\">\n\n\t\t\t\t\t\t\t<div class=\"ravis-title-t-1\">\n\n\t\t\t\t\t\t\t\t<div class=\"title\"><span>Colazione a buffet : 11 \u20ac<\/span><\/div>\n\n\t\t\t\t\t\t\t\t<div class=\"sub-title\">In camera o nella sala arcuata<\/div>\n\n\t\t\t\t\t\t\t<\/div>\n\n\t\t\t\t\t\t\t<div class=\"content\">Una <strong>sala arcuata<\/strong>, delle <strong>pietre apparenti<\/strong>, un vecchio pozzo. Una <strong>cornice storica ed incantevole<\/strong> per svegliarsi in beatitudine.<\/p>\n<p>Prima di una giornata business o una passeggiata, un'<strong>abondante colazione \u00e8 disponibile dalle 7 alle 11<\/strong>, a meno che preferite oziare nel vostro letto ed essere serviti nella camera.<\/p>\n<p>La nostra colazione a <strong>buffet<\/strong> comprende la vasta scelta di :<\/p>\n<ul>\n<li>bevande calde (t\u00e8, caff\u00e8, espresso o cioccolata)<\/li>\n<li>succo d'arancia, macedonia di frutta, uova alla coque, prosciutto, formaggi<\/li>\n<li>pane, burro, marmellata e croissant, yogurt, cereali<\/li>\n<li>uova al piatto o strapazzate, omelette con prosciuto o formaggio in extra<\/li>\n<\/ul>\n<p><\/div><a href=\"http:\/\/www.secure-hotel-booking.com\/Hotel-Beaubourg\/2GUJ\/dateselection?language=it\" class=\"ravis-btn btn-type-2\" target=\"_blank\">Prenotare<\/a><\/div><div class=\"r-sec col-md-5\"><img decoding=\"async\" src=\"http:\/\/www.beaubourg-paris-hotel.com\/wp-content\/uploads\/2018\/05\/Hotel-beaubourg-Paris-pdj-3.jpg\" alt=\"Colazione a buffet : 11 \u20ac\"><\/div>\n\n\t\t\t\t\t<\/div>\n\n\t\t\t\t<\/section>[\/vc_column_text][\/vc_column][\/vc_row][vc_row][vc_column offset=&#8221;vc_hidden-xs&#8221;][vc_single_image image=&#8221;18272&#8243; img_size=&#8221;1170&#215;610&#8243; alignment=&#8221;center&#8221; css_animation=&#8221;fadeIn&#8221; css=&#8221;.vc_custom_1528992638944{margin-left: 0px !important;padding-left: 0px !important;}&#8221;][\/vc_column][\/vc_row][vc_row css=&#8221;.vc_custom_1594391914458{margin-top: 0px !important;}&#8221;][vc_column css_animation=&#8221;right-to-left&#8221; css=&#8221;.vc_custom_1570088714396{margin-top: -130px !important;}&#8221; offset=&#8221;vc_hidden-xs&#8221;][vc_column_text]\n\n\t\t\t\t<section id=\"welcome-section\" class=\" \">\n\n\t\t\t\t\t<div class=\"inner-container container\">\n\n\t\t\t\t\t\t<div class=\"l-sec col-md-7\">\n\n\t\t\t\t\t\t\t<div class=\"ravis-title-t-1\">\n\n\t\t\t\t\t\t\t\t<div class=\"title\"><span>Scoprite Parigi<\/span><\/div>\n\n\t\t\t\t\t\t\t\t<div class=\"sub-title\">Nel cuore del marais storico<\/div>\n\n\t\t\t\t\t\t\t<\/div>\n\n\t\t\t\t\t\t\t<div class=\"content\">Una <strong>posizione centrale, perfetta per visitare Parigi <\/strong>senza esaurirsi : <strong>albergo Beaubourg, nel cuore del quartiere storico Marais<\/strong>, \u00e8 situato sulla Rive Droite, nella 4\u00b0 zona della citt\u00e0. <strong>Vecchie case, strade lastricate, negozi e musei\u2026<\/strong><\/p>\n<p>A due passi : il <strong>Centro Pompidou<\/strong> d'arte contemporanea e <strong>Les Halles<\/strong>, il vecchio mercato di Parigi che sta diventando l'ornamento dell'architettura parigina contemporanea.<\/p>\n<p>Ma a scoprire anche il <strong>museo Picasso<\/strong> e dozzine di palazzi residenziali con giardini curati, oltre le passeggiate. Poco pi\u00f9 avanti, la <strong>cattedrale Notre Dame, il Louvre<\/strong> che non ha bisogno di presentazioni e il <strong>Quartiere Latino,<\/strong> i suoi negozi eleganti, ristoranti storici e i suoi leggendari bar. L'hotel Beaubourg \u00e8 il luogo dei sogni per visitare la <strong>Citt\u00e0 delle Luci<\/strong> e livellarsi d'architettura, cultura e moda.<\/div><a href=\"http:\/\/www.beaubourg-paris-hotel.com\/it\/scoprite-parigi\/\" class=\"ravis-btn btn-type-2\" target=\"_blank\">Scoprite Parigi<\/a><\/div><div class=\"r-sec col-md-5\"><img decoding=\"async\" src=\"http:\/\/www.beaubourg-paris-hotel.com\/wp-content\/uploads\/2018\/07\/Hotel-beaubourg-Paris-home1.jpg\" alt=\"Scoprite Parigi\"><\/div>\n\n\t\t\t\t\t<\/div>\n\n\t\t\t\t<\/section>[\/vc_column_text][\/vc_column][\/vc_row][vc_row css=&#8221;.vc_custom_1527683290305{margin-bottom: 30px !important;}&#8221;][vc_column css_animation=&#8221;zoomInUp&#8221; offset=&#8221;vc_col-md-offset-2 vc_col-md-8 vc_hidden-xs&#8221;][vc_column_text css=&#8221;.vc_custom_1530635284542{margin-bottom: 20px !important;}&#8221;]<\/p>\n<div class=\"ravis-title-t-2\">\n<div class=\"title\">Notizie<\/div>\n<div class=\"sub-title\">Notizie dall&#8217;hotel, mostre, spettacoli&#8230;<\/div>\n<\/div>\n<p>[\/vc_column_text][vc_wp_posts number=&#8221;5&#8243;][\/vc_column][\/vc_row]<\/p>\n","protected":false},"excerpt":{"rendered":"<p>[vc_row el_class=&#8221;bande-resa&#8221;][vc_column css=&#8221;.vc_custom_1526545203635{margin-top: 5px !important;margin-bottom: 5px !important;padding-top: 0px !important;padding-bottom: 0px !important;}&#8221; offset=&#8221;vc_col-lg-offset-2 vc_col-lg-8 vc_col-md-offset-2 vc_col-md-8 vc_hidden-xs&#8221;][vc_raw_html css=&#8221;.vc_custom_1532058241746{margin-top: 0px !important;margin-right: 0px !important;margin-bottom: 0px !important;margin-left: 0px !important;border-top-width: 0px !important;border-right-width: 0px !important;border-bottom-width: 0px !important;border-left-width: 0px !important;padding-top: 0px !important;padding-right:&#8230;<\/p>\n<div class=\"read-more-container\"><a class=\"more-link btn btn-default btn-sm read-more\" href=\"https:\/\/www.beaubourg-paris-hotel.com\/it\/\">Read More<\/a><\/div>\n","protected":false},"author":1,"featured_media":0,"parent":0,"menu_order":0,"comment_status":"closed","ping_status":"closed","template":"","meta":{"footnotes":""},"class_list":["post-16451","page","type-page","status-publish","hentry"],"yoast_head":"<title>H\u00f4tel Beaubourg*** - Parigi, Marais - Le migliori tariffe sul sito ufficiale<\/title>\n<meta name=\"description\" content=\"Riservazione diretta - Sito Ufficiale meno caro che Booking.com! Calma ed intimit\u00e0 nel cuore di Marais a Parigi, vicino a Notre Dame, Halles e centro George Pompidou.\" \/>\n<meta name=\"robots\" content=\"index, follow, max-snippet:-1, max-image-preview:large, max-video-preview:-1\" \/>\n<link rel=\"canonical\" href=\"https:\/\/www.beaubourg-paris-hotel.com\/it\/\" \/>\n<meta property=\"og:locale\" content=\"it_IT\" \/>\n<meta property=\"og:type\" content=\"article\" \/>\n<meta property=\"og:title\" content=\"H\u00f4tel Beaubourg*** - Parigi, Marais - Le migliori tariffe sul sito ufficiale\" \/>\n<meta property=\"og:description\" content=\"Riservazione diretta - Sito Ufficiale meno caro che Booking.com! Calma ed intimit\u00e0 nel cuore di Marais a Parigi, vicino a Notre Dame, Halles e centro George Pompidou.\" \/>\n<meta property=\"og:url\" content=\"https:\/\/www.beaubourg-paris-hotel.com\/it\/\" \/>\n<meta property=\"og:site_name\" content=\"H\u00f4tel Beaubourg\" \/>\n<meta property=\"article:modified_time\" content=\"2022-06-23T08:47:06+00:00\" \/>\n<meta name=\"twitter:card\" content=\"summary_large_image\" \/>\n<meta name=\"twitter:label1\" content=\"Tempo di lettura stimato\" \/>\n\t<meta name=\"twitter:data1\" content=\"5 minuti\" \/>\n<script type=\"application\/ld+json\" class=\"yoast-schema-graph\">{\"@context\":\"https:\/\/schema.org\",\"@graph\":[{\"@type\":\"WebPage\",\"@id\":\"https:\/\/www.beaubourg-paris-hotel.com\/it\/\",\"url\":\"https:\/\/www.beaubourg-paris-hotel.com\/it\/\",\"name\":\"H\u00f4tel Beaubourg*** - Parigi, Marais - Le migliori tariffe sul sito ufficiale\",\"isPartOf\":{\"@id\":\"https:\/\/www.beaubourg-paris-hotel.com\/it\/#website\"},\"datePublished\":\"2018-05-03T12:12:50+00:00\",\"dateModified\":\"2022-06-23T08:47:06+00:00\",\"description\":\"Riservazione diretta - Sito Ufficiale meno caro che Booking.com! Calma ed intimit\u00e0 nel cuore di Marais a Parigi, vicino a Notre Dame, Halles e centro George Pompidou.\",\"breadcrumb\":{\"@id\":\"https:\/\/www.beaubourg-paris-hotel.com\/it\/#breadcrumb\"},\"inLanguage\":\"it-IT\",\"potentialAction\":[{\"@type\":\"ReadAction\",\"target\":[\"https:\/\/www.beaubourg-paris-hotel.com\/it\/\"]}]},{\"@type\":\"BreadcrumbList\",\"@id\":\"https:\/\/www.beaubourg-paris-hotel.com\/it\/#breadcrumb\",\"itemListElement\":[{\"@type\":\"ListItem\",\"position\":1,\"name\":\"Accueil\",\"item\":\"https:\/\/www.beaubourg-paris-hotel.com\/it\/\"},{\"@type\":\"ListItem\",\"position\":2,\"name\":\"Albergo\"}]},{\"@type\":\"WebSite\",\"@id\":\"https:\/\/www.beaubourg-paris-hotel.com\/it\/#website\",\"url\":\"https:\/\/www.beaubourg-paris-hotel.com\/it\/\",\"name\":\"H\u00f4tel Beaubourg\",\"description\":\"H\u00f4tel 3 \u00e9toiles de charme, Paris Centre.\",\"potentialAction\":[{\"@type\":\"SearchAction\",\"target\":{\"@type\":\"EntryPoint\",\"urlTemplate\":\"https:\/\/www.beaubourg-paris-hotel.com\/it\/?s={search_term_string}\"},\"query-input\":{\"@type\":\"PropertyValueSpecification\",\"valueRequired\":true,\"valueName\":\"search_term_string\"}}],\"inLanguage\":\"it-IT\"}]}<\/script>","yoast_head_json":{"title":"H\u00f4tel Beaubourg*** - Parigi, Marais - Le migliori tariffe sul sito ufficiale","description":"Riservazione diretta - Sito Ufficiale meno caro che Booking.com! Calma ed intimit\u00e0 nel cuore di Marais a Parigi, vicino a Notre Dame, Halles e centro George Pompidou.","robots":{"index":"index","follow":"follow","max-snippet":"max-snippet:-1","max-image-preview":"max-image-preview:large","max-video-preview":"max-video-preview:-1"},"canonical":"https:\/\/www.beaubourg-paris-hotel.com\/it\/","og_locale":"it_IT","og_type":"article","og_title":"H\u00f4tel Beaubourg*** - Parigi, Marais - Le migliori tariffe sul sito ufficiale","og_description":"Riservazione diretta - Sito Ufficiale meno caro che Booking.com! Calma ed intimit\u00e0 nel cuore di Marais a Parigi, vicino a Notre Dame, Halles e centro George Pompidou.","og_url":"https:\/\/www.beaubourg-paris-hotel.com\/it\/","og_site_name":"H\u00f4tel Beaubourg","article_modified_time":"2022-06-23T08:47:06+00:00","twitter_card":"summary_large_image","twitter_misc":{"Tempo di lettura stimato":"5 minuti"},"schema":{"@context":"https:\/\/schema.org","@graph":[{"@type":"WebPage","@id":"https:\/\/www.beaubourg-paris-hotel.com\/it\/","url":"https:\/\/www.beaubourg-paris-hotel.com\/it\/","name":"H\u00f4tel Beaubourg*** - Parigi, Marais - Le migliori tariffe sul sito ufficiale","isPartOf":{"@id":"https:\/\/www.beaubourg-paris-hotel.com\/it\/#website"},"datePublished":"2018-05-03T12:12:50+00:00","dateModified":"2022-06-23T08:47:06+00:00","description":"Riservazione diretta - Sito Ufficiale meno caro che Booking.com! Calma ed intimit\u00e0 nel cuore di Marais a Parigi, vicino a Notre Dame, Halles e centro George Pompidou.","breadcrumb":{"@id":"https:\/\/www.beaubourg-paris-hotel.com\/it\/#breadcrumb"},"inLanguage":"it-IT","potentialAction":[{"@type":"ReadAction","target":["https:\/\/www.beaubourg-paris-hotel.com\/it\/"]}]},{"@type":"BreadcrumbList","@id":"https:\/\/www.beaubourg-paris-hotel.com\/it\/#breadcrumb","itemListElement":[{"@type":"ListItem","position":1,"name":"Accueil","item":"https:\/\/www.beaubourg-paris-hotel.com\/it\/"},{"@type":"ListItem","position":2,"name":"Albergo"}]},{"@type":"WebSite","@id":"https:\/\/www.beaubourg-paris-hotel.com\/it\/#website","url":"https:\/\/www.beaubourg-paris-hotel.com\/it\/","name":"H\u00f4tel Beaubourg","description":"H\u00f4tel 3 \u00e9toiles de charme, Paris Centre.","potentialAction":[{"@type":"SearchAction","target":{"@type":"EntryPoint","urlTemplate":"https:\/\/www.beaubourg-paris-hotel.com\/it\/?s={search_term_string}"},"query-input":{"@type":"PropertyValueSpecification","valueRequired":true,"valueName":"search_term_string"}}],"inLanguage":"it-IT"}]}},"_links":{"self":[{"href":"https:\/\/www.beaubourg-paris-hotel.com\/it\/wp-json\/wp\/v2\/pages\/16451","targetHints":{"allow":["GET"]}}],"collection":[{"href":"https:\/\/www.beaubourg-paris-hotel.com\/it\/wp-json\/wp\/v2\/pages"}],"about":[{"href":"https:\/\/www.beaubourg-paris-hotel.com\/it\/wp-json\/wp\/v2\/types\/page"}],"author":[{"embeddable":true,"href":"https:\/\/www.beaubourg-paris-hotel.com\/it\/wp-json\/wp\/v2\/users\/1"}],"replies":[{"embeddable":true,"href":"https:\/\/www.beaubourg-paris-hotel.com\/it\/wp-json\/wp\/v2\/comments?post=16451"}],"version-history":[{"count":19,"href":"https:\/\/www.beaubourg-paris-hotel.com\/it\/wp-json\/wp\/v2\/pages\/16451\/revisions"}],"predecessor-version":[{"id":20556,"href":"https:\/\/www.beaubourg-paris-hotel.com\/it\/wp-json\/wp\/v2\/pages\/16451\/revisions\/20556"}],"wp:attachment":[{"href":"https:\/\/www.beaubourg-paris-hotel.com\/it\/wp-json\/wp\/v2\/media?parent=16451"}],"curies":[{"name":"wp","href":"https:\/\/api.w.org\/{rel}","templated":true}]}}