{"id":16514,"date":"2018-04-13T11:08:11","date_gmt":"2018-04-13T09:08:11","guid":{"rendered":"http:\/\/www.beaubourg-paris-hotel.com\/situation\/"},"modified":"2020-07-10T17:26:31","modified_gmt":"2020-07-10T15:26:31","slug":"ubicacion-del-hotel","status":"publish","type":"page","link":"https:\/\/www.beaubourg-paris-hotel.com\/es\/ubicacion-del-hotel\/","title":{"rendered":"Situation"},"content":{"rendered":"<p>[vc_row el_class=&#8221;bande-resa&#8221;][vc_column][vc_raw_html]JTNDZGl2JTIwY2xhc3MlM0QlMjJyZXNlcnZhdGlvbi1mb3JtJTIwZGVzayUyMiUyMHN0eWxlJTNEJTIydGV4dC1hbGlnbiUzQSUyMGNlbnRlciUzQiUyMiUzRSUwQSUzQ2Zvcm0lMjBpZCUzRCUyMkFWUCUyMiUyMGFjdGlvbiUzRCUyMmh0dHAlM0ElMkYlMkZ3d3cuc2VjdXJlLWhvdGVsLWJvb2tpbmcuY29tJTJGSG90ZWwtQmVhdWJvdXJnJTJGMkdVSiUyRnNlYXJjaCUzRmhvdGVsSWQlM0QyMjg1JTIyJTIwbWV0aG9kJTNEJTIycG9zdCUyMiUyMHRhcmdldCUzRCUyMl9ibGFuayUyMiUyMG9uc3VibWl0JTNEJTIyaWYlMjhfZ2FxJTIxJTNEbnVsbCUyOV9nYXEucHVzaCUyOCU1QiUyN19saW5rQnlQb3N0JTI3JTJDJTIwdGhpcyU1RCUyOSUzQiUyMiUzRSUwQSUyMCUyMCUyMCUyMCUyMCUyMCUyMCUyMCUyMCUyMCUyMCUyMCUyMCUzQ2lucHV0JTIwdHlwZSUzRCUyMmhpZGRlbiUyMiUyMGlkJTNEJTIybGFuZ3VhZ2UlMjIlMjBuYW1lJTNEJTIybGFuZ3VhZ2UlMjIlMjB2YWx1ZSUzRCUyMmVzJTIyJTIwJTJGJTNFJTBBJTIwJTIwJTIwJTIwJTIwJTIwJTIwJTIwJTIwJTIwJTIwJTIwJTIwJTNDaW5wdXQlMjB0eXBlJTNEJTIyaGlkZGVuJTIyJTIwaWQlM0QlMjJBVlBfYXJyaXZhbERhdGUlMjIlMjBuYW1lJTNEJTIyYXJyaXZhbERhdGUlMjIlMjB2YWx1ZSUzRCUyMiUyMiUyMCUyRiUzRSUwQSUyMCUyMCUyMCUyMCUyMCUyMCUyMCUyMCUyMCUyMCUyMCUyMCUyMCUzQ2lucHV0JTIwdHlwZSUzRCUyMmhpZGRlbiUyMiUyMGlkJTNEJTIyQVZQX25pZ2h0cyUyMiUyMG5hbWUlM0QlMjJuaWdodHMlMjIlMjB2YWx1ZSUzRCUyMiUyMiUyMCUyRiUzRSUwQSUyMCUyMCUyMCUyMCUyMCUyMCUyMCUyMCUyMCUyMCUyMCUyMCUyMCUzQ2lucHV0JTIwdHlwZSUzRCUyMmhpZGRlbiUyMiUyMGlkJTNEJTIyZ3Vlc3RDb3VudFNlbGVjdG9yJTIyJTIwbmFtZSUzRCUyMmd1ZXN0Q291bnRTZWxlY3RvciUyMiUyMHZhbHVlJTNEJTIyUmVhZE9ubHklMjIlMjAlMkYlM0UlMEElMjAlMjAlMjAlMjAlMjAlMjAlMjAlMjAlMjAlMjAlMjAlMjAlMjAlM0NkaXYlMjBjbGFzcyUzRCUyMmlucHV0LWRhdGUtcmVzYSUyMiUzRSUzQ2lucHV0JTIwdHlwZSUzRCUyMnRleHQlMjIlMjBjbGFzcyUzRCUyMmFzRGF0ZVBpY2tlciUyMiUyMCUyMGlkJTNEJTIyZGF0ZSUyMiUyMG5hbWUlM0QlMjJkYXRlLWFycml2ZWUlMjIlMjAlMjBwbGFjZWhvbGRlciUzRCUyMkZlY2hhJTIwZGUlMjBsbGVnYWRhJTIyJTIwJTNFJTNDaSUyMGNsYXNzJTNEJTIyZmElMjBmYS1jYWxlbmRhciUyMiUzRSUzQyUyRmklM0UlM0MlMkZkaXYlM0UlMEElMjAlMjAlMjAlMjAlMjAlMjAlMjAlMjAlMjAlMjAlMjAlMjAlMjAlM0NkaXYlMjBjbGFzcyUzRCUyMmlucHV0LWRhdGUtcmVzYSUyMiUzRSUzQ2lucHV0JTIwdHlwZSUzRCUyMnRleHQlMjIlMjBpZCUzRCUyMmRhdGUyJTIyJTIwbmFtZSUzRCUyMmRhdGUtZGVwYXJ0JTIyJTIwY2xhc3MlM0QlMjJhc0RhdGVQaWNrZXIlMjIlMjBwbGFjZWhvbGRlciUzRCUyMkZlY2hhJTIwZGUlMjBzYWxpZGElMjIlMjAlM0UlM0NpJTIwY2xhc3MlM0QlMjJmYSUyMGZhLWNhbGVuZGFyJTIyJTNFJTNDJTJGaSUzRSUzQyUyRmRpdiUzRSUwQSUyMCUyMCUyMCUyMCUyMCUyMCUyMCUyMCUyMCUyMCUyMCUyMCUyMCUzQ2RpdiUyMGNsYXNzJTNEJTIyaW5wdXQtZGF0ZS1yZXNhJTIyJTNFJTNDc2VsZWN0JTIwaWQlM0QlMjJzZWxlY3RlZEFkdWx0Q291bnQlMjIlMjBuYW1lJTNEJTIyc2VsZWN0ZWRBZHVsdENvdW50JTIyJTNFJTNDJTJGc2VsZWN0JTNFJTIwJTNDaSUyMGNsYXNzJTNEJTIyZmElMjBmYS11c2VyJTIyJTIwYXJpYS1oaWRkZW4lM0QlMjJ0cnVlJTIyJTNFJTNDJTJGaSUzRSUzQyUyRmRpdiUzRSUwQSUyMCUyMCUyMCUyMCUyMCUyMCUyMCUyMCUyMCUyMCUyMCUyMCUwQSUyMCUyMCUyMCUyMCUyMCUyMCUyMCUyMCUyMCUyMCUyMCUyMCUyMCUzQ2J1dHRvbiUyMHR5cGUlM0QlMjJzdWJtaXQlMjIlMjBjbGFzcyUzRCUyMnJhdmlzLWJ0biUyMGJ0bi10eXBlLTIlMjIlM0VSRVNFUlZBUiUzQyUyRmJ1dHRvbiUzRSUwQSUyMCUyMCUyMCUyMCUyMCUyMCUyMCUyMCUyMCUyMCUyMCUyMCUyMCUzQyUyRmZvcm0lM0UlMEElMjAlMjAlMjAlMjAlMjAlMjAlMjAlMjAlMjAlMjAlMjAlMEElMjAlM0NzY3JpcHQlMjB0eXBlJTNEJTIydGV4dCUyRmphdmFzY3JpcHQlMjIlMjBzcmMlM0QlMjJodHRwcyUzQSUyRiUyRnd3dy5iZWF1Ym91cmctcGFyaXMtaG90ZWwuY29tJTJGYXZhaWxwcm8lMkZhdmFpbHByby5qcyUyMiUzRSUzQyUyRnNjcmlwdCUzRSUwQSUzQyUyRmRpdiUzRQ==[\/vc_raw_html][\/vc_column][\/vc_row][vc_row css=&#8221;.vc_custom_1528354028942{margin-top: 120px !important;}&#8221;][vc_column][vc_raw_html]JTNDaWZyYW1lJTIwc3JjJTNEJTIyaHR0cHMlM0ElMkYlMkZ3d3cuZ29vZ2xlLmNvbSUyRm1hcHMlMkZlbWJlZCUzRnBiJTNEJTIxMW0xOCUyMTFtMTIlMjExbTMlMjExZDI2MjQuOTAxNjA4NzQyODY1JTIxMmQyLjM1MTE2NTYxNjA1ODg0MyUyMTNkNDguODYwMDg2NTc5Mjg3NjglMjEybTMlMjExZjAlMjEyZjAlMjEzZjAlMjEzbTIlMjExaTEwMjQlMjEyaTc2OCUyMTRmMTMuMSUyMTNtMyUyMTFtMiUyMTFzMHg0N2U2NmUxYzhhNjAxZTc1JTI1M0EweDRmZGI4NGNhMTFiYzFlMWMlMjEyczExJTJCUnVlJTJCU2ltb24lMkJsZSUyQkZyYW5jJTI1MkMlMkI3NTAwNCUyQlBhcmlzJTIxNWUwJTIxM20yJTIxMXNmciUyMTJzZnIlMjE0djE1NTM4NTc3NzU0MDYlMjE1bTIlMjExc2ZyJTIxMnNmciUyMiUyMHdpZHRoJTNEJTIyMTAwJTI1JTIyJTIwaGVpZ2h0JTNEJTIyNDUwJTIyJTIwZnJhbWVib3JkZXIlM0QlMjIwJTIyJTIwc3R5bGUlM0QlMjJib3JkZXIlM0EwJTIyJTIwYWxsb3dmdWxsc2NyZWVuJTNFJTNDJTJGaWZyYW1lJTNF[\/vc_raw_html][\/vc_column][\/vc_row][vc_row css=&#8221;.vc_custom_1531318158825{margin-bottom: 50px !important;padding-right: 20px !important;padding-left: 20px !important;}&#8221;][vc_column offset=&#8221;vc_col-md-offset-2 vc_col-md-8&#8243;][vc_row_inner][vc_column_inner width=&#8221;1\/2&#8243;][vc_raw_html]JTNDZGl2JTIwY2xhc3MlM0QlMjJyYXZpcy10aXRsZS10LTIlMjIlM0UlM0NkaXYlMjBjbGFzcyUzRCUyMnRpdGxlJTIyJTNFJTNDc3BhbiUzRUNvbnRhY3RvJTIweSUyMEFjY2VzbyUzQyUyRnNwYW4lM0UlM0MlMkZkaXYlM0UlM0NkaXYlMjBjbGFzcyUzRCUyMnN1Yi10aXRsZSUyMiUzRSUzQyUyRmRpdiUzRSUzQyUyRmRpdiUzRQ==[\/vc_raw_html][vc_column_text]<b>H\u00f4tel Beaubourg<\/b><br \/>\n11 rue Simon Lefranc &#8211; 75004 PARIS<br \/>\nT\u00e9l : +33 1 42 74 34 24<\/p>\n<p>E-mail :\u00a0<a href=\"mailto:reservation@hotelbeaubourg.com\">reservation@hotelbeaubourg.com<\/a><\/p>\n<p><b>M\u00e9tro<\/b>\u00a0:<br \/>\nCh\u00e2telet (L\u00edneas 1,4,7,11,14) : 5 minutos a pie<br \/>\nHotel de Ville (L\u00edneas 1,11) : 2 minutos a pie<br \/>\nRambuteau (l\u00ednea 11): 1 minutos a pie<\/p>\n<p><b>RER<\/b>\u00a0:<br \/>\nA, B, D : Ch\u00e2telet : 5 mn a pie<\/p>\n<p>&nbsp;<\/p>\n<p><strong>Calcule su itinerario :<\/strong><\/p>\n<p><a href=\"https:\/\/www.google.com.br\/maps\/dir\/ma+position\/Hotel+Beaubourg,+11+Rue+Simon+le+Franc,+75004+Paris\/\" target=\"_blank\" rel=\"noopener noreferrer\"><img decoding=\"async\" class=\"alignnone wp-image-17068 size-full\" src=\"http:\/\/www.beaubourg-paris-hotel.com\/wp-content\/uploads\/2018\/07\/itineraire-google-map-all.png\" alt=\"\" width=\"175\" height=\"41\" \/><\/a><\/p>\n<p><a href=\"waze:\/\/?ll=48.86009,2.35335&amp;navigate=yes\"><img decoding=\"async\" class=\"alignnone size-full wp-image-17249\" src=\"http:\/\/www.beaubourg-paris-hotel.com\/wp-content\/uploads\/2018\/07\/waze-all.png\" alt=\"\" width=\"175\" height=\"41\" \/><\/a><\/p>\n<p>&nbsp;<\/p>\n<p><strong>Llegar al hotel desde Roissy :<\/strong><\/p>\n<p>La mejor manera de llegar a nuestro hotel desde el aeropuerto C.D.G en tren es:<\/p>\n<p>Tomar el tren <strong>R.E.R (B)<\/strong> y bajar en <strong>&#8220;CHATELET LES HALLES&#8221;<\/strong> directamente sin cambiar.<\/p>\n<p>En &#8220;CHATELET LES HALLES&#8221; se cambia al <strong>metro n \u00b0 11<\/strong> y se debe bajar en la siguiente parada <strong>&#8220;RAMBUTEAU&#8221;<\/strong>.<\/p>\n<p>Estamos ubicados <strong>detr\u00e1s del &#8220;CENTRO POMPIDOU&#8221;<\/strong> en una cuadra de la parada de metro.<\/p>\n<p>A veces es mejor caminar desde &#8220;CHATELET LES HALLES&#8221; 5-7 min hasta nuestro hotel: &#8220;Ch\u00e2telet&#8221; es una gran parada y cambiar de RER al metro no es tan f\u00e1cil.<\/p>\n<p>&nbsp;<\/p>\n<p><strong>Llegar al hotel desde Orly :<\/strong><\/p>\n<p>La mejor manera de llegar a nuestro hotel desde el aeropuerto de Orly en tren es:<\/p>\n<p>Tome el <strong>Orly Val<\/strong> directamente a <strong>&#8220;Antony&#8221;<\/strong> y luego cambie al tren <strong>R.E.R (B)<\/strong> y b\u00e1jese en<br \/>\n<strong>&#8220;Chatelet les halles&#8221;<\/strong>.<\/p>\n<p>En &#8220;Chatelet les halles&#8221;, cambie al <strong>metro n \u00b0 11<\/strong> y baje en la siguiente parada\u00a0<strong>&#8220;Rambuteau&#8221;<\/strong>.<\/p>\n<p>Estamos ubicados <strong>detr\u00e1s del &#8220;Centro Pompidou&#8221;<\/strong> a una cuadra de la parada de metro.<\/p>\n<p>A veces es mejor caminar desde &#8220;Chatelet les Halles&#8221; 5-7 minutos hasta nuestro hotel:<br \/>\n&#8220;Chatelet&#8221; es una gran parada y cambiar de RER al metro no es tan f\u00e1cil.[\/vc_column_text][\/vc_column_inner][vc_column_inner width=&#8221;1\/2&#8243; css=&#8221;.vc_custom_1529046104225{margin-top: 40px !important;}&#8221;][vc_raw_html]JTNDZGl2JTIwY2xhc3MlM0QlMjJnYWxsZXJ5LWNvbnRhaW5lciUyMiUzRSUwQSUzQ3VsJTIwY2xhc3MlM0QlMjJpbWFnZS1tYWluLWJveCUyMGNsZWFyZml4JTIyJTIwc3R5bGUlM0QlMjJwb3NpdGlvbiUzQSUyMHJlbGF0aXZlJTNCJTIwaGVpZ2h0JTNBJTIwNzkwNC45OXB4JTNCJTIyJTNFJTBBJTIwJTA5JTNDbGklMjBjbGFzcyUzRCUyMml0ZW0lMjBjb2wteHMtMTIlMjBjb2wtbWQtMTIlMjBob3RlbCUyMiUyMHN0eWxlJTNEJTIycG9zaXRpb24lM0ElMjBhYnNvbHV0ZSUzQiUyMGxlZnQlM0ElMjAwJTI1JTNCJTIwdG9wJTNBJTIwMHB4JTNCJTIyJTNFJTBBJTNDZmlndXJlJTNFJTNDaW1nJTIwc3JjJTNEJTIyaHR0cHMlM0ElMkYlMkZ3d3cuYmVhdWJvdXJnLXBhcmlzLWhvdGVsLmNvbSUyRndwLWNvbnRlbnQlMkZ1cGxvYWRzJTJGMjAxOCUyRjA2JTJGaW1nX21hcF9nZC5qcGclMjIlMjBhbHQlM0QlMjJIb3RlbCUyMEJlYXVib3VyZyUyMFBhcmlzJTIwTWFyYWlzJTIyJTIwJTJGJTNFJTNDYSUyMGNsYXNzJTNEJTIybW9yZS1kZXRhaWxzJTIyJTIwaHJlZiUzRCUyMmh0dHBzJTNBJTJGJTJGd3d3LmJlYXVib3VyZy1wYXJpcy1ob3RlbC5jb20lMkZ3cC1jb250ZW50JTJGdXBsb2FkcyUyRjIwMTglMkYwNiUyRmltZ19tYXBfZ2QuanBnJTIyJTIwZGF0YS10aXRsZSUzRCUyMkhvdGVsJTIwQmVhdWJvdXJnJTIwUGFyaXMlMjBNYXJhaXMlMjIlM0VFbmxhcmdlJTNDJTJGYSUzRSUzQyUyRmZpZ3VyZSUzRSUwQSUzQyUyRmxpJTNFJTBBJTNDJTJGdWwlM0UlMEElM0MlMkZkaXYlM0U=[\/vc_raw_html][\/vc_column_inner][\/vc_row_inner][\/vc_column][\/vc_row][vc_row][vc_column][vc_single_image image=&#8221;17343&#8243; img_size=&#8221;full&#8221; alignment=&#8221;center&#8221;][\/vc_column][\/vc_row]<\/p>\n","protected":false},"excerpt":{"rendered":"<p>[vc_row el_class=&#8221;bande-resa&#8221;][vc_column][vc_raw_html]JTNDZGl2JTIwY2xhc3MlM0QlMjJyZXNlcnZhdGlvbi1mb3JtJTIwZGVzayUyMiUyMHN0eWxlJTNEJTIydGV4dC1hbGlnbiUzQSUyMGNlbnRlciUzQiUyMiUzRSUwQSUzQ2Zvcm0lMjBpZCUzRCUyMkFWUCUyMiUyMGFjdGlvbiUzRCUyMmh0dHAlM0ElMkYlMkZ3d3cuc2VjdXJlLWhvdGVsLWJvb2tpbmcuY29tJTJGSG90ZWwtQmVhdWJvdXJnJTJGMkdVSiUyRnNlYXJjaCUzRmhvdGVsSWQlM0QyMjg1JTIyJTIwbWV0aG9kJTNEJTIycG9zdCUyMiUyMHRhcmdldCUzRCUyMl9ibGFuayUyMiUyMG9uc3VibWl0JTNEJTIyaWYlMjhfZ2FxJTIxJTNEbnVsbCUyOV9nYXEucHVzaCUyOCU1QiUyN19saW5rQnlQb3N0JTI3JTJDJTIwdGhpcyU1RCUyOSUzQiUyMiUzRSUwQSUyMCUyMCUyMCUyMCUyMCUyMCUyMCUyMCUyMCUyMCUyMCUyMCUyMCUzQ2lucHV0JTIwdHlwZSUzRCUyMmhpZGRlbiUyMiUyMGlkJTNEJTIybGFuZ3VhZ2UlMjIlMjBuYW1lJTNEJTIybGFuZ3VhZ2UlMjIlMjB2YWx1ZSUzRCUyMmVzJTIyJTIwJTJGJTNFJTBBJTIwJTIwJTIwJTIwJTIwJTIwJTIwJTIwJTIwJTIwJTIwJTIwJTIwJTNDaW5wdXQlMjB0eXBlJTNEJTIyaGlkZGVuJTIyJTIwaWQlM0QlMjJBVlBfYXJyaXZhbERhdGUlMjIlMjBuYW1lJTNEJTIyYXJyaXZhbERhdGUlMjIlMjB2YWx1ZSUzRCUyMiUyMiUyMCUyRiUzRSUwQSUyMCUyMCUyMCUyMCUyMCUyMCUyMCUyMCUyMCUyMCUyMCUyMCUyMCUzQ2lucHV0JTIwdHlwZSUzRCUyMmhpZGRlbiUyMiUyMGlkJTNEJTIyQVZQX25pZ2h0cyUyMiUyMG5hbWUlM0QlMjJuaWdodHMlMjIlMjB2YWx1ZSUzRCUyMiUyMiUyMCUyRiUzRSUwQSUyMCUyMCUyMCUyMCUyMCUyMCUyMCUyMCUyMCUyMCUyMCUyMCUyMCUzQ2lucHV0JTIwdHlwZSUzRCUyMmhpZGRlbiUyMiUyMGlkJTNEJTIyZ3Vlc3RDb3VudFNlbGVjdG9yJTIyJTIwbmFtZSUzRCUyMmd1ZXN0Q291bnRTZWxlY3RvciUyMiUyMHZhbHVlJTNEJTIyUmVhZE9ubHklMjIlMjAlMkYlM0UlMEElMjAlMjAlMjAlMjAlMjAlMjAlMjAlMjAlMjAlMjAlMjAlMjAlMjAlM0NkaXYlMjBjbGFzcyUzRCUyMmlucHV0LWRhdGUtcmVzYSUyMiUzRSUzQ2lucHV0JTIwdHlwZSUzRCUyMnRleHQlMjIlMjBjbGFzcyUzRCUyMmFzRGF0ZVBpY2tlciUyMiUyMCUyMGlkJTNEJTIyZGF0ZSUyMiUyMG5hbWUlM0QlMjJkYXRlLWFycml2ZWUlMjIlMjAlMjBwbGFjZWhvbGRlciUzRCUyMkZlY2hhJTIwZGUlMjBsbGVnYWRhJTIyJTIwJTNFJTNDaSUyMGNsYXNzJTNEJTIyZmElMjBmYS1jYWxlbmRhciUyMiUzRSUzQyUyRmklM0UlM0MlMkZkaXYlM0UlMEElMjAlMjAlMjAlMjAlMjAlMjAlMjAlMjAlMjAlMjAlMjAlMjAlMjAlM0NkaXYlMjBjbGFzcyUzRCUyMmlucHV0LWRhdGUtcmVzYSUyMiUzRSUzQ2lucHV0JTIwdHlwZSUzRCUyMnRleHQlMjIlMjBpZCUzRCUyMmRhdGUyJTIyJTIwbmFtZSUzRCUyMmRhdGUtZGVwYXJ0JTIyJTIwY2xhc3MlM0QlMjJhc0RhdGVQaWNrZXIlMjIlMjBwbGFjZWhvbGRlciUzRCUyMkZlY2hhJTIwZGUlMjBzYWxpZGElMjIlMjAlM0UlM0NpJTIwY2xhc3MlM0QlMjJmYSUyMGZhLWNhbGVuZGFyJTIyJTNFJTNDJTJGaSUzRSUzQyUyRmRpdiUzRSUwQSUyMCUyMCUyMCUyMCUyMCUyMCUyMCUyMCUyMCUyMCUyMCUyMCUyMCUzQ2RpdiUyMGNsYXNzJTNEJTIyaW5wdXQtZGF0ZS1yZXNhJTIyJTNFJTNDc2VsZWN0JTIwaWQlM0QlMjJzZWxlY3RlZEFkdWx0Q291bnQlMjIlMjBuYW1lJTNEJTIyc2VsZWN0ZWRBZHVsdENvdW50JTIyJTNFJTNDJTJGc2VsZWN0JTNFJTIwJTNDaSUyMGNsYXNzJTNEJTIyZmElMjBmYS11c2VyJTIyJTIwYXJpYS1oaWRkZW4lM0QlMjJ0cnVlJTIyJTNFJTNDJTJGaSUzRSUzQyUyRmRpdiUzRSUwQSUyMCUyMCUyMCUyMCUyMCUyMCUyMCUyMCUyMCUyMCUyMCUyMCUwQSUyMCUyMCUyMCUyMCUyMCUyMCUyMCUyMCUyMCUyMCUyMCUyMCUyMCUzQ2J1dHRvbiUyMHR5cGUlM0QlMjJzdWJtaXQlMjIlMjBjbGFzcyUzRCUyMnJhdmlzLWJ0biUyMGJ0bi10eXBlLTIlMjIlM0VSRVNFUlZBUiUzQyUyRmJ1dHRvbiUzRSUwQSUyMCUyMCUyMCUyMCUyMCUyMCUyMCUyMCUyMCUyMCUyMCUyMCUyMCUzQyUyRmZvcm0lM0UlMEElMjAlMjAlMjAlMjAlMjAlMjAlMjAlMjAlMjAlMjAlMjAlMEElMjAlM0NzY3JpcHQlMjB0eXBlJTNEJTIydGV4dCUyRmphdmFzY3JpcHQlMjIlMjBzcmMlM0QlMjJodHRwcyUzQSUyRiUyRnd3dy5iZWF1Ym91cmctcGFyaXMtaG90ZWwuY29tJTJGYXZhaWxwcm8lMkZhdmFpbHByby5qcyUyMiUzRSUzQyUyRnNjcmlwdCUzRSUwQSUzQyUyRmRpdiUzRQ==[\/vc_raw_html][\/vc_column][\/vc_row][vc_row css=&#8221;.vc_custom_1528354028942{margin-top: 120px !important;}&#8221;][vc_column][vc_raw_html]JTNDaWZyYW1lJTIwc3JjJTNEJTIyaHR0cHMlM0ElMkYlMkZ3d3cuZ29vZ2xlLmNvbSUyRm1hcHMlMkZlbWJlZCUzRnBiJTNEJTIxMW0xOCUyMTFtMTIlMjExbTMlMjExZDI2MjQuOTAxNjA4NzQyODY1JTIxMmQyLjM1MTE2NTYxNjA1ODg0MyUyMTNkNDguODYwMDg2NTc5Mjg3NjglMjEybTMlMjExZjAlMjEyZjAlMjEzZjAlMjEzbTIlMjExaTEwMjQlMjEyaTc2OCUyMTRmMTMuMSUyMTNtMyUyMTFtMiUyMTFzMHg0N2U2NmUxYzhhNjAxZTc1JTI1M0EweDRmZGI4NGNhMTFiYzFlMWMlMjEyczExJTJCUnVlJTJCU2ltb24lMkJsZSUyQkZyYW5jJTI1MkMlMkI3NTAwNCUyQlBhcmlzJTIxNWUwJTIxM20yJTIxMXNmciUyMTJzZnIlMjE0djE1NTM4NTc3NzU0MDYlMjE1bTIlMjExc2ZyJTIxMnNmciUyMiUyMHdpZHRoJTNEJTIyMTAwJTI1JTIyJTIwaGVpZ2h0JTNEJTIyNDUwJTIyJTIwZnJhbWVib3JkZXIlM0QlMjIwJTIyJTIwc3R5bGUlM0QlMjJib3JkZXIlM0EwJTIyJTIwYWxsb3dmdWxsc2NyZWVuJTNFJTNDJTJGaWZyYW1lJTNF[\/vc_raw_html][\/vc_column][\/vc_row][vc_row css=&#8221;.vc_custom_1531318158825{margin-bottom: 50px !important;padding-right: 20px !important;padding-left: 20px !important;}&#8221;][vc_column offset=&#8221;vc_col-md-offset-2 vc_col-md-8&#8243;][vc_row_inner][vc_column_inner width=&#8221;1\/2&#8243;][vc_raw_html]JTNDZGl2JTIwY2xhc3MlM0QlMjJyYXZpcy10aXRsZS10LTIlMjIlM0UlM0NkaXYlMjBjbGFzcyUzRCUyMnRpdGxlJTIyJTNFJTNDc3BhbiUzRUNvbnRhY3RvJTIweSUyMEFjY2VzbyUzQyUyRnNwYW4lM0UlM0MlMkZkaXYlM0UlM0NkaXYlMjBjbGFzcyUzRCUyMnN1Yi10aXRsZSUyMiUzRSUzQyUyRmRpdiUzRSUzQyUyRmRpdiUzRQ==[\/vc_raw_html][vc_column_text]H\u00f4tel Beaubourg 11 rue Simon Lefranc &#8211; 75004 PARIS T\u00e9l : +33 1 42 74 34 24 E-mail :\u00a0reservation@hotelbeaubourg.com M\u00e9tro\u00a0: Ch\u00e2telet&#8230;<\/p>\n<div class=\"read-more-container\"><a class=\"more-link btn btn-default btn-sm read-more\" href=\"https:\/\/www.beaubourg-paris-hotel.com\/es\/ubicacion-del-hotel\/\">Read More<\/a><\/div>\n","protected":false},"author":1,"featured_media":0,"parent":0,"menu_order":0,"comment_status":"closed","ping_status":"closed","template":"","meta":{"footnotes":""},"class_list":["post-16514","page","type-page","status-publish","hentry"],"yoast_head":"<title>Hotel Beaubourg*** - Paris Marais - Las mejores tarifas en el sitio web oficial - ubicacion<\/title>\n<meta name=\"description\" content=\"RESERVE EN DIRECTO -\u00a1Encontrar\u00e1 en nuestra web mejores precios que en Booking.com! - El hotel Beaubourg se encuentra en pleno coraz\u00f3n del Marais, junto al centro Pompidou, al que se puede acceder f\u00e1cilmente en metro y bus. Parking p\u00fablico junto al hotel.\" \/>\n<meta name=\"robots\" content=\"index, follow, max-snippet:-1, max-image-preview:large, max-video-preview:-1\" \/>\n<link rel=\"canonical\" href=\"https:\/\/www.beaubourg-paris-hotel.com\/es\/ubicacion-del-hotel\/\" \/>\n<meta property=\"og:locale\" content=\"es_ES\" \/>\n<meta property=\"og:type\" content=\"article\" \/>\n<meta property=\"og:title\" content=\"Hotel Beaubourg*** - Paris Marais - Las mejores tarifas en el sitio web oficial - ubicacion\" \/>\n<meta property=\"og:description\" content=\"RESERVE EN DIRECTO -\u00a1Encontrar\u00e1 en nuestra web mejores precios que en Booking.com! - El hotel Beaubourg se encuentra en pleno coraz\u00f3n del Marais, junto al centro Pompidou, al que se puede acceder f\u00e1cilmente en metro y bus. Parking p\u00fablico junto al hotel.\" \/>\n<meta property=\"og:url\" content=\"https:\/\/www.beaubourg-paris-hotel.com\/es\/ubicacion-del-hotel\/\" \/>\n<meta property=\"og:site_name\" content=\"H\u00f4tel Beaubourg\" \/>\n<meta property=\"article:modified_time\" content=\"2020-07-10T15:26:31+00:00\" \/>\n<meta property=\"og:image\" content=\"http:\/\/www.beaubourg-paris-hotel.com\/wp-content\/uploads\/2018\/07\/itineraire-google-map-all.png\" \/>\n<meta name=\"twitter:card\" content=\"summary_large_image\" \/>\n<meta name=\"twitter:label1\" content=\"Tiempo de lectura\" \/>\n\t<meta name=\"twitter:data1\" content=\"3 minutos\" \/>\n<script type=\"application\/ld+json\" class=\"yoast-schema-graph\">{\"@context\":\"https:\/\/schema.org\",\"@graph\":[{\"@type\":\"WebPage\",\"@id\":\"https:\/\/www.beaubourg-paris-hotel.com\/es\/ubicacion-del-hotel\/\",\"url\":\"https:\/\/www.beaubourg-paris-hotel.com\/es\/ubicacion-del-hotel\/\",\"name\":\"Hotel Beaubourg*** - Paris Marais - Las mejores tarifas en el sitio web oficial - ubicacion\",\"isPartOf\":{\"@id\":\"https:\/\/www.beaubourg-paris-hotel.com\/it\/#website\"},\"primaryImageOfPage\":{\"@id\":\"https:\/\/www.beaubourg-paris-hotel.com\/es\/ubicacion-del-hotel\/#primaryimage\"},\"image\":{\"@id\":\"https:\/\/www.beaubourg-paris-hotel.com\/es\/ubicacion-del-hotel\/#primaryimage\"},\"thumbnailUrl\":\"http:\/\/www.beaubourg-paris-hotel.com\/wp-content\/uploads\/2018\/07\/itineraire-google-map-all.png\",\"datePublished\":\"2018-04-13T09:08:11+00:00\",\"dateModified\":\"2020-07-10T15:26:31+00:00\",\"description\":\"RESERVE EN DIRECTO -\u00a1Encontrar\u00e1 en nuestra web mejores precios que en Booking.com! - El hotel Beaubourg se encuentra en pleno coraz\u00f3n del Marais, junto al centro Pompidou, al que se puede acceder f\u00e1cilmente en metro y bus. Parking p\u00fablico junto al hotel.\",\"breadcrumb\":{\"@id\":\"https:\/\/www.beaubourg-paris-hotel.com\/es\/ubicacion-del-hotel\/#breadcrumb\"},\"inLanguage\":\"es\",\"potentialAction\":[{\"@type\":\"ReadAction\",\"target\":[\"https:\/\/www.beaubourg-paris-hotel.com\/es\/ubicacion-del-hotel\/\"]}]},{\"@type\":\"ImageObject\",\"inLanguage\":\"es\",\"@id\":\"https:\/\/www.beaubourg-paris-hotel.com\/es\/ubicacion-del-hotel\/#primaryimage\",\"url\":\"http:\/\/www.beaubourg-paris-hotel.com\/wp-content\/uploads\/2018\/07\/itineraire-google-map-all.png\",\"contentUrl\":\"http:\/\/www.beaubourg-paris-hotel.com\/wp-content\/uploads\/2018\/07\/itineraire-google-map-all.png\"},{\"@type\":\"BreadcrumbList\",\"@id\":\"https:\/\/www.beaubourg-paris-hotel.com\/es\/ubicacion-del-hotel\/#breadcrumb\",\"itemListElement\":[{\"@type\":\"ListItem\",\"position\":1,\"name\":\"Accueil\",\"item\":\"https:\/\/www.beaubourg-paris-hotel.com\/es\/\"},{\"@type\":\"ListItem\",\"position\":2,\"name\":\"Situation\"}]},{\"@type\":\"WebSite\",\"@id\":\"https:\/\/www.beaubourg-paris-hotel.com\/it\/#website\",\"url\":\"https:\/\/www.beaubourg-paris-hotel.com\/it\/\",\"name\":\"H\u00f4tel Beaubourg\",\"description\":\"H\u00f4tel 3 \u00e9toiles de charme, Paris Centre.\",\"potentialAction\":[{\"@type\":\"SearchAction\",\"target\":{\"@type\":\"EntryPoint\",\"urlTemplate\":\"https:\/\/www.beaubourg-paris-hotel.com\/it\/?s={search_term_string}\"},\"query-input\":{\"@type\":\"PropertyValueSpecification\",\"valueRequired\":true,\"valueName\":\"search_term_string\"}}],\"inLanguage\":\"es\"}]}<\/script>","yoast_head_json":{"title":"Hotel Beaubourg*** - Paris Marais - Las mejores tarifas en el sitio web oficial - ubicacion","description":"RESERVE EN DIRECTO -\u00a1Encontrar\u00e1 en nuestra web mejores precios que en Booking.com! - El hotel Beaubourg se encuentra en pleno coraz\u00f3n del Marais, junto al centro Pompidou, al que se puede acceder f\u00e1cilmente en metro y bus. Parking p\u00fablico junto al hotel.","robots":{"index":"index","follow":"follow","max-snippet":"max-snippet:-1","max-image-preview":"max-image-preview:large","max-video-preview":"max-video-preview:-1"},"canonical":"https:\/\/www.beaubourg-paris-hotel.com\/es\/ubicacion-del-hotel\/","og_locale":"es_ES","og_type":"article","og_title":"Hotel Beaubourg*** - Paris Marais - Las mejores tarifas en el sitio web oficial - ubicacion","og_description":"RESERVE EN DIRECTO -\u00a1Encontrar\u00e1 en nuestra web mejores precios que en Booking.com! - El hotel Beaubourg se encuentra en pleno coraz\u00f3n del Marais, junto al centro Pompidou, al que se puede acceder f\u00e1cilmente en metro y bus. Parking p\u00fablico junto al hotel.","og_url":"https:\/\/www.beaubourg-paris-hotel.com\/es\/ubicacion-del-hotel\/","og_site_name":"H\u00f4tel Beaubourg","article_modified_time":"2020-07-10T15:26:31+00:00","og_image":[{"url":"http:\/\/www.beaubourg-paris-hotel.com\/wp-content\/uploads\/2018\/07\/itineraire-google-map-all.png","type":"","width":"","height":""}],"twitter_card":"summary_large_image","twitter_misc":{"Tiempo de lectura":"3 minutos"},"schema":{"@context":"https:\/\/schema.org","@graph":[{"@type":"WebPage","@id":"https:\/\/www.beaubourg-paris-hotel.com\/es\/ubicacion-del-hotel\/","url":"https:\/\/www.beaubourg-paris-hotel.com\/es\/ubicacion-del-hotel\/","name":"Hotel Beaubourg*** - Paris Marais - Las mejores tarifas en el sitio web oficial - ubicacion","isPartOf":{"@id":"https:\/\/www.beaubourg-paris-hotel.com\/it\/#website"},"primaryImageOfPage":{"@id":"https:\/\/www.beaubourg-paris-hotel.com\/es\/ubicacion-del-hotel\/#primaryimage"},"image":{"@id":"https:\/\/www.beaubourg-paris-hotel.com\/es\/ubicacion-del-hotel\/#primaryimage"},"thumbnailUrl":"http:\/\/www.beaubourg-paris-hotel.com\/wp-content\/uploads\/2018\/07\/itineraire-google-map-all.png","datePublished":"2018-04-13T09:08:11+00:00","dateModified":"2020-07-10T15:26:31+00:00","description":"RESERVE EN DIRECTO -\u00a1Encontrar\u00e1 en nuestra web mejores precios que en Booking.com! - El hotel Beaubourg se encuentra en pleno coraz\u00f3n del Marais, junto al centro Pompidou, al que se puede acceder f\u00e1cilmente en metro y bus. Parking p\u00fablico junto al hotel.","breadcrumb":{"@id":"https:\/\/www.beaubourg-paris-hotel.com\/es\/ubicacion-del-hotel\/#breadcrumb"},"inLanguage":"es","potentialAction":[{"@type":"ReadAction","target":["https:\/\/www.beaubourg-paris-hotel.com\/es\/ubicacion-del-hotel\/"]}]},{"@type":"ImageObject","inLanguage":"es","@id":"https:\/\/www.beaubourg-paris-hotel.com\/es\/ubicacion-del-hotel\/#primaryimage","url":"http:\/\/www.beaubourg-paris-hotel.com\/wp-content\/uploads\/2018\/07\/itineraire-google-map-all.png","contentUrl":"http:\/\/www.beaubourg-paris-hotel.com\/wp-content\/uploads\/2018\/07\/itineraire-google-map-all.png"},{"@type":"BreadcrumbList","@id":"https:\/\/www.beaubourg-paris-hotel.com\/es\/ubicacion-del-hotel\/#breadcrumb","itemListElement":[{"@type":"ListItem","position":1,"name":"Accueil","item":"https:\/\/www.beaubourg-paris-hotel.com\/es\/"},{"@type":"ListItem","position":2,"name":"Situation"}]},{"@type":"WebSite","@id":"https:\/\/www.beaubourg-paris-hotel.com\/it\/#website","url":"https:\/\/www.beaubourg-paris-hotel.com\/it\/","name":"H\u00f4tel Beaubourg","description":"H\u00f4tel 3 \u00e9toiles de charme, Paris Centre.","potentialAction":[{"@type":"SearchAction","target":{"@type":"EntryPoint","urlTemplate":"https:\/\/www.beaubourg-paris-hotel.com\/it\/?s={search_term_string}"},"query-input":{"@type":"PropertyValueSpecification","valueRequired":true,"valueName":"search_term_string"}}],"inLanguage":"es"}]}},"_links":{"self":[{"href":"https:\/\/www.beaubourg-paris-hotel.com\/es\/wp-json\/wp\/v2\/pages\/16514","targetHints":{"allow":["GET"]}}],"collection":[{"href":"https:\/\/www.beaubourg-paris-hotel.com\/es\/wp-json\/wp\/v2\/pages"}],"about":[{"href":"https:\/\/www.beaubourg-paris-hotel.com\/es\/wp-json\/wp\/v2\/types\/page"}],"author":[{"embeddable":true,"href":"https:\/\/www.beaubourg-paris-hotel.com\/es\/wp-json\/wp\/v2\/users\/1"}],"replies":[{"embeddable":true,"href":"https:\/\/www.beaubourg-paris-hotel.com\/es\/wp-json\/wp\/v2\/comments?post=16514"}],"version-history":[{"count":15,"href":"https:\/\/www.beaubourg-paris-hotel.com\/es\/wp-json\/wp\/v2\/pages\/16514\/revisions"}],"predecessor-version":[{"id":19935,"href":"https:\/\/www.beaubourg-paris-hotel.com\/es\/wp-json\/wp\/v2\/pages\/16514\/revisions\/19935"}],"wp:attachment":[{"href":"https:\/\/www.beaubourg-paris-hotel.com\/es\/wp-json\/wp\/v2\/media?parent=16514"}],"curies":[{"name":"wp","href":"https:\/\/api.w.org\/{rel}","templated":true}]}}