{"id":16503,"date":"2018-05-04T08:05:34","date_gmt":"2018-05-04T06:05:34","guid":{"rendered":"http:\/\/www.beaubourg-paris-hotel.com\/nos-services\/"},"modified":"2020-07-10T15:27:03","modified_gmt":"2020-07-10T13:27:03","slug":"our-services","status":"publish","type":"page","link":"https:\/\/www.beaubourg-paris-hotel.com\/en\/our-services\/","title":{"rendered":"Our Services"},"content":{"rendered":"<p>[vc_row el_class=&#8221;bande-resa desk&#8221;][vc_column][vc_raw_html]JTNDZGl2JTIwY2xhc3MlM0QlMjJyZXNlcnZhdGlvbi1mb3JtJTIwZGVzayUyMiUyMHN0eWxlJTNEJTIydGV4dC1hbGlnbiUzQSUyMGNlbnRlciUzQiUyMiUzRSUwQSUzQ2Zvcm0lMjBpZCUzRCUyMkFWUCUyMiUyMGFjdGlvbiUzRCUyMmh0dHAlM0ElMkYlMkZ3d3cuc2VjdXJlLWhvdGVsLWJvb2tpbmcuY29tJTJGSG90ZWwtQmVhdWJvdXJnJTJGMkdVSiUyRnNlYXJjaCUzRmhvdGVsSWQlM0QyMjg1JTIyJTIwbWV0aG9kJTNEJTIycG9zdCUyMiUyMHRhcmdldCUzRCUyMl9ibGFuayUyMiUyMG9uc3VibWl0JTNEJTIyaWYlMjhfZ2FxJTIxJTNEbnVsbCUyOV9nYXEucHVzaCUyOCU1QiUyN19saW5rQnlQb3N0JTI3JTJDJTIwdGhpcyU1RCUyOSUzQiUyMiUzRSUwQSUyMCUyMCUyMCUyMCUyMCUyMCUyMCUyMCUyMCUyMCUyMCUyMCUyMCUzQ2lucHV0JTIwdHlwZSUzRCUyMmhpZGRlbiUyMiUyMGlkJTNEJTIybGFuZ3VhZ2UlMjIlMjBuYW1lJTNEJTIybGFuZ3VhZ2UlMjIlMjB2YWx1ZSUzRCUyMmVuJTIyJTIwJTJGJTNFJTBBJTIwJTIwJTIwJTIwJTIwJTIwJTIwJTIwJTIwJTIwJTIwJTIwJTIwJTNDaW5wdXQlMjB0eXBlJTNEJTIyaGlkZGVuJTIyJTIwaWQlM0QlMjJBVlBfYXJyaXZhbERhdGUlMjIlMjBuYW1lJTNEJTIyYXJyaXZhbERhdGUlMjIlMjB2YWx1ZSUzRCUyMiUyMiUyMCUyRiUzRSUwQSUyMCUyMCUyMCUyMCUyMCUyMCUyMCUyMCUyMCUyMCUyMCUyMCUyMCUzQ2lucHV0JTIwdHlwZSUzRCUyMmhpZGRlbiUyMiUyMGlkJTNEJTIyQVZQX25pZ2h0cyUyMiUyMG5hbWUlM0QlMjJuaWdodHMlMjIlMjB2YWx1ZSUzRCUyMiUyMiUyMCUyRiUzRSUwQSUyMCUyMCUyMCUyMCUyMCUyMCUyMCUyMCUyMCUyMCUyMCUyMCUyMCUzQ2lucHV0JTIwdHlwZSUzRCUyMmhpZGRlbiUyMiUyMGlkJTNEJTIyZ3Vlc3RDb3VudFNlbGVjdG9yJTIyJTIwbmFtZSUzRCUyMmd1ZXN0Q291bnRTZWxlY3RvciUyMiUyMHZhbHVlJTNEJTIyUmVhZE9ubHklMjIlMjAlMkYlM0UlMEElMjAlMjAlMjAlMjAlMjAlMjAlMjAlMjAlMjAlMjAlMjAlMjAlMjAlM0NkaXYlMjBjbGFzcyUzRCUyMmlucHV0LWRhdGUtcmVzYSUyMiUzRSUzQ2lucHV0JTIwdHlwZSUzRCUyMnRleHQlMjIlMjBjbGFzcyUzRCUyMmFzRGF0ZVBpY2tlciUyMiUyMCUyMGlkJTNEJTIyZGF0ZSUyMiUyMG5hbWUlM0QlMjJkYXRlLWFycml2ZWUlMjIlMjAlMjBwbGFjZWhvbGRlciUzRCUyMkNoZWNrLWluJTIyJTIwJTNFJTNDaSUyMGNsYXNzJTNEJTIyZmElMjBmYS1jYWxlbmRhciUyMiUzRSUzQyUyRmklM0UlM0MlMkZkaXYlM0UlMEElMjAlMjAlMjAlMjAlMjAlMjAlMjAlMjAlMjAlMjAlMjAlMjAlMjAlM0NkaXYlMjBjbGFzcyUzRCUyMmlucHV0LWRhdGUtcmVzYSUyMiUzRSUzQ2lucHV0JTIwdHlwZSUzRCUyMnRleHQlMjIlMjBpZCUzRCUyMmRhdGUyJTIyJTIwbmFtZSUzRCUyMmRhdGUtZGVwYXJ0JTIyJTIwY2xhc3MlM0QlMjJhc0RhdGVQaWNrZXIlMjIlMjBwbGFjZWhvbGRlciUzRCUyMkNoZWNrLW91dCUyMiUyMCUzRSUzQ2klMjBjbGFzcyUzRCUyMmZhJTIwZmEtY2FsZW5kYXIlMjIlM0UlM0MlMkZpJTNFJTNDJTJGZGl2JTNFJTBBJTIwJTIwJTIwJTIwJTIwJTIwJTIwJTIwJTIwJTIwJTIwJTIwJTIwJTNDZGl2JTIwY2xhc3MlM0QlMjJpbnB1dC1kYXRlLXJlc2ElMjIlM0UlM0NzZWxlY3QlMjBpZCUzRCUyMnNlbGVjdGVkQWR1bHRDb3VudCUyMiUyMG5hbWUlM0QlMjJzZWxlY3RlZEFkdWx0Q291bnQlMjIlM0UlM0MlMkZzZWxlY3QlM0UlMjAlM0NpJTIwY2xhc3MlM0QlMjJmYSUyMGZhLXVzZXIlMjIlMjBhcmlhLWhpZGRlbiUzRCUyMnRydWUlMjIlM0UlM0MlMkZpJTNFJTNDJTJGZGl2JTNFJTBBJTIwJTIwJTIwJTIwJTIwJTIwJTIwJTIwJTIwJTIwJTIwJTIwJTBBJTIwJTIwJTIwJTIwJTIwJTIwJTIwJTIwJTIwJTIwJTIwJTIwJTIwJTNDYnV0dG9uJTIwdHlwZSUzRCUyMnN1Ym1pdCUyMiUyMGNsYXNzJTNEJTIycmF2aXMtYnRuJTIwYnRuLXR5cGUtMiUyMiUzRUJPT0slMjBOT1clM0MlMkZidXR0b24lM0UlMEElMjAlMjAlMjAlMjAlMjAlMjAlMjAlMjAlMjAlMjAlMjAlMjAlMjAlM0MlMkZmb3JtJTNFJTBBJTIwJTIwJTIwJTIwJTIwJTIwJTIwJTIwJTIwJTIwJTIwJTBBJTIwJTNDc2NyaXB0JTIwdHlwZSUzRCUyMnRleHQlMkZqYXZhc2NyaXB0JTIyJTIwc3JjJTNEJTIyaHR0cHMlM0ElMkYlMkZ3d3cuYmVhdWJvdXJnLXBhcmlzLWhvdGVsLmNvbSUyRmF2YWlscHJvJTJGYXZhaWxwcm8uanMlMjIlM0UlM0MlMkZzY3JpcHQlM0UlMEElM0MlMkZkaXYlM0U=[\/vc_raw_html][\/vc_column][\/vc_row][vc_row full_width=&#8221;stretch_row_content_no_spaces&#8221; css=&#8221;.vc_custom_1594387619573{margin-top: 120px !important;margin-bottom: 30px !important;}&#8221; el_class=&#8221;marge-menu&#8221;][vc_column offset=&#8221;vc_col-md-offset-2 vc_col-md-8&#8243;][vc_raw_html css=&#8221;.vc_custom_1531410214651{margin-top: 0px !important;padding-top: 0px !important;}&#8221;]JTNDZGl2JTIwY2xhc3MlM0QlMjJyYXZpcy10aXRsZS10LTIlMjIlM0UlM0NkaXYlMjBjbGFzcyUzRCUyMnRpdGxlJTIyJTNFJTNDc3BhbiUzRU91ciUyMHNlcnZpY2VzJTNDJTJGc3BhbiUzRSUzQyUyRmRpdiUzRSUzQ2RpdiUyMGNsYXNzJTNEJTIyc3ViLXRpdGxlJTIyJTNFJTNDJTJGZGl2JTNFJTNDJTJGZGl2JTNF[\/vc_raw_html][vc_column_text]<\/p>\n<p style=\"text-align: center;\">To bring Paris right to your door and to <strong>guarantee a comfortable stay<\/strong>, the<strong> Hotel Beaubourg has all the services you need.<\/strong><\/p>\n<p>[\/vc_column_text][\/vc_column][\/vc_row][vc_row css=&#8221;.vc_custom_1531417402629{margin-top: 0px !important;margin-bottom: 0px !important;padding-top: 0px !important;padding-bottom: 0px !important;}&#8221;][vc_column][vc_column_text]<section id=\"hotel-sections\"><div class=\"section-row clearfix\">\n\n\t\t\t\t\t\t\t<div class=\"desc animated-box\" data-animation=\"fadeInUp\" data-delay=\"400\">\n\n\t\t\t\t\t\t\t\t<div class=\"ravis-title-t-1\">\n\n\t\t\t\t\t\t\t\t\t<div class=\"title\"><span>Reception desk<\/span><\/div>\n\n\t\t\t\t\t\t\t\t\t<div class=\"sub-title\">For a nonstop welcome !<\/div>\n\n\t\t\t\t\t\t\t\t<\/div>\n\n\t\t\t\t\t\t\t\t<div class=\"content\"><strong>Our team is on hand day and night to make your holiday enjoyable and trouble-free.<\/strong> Do you need somewhere to dine, a last-minute booking, a special night out or flight confirmation? <strong>Ask at the reception desk!<\/strong> The culture of a luxury hotel mixed with the homely atmosphere of a family-run business: our aim is to please you\u2026 in all languages.\r\n\r\nA <strong>cosy and relaxed lounge<\/strong>, a computer to <strong>surf the web free<\/strong> of charge and organise meetings\u2026 A sociable place where you can read newspapers or magazines, have a glass of champagne, enjoy a \"petit cr\u00e8me\" or meditate in our zen garden\u2026 An ocean of calm in the centre of the city.\r\n<strong>Our luggage room is available 24 hours a day.<\/strong>\r\n<p>&nbsp;<\/p>\r\n\r\n<img decoding=\"async\" class=\"alignnone wp-image-16315 size-full smart\" src=\"http:\/\/www.beaubourg-paris-hotel.com\/wp-content\/uploads\/2018\/05\/Hotel-beaubourg-Paris_services-10.jpg\" alt=\"SERVICES\" width=\"1920\" height=\"1000\" srcset=\"https:\/\/www.beaubourg-paris-hotel.com\/wp-content\/uploads\/2018\/05\/Hotel-beaubourg-Paris_services-10.jpg 1920w, https:\/\/www.beaubourg-paris-hotel.com\/wp-content\/uploads\/2018\/05\/Hotel-beaubourg-Paris_services-10-300x156.jpg 300w, https:\/\/www.beaubourg-paris-hotel.com\/wp-content\/uploads\/2018\/05\/Hotel-beaubourg-Paris_services-10-768x400.jpg 768w, https:\/\/www.beaubourg-paris-hotel.com\/wp-content\/uploads\/2018\/05\/Hotel-beaubourg-Paris_services-10-1024x533.jpg 1024w\" sizes=\"(max-width: 1920px) 100vw, 1920px\" \/><\/div>\n\n\t\t\t\t\t\t\t<\/div><div class=\"img-container animated-box\" data-animation=\"fadeInUp\" data-bg-img=\"https:\/\/www.beaubourg-paris-hotel.com\/wp-content\/uploads\/2018\/05\/Hotel-beaubourg-Paris_services-10.jpg\"><\/div><\/div><div class=\"section-row clearfix\"><div class=\"img-container animated-box\" data-animation=\"fadeInUp\" data-bg-img=\"https:\/\/www.beaubourg-paris-hotel.com\/wp-content\/uploads\/2018\/05\/Hotel-beaubourg-Paris_services-6.jpg\"><\/div>\n\n\t\t\t\t\t\t\t<div class=\"desc animated-box\" data-animation=\"fadeInUp\" data-delay=\"400\">\n\n\t\t\t\t\t\t\t\t<div class=\"ravis-title-t-1\">\n\n\t\t\t\t\t\t\t\t\t<div class=\"title\"><span>WIFI<\/span><\/div>\n\n\t\t\t\t\t\t\t\t\t<div class=\"sub-title\">Free and secure Fiber WiFi<\/div>\n\n\t\t\t\t\t\t\t\t<\/div>\n\n\t\t\t\t\t\t\t\t<div class=\"content\"><p style=\"text-align: left\"><strong> Free and secure<\/strong> Fiber <strong>WiFi<\/strong><\/p>\r\n<p style=\"text-align: left\">Computer with internet access available <strong>free of charge<\/strong><\/p>\r\n<p>&nbsp;<\/p>\r\n\r\n<img decoding=\"async\" class=\"smart alignnone wp-image-16311 size-full smart\" src=\"http:\/\/www.beaubourg-paris-hotel.com\/wp-content\/uploads\/2018\/05\/Hotel-beaubourg-Paris_services-6.jpg\" alt=\"SERVICES\" width=\"1920\" height=\"1000\" srcset=\"https:\/\/www.beaubourg-paris-hotel.com\/wp-content\/uploads\/2018\/05\/Hotel-beaubourg-Paris_services-6.jpg 1920w, https:\/\/www.beaubourg-paris-hotel.com\/wp-content\/uploads\/2018\/05\/Hotel-beaubourg-Paris_services-6-300x156.jpg 300w, https:\/\/www.beaubourg-paris-hotel.com\/wp-content\/uploads\/2018\/05\/Hotel-beaubourg-Paris_services-6-768x400.jpg 768w, https:\/\/www.beaubourg-paris-hotel.com\/wp-content\/uploads\/2018\/05\/Hotel-beaubourg-Paris_services-6-1024x533.jpg 1024w\" sizes=\"(max-width: 1920px) 100vw, 1920px\" \/><\/div>\n\n\t\t\t\t\t\t\t<\/div><\/div><div class=\"section-row clearfix\">\n\n\t\t\t\t\t\t\t<div class=\"desc animated-box\" data-animation=\"fadeInUp\" data-delay=\"400\">\n\n\t\t\t\t\t\t\t\t<div class=\"ravis-title-t-1\">\n\n\t\t\t\t\t\t\t\t\t<div class=\"title\"><span>Breakfast buffet : 11 \u20ac<\/span><\/div>\n\n\t\t\t\t\t\t\t\t\t<div class=\"sub-title\">In your room or in the vaulted dining room<\/div>\n\n\t\t\t\t\t\t\t\t<\/div>\n\n\t\t\t\t\t\t\t\t<div class=\"content\"><strong>A vaulted, stone walled breakfast room<\/strong> with an ancient well. A <strong>charming historic setting<\/strong> for a great start to your day. Before a busy working day or a stroll in the city, a <strong>hearty breakfast is served between 7 and 11 am<\/strong>, unless you prefer to breakfast in bed.\r\n\r\n&nbsp;\r\n\r\nOur <strong>breakfast buffet offers a large selection<\/strong> of:\r\n<ul>\r\n \t<li>Hot drinks (tea, coffee, expresso or chocolate)<\/li>\r\n \t<li>Orange juice, fruit salad, boiled egg, cheeses, ham<\/li>\r\n \t<li>Bread, butter, jam, french breads &amp; croissants, yoghurt, cereals<\/li>\r\n \t<li>Fried or scrambled eggs, eggs with ham or cheese served at extra charge<\/li>\r\n<\/ul>\r\n&nbsp;\r\n\r\n<img decoding=\"async\" class=\"alignnone size-full wp-image-17806 smart\" src=\"http:\/\/www.beaubourg-paris-hotel.com\/wp-content\/uploads\/2018\/05\/Hotel-beaubourg-Paris_services-9.jpg\" alt=\"SERVICES\" width=\"1920\" height=\"1000\" srcset=\"https:\/\/www.beaubourg-paris-hotel.com\/wp-content\/uploads\/2018\/05\/Hotel-beaubourg-Paris_services-9.jpg 1920w, https:\/\/www.beaubourg-paris-hotel.com\/wp-content\/uploads\/2018\/05\/Hotel-beaubourg-Paris_services-9-300x156.jpg 300w, https:\/\/www.beaubourg-paris-hotel.com\/wp-content\/uploads\/2018\/05\/Hotel-beaubourg-Paris_services-9-768x400.jpg 768w, https:\/\/www.beaubourg-paris-hotel.com\/wp-content\/uploads\/2018\/05\/Hotel-beaubourg-Paris_services-9-1024x533.jpg 1024w\" sizes=\"(max-width: 1920px) 100vw, 1920px\" \/><\/div>\n\n\t\t\t\t\t\t\t<\/div><div class=\"img-container animated-box\" data-animation=\"fadeInUp\" data-bg-img=\"https:\/\/www.beaubourg-paris-hotel.com\/wp-content\/uploads\/2018\/05\/Hotel-beaubourg-Paris_services-9.jpg\"><\/div><\/div><div class=\"section-row clearfix\"><div class=\"img-container animated-box\" data-animation=\"fadeInUp\" data-bg-img=\"https:\/\/www.beaubourg-paris-hotel.com\/wp-content\/uploads\/2018\/05\/Hotel-beaubourg-Paris_services-5.jpg\"><\/div>\n\n\t\t\t\t\t\t\t<div class=\"desc animated-box\" data-animation=\"fadeInUp\" data-delay=\"400\">\n\n\t\t\t\t\t\t\t\t<div class=\"ravis-title-t-1\">\n\n\t\t\t\t\t\t\t\t\t<div class=\"title\"><span>Seminars &#038; business meetings<\/span><\/div>\n\n\t\t\t\t\t\t\t\t\t<div class=\"sub-title\">To organise a meeting, a private showing or a seminar<\/div>\n\n\t\t\t\t\t\t\t\t<\/div>\n\n\t\t\t\t\t\t\t\t<div class=\"content\">To <strong>organise a meeting, a private showing or a seminar in a sophisticated setting<\/strong> in the very heart of Paris, the Hotel Beaubourg offers a range of <strong>suitable professional solutions.<\/strong>\r\n\r\nWe have a <strong>tastefully decorated, comfortable boardroom<\/strong> with a capacity of <strong>up to 12 seated or 20 for a workshop<\/strong>.\r\n\r\nContact : <a href=\"mailto:reservation@hotelbeaubourg.com\">reservation@hotelbeaubourg.com<\/a> \/ Telephone : +33 1 42 74 34 24\r\n\r\n&nbsp;\r\n\r\n<img decoding=\"async\" class=\"smart alignnone wp-image-17830 size-full smart\" src=\"http:\/\/www.beaubourg-paris-hotel.com\/wp-content\/uploads\/2018\/05\/Hotel-beaubourg-Paris_services-5.jpg\" alt=\"Services\" width=\"1920\" height=\"1000\" srcset=\"https:\/\/www.beaubourg-paris-hotel.com\/wp-content\/uploads\/2018\/05\/Hotel-beaubourg-Paris_services-5.jpg 1920w, https:\/\/www.beaubourg-paris-hotel.com\/wp-content\/uploads\/2018\/05\/Hotel-beaubourg-Paris_services-5-300x156.jpg 300w, https:\/\/www.beaubourg-paris-hotel.com\/wp-content\/uploads\/2018\/05\/Hotel-beaubourg-Paris_services-5-768x400.jpg 768w, https:\/\/www.beaubourg-paris-hotel.com\/wp-content\/uploads\/2018\/05\/Hotel-beaubourg-Paris_services-5-1024x533.jpg 1024w\" sizes=\"(max-width: 1920px) 100vw, 1920px\" \/><\/div>\n\n\t\t\t\t\t\t\t<\/div><\/div><\/section>[\/vc_column_text][\/vc_column][\/vc_row]<\/p>\n","protected":false},"excerpt":{"rendered":"<p>[vc_row el_class=&#8221;bande-resa desk&#8221;][vc_column][vc_raw_html]JTNDZGl2JTIwY2xhc3MlM0QlMjJyZXNlcnZhdGlvbi1mb3JtJTIwZGVzayUyMiUyMHN0eWxlJTNEJTIydGV4dC1hbGlnbiUzQSUyMGNlbnRlciUzQiUyMiUzRSUwQSUzQ2Zvcm0lMjBpZCUzRCUyMkFWUCUyMiUyMGFjdGlvbiUzRCUyMmh0dHAlM0ElMkYlMkZ3d3cuc2VjdXJlLWhvdGVsLWJvb2tpbmcuY29tJTJGSG90ZWwtQmVhdWJvdXJnJTJGMkdVSiUyRnNlYXJjaCUzRmhvdGVsSWQlM0QyMjg1JTIyJTIwbWV0aG9kJTNEJTIycG9zdCUyMiUyMHRhcmdldCUzRCUyMl9ibGFuayUyMiUyMG9uc3VibWl0JTNEJTIyaWYlMjhfZ2FxJTIxJTNEbnVsbCUyOV9nYXEucHVzaCUyOCU1QiUyN19saW5rQnlQb3N0JTI3JTJDJTIwdGhpcyU1RCUyOSUzQiUyMiUzRSUwQSUyMCUyMCUyMCUyMCUyMCUyMCUyMCUyMCUyMCUyMCUyMCUyMCUyMCUzQ2lucHV0JTIwdHlwZSUzRCUyMmhpZGRlbiUyMiUyMGlkJTNEJTIybGFuZ3VhZ2UlMjIlMjBuYW1lJTNEJTIybGFuZ3VhZ2UlMjIlMjB2YWx1ZSUzRCUyMmVuJTIyJTIwJTJGJTNFJTBBJTIwJTIwJTIwJTIwJTIwJTIwJTIwJTIwJTIwJTIwJTIwJTIwJTIwJTNDaW5wdXQlMjB0eXBlJTNEJTIyaGlkZGVuJTIyJTIwaWQlM0QlMjJBVlBfYXJyaXZhbERhdGUlMjIlMjBuYW1lJTNEJTIyYXJyaXZhbERhdGUlMjIlMjB2YWx1ZSUzRCUyMiUyMiUyMCUyRiUzRSUwQSUyMCUyMCUyMCUyMCUyMCUyMCUyMCUyMCUyMCUyMCUyMCUyMCUyMCUzQ2lucHV0JTIwdHlwZSUzRCUyMmhpZGRlbiUyMiUyMGlkJTNEJTIyQVZQX25pZ2h0cyUyMiUyMG5hbWUlM0QlMjJuaWdodHMlMjIlMjB2YWx1ZSUzRCUyMiUyMiUyMCUyRiUzRSUwQSUyMCUyMCUyMCUyMCUyMCUyMCUyMCUyMCUyMCUyMCUyMCUyMCUyMCUzQ2lucHV0JTIwdHlwZSUzRCUyMmhpZGRlbiUyMiUyMGlkJTNEJTIyZ3Vlc3RDb3VudFNlbGVjdG9yJTIyJTIwbmFtZSUzRCUyMmd1ZXN0Q291bnRTZWxlY3RvciUyMiUyMHZhbHVlJTNEJTIyUmVhZE9ubHklMjIlMjAlMkYlM0UlMEElMjAlMjAlMjAlMjAlMjAlMjAlMjAlMjAlMjAlMjAlMjAlMjAlMjAlM0NkaXYlMjBjbGFzcyUzRCUyMmlucHV0LWRhdGUtcmVzYSUyMiUzRSUzQ2lucHV0JTIwdHlwZSUzRCUyMnRleHQlMjIlMjBjbGFzcyUzRCUyMmFzRGF0ZVBpY2tlciUyMiUyMCUyMGlkJTNEJTIyZGF0ZSUyMiUyMG5hbWUlM0QlMjJkYXRlLWFycml2ZWUlMjIlMjAlMjBwbGFjZWhvbGRlciUzRCUyMkNoZWNrLWluJTIyJTIwJTNFJTNDaSUyMGNsYXNzJTNEJTIyZmElMjBmYS1jYWxlbmRhciUyMiUzRSUzQyUyRmklM0UlM0MlMkZkaXYlM0UlMEElMjAlMjAlMjAlMjAlMjAlMjAlMjAlMjAlMjAlMjAlMjAlMjAlMjAlM0NkaXYlMjBjbGFzcyUzRCUyMmlucHV0LWRhdGUtcmVzYSUyMiUzRSUzQ2lucHV0JTIwdHlwZSUzRCUyMnRleHQlMjIlMjBpZCUzRCUyMmRhdGUyJTIyJTIwbmFtZSUzRCUyMmRhdGUtZGVwYXJ0JTIyJTIwY2xhc3MlM0QlMjJhc0RhdGVQaWNrZXIlMjIlMjBwbGFjZWhvbGRlciUzRCUyMkNoZWNrLW91dCUyMiUyMCUzRSUzQ2klMjBjbGFzcyUzRCUyMmZhJTIwZmEtY2FsZW5kYXIlMjIlM0UlM0MlMkZpJTNFJTNDJTJGZGl2JTNFJTBBJTIwJTIwJTIwJTIwJTIwJTIwJTIwJTIwJTIwJTIwJTIwJTIwJTIwJTNDZGl2JTIwY2xhc3MlM0QlMjJpbnB1dC1kYXRlLXJlc2ElMjIlM0UlM0NzZWxlY3QlMjBpZCUzRCUyMnNlbGVjdGVkQWR1bHRDb3VudCUyMiUyMG5hbWUlM0QlMjJzZWxlY3RlZEFkdWx0Q291bnQlMjIlM0UlM0MlMkZzZWxlY3QlM0UlMjAlM0NpJTIwY2xhc3MlM0QlMjJmYSUyMGZhLXVzZXIlMjIlMjBhcmlhLWhpZGRlbiUzRCUyMnRydWUlMjIlM0UlM0MlMkZpJTNFJTNDJTJGZGl2JTNFJTBBJTIwJTIwJTIwJTIwJTIwJTIwJTIwJTIwJTIwJTIwJTIwJTIwJTBBJTIwJTIwJTIwJTIwJTIwJTIwJTIwJTIwJTIwJTIwJTIwJTIwJTIwJTNDYnV0dG9uJTIwdHlwZSUzRCUyMnN1Ym1pdCUyMiUyMGNsYXNzJTNEJTIycmF2aXMtYnRuJTIwYnRuLXR5cGUtMiUyMiUzRUJPT0slMjBOT1clM0MlMkZidXR0b24lM0UlMEElMjAlMjAlMjAlMjAlMjAlMjAlMjAlMjAlMjAlMjAlMjAlMjAlMjAlM0MlMkZmb3JtJTNFJTBBJTIwJTIwJTIwJTIwJTIwJTIwJTIwJTIwJTIwJTIwJTIwJTBBJTIwJTNDc2NyaXB0JTIwdHlwZSUzRCUyMnRleHQlMkZqYXZhc2NyaXB0JTIyJTIwc3JjJTNEJTIyaHR0cHMlM0ElMkYlMkZ3d3cuYmVhdWJvdXJnLXBhcmlzLWhvdGVsLmNvbSUyRmF2YWlscHJvJTJGYXZhaWxwcm8uanMlMjIlM0UlM0MlMkZzY3JpcHQlM0UlMEElM0MlMkZkaXYlM0U=[\/vc_raw_html][\/vc_column][\/vc_row][vc_row full_width=&#8221;stretch_row_content_no_spaces&#8221; css=&#8221;.vc_custom_1594387619573{margin-top: 120px !important;margin-bottom: 30px !important;}&#8221; el_class=&#8221;marge-menu&#8221;][vc_column offset=&#8221;vc_col-md-offset-2 vc_col-md-8&#8243;][vc_raw_html css=&#8221;.vc_custom_1531410214651{margin-top: 0px !important;padding-top: 0px !important;}&#8221;]JTNDZGl2JTIwY2xhc3MlM0QlMjJyYXZpcy10aXRsZS10LTIlMjIlM0UlM0NkaXYlMjBjbGFzcyUzRCUyMnRpdGxlJTIyJTNFJTNDc3BhbiUzRU91ciUyMHNlcnZpY2VzJTNDJTJGc3BhbiUzRSUzQyUyRmRpdiUzRSUzQ2RpdiUyMGNsYXNzJTNEJTIyc3ViLXRpdGxlJTIyJTNFJTNDJTJGZGl2JTNFJTNDJTJGZGl2JTNF[\/vc_raw_html][vc_column_text] To bring Paris right to your door and to guarantee a comfortable stay, the Hotel Beaubourg has all&#8230;<\/p>\n<div class=\"read-more-container\"><a class=\"more-link btn btn-default btn-sm read-more\" href=\"https:\/\/www.beaubourg-paris-hotel.com\/en\/hotel_section\/seminars-and-business-meetings\/\">Read More<\/a><\/div>\n","protected":false},"author":1,"featured_media":0,"parent":0,"menu_order":0,"comment_status":"closed","ping_status":"closed","template":"","meta":{"footnotes":""},"class_list":["post-16503","page","type-page","status-publish","hentry"],"yoast_head":"<title>H\u00f4tel Beaubourg*** - Paris Marais - Best rates on Official Website - Our services<\/title>\n<meta name=\"description\" content=\"DIRECT BOOKING - better rates than Booking.com on hotel&#039;s official website! - The Hotel Beaubourg reception staff are available to recommend a restaurant or book you a ticket. A generous breakfast buffet is served every morning...\" \/>\n<meta name=\"robots\" content=\"index, follow, max-snippet:-1, max-image-preview:large, max-video-preview:-1\" \/>\n<link rel=\"canonical\" href=\"https:\/\/www.beaubourg-paris-hotel.com\/en\/our-services\/\" \/>\n<meta property=\"og:locale\" content=\"en_US\" \/>\n<meta property=\"og:type\" content=\"article\" \/>\n<meta property=\"og:title\" content=\"H\u00f4tel Beaubourg*** - Paris Marais - Best rates on Official Website - Our services\" \/>\n<meta property=\"og:description\" content=\"DIRECT BOOKING - better rates than Booking.com on hotel&#039;s official website! - The Hotel Beaubourg reception staff are available to recommend a restaurant or book you a ticket. A generous breakfast buffet is served every morning...\" \/>\n<meta property=\"og:url\" content=\"https:\/\/www.beaubourg-paris-hotel.com\/en\/our-services\/\" \/>\n<meta property=\"og:site_name\" content=\"H\u00f4tel Beaubourg\" \/>\n<meta property=\"article:modified_time\" content=\"2020-07-10T13:27:03+00:00\" \/>\n<meta name=\"twitter:card\" content=\"summary_large_image\" \/>\n<meta name=\"twitter:label1\" content=\"Est. reading time\" \/>\n\t<meta name=\"twitter:data1\" content=\"2 minutes\" \/>\n<script type=\"application\/ld+json\" class=\"yoast-schema-graph\">{\"@context\":\"https:\/\/schema.org\",\"@graph\":[{\"@type\":\"WebPage\",\"@id\":\"https:\/\/www.beaubourg-paris-hotel.com\/en\/our-services\/\",\"url\":\"https:\/\/www.beaubourg-paris-hotel.com\/en\/our-services\/\",\"name\":\"H\u00f4tel Beaubourg*** - Paris Marais - Best rates on Official Website - Our services\",\"isPartOf\":{\"@id\":\"https:\/\/www.beaubourg-paris-hotel.com\/it\/#website\"},\"datePublished\":\"2018-05-04T06:05:34+00:00\",\"dateModified\":\"2020-07-10T13:27:03+00:00\",\"description\":\"DIRECT BOOKING - better rates than Booking.com on hotel's official website! - The Hotel Beaubourg reception staff are available to recommend a restaurant or book you a ticket. A generous breakfast buffet is served every morning...\",\"breadcrumb\":{\"@id\":\"https:\/\/www.beaubourg-paris-hotel.com\/en\/our-services\/#breadcrumb\"},\"inLanguage\":\"en-US\",\"potentialAction\":[{\"@type\":\"ReadAction\",\"target\":[\"https:\/\/www.beaubourg-paris-hotel.com\/en\/our-services\/\"]}]},{\"@type\":\"BreadcrumbList\",\"@id\":\"https:\/\/www.beaubourg-paris-hotel.com\/en\/our-services\/#breadcrumb\",\"itemListElement\":[{\"@type\":\"ListItem\",\"position\":1,\"name\":\"Accueil\",\"item\":\"https:\/\/www.beaubourg-paris-hotel.com\/en\/\"},{\"@type\":\"ListItem\",\"position\":2,\"name\":\"Our Services\"}]},{\"@type\":\"WebSite\",\"@id\":\"https:\/\/www.beaubourg-paris-hotel.com\/it\/#website\",\"url\":\"https:\/\/www.beaubourg-paris-hotel.com\/it\/\",\"name\":\"H\u00f4tel Beaubourg\",\"description\":\"H\u00f4tel 3 \u00e9toiles de charme, Paris Centre.\",\"potentialAction\":[{\"@type\":\"SearchAction\",\"target\":{\"@type\":\"EntryPoint\",\"urlTemplate\":\"https:\/\/www.beaubourg-paris-hotel.com\/it\/?s={search_term_string}\"},\"query-input\":{\"@type\":\"PropertyValueSpecification\",\"valueRequired\":true,\"valueName\":\"search_term_string\"}}],\"inLanguage\":\"en-US\"}]}<\/script>","yoast_head_json":{"title":"H\u00f4tel Beaubourg*** - Paris Marais - Best rates on Official Website - Our services","description":"DIRECT BOOKING - better rates than Booking.com on hotel's official website! - The Hotel Beaubourg reception staff are available to recommend a restaurant or book you a ticket. A generous breakfast buffet is served every morning...","robots":{"index":"index","follow":"follow","max-snippet":"max-snippet:-1","max-image-preview":"max-image-preview:large","max-video-preview":"max-video-preview:-1"},"canonical":"https:\/\/www.beaubourg-paris-hotel.com\/en\/our-services\/","og_locale":"en_US","og_type":"article","og_title":"H\u00f4tel Beaubourg*** - Paris Marais - Best rates on Official Website - Our services","og_description":"DIRECT BOOKING - better rates than Booking.com on hotel's official website! - The Hotel Beaubourg reception staff are available to recommend a restaurant or book you a ticket. A generous breakfast buffet is served every morning...","og_url":"https:\/\/www.beaubourg-paris-hotel.com\/en\/our-services\/","og_site_name":"H\u00f4tel Beaubourg","article_modified_time":"2020-07-10T13:27:03+00:00","twitter_card":"summary_large_image","twitter_misc":{"Est. reading time":"2 minutes"},"schema":{"@context":"https:\/\/schema.org","@graph":[{"@type":"WebPage","@id":"https:\/\/www.beaubourg-paris-hotel.com\/en\/our-services\/","url":"https:\/\/www.beaubourg-paris-hotel.com\/en\/our-services\/","name":"H\u00f4tel Beaubourg*** - Paris Marais - Best rates on Official Website - Our services","isPartOf":{"@id":"https:\/\/www.beaubourg-paris-hotel.com\/it\/#website"},"datePublished":"2018-05-04T06:05:34+00:00","dateModified":"2020-07-10T13:27:03+00:00","description":"DIRECT BOOKING - better rates than Booking.com on hotel's official website! - The Hotel Beaubourg reception staff are available to recommend a restaurant or book you a ticket. A generous breakfast buffet is served every morning...","breadcrumb":{"@id":"https:\/\/www.beaubourg-paris-hotel.com\/en\/our-services\/#breadcrumb"},"inLanguage":"en-US","potentialAction":[{"@type":"ReadAction","target":["https:\/\/www.beaubourg-paris-hotel.com\/en\/our-services\/"]}]},{"@type":"BreadcrumbList","@id":"https:\/\/www.beaubourg-paris-hotel.com\/en\/our-services\/#breadcrumb","itemListElement":[{"@type":"ListItem","position":1,"name":"Accueil","item":"https:\/\/www.beaubourg-paris-hotel.com\/en\/"},{"@type":"ListItem","position":2,"name":"Our Services"}]},{"@type":"WebSite","@id":"https:\/\/www.beaubourg-paris-hotel.com\/it\/#website","url":"https:\/\/www.beaubourg-paris-hotel.com\/it\/","name":"H\u00f4tel Beaubourg","description":"H\u00f4tel 3 \u00e9toiles de charme, Paris Centre.","potentialAction":[{"@type":"SearchAction","target":{"@type":"EntryPoint","urlTemplate":"https:\/\/www.beaubourg-paris-hotel.com\/it\/?s={search_term_string}"},"query-input":{"@type":"PropertyValueSpecification","valueRequired":true,"valueName":"search_term_string"}}],"inLanguage":"en-US"}]}},"_links":{"self":[{"href":"https:\/\/www.beaubourg-paris-hotel.com\/en\/wp-json\/wp\/v2\/pages\/16503","targetHints":{"allow":["GET"]}}],"collection":[{"href":"https:\/\/www.beaubourg-paris-hotel.com\/en\/wp-json\/wp\/v2\/pages"}],"about":[{"href":"https:\/\/www.beaubourg-paris-hotel.com\/en\/wp-json\/wp\/v2\/types\/page"}],"author":[{"embeddable":true,"href":"https:\/\/www.beaubourg-paris-hotel.com\/en\/wp-json\/wp\/v2\/users\/1"}],"replies":[{"embeddable":true,"href":"https:\/\/www.beaubourg-paris-hotel.com\/en\/wp-json\/wp\/v2\/comments?post=16503"}],"version-history":[{"count":12,"href":"https:\/\/www.beaubourg-paris-hotel.com\/en\/wp-json\/wp\/v2\/pages\/16503\/revisions"}],"predecessor-version":[{"id":19860,"href":"https:\/\/www.beaubourg-paris-hotel.com\/en\/wp-json\/wp\/v2\/pages\/16503\/revisions\/19860"}],"wp:attachment":[{"href":"https:\/\/www.beaubourg-paris-hotel.com\/en\/wp-json\/wp\/v2\/media?parent=16503"}],"curies":[{"name":"wp","href":"https:\/\/api.w.org\/{rel}","templated":true}]}}