{"id":16449,"date":"2018-05-03T14:12:50","date_gmt":"2018-05-03T12:12:50","guid":{"rendered":"http:\/\/www.beaubourg-paris-hotel.com\/accueil-hotel-beaubourg\/"},"modified":"2022-06-23T10:46:10","modified_gmt":"2022-06-23T08:46:10","slug":"accueil-hotel-beaubourg","status":"publish","type":"page","link":"https:\/\/www.beaubourg-paris-hotel.com\/en\/","title":{"rendered":"Home"},"content":{"rendered":"<p>[vc_row el_class=&#8221;bande-resa&#8221;][vc_column css=&#8221;.vc_custom_1526545203635{margin-top: 5px !important;margin-bottom: 5px !important;padding-top: 0px !important;padding-bottom: 0px !important;}&#8221; offset=&#8221;vc_col-lg-offset-2 vc_col-lg-8 vc_col-md-offset-2 vc_col-md-8 vc_hidden-xs&#8221;][vc_raw_html css=&#8221;.vc_custom_1532057070787{margin-top: 0px !important;margin-right: 0px !important;margin-bottom: 0px !important;margin-left: 0px !important;border-top-width: 0px !important;border-right-width: 0px !important;border-bottom-width: 0px !important;border-left-width: 0px !important;padding-top: 0px !important;padding-right: 0px !important;padding-bottom: 0px !important;padding-left: 0px !important;}&#8221;]JTNDZGl2JTIwY2xhc3MlM0QlMjJyZXNlcnZhdGlvbi1mb3JtJTIwZGVzayUyMiUyMHN0eWxlJTNEJTIydGV4dC1hbGlnbiUzQSUyMGNlbnRlciUzQiUyMiUzRSUwQSUzQ2Zvcm0lMjBpZCUzRCUyMkFWUCUyMiUyMGFjdGlvbiUzRCUyMmh0dHAlM0ElMkYlMkZ3d3cuc2VjdXJlLWhvdGVsLWJvb2tpbmcuY29tJTJGSG90ZWwtQmVhdWJvdXJnJTJGMkdVSiUyRnNlYXJjaCUzRmhvdGVsSWQlM0QyMjg1JTIyJTIwbWV0aG9kJTNEJTIycG9zdCUyMiUyMHRhcmdldCUzRCUyMl9ibGFuayUyMiUyMG9uc3VibWl0JTNEJTIyaWYlMjhfZ2FxJTIxJTNEbnVsbCUyOV9nYXEucHVzaCUyOCU1QiUyN19saW5rQnlQb3N0JTI3JTJDJTIwdGhpcyU1RCUyOSUzQiUyMiUzRSUwQSUyMCUyMCUyMCUyMCUyMCUyMCUyMCUyMCUyMCUyMCUyMCUyMCUyMCUzQ2lucHV0JTIwdHlwZSUzRCUyMmhpZGRlbiUyMiUyMGlkJTNEJTIybGFuZ3VhZ2UlMjIlMjBuYW1lJTNEJTIybGFuZ3VhZ2UlMjIlMjB2YWx1ZSUzRCUyMmVuJTIyJTIwJTJGJTNFJTBBJTIwJTIwJTIwJTIwJTIwJTIwJTIwJTIwJTIwJTIwJTIwJTIwJTIwJTNDaW5wdXQlMjB0eXBlJTNEJTIyaGlkZGVuJTIyJTIwaWQlM0QlMjJBVlBfYXJyaXZhbERhdGUlMjIlMjBuYW1lJTNEJTIyYXJyaXZhbERhdGUlMjIlMjB2YWx1ZSUzRCUyMiUyMiUyMCUyRiUzRSUwQSUyMCUyMCUyMCUyMCUyMCUyMCUyMCUyMCUyMCUyMCUyMCUyMCUyMCUzQ2lucHV0JTIwdHlwZSUzRCUyMmhpZGRlbiUyMiUyMGlkJTNEJTIyQVZQX25pZ2h0cyUyMiUyMG5hbWUlM0QlMjJuaWdodHMlMjIlMjB2YWx1ZSUzRCUyMiUyMiUyMCUyRiUzRSUwQSUyMCUyMCUyMCUyMCUyMCUyMCUyMCUyMCUyMCUyMCUyMCUyMCUyMCUzQ2lucHV0JTIwdHlwZSUzRCUyMmhpZGRlbiUyMiUyMGlkJTNEJTIyZ3Vlc3RDb3VudFNlbGVjdG9yJTIyJTIwbmFtZSUzRCUyMmd1ZXN0Q291bnRTZWxlY3RvciUyMiUyMHZhbHVlJTNEJTIyUmVhZE9ubHklMjIlMjAlMkYlM0UlMEElMjAlMjAlMjAlMjAlMjAlMjAlMjAlMjAlMjAlMjAlMjAlMjAlMjAlM0NkaXYlMjBjbGFzcyUzRCUyMmlucHV0LWRhdGUtcmVzYSUyMiUzRSUzQ2lucHV0JTIwdHlwZSUzRCUyMnRleHQlMjIlMjBjbGFzcyUzRCUyMmFzRGF0ZVBpY2tlciUyMiUyMCUyMGlkJTNEJTIyZGF0ZSUyMiUyMG5hbWUlM0QlMjJkYXRlLWFycml2ZWUlMjIlMjAlMjBwbGFjZWhvbGRlciUzRCUyMkNoZWNrLWluJTIyJTIwJTNFJTNDaSUyMGNsYXNzJTNEJTIyZmElMjBmYS1jYWxlbmRhciUyMiUzRSUzQyUyRmklM0UlM0MlMkZkaXYlM0UlMEElMjAlMjAlMjAlMjAlMjAlMjAlMjAlMjAlMjAlMjAlMjAlMjAlMjAlM0NkaXYlMjBjbGFzcyUzRCUyMmlucHV0LWRhdGUtcmVzYSUyMiUzRSUzQ2lucHV0JTIwdHlwZSUzRCUyMnRleHQlMjIlMjBpZCUzRCUyMmRhdGUyJTIyJTIwbmFtZSUzRCUyMmRhdGUtZGVwYXJ0JTIyJTIwY2xhc3MlM0QlMjJhc0RhdGVQaWNrZXIlMjIlMjBwbGFjZWhvbGRlciUzRCUyMkNoZWNrLW91dCUyMiUyMCUzRSUzQ2klMjBjbGFzcyUzRCUyMmZhJTIwZmEtY2FsZW5kYXIlMjIlM0UlM0MlMkZpJTNFJTNDJTJGZGl2JTNFJTBBJTIwJTIwJTIwJTIwJTIwJTIwJTIwJTIwJTIwJTIwJTIwJTIwJTIwJTNDZGl2JTIwY2xhc3MlM0QlMjJpbnB1dC1kYXRlLXJlc2ElMjIlM0UlM0NzZWxlY3QlMjBpZCUzRCUyMnNlbGVjdGVkQWR1bHRDb3VudCUyMiUyMG5hbWUlM0QlMjJzZWxlY3RlZEFkdWx0Q291bnQlMjIlM0UlM0MlMkZzZWxlY3QlM0UlMjAlM0NpJTIwY2xhc3MlM0QlMjJmYSUyMGZhLXVzZXIlMjIlMjBhcmlhLWhpZGRlbiUzRCUyMnRydWUlMjIlM0UlM0MlMkZpJTNFJTNDJTJGZGl2JTNFJTBBJTIwJTIwJTIwJTIwJTIwJTIwJTIwJTIwJTIwJTIwJTIwJTIwJTBBJTIwJTIwJTIwJTIwJTIwJTIwJTIwJTIwJTIwJTIwJTIwJTIwJTIwJTNDYnV0dG9uJTIwdHlwZSUzRCUyMnN1Ym1pdCUyMiUyMGNsYXNzJTNEJTIycmF2aXMtYnRuJTIwYnRuLXR5cGUtMiUyMiUzRUJPT0slMjBOT1clM0MlMkZidXR0b24lM0UlMEElMjAlMjAlMjAlMjAlMjAlMjAlMjAlMjAlMjAlMjAlMjAlMjAlMjAlM0MlMkZmb3JtJTNFJTBBJTIwJTIwJTIwJTIwJTIwJTIwJTIwJTIwJTIwJTIwJTIwJTBBJTIwJTNDc2NyaXB0JTIwdHlwZSUzRCUyMnRleHQlMkZqYXZhc2NyaXB0JTIyJTIwc3JjJTNEJTIyaHR0cHMlM0ElMkYlMkZ3d3cuYmVhdWJvdXJnLXBhcmlzLWhvdGVsLmNvbSUyRmF2YWlscHJvJTJGYXZhaWxwcm8uanMlMjIlM0UlM0MlMkZzY3JpcHQlM0UlMEElM0MlMkZkaXYlM0U=[\/vc_raw_html][\/vc_column][\/vc_row][vc_row css=&#8221;.vc_custom_1527227581196{margin-top: 0px !important;}&#8221;][vc_column offset=&#8221;vc_hidden-xs&#8221;][rev_slider_vc alias=&#8221;accueil-en&#8221;][\/vc_column][\/vc_row][vc_row css=&#8221;.vc_custom_1570088449877{margin-top: 80px !important;}&#8221;][vc_column offset=&#8221;vc_hidden-lg vc_hidden-md vc_hidden-sm&#8221;][vc_single_image image=&#8221;19274&#8243; img_size=&#8221;full&#8221;][\/vc_column][\/vc_row][vc_row css=&#8221;.vc_custom_1594389993951{margin-top: 0px !important;}&#8221;][vc_column css_animation=&#8221;zoomIn&#8221; css=&#8221;.vc_custom_1527835785640{margin-top: -130px !important;}&#8221;][vc_column_text]<\/p>\n<div id=\"texte\"><\/div>\n<section id=\"welcome-section\" class=\" \">\n\n\t\t\t\t\t<div class=\"inner-container container\">\n\n\t\t\t\t\t\t<div class=\"l-sec col-md-7\">\n\n\t\t\t\t\t\t\t<div class=\"ravis-title-t-1\">\n\n\t\t\t\t\t\t\t\t<div class=\"title\"><span>Hotel Beaubourg<\/span><\/div>\n\n\t\t\t\t\t\t\t\t<div class=\"sub-title\">Welcome to Paris<\/div>\n\n\t\t\t\t\t\t\t<\/div>\n\n\t\t\t\t\t\t\t<div class=\"content\">Come to us for a <strong>romantic weekend<\/strong>, a <strong>family holiday<\/strong>, or for the three days of the Fashion Week, <strong>you will be charmed<\/strong> by the <strong>quiet and refined luxury<\/strong> of the Hotel Beaubourg which combines <strong>tradition and modernity<\/strong>. We offer <strong>impeccable service and a personal welcome, absolute peace at the heart of a lively area<\/strong>. Unique rooms with old beams, a cosy decor, and WiFi, provide a welcoming atmosphere and modern facilities. This is a chic hotel open to everyone\u2026 With swinging Paris at your doorstep!<\/p>\n<p>In a listed building, cosy rooms and lively streets make this <strong>a charming three-star hotel in the heart of the Marais<\/strong>\u2026 Stroll around the cobbled streets of historic Paris, visit <strong>Notre Dame<\/strong>, the <strong>Louvre<\/strong> and the <strong>Pompidou Centre<\/strong>, drop into a trendy bar for a drink, grab a bargain at the BHV and in the designer boutiques, dine until late in a traditional brasserie\u2026 then pop straight back into the cosy world of the Hotel Beaubourg.<\/p>\n<p>Establishment not accessible to people with reduced mobility.<\/div><a href=\"http:\/\/www.secure-hotel-booking.com\/Hotel-Beaubourg\/2GUJ\/dateselection?language=en\" class=\"ravis-btn btn-type-2\" target=\"_blank\">Book your room !<\/a><\/div><div class=\"r-sec col-md-5\"><img decoding=\"async\" src=\"http:\/\/www.beaubourg-paris-hotel.com\/wp-content\/uploads\/2018\/05\/Hotel-beaubourg-Paris-facade-hotel-3.jpg\" alt=\"Hotel Beaubourg\"><\/div>\n\n\t\t\t\t\t<\/div>\n\n\t\t\t\t<\/section>[\/vc_column_text][\/vc_column][\/vc_row][vc_row css=&#8221;.vc_custom_1526553746534{margin-top: 90px !important;}&#8221;][vc_column css_animation=&#8221;left-to-right&#8221; css=&#8221;.vc_custom_1570088328831{margin-top: -130px !important;}&#8221; offset=&#8221;vc_hidden-xs&#8221;][vc_column_text]<\/p>\n<section id=\"luxury-rooms\" class=\"clearfix\">\n<div class=\"room-boxes col-sm-6 col-md-3\"><a class=\"inner-container\" style=\"background-image: url('http:\/\/www.beaubourg-paris-hotel.com\/wp-content\/uploads\/2018\/06\/chambre-classic-double-home.jpg');\" href=\"http:\/\/www.beaubourg-paris-hotel.com\/en\/classic-double-room\/\" data-bg=\"http:\/\/www.beaubourg-paris-hotel.com\/wp-content\/uploads\/2018\/06\/chambre-classic-double-home.jpg\"><span class=\"ravis-title\"><span class=\"inner-box\"><span class=\"title\">Classic double<\/span><span class=\"sub-title\">11 to 15 m\u00b2 &#8211; 2 people<\/span><\/span><\/span><\/a><\/div>\n<div class=\"room-boxes col-sm-6 col-md-3\"><a class=\"inner-container\" style=\"background-image: url('http:\/\/www.beaubourg-paris-hotel.com\/wp-content\/uploads\/2018\/06\/chambre-double-superieure-home.jpg');\" href=\"http:\/\/www.beaubourg-paris-hotel.com\/en\/superior-double-room\/\" data-bg=\"http:\/\/www.beaubourg-paris-hotel.com\/wp-content\/uploads\/2018\/06\/chambre-double-superieure-home.jpg\"><span class=\"ravis-title\"><span class=\"inner-box\"><span class=\"title\">Superior double<\/span><span class=\"sub-title\">17 to 20 m\u00b2 &#8211; 2 people<\/span><\/span><\/span><\/a><\/div>\n<div class=\"room-boxes col-sm-6 col-md-3\"><a class=\"inner-container\" style=\"background-image: url('http:\/\/www.beaubourg-paris-hotel.com\/wp-content\/uploads\/2018\/06\/chambre-twin-superieure-home.jpg');\" href=\"http:\/\/www.beaubourg-paris-hotel.com\/en\/superior-twin-room\/\" data-bg=\"http:\/\/www.beaubourg-paris-hotel.com\/wp-content\/uploads\/2018\/06\/chambre-twin-superieure-home.jpg\"><span class=\"ravis-title\"><span class=\"inner-box\"><span class=\"title\">Superior twin<\/span><span class=\"sub-title\">17 to 20 m\u00b2 &#8211; 2 people<\/span><\/span><\/span><\/a><\/div>\n<div class=\"room-boxes col-sm-6 col-md-3\"><a class=\"inner-container\" style=\"background-image: url('http:\/\/www.beaubourg-paris-hotel.com\/wp-content\/uploads\/2018\/06\/suite-junior-terrasse-home.jpg');\" href=\"http:\/\/www.beaubourg-paris-hotel.com\/en\/junior-suite-deluxe-terrace\/\" data-bg=\"http:\/\/www.beaubourg-paris-hotel.com\/wp-content\/uploads\/2018\/06\/suite-junior-terrasse-home.jpg\"><span class=\"ravis-title\"><span class=\"inner-box\"><span class=\"title\">Junior suite with terrace<\/span><span class=\"sub-title\">23 m\u00b2 &#8211; 2 people<\/span><\/span><\/span><\/a><\/div>\n<\/section>\n<p>[\/vc_column_text][\/vc_column][\/vc_row][vc_row css=&#8221;.vc_custom_1526553746534{margin-top: 90px !important;}&#8221;][vc_column css_animation=&#8221;right-to-left&#8221; css=&#8221;.vc_custom_1527836805658{margin-top: -130px !important;}&#8221;][vc_column_text]<\/p>\n<div id=\"texte\"><\/div>\n<section id=\"welcome-section\" class=\" \">\n\n\t\t\t\t\t<div class=\"inner-container container\">\n\n\t\t\t\t\t\t<div class=\"l-sec col-md-7\">\n\n\t\t\t\t\t\t\t<div class=\"ravis-title-t-1\">\n\n\t\t\t\t\t\t\t\t<div class=\"title\"><span>Breakfast buffet : 11 \u20ac<\/span><\/div>\n\n\t\t\t\t\t\t\t\t<div class=\"sub-title\">In the room or in the vaulted room<\/div>\n\n\t\t\t\t\t\t\t<\/div>\n\n\t\t\t\t\t\t\t<div class=\"content\">A <strong>vaulted<\/strong>, <strong>stone walled breakfast room<\/strong> with an ancient well. A <strong>charming historic setting<\/strong> for a great start to your day.<\/p>\n<p>Before a busy working day or a stroll in the city, <strong>a hearty breakfast is served between 7 and 11 am<\/strong>, unless you prefer to breakfast in bed.<\/p>\n<p>Our <strong>breakfast buffet offers a large selection<\/strong> of:<\/p>\n<ul>\n<li>Hot drinks (tea, coffee, expresso or chocolate)<\/li>\n<li>Orange juice, fruit salad, boiled egg, cheeses, ham<\/li>\n<li>Bread, butter, jam, french breads &amp; croissants, yoghurt, cereals<\/li>\n<li>Fried or scrambled eggs, eggs with ham or cheese served at extra charge<\/li>\n<\/ul>\n<p><\/div><a href=\"http:\/\/www.secure-hotel-booking.com\/Hotel-Beaubourg\/2GUJ\/dateselection?language=en\" class=\"ravis-btn btn-type-2\" target=\"_blank\">Book your room !<\/a><\/div><div class=\"r-sec col-md-5\"><img decoding=\"async\" src=\"http:\/\/www.beaubourg-paris-hotel.com\/wp-content\/uploads\/2018\/05\/Hotel-beaubourg-Paris-pdj-3.jpg\" alt=\"Breakfast buffet : 11 \u20ac\"><\/div>\n\n\t\t\t\t\t<\/div>\n\n\t\t\t\t<\/section>[\/vc_column_text][\/vc_column][\/vc_row][vc_row][vc_column offset=&#8221;vc_hidden-xs&#8221;][vc_single_image image=&#8221;18270&#8243; img_size=&#8221;1170&#215;610&#8243; alignment=&#8221;center&#8221; css_animation=&#8221;fadeIn&#8221; css=&#8221;.vc_custom_1528992638944{margin-left: 0px !important;padding-left: 0px !important;}&#8221;][\/vc_column][\/vc_row][vc_row css=&#8221;.vc_custom_1594390069831{margin-top: 0px !important;}&#8221;][vc_column css_animation=&#8221;right-to-left&#8221; css=&#8221;.vc_custom_1570088490839{margin-top: -130px !important;}&#8221; offset=&#8221;vc_hidden-xs&#8221;][vc_column_text]\n\n\t\t\t\t<section id=\"welcome-section\" class=\" \">\n\n\t\t\t\t\t<div class=\"inner-container container\">\n\n\t\t\t\t\t\t<div class=\"l-sec col-md-7\">\n\n\t\t\t\t\t\t\t<div class=\"ravis-title-t-1\">\n\n\t\t\t\t\t\t\t\t<div class=\"title\"><span>Discovering Paris<\/span><\/div>\n\n\t\t\t\t\t\t\t\t<div class=\"sub-title\">In the heart of the historic Marais<\/div>\n\n\t\t\t\t\t\t\t<\/div>\n\n\t\t\t\t\t\t\t<div class=\"content\">A <strong>central location<\/strong>, <strong>perfect for visiting Paris<\/strong> without tiring yourself out: <strong>the Hotel Beaubourg is situated in the right-bank's 4th arrondissement in the heart of the historic Marais<\/strong>, known for its <strong>old houses, cobbled streets, boutiques and museums<\/strong>.<\/p>\n<p>Within walking distance, you'll find the <strong>Pompidou Centre<\/strong> for contemporary art and <strong>Les Halles<\/strong>, Paris's old market, due to become the <strong>highlight of contemporary Parisian architecture<\/strong>.<\/p>\n<p>Also, well worth a visit, the <strong>Mus\u00e9e Picasso<\/strong>, and dozens of stately homes with beautiful gardens to be seen as you stroll around the district. A little further away explore <strong>Notre-Dame Cathedral<\/strong>, the <strong>Louvre museum<\/strong> (which needs no introduction) and the <strong>Latin Quarter<\/strong> with its chic shops, historic restaurants and legendary bars. The <strong>Hotel Beaubourg<\/strong> is the perfect place for a <strong>visit to the City of Light<\/strong>, to enjoy its <strong>architecture, culture and fashion.<\/strong><\/div><a href=\"http:\/\/www.beaubourg-paris-hotel.com\/en\/discovering-paris\/\" class=\"ravis-btn btn-type-2\" target=\"_blank\">Discovering Paris<\/a><\/div><div class=\"r-sec col-md-5\"><img decoding=\"async\" src=\"http:\/\/www.beaubourg-paris-hotel.com\/wp-content\/uploads\/2018\/07\/Hotel-beaubourg-Paris-home1.jpg\" alt=\"Discovering Paris\"><\/div>\n\n\t\t\t\t\t<\/div>\n\n\t\t\t\t<\/section>[\/vc_column_text][\/vc_column][\/vc_row][vc_row css=&#8221;.vc_custom_1527683290305{margin-bottom: 30px !important;}&#8221;][vc_column css_animation=&#8221;zoomInUp&#8221; offset=&#8221;vc_col-md-offset-2 vc_col-md-8 vc_hidden-xs&#8221;][vc_column_text css=&#8221;.vc_custom_1530541631461{margin-bottom: 20px !important;}&#8221;]<\/p>\n<div class=\"ravis-title-t-2\">\n<div class=\"title\">News<\/div>\n<div class=\"sub-title\">Hotel news, exhibitions, shows&#8230;<\/div>\n<\/div>\n<p>[\/vc_column_text][vc_wp_posts number=&#8221;5&#8243;][\/vc_column][\/vc_row]<\/p>\n","protected":false},"excerpt":{"rendered":"<p>[vc_row el_class=&#8221;bande-resa&#8221;][vc_column css=&#8221;.vc_custom_1526545203635{margin-top: 5px !important;margin-bottom: 5px !important;padding-top: 0px !important;padding-bottom: 0px !important;}&#8221; offset=&#8221;vc_col-lg-offset-2 vc_col-lg-8 vc_col-md-offset-2 vc_col-md-8 vc_hidden-xs&#8221;][vc_raw_html css=&#8221;.vc_custom_1532057070787{margin-top: 0px !important;margin-right: 0px !important;margin-bottom: 0px !important;margin-left: 0px !important;border-top-width: 0px !important;border-right-width: 0px !important;border-bottom-width: 0px !important;border-left-width: 0px !important;padding-top: 0px !important;padding-right:&#8230;<\/p>\n<div class=\"read-more-container\"><a class=\"more-link btn btn-default btn-sm read-more\" href=\"https:\/\/www.beaubourg-paris-hotel.com\/en\/\">Read More<\/a><\/div>\n","protected":false},"author":1,"featured_media":0,"parent":0,"menu_order":0,"comment_status":"closed","ping_status":"closed","template":"","meta":{"footnotes":""},"class_list":["post-16449","page","type-page","status-publish","hentry"],"yoast_head":"<title>H\u00f4tel Beaubourg*** - Paris Marais - Best rates on Official Website<\/title>\n<meta name=\"description\" content=\"DIRECT BOOKING - better rates than Booking.com on hotel&#039;s official website! Intimate and calm, located at the heart of Paris in the Marais, near Notre Dame cathedral, Les Halles shopping center, and George Pompidou museum.\" \/>\n<meta name=\"robots\" content=\"index, follow, max-snippet:-1, max-image-preview:large, max-video-preview:-1\" \/>\n<link rel=\"canonical\" href=\"https:\/\/www.beaubourg-paris-hotel.com\/en\/\" \/>\n<meta property=\"og:locale\" content=\"en_US\" \/>\n<meta property=\"og:type\" content=\"article\" \/>\n<meta property=\"og:title\" content=\"H\u00f4tel Beaubourg*** - Paris Marais - Best rates on Official Website\" \/>\n<meta property=\"og:description\" content=\"DIRECT BOOKING - better rates than Booking.com on hotel&#039;s official website! Intimate and calm, located at the heart of Paris in the Marais, near Notre Dame cathedral, Les Halles shopping center, and George Pompidou museum.\" \/>\n<meta property=\"og:url\" content=\"https:\/\/www.beaubourg-paris-hotel.com\/en\/\" \/>\n<meta property=\"og:site_name\" content=\"H\u00f4tel Beaubourg\" \/>\n<meta property=\"article:modified_time\" content=\"2022-06-23T08:46:10+00:00\" \/>\n<meta name=\"twitter:card\" content=\"summary_large_image\" \/>\n<meta name=\"twitter:label1\" content=\"Est. reading time\" \/>\n\t<meta name=\"twitter:data1\" content=\"5 minutes\" \/>\n<script type=\"application\/ld+json\" class=\"yoast-schema-graph\">{\"@context\":\"https:\/\/schema.org\",\"@graph\":[{\"@type\":\"WebPage\",\"@id\":\"https:\/\/www.beaubourg-paris-hotel.com\/en\/\",\"url\":\"https:\/\/www.beaubourg-paris-hotel.com\/en\/\",\"name\":\"H\u00f4tel Beaubourg*** - Paris Marais - Best rates on Official Website\",\"isPartOf\":{\"@id\":\"https:\/\/www.beaubourg-paris-hotel.com\/it\/#website\"},\"datePublished\":\"2018-05-03T12:12:50+00:00\",\"dateModified\":\"2022-06-23T08:46:10+00:00\",\"description\":\"DIRECT BOOKING - better rates than Booking.com on hotel's official website! Intimate and calm, located at the heart of Paris in the Marais, near Notre Dame cathedral, Les Halles shopping center, and George Pompidou museum.\",\"breadcrumb\":{\"@id\":\"https:\/\/www.beaubourg-paris-hotel.com\/en\/#breadcrumb\"},\"inLanguage\":\"en-US\",\"potentialAction\":[{\"@type\":\"ReadAction\",\"target\":[\"https:\/\/www.beaubourg-paris-hotel.com\/en\/\"]}]},{\"@type\":\"BreadcrumbList\",\"@id\":\"https:\/\/www.beaubourg-paris-hotel.com\/en\/#breadcrumb\",\"itemListElement\":[{\"@type\":\"ListItem\",\"position\":1,\"name\":\"Accueil\",\"item\":\"https:\/\/www.beaubourg-paris-hotel.com\/en\/\"},{\"@type\":\"ListItem\",\"position\":2,\"name\":\"Home\"}]},{\"@type\":\"WebSite\",\"@id\":\"https:\/\/www.beaubourg-paris-hotel.com\/it\/#website\",\"url\":\"https:\/\/www.beaubourg-paris-hotel.com\/it\/\",\"name\":\"H\u00f4tel Beaubourg\",\"description\":\"H\u00f4tel 3 \u00e9toiles de charme, Paris Centre.\",\"potentialAction\":[{\"@type\":\"SearchAction\",\"target\":{\"@type\":\"EntryPoint\",\"urlTemplate\":\"https:\/\/www.beaubourg-paris-hotel.com\/it\/?s={search_term_string}\"},\"query-input\":{\"@type\":\"PropertyValueSpecification\",\"valueRequired\":true,\"valueName\":\"search_term_string\"}}],\"inLanguage\":\"en-US\"}]}<\/script>","yoast_head_json":{"title":"H\u00f4tel Beaubourg*** - Paris Marais - Best rates on Official Website","description":"DIRECT BOOKING - better rates than Booking.com on hotel's official website! Intimate and calm, located at the heart of Paris in the Marais, near Notre Dame cathedral, Les Halles shopping center, and George Pompidou museum.","robots":{"index":"index","follow":"follow","max-snippet":"max-snippet:-1","max-image-preview":"max-image-preview:large","max-video-preview":"max-video-preview:-1"},"canonical":"https:\/\/www.beaubourg-paris-hotel.com\/en\/","og_locale":"en_US","og_type":"article","og_title":"H\u00f4tel Beaubourg*** - Paris Marais - Best rates on Official Website","og_description":"DIRECT BOOKING - better rates than Booking.com on hotel's official website! Intimate and calm, located at the heart of Paris in the Marais, near Notre Dame cathedral, Les Halles shopping center, and George Pompidou museum.","og_url":"https:\/\/www.beaubourg-paris-hotel.com\/en\/","og_site_name":"H\u00f4tel Beaubourg","article_modified_time":"2022-06-23T08:46:10+00:00","twitter_card":"summary_large_image","twitter_misc":{"Est. reading time":"5 minutes"},"schema":{"@context":"https:\/\/schema.org","@graph":[{"@type":"WebPage","@id":"https:\/\/www.beaubourg-paris-hotel.com\/en\/","url":"https:\/\/www.beaubourg-paris-hotel.com\/en\/","name":"H\u00f4tel Beaubourg*** - Paris Marais - Best rates on Official Website","isPartOf":{"@id":"https:\/\/www.beaubourg-paris-hotel.com\/it\/#website"},"datePublished":"2018-05-03T12:12:50+00:00","dateModified":"2022-06-23T08:46:10+00:00","description":"DIRECT BOOKING - better rates than Booking.com on hotel's official website! Intimate and calm, located at the heart of Paris in the Marais, near Notre Dame cathedral, Les Halles shopping center, and George Pompidou museum.","breadcrumb":{"@id":"https:\/\/www.beaubourg-paris-hotel.com\/en\/#breadcrumb"},"inLanguage":"en-US","potentialAction":[{"@type":"ReadAction","target":["https:\/\/www.beaubourg-paris-hotel.com\/en\/"]}]},{"@type":"BreadcrumbList","@id":"https:\/\/www.beaubourg-paris-hotel.com\/en\/#breadcrumb","itemListElement":[{"@type":"ListItem","position":1,"name":"Accueil","item":"https:\/\/www.beaubourg-paris-hotel.com\/en\/"},{"@type":"ListItem","position":2,"name":"Home"}]},{"@type":"WebSite","@id":"https:\/\/www.beaubourg-paris-hotel.com\/it\/#website","url":"https:\/\/www.beaubourg-paris-hotel.com\/it\/","name":"H\u00f4tel Beaubourg","description":"H\u00f4tel 3 \u00e9toiles de charme, Paris Centre.","potentialAction":[{"@type":"SearchAction","target":{"@type":"EntryPoint","urlTemplate":"https:\/\/www.beaubourg-paris-hotel.com\/it\/?s={search_term_string}"},"query-input":{"@type":"PropertyValueSpecification","valueRequired":true,"valueName":"search_term_string"}}],"inLanguage":"en-US"}]}},"_links":{"self":[{"href":"https:\/\/www.beaubourg-paris-hotel.com\/en\/wp-json\/wp\/v2\/pages\/16449","targetHints":{"allow":["GET"]}}],"collection":[{"href":"https:\/\/www.beaubourg-paris-hotel.com\/en\/wp-json\/wp\/v2\/pages"}],"about":[{"href":"https:\/\/www.beaubourg-paris-hotel.com\/en\/wp-json\/wp\/v2\/types\/page"}],"author":[{"embeddable":true,"href":"https:\/\/www.beaubourg-paris-hotel.com\/en\/wp-json\/wp\/v2\/users\/1"}],"replies":[{"embeddable":true,"href":"https:\/\/www.beaubourg-paris-hotel.com\/en\/wp-json\/wp\/v2\/comments?post=16449"}],"version-history":[{"count":20,"href":"https:\/\/www.beaubourg-paris-hotel.com\/en\/wp-json\/wp\/v2\/pages\/16449\/revisions"}],"predecessor-version":[{"id":20554,"href":"https:\/\/www.beaubourg-paris-hotel.com\/en\/wp-json\/wp\/v2\/pages\/16449\/revisions\/20554"}],"wp:attachment":[{"href":"https:\/\/www.beaubourg-paris-hotel.com\/en\/wp-json\/wp\/v2\/media?parent=16449"}],"curies":[{"name":"wp","href":"https:\/\/api.w.org\/{rel}","templated":true}]}}