{"id":16510,"date":"2018-04-13T11:08:11","date_gmt":"2018-04-13T09:08:11","guid":{"rendered":"http:\/\/www.beaubourg-paris-hotel.com\/situation\/"},"modified":"2020-07-10T17:25:16","modified_gmt":"2020-07-10T15:25:16","slug":"lage-des-hotel","status":"publish","type":"page","link":"https:\/\/www.beaubourg-paris-hotel.com\/de\/lage-des-hotel\/","title":{"rendered":"Lage"},"content":{"rendered":"<p>[vc_row el_class=&#8221;bande-resa&#8221;][vc_column][vc_raw_html]JTNDZGl2JTIwY2xhc3MlM0QlMjJyZXNlcnZhdGlvbi1mb3JtJTIwZGVzayUyMiUyMHN0eWxlJTNEJTIydGV4dC1hbGlnbiUzQSUyMGNlbnRlciUzQiUyMiUzRSUwQSUzQ2Zvcm0lMjBpZCUzRCUyMkFWUCUyMiUyMGFjdGlvbiUzRCUyMmh0dHAlM0ElMkYlMkZ3d3cuc2VjdXJlLWhvdGVsLWJvb2tpbmcuY29tJTJGSG90ZWwtQmVhdWJvdXJnJTJGMkdVSiUyRnNlYXJjaCUzRmhvdGVsSWQlM0QyMjg1JTIyJTIwbWV0aG9kJTNEJTIycG9zdCUyMiUyMHRhcmdldCUzRCUyMl9ibGFuayUyMiUyMG9uc3VibWl0JTNEJTIyaWYlMjhfZ2FxJTIxJTNEbnVsbCUyOV9nYXEucHVzaCUyOCU1QiUyN19saW5rQnlQb3N0JTI3JTJDJTIwdGhpcyU1RCUyOSUzQiUyMiUzRSUwQSUyMCUyMCUyMCUyMCUyMCUyMCUyMCUyMCUyMCUyMCUyMCUyMCUyMCUzQ2lucHV0JTIwdHlwZSUzRCUyMmhpZGRlbiUyMiUyMGlkJTNEJTIybGFuZ3VhZ2UlMjIlMjBuYW1lJTNEJTIybGFuZ3VhZ2UlMjIlMjB2YWx1ZSUzRCUyMmRlJTIyJTIwJTJGJTNFJTBBJTIwJTIwJTIwJTIwJTIwJTIwJTIwJTIwJTIwJTIwJTIwJTIwJTIwJTNDaW5wdXQlMjB0eXBlJTNEJTIyaGlkZGVuJTIyJTIwaWQlM0QlMjJBVlBfYXJyaXZhbERhdGUlMjIlMjBuYW1lJTNEJTIyYXJyaXZhbERhdGUlMjIlMjB2YWx1ZSUzRCUyMiUyMiUyMCUyRiUzRSUwQSUyMCUyMCUyMCUyMCUyMCUyMCUyMCUyMCUyMCUyMCUyMCUyMCUyMCUzQ2lucHV0JTIwdHlwZSUzRCUyMmhpZGRlbiUyMiUyMGlkJTNEJTIyQVZQX25pZ2h0cyUyMiUyMG5hbWUlM0QlMjJuaWdodHMlMjIlMjB2YWx1ZSUzRCUyMiUyMiUyMCUyRiUzRSUwQSUyMCUyMCUyMCUyMCUyMCUyMCUyMCUyMCUyMCUyMCUyMCUyMCUyMCUzQ2lucHV0JTIwdHlwZSUzRCUyMmhpZGRlbiUyMiUyMGlkJTNEJTIyZ3Vlc3RDb3VudFNlbGVjdG9yJTIyJTIwbmFtZSUzRCUyMmd1ZXN0Q291bnRTZWxlY3RvciUyMiUyMHZhbHVlJTNEJTIyUmVhZE9ubHklMjIlMjAlMkYlM0UlMEElMjAlMjAlMjAlMjAlMjAlMjAlMjAlMjAlMjAlMjAlMjAlMjAlMjAlM0NkaXYlMjBjbGFzcyUzRCUyMmlucHV0LWRhdGUtcmVzYSUyMiUzRSUzQ2lucHV0JTIwdHlwZSUzRCUyMnRleHQlMjIlMjBjbGFzcyUzRCUyMmFzRGF0ZVBpY2tlciUyMiUyMCUyMGlkJTNEJTIyZGF0ZSUyMiUyMG5hbWUlM0QlMjJkYXRlLWFycml2ZWUlMjIlMjAlMjBwbGFjZWhvbGRlciUzRCUyMkFucmVpc2VkYXR1bSUyMiUyMCUzRSUzQ2klMjBjbGFzcyUzRCUyMmZhJTIwZmEtY2FsZW5kYXIlMjIlM0UlM0MlMkZpJTNFJTNDJTJGZGl2JTNFJTBBJTIwJTIwJTIwJTIwJTIwJTIwJTIwJTIwJTIwJTIwJTIwJTIwJTIwJTNDZGl2JTIwY2xhc3MlM0QlMjJpbnB1dC1kYXRlLXJlc2ElMjIlM0UlM0NpbnB1dCUyMHR5cGUlM0QlMjJ0ZXh0JTIyJTIwaWQlM0QlMjJkYXRlMiUyMiUyMG5hbWUlM0QlMjJkYXRlLWRlcGFydCUyMiUyMGNsYXNzJTNEJTIyYXNEYXRlUGlja2VyJTIyJTIwcGxhY2Vob2xkZXIlM0QlMjJBYnJlaXNlZGF0dW0lMjIlMjAlM0UlM0NpJTIwY2xhc3MlM0QlMjJmYSUyMGZhLWNhbGVuZGFyJTIyJTNFJTNDJTJGaSUzRSUzQyUyRmRpdiUzRSUwQSUyMCUyMCUyMCUyMCUyMCUyMCUyMCUyMCUyMCUyMCUyMCUyMCUyMCUzQ2RpdiUyMGNsYXNzJTNEJTIyaW5wdXQtZGF0ZS1yZXNhJTIyJTNFJTNDc2VsZWN0JTIwaWQlM0QlMjJzZWxlY3RlZEFkdWx0Q291bnQlMjIlMjBuYW1lJTNEJTIyc2VsZWN0ZWRBZHVsdENvdW50JTIyJTNFJTNDJTJGc2VsZWN0JTNFJTIwJTNDaSUyMGNsYXNzJTNEJTIyZmElMjBmYS11c2VyJTIyJTIwYXJpYS1oaWRkZW4lM0QlMjJ0cnVlJTIyJTNFJTNDJTJGaSUzRSUzQyUyRmRpdiUzRSUwQSUyMCUyMCUyMCUyMCUyMCUyMCUyMCUyMCUyMCUyMCUyMCUyMCUwQSUyMCUyMCUyMCUyMCUyMCUyMCUyMCUyMCUyMCUyMCUyMCUyMCUyMCUzQ2J1dHRvbiUyMHR5cGUlM0QlMjJzdWJtaXQlMjIlMjBjbGFzcyUzRCUyMnJhdmlzLWJ0biUyMGJ0bi10eXBlLTIlMjIlM0VCVUNIVU5HJTNDJTJGYnV0dG9uJTNFJTBBJTIwJTIwJTIwJTIwJTIwJTIwJTIwJTIwJTIwJTIwJTIwJTIwJTIwJTNDJTJGZm9ybSUzRSUwQSUyMCUyMCUyMCUyMCUyMCUyMCUyMCUyMCUyMCUyMCUyMCUwQSUyMCUzQ3NjcmlwdCUyMHR5cGUlM0QlMjJ0ZXh0JTJGamF2YXNjcmlwdCUyMiUyMHNyYyUzRCUyMmh0dHBzJTNBJTJGJTJGd3d3LmJlYXVib3VyZy1wYXJpcy1ob3RlbC5jb20lMkZhdmFpbHBybyUyRmF2YWlscHJvLmpzJTIyJTNFJTNDJTJGc2NyaXB0JTNFJTBBJTNDJTJGZGl2JTNF[\/vc_raw_html][\/vc_column][\/vc_row][vc_row css=&#8221;.vc_custom_1528354028942{margin-top: 120px !important;}&#8221;][vc_column][vc_raw_html]JTNDaWZyYW1lJTIwc3JjJTNEJTIyaHR0cHMlM0ElMkYlMkZ3d3cuZ29vZ2xlLmNvbSUyRm1hcHMlMkZlbWJlZCUzRnBiJTNEJTIxMW0xOCUyMTFtMTIlMjExbTMlMjExZDI2MjQuOTAxNjA4NzQyODY1JTIxMmQyLjM1MTE2NTYxNjA1ODg0MyUyMTNkNDguODYwMDg2NTc5Mjg3NjglMjEybTMlMjExZjAlMjEyZjAlMjEzZjAlMjEzbTIlMjExaTEwMjQlMjEyaTc2OCUyMTRmMTMuMSUyMTNtMyUyMTFtMiUyMTFzMHg0N2U2NmUxYzhhNjAxZTc1JTI1M0EweDRmZGI4NGNhMTFiYzFlMWMlMjEyczExJTJCUnVlJTJCU2ltb24lMkJsZSUyQkZyYW5jJTI1MkMlMkI3NTAwNCUyQlBhcmlzJTIxNWUwJTIxM20yJTIxMXNmciUyMTJzZnIlMjE0djE1NTM4NTc3NzU0MDYlMjE1bTIlMjExc2ZyJTIxMnNmciUyMiUyMHdpZHRoJTNEJTIyMTAwJTI1JTIyJTIwaGVpZ2h0JTNEJTIyNDUwJTIyJTIwZnJhbWVib3JkZXIlM0QlMjIwJTIyJTIwc3R5bGUlM0QlMjJib3JkZXIlM0EwJTIyJTIwYWxsb3dmdWxsc2NyZWVuJTNFJTNDJTJGaWZyYW1lJTNF[\/vc_raw_html][\/vc_column][\/vc_row][vc_row css=&#8221;.vc_custom_1533189230271{margin-bottom: 50px !important;}&#8221;][vc_column offset=&#8221;vc_col-md-offset-2 vc_col-md-8&#8243;][vc_row_inner][vc_column_inner width=&#8221;1\/2&#8243;][vc_raw_html]JTNDZGl2JTIwY2xhc3MlM0QlMjJyYXZpcy10aXRsZS10LTIlMjIlM0UlM0NkaXYlMjBjbGFzcyUzRCUyMnRpdGxlJTIyJTNFJTNDc3BhbiUzRUtvbnRha3QlMjB1bmQlMjBhbmZhaHJ0JTNDJTJGc3BhbiUzRSUzQyUyRmRpdiUzRSUzQ2RpdiUyMGNsYXNzJTNEJTIyc3ViLXRpdGxlJTIyJTNFJTNDJTJGZGl2JTNFJTNDJTJGZGl2JTNF[\/vc_raw_html][vc_column_text]<b>H\u00f4tel Beaubourg<\/b><br \/>\n11 rue Simon Lefranc &#8211; 75004 PARIS<br \/>\nT\u00e9l : +33 1 42 74 34 24<\/p>\n<p>E-mail :\u00a0<a href=\"mailto:reservation@hotelbeaubourg.com\">reservation@hotelbeaubourg.com<\/a><\/p>\n<p><b>M\u00e9tro<\/b>\u00a0:<br \/>\nCh\u00e2telet (Linien 1,4,7,11,14) : 5 mn spaziergang<br \/>\nHotel de Ville (Linie 1,11) : 2 mn spaziergang<br \/>\nRambuteau (Linie 11): 1 mn spaziergang<\/p>\n<p><b>RER<\/b>\u00a0:<br \/>\nA, B, D : Ch\u00e2telet : 5 mn spaziergang<\/p>\n<p>&nbsp;<\/p>\n<p><strong>Berechnen Sie Ihre Reiseroute :<\/strong><\/p>\n<p><a href=\"https:\/\/www.google.com.br\/maps\/dir\/ma+position\/Hotel+Beaubourg,+11+Rue+Simon+le+Franc,+75004+Paris\/\" target=\"_blank\" rel=\"noopener noreferrer\"><img decoding=\"async\" class=\"alignnone wp-image-17068 size-full\" src=\"http:\/\/www.beaubourg-paris-hotel.com\/wp-content\/uploads\/2018\/07\/itineraire-google-map-all.png\" alt=\"\" width=\"175\" height=\"41\" \/><\/a><\/p>\n<p><a href=\"waze:\/\/?ll=48.86009,2.35335&amp;navigate=yes\"><img decoding=\"async\" class=\"alignnone size-full wp-image-17249\" src=\"http:\/\/www.beaubourg-paris-hotel.com\/wp-content\/uploads\/2018\/07\/waze-all.png\" alt=\"\" width=\"175\" height=\"41\" \/><\/a><\/p>\n<p>&nbsp;<\/p>\n<p><strong>Anfahrt von Roissy zum Hotel :<\/strong><\/p>\n<p>Der beste Weg, um vom Flughafen C.D.G zu unserem Hotel zu gelangen, ist:<\/p>\n<p>Nehmen Sie den Zug <strong>R.E.R (B)<\/strong> und steigen Sie direkt in <strong>&#8220;CHATELET LES HALLES&#8221;<\/strong> aus, ohne zu wechseln.<\/p>\n<p>In &#8220;CHATELET LES HALLES&#8221; wechseln Sie in die <strong>U-Bahn Nr. 11<\/strong> und Sie sollten in der n\u00e4chsten Haltestelle <strong>&#8220;RAMBUTEAU&#8221;<\/strong> aussteigen.<\/p>\n<p>Wir sind <strong>hinter dem &#8220;POMPIDOU CENTER&#8221;<\/strong> in einem Block von der U-Bahn-Station entfernt.<\/p>\n<p>Manchmal ist es besser, von &#8220;CHATELET LES HALLES&#8221; 5-7 min zu unserem Hotel zu laufen: &#8220;Ch\u00e2telet&#8221; ist eine gro\u00dfe Haltestelle und der Wechsel von RER zur U-Bahn ist nicht so einfach.<\/p>\n<p>&nbsp;<\/p>\n<p><strong>Anfahrt von Orly zum Hotel:<\/strong><\/p>\n<p>Der beste Weg, um vom Flughafen Orly mit dem Zug zum Hotel zu gelangen, ist:<\/p>\n<p>Nehmen Sie das <strong>Orly Val<\/strong> direkt nach &#8220;<strong>Antony<\/strong>&#8221; und wechseln Sie dann in den <strong>R.E. (B)<\/strong> Zug und steigen Sie aus\u00a0<strong>&#8220;Chatelet Les Halles&#8221;<\/strong>.<\/p>\n<p>In &#8220;Chatelet les halles&#8221; steigen Sie in die <strong>U-Bahn Nr. 11<\/strong> um und steigen Sie an der n\u00e4chsten Haltestelle aus <strong>&#8220;Rambuteau&#8221;<\/strong>.<\/p>\n<p>Wir sind <strong>hinter dem &#8220;Centre Pompidou&#8221;<\/strong>, einen Block von der U-Bahn-Station entfernt.<\/p>\n<p>Manchmal ist es besser, von &#8220;Chatelet les Halles&#8221; 5-7 min zu unserem Hotel zu laufen:<br \/>\n&#8220;Chatelet&#8221; ist ein gro\u00dfer Stop und der Wechsel von RER zur U-Bahn ist nicht so einfach.[\/vc_column_text][\/vc_column_inner][vc_column_inner width=&#8221;1\/2&#8243; css=&#8221;.vc_custom_1529046104225{margin-top: 40px !important;}&#8221;][vc_raw_html]JTNDZGl2JTIwY2xhc3MlM0QlMjJnYWxsZXJ5LWNvbnRhaW5lciUyMiUzRSUwQSUzQ3VsJTIwY2xhc3MlM0QlMjJpbWFnZS1tYWluLWJveCUyMGNsZWFyZml4JTIyJTIwc3R5bGUlM0QlMjJwb3NpdGlvbiUzQSUyMHJlbGF0aXZlJTNCJTIwaGVpZ2h0JTNBJTIwNzkwNC45OXB4JTNCJTIyJTNFJTBBJTIwJTA5JTNDbGklMjBjbGFzcyUzRCUyMml0ZW0lMjBjb2wteHMtMTIlMjBjb2wtbWQtMTIlMjBob3RlbCUyMiUyMHN0eWxlJTNEJTIycG9zaXRpb24lM0ElMjBhYnNvbHV0ZSUzQiUyMGxlZnQlM0ElMjAwJTI1JTNCJTIwdG9wJTNBJTIwMHB4JTNCJTIyJTNFJTBBJTNDZmlndXJlJTNFJTNDaW1nJTIwc3JjJTNEJTIyaHR0cHMlM0ElMkYlMkZ3d3cuYmVhdWJvdXJnLXBhcmlzLWhvdGVsLmNvbSUyRndwLWNvbnRlbnQlMkZ1cGxvYWRzJTJGMjAxOCUyRjA2JTJGaW1nX21hcF9nZC5qcGclMjIlMjBhbHQlM0QlMjJIb3RlbCUyMEJlYXVib3VyZyUyMFBhcmlzJTIwTWFyYWlzJTIyJTIwJTJGJTNFJTNDYSUyMGNsYXNzJTNEJTIybW9yZS1kZXRhaWxzJTIyJTIwaHJlZiUzRCUyMmh0dHBzJTNBJTJGJTJGd3d3LmJlYXVib3VyZy1wYXJpcy1ob3RlbC5jb20lMkZ3cC1jb250ZW50JTJGdXBsb2FkcyUyRjIwMTglMkYwNiUyRmltZ19tYXBfZ2QuanBnJTIyJTIwZGF0YS10aXRsZSUzRCUyMkhvdGVsJTIwQmVhdWJvdXJnJTIwUGFyaXMlMjBNYXJhaXMlMjIlM0VFbmxhcmdlJTNDJTJGYSUzRSUzQyUyRmZpZ3VyZSUzRSUwQSUzQyUyRmxpJTNFJTBBJTNDJTJGdWwlM0UlMEElM0MlMkZkaXYlM0U=[\/vc_raw_html][\/vc_column_inner][\/vc_row_inner][\/vc_column][\/vc_row][vc_row][vc_column][vc_single_image image=&#8221;17339&#8243; img_size=&#8221;full&#8221; alignment=&#8221;center&#8221;][\/vc_column][\/vc_row]<\/p>\n","protected":false},"excerpt":{"rendered":"<p>[vc_row el_class=&#8221;bande-resa&#8221;][vc_column][vc_raw_html]JTNDZGl2JTIwY2xhc3MlM0QlMjJyZXNlcnZhdGlvbi1mb3JtJTIwZGVzayUyMiUyMHN0eWxlJTNEJTIydGV4dC1hbGlnbiUzQSUyMGNlbnRlciUzQiUyMiUzRSUwQSUzQ2Zvcm0lMjBpZCUzRCUyMkFWUCUyMiUyMGFjdGlvbiUzRCUyMmh0dHAlM0ElMkYlMkZ3d3cuc2VjdXJlLWhvdGVsLWJvb2tpbmcuY29tJTJGSG90ZWwtQmVhdWJvdXJnJTJGMkdVSiUyRnNlYXJjaCUzRmhvdGVsSWQlM0QyMjg1JTIyJTIwbWV0aG9kJTNEJTIycG9zdCUyMiUyMHRhcmdldCUzRCUyMl9ibGFuayUyMiUyMG9uc3VibWl0JTNEJTIyaWYlMjhfZ2FxJTIxJTNEbnVsbCUyOV9nYXEucHVzaCUyOCU1QiUyN19saW5rQnlQb3N0JTI3JTJDJTIwdGhpcyU1RCUyOSUzQiUyMiUzRSUwQSUyMCUyMCUyMCUyMCUyMCUyMCUyMCUyMCUyMCUyMCUyMCUyMCUyMCUzQ2lucHV0JTIwdHlwZSUzRCUyMmhpZGRlbiUyMiUyMGlkJTNEJTIybGFuZ3VhZ2UlMjIlMjBuYW1lJTNEJTIybGFuZ3VhZ2UlMjIlMjB2YWx1ZSUzRCUyMmRlJTIyJTIwJTJGJTNFJTBBJTIwJTIwJTIwJTIwJTIwJTIwJTIwJTIwJTIwJTIwJTIwJTIwJTIwJTNDaW5wdXQlMjB0eXBlJTNEJTIyaGlkZGVuJTIyJTIwaWQlM0QlMjJBVlBfYXJyaXZhbERhdGUlMjIlMjBuYW1lJTNEJTIyYXJyaXZhbERhdGUlMjIlMjB2YWx1ZSUzRCUyMiUyMiUyMCUyRiUzRSUwQSUyMCUyMCUyMCUyMCUyMCUyMCUyMCUyMCUyMCUyMCUyMCUyMCUyMCUzQ2lucHV0JTIwdHlwZSUzRCUyMmhpZGRlbiUyMiUyMGlkJTNEJTIyQVZQX25pZ2h0cyUyMiUyMG5hbWUlM0QlMjJuaWdodHMlMjIlMjB2YWx1ZSUzRCUyMiUyMiUyMCUyRiUzRSUwQSUyMCUyMCUyMCUyMCUyMCUyMCUyMCUyMCUyMCUyMCUyMCUyMCUyMCUzQ2lucHV0JTIwdHlwZSUzRCUyMmhpZGRlbiUyMiUyMGlkJTNEJTIyZ3Vlc3RDb3VudFNlbGVjdG9yJTIyJTIwbmFtZSUzRCUyMmd1ZXN0Q291bnRTZWxlY3RvciUyMiUyMHZhbHVlJTNEJTIyUmVhZE9ubHklMjIlMjAlMkYlM0UlMEElMjAlMjAlMjAlMjAlMjAlMjAlMjAlMjAlMjAlMjAlMjAlMjAlMjAlM0NkaXYlMjBjbGFzcyUzRCUyMmlucHV0LWRhdGUtcmVzYSUyMiUzRSUzQ2lucHV0JTIwdHlwZSUzRCUyMnRleHQlMjIlMjBjbGFzcyUzRCUyMmFzRGF0ZVBpY2tlciUyMiUyMCUyMGlkJTNEJTIyZGF0ZSUyMiUyMG5hbWUlM0QlMjJkYXRlLWFycml2ZWUlMjIlMjAlMjBwbGFjZWhvbGRlciUzRCUyMkFucmVpc2VkYXR1bSUyMiUyMCUzRSUzQ2klMjBjbGFzcyUzRCUyMmZhJTIwZmEtY2FsZW5kYXIlMjIlM0UlM0MlMkZpJTNFJTNDJTJGZGl2JTNFJTBBJTIwJTIwJTIwJTIwJTIwJTIwJTIwJTIwJTIwJTIwJTIwJTIwJTIwJTNDZGl2JTIwY2xhc3MlM0QlMjJpbnB1dC1kYXRlLXJlc2ElMjIlM0UlM0NpbnB1dCUyMHR5cGUlM0QlMjJ0ZXh0JTIyJTIwaWQlM0QlMjJkYXRlMiUyMiUyMG5hbWUlM0QlMjJkYXRlLWRlcGFydCUyMiUyMGNsYXNzJTNEJTIyYXNEYXRlUGlja2VyJTIyJTIwcGxhY2Vob2xkZXIlM0QlMjJBYnJlaXNlZGF0dW0lMjIlMjAlM0UlM0NpJTIwY2xhc3MlM0QlMjJmYSUyMGZhLWNhbGVuZGFyJTIyJTNFJTNDJTJGaSUzRSUzQyUyRmRpdiUzRSUwQSUyMCUyMCUyMCUyMCUyMCUyMCUyMCUyMCUyMCUyMCUyMCUyMCUyMCUzQ2RpdiUyMGNsYXNzJTNEJTIyaW5wdXQtZGF0ZS1yZXNhJTIyJTNFJTNDc2VsZWN0JTIwaWQlM0QlMjJzZWxlY3RlZEFkdWx0Q291bnQlMjIlMjBuYW1lJTNEJTIyc2VsZWN0ZWRBZHVsdENvdW50JTIyJTNFJTNDJTJGc2VsZWN0JTNFJTIwJTNDaSUyMGNsYXNzJTNEJTIyZmElMjBmYS11c2VyJTIyJTIwYXJpYS1oaWRkZW4lM0QlMjJ0cnVlJTIyJTNFJTNDJTJGaSUzRSUzQyUyRmRpdiUzRSUwQSUyMCUyMCUyMCUyMCUyMCUyMCUyMCUyMCUyMCUyMCUyMCUyMCUwQSUyMCUyMCUyMCUyMCUyMCUyMCUyMCUyMCUyMCUyMCUyMCUyMCUyMCUzQ2J1dHRvbiUyMHR5cGUlM0QlMjJzdWJtaXQlMjIlMjBjbGFzcyUzRCUyMnJhdmlzLWJ0biUyMGJ0bi10eXBlLTIlMjIlM0VCVUNIVU5HJTNDJTJGYnV0dG9uJTNFJTBBJTIwJTIwJTIwJTIwJTIwJTIwJTIwJTIwJTIwJTIwJTIwJTIwJTIwJTNDJTJGZm9ybSUzRSUwQSUyMCUyMCUyMCUyMCUyMCUyMCUyMCUyMCUyMCUyMCUyMCUwQSUyMCUzQ3NjcmlwdCUyMHR5cGUlM0QlMjJ0ZXh0JTJGamF2YXNjcmlwdCUyMiUyMHNyYyUzRCUyMmh0dHBzJTNBJTJGJTJGd3d3LmJlYXVib3VyZy1wYXJpcy1ob3RlbC5jb20lMkZhdmFpbHBybyUyRmF2YWlscHJvLmpzJTIyJTNFJTNDJTJGc2NyaXB0JTNFJTBBJTNDJTJGZGl2JTNF[\/vc_raw_html][\/vc_column][\/vc_row][vc_row css=&#8221;.vc_custom_1528354028942{margin-top: 120px !important;}&#8221;][vc_column][vc_raw_html]JTNDaWZyYW1lJTIwc3JjJTNEJTIyaHR0cHMlM0ElMkYlMkZ3d3cuZ29vZ2xlLmNvbSUyRm1hcHMlMkZlbWJlZCUzRnBiJTNEJTIxMW0xOCUyMTFtMTIlMjExbTMlMjExZDI2MjQuOTAxNjA4NzQyODY1JTIxMmQyLjM1MTE2NTYxNjA1ODg0MyUyMTNkNDguODYwMDg2NTc5Mjg3NjglMjEybTMlMjExZjAlMjEyZjAlMjEzZjAlMjEzbTIlMjExaTEwMjQlMjEyaTc2OCUyMTRmMTMuMSUyMTNtMyUyMTFtMiUyMTFzMHg0N2U2NmUxYzhhNjAxZTc1JTI1M0EweDRmZGI4NGNhMTFiYzFlMWMlMjEyczExJTJCUnVlJTJCU2ltb24lMkJsZSUyQkZyYW5jJTI1MkMlMkI3NTAwNCUyQlBhcmlzJTIxNWUwJTIxM20yJTIxMXNmciUyMTJzZnIlMjE0djE1NTM4NTc3NzU0MDYlMjE1bTIlMjExc2ZyJTIxMnNmciUyMiUyMHdpZHRoJTNEJTIyMTAwJTI1JTIyJTIwaGVpZ2h0JTNEJTIyNDUwJTIyJTIwZnJhbWVib3JkZXIlM0QlMjIwJTIyJTIwc3R5bGUlM0QlMjJib3JkZXIlM0EwJTIyJTIwYWxsb3dmdWxsc2NyZWVuJTNFJTNDJTJGaWZyYW1lJTNF[\/vc_raw_html][\/vc_column][\/vc_row][vc_row css=&#8221;.vc_custom_1533189230271{margin-bottom: 50px !important;}&#8221;][vc_column offset=&#8221;vc_col-md-offset-2 vc_col-md-8&#8243;][vc_row_inner][vc_column_inner width=&#8221;1\/2&#8243;][vc_raw_html]JTNDZGl2JTIwY2xhc3MlM0QlMjJyYXZpcy10aXRsZS10LTIlMjIlM0UlM0NkaXYlMjBjbGFzcyUzRCUyMnRpdGxlJTIyJTNFJTNDc3BhbiUzRUtvbnRha3QlMjB1bmQlMjBhbmZhaHJ0JTNDJTJGc3BhbiUzRSUzQyUyRmRpdiUzRSUzQ2RpdiUyMGNsYXNzJTNEJTIyc3ViLXRpdGxlJTIyJTNFJTNDJTJGZGl2JTNFJTNDJTJGZGl2JTNF[\/vc_raw_html][vc_column_text]H\u00f4tel Beaubourg 11 rue Simon Lefranc &#8211; 75004 PARIS T\u00e9l : +33 1 42 74 34 24 E-mail :\u00a0reservation@hotelbeaubourg.com M\u00e9tro\u00a0: Ch\u00e2telet (Linien 1,4,7,11,14) : 5&#8230;<\/p>\n<div class=\"read-more-container\"><a class=\"more-link btn btn-default btn-sm read-more\" href=\"https:\/\/www.beaubourg-paris-hotel.com\/de\/lage-des-hotel\/\">Read More<\/a><\/div>\n","protected":false},"author":1,"featured_media":0,"parent":0,"menu_order":0,"comment_status":"closed","ping_status":"closed","template":"","meta":{"footnotes":""},"class_list":["post-16510","page","type-page","status-publish","hentry"],"yoast_head":"<title>H\u00f4tel Beaubourg *** - Paris Marais \u2013 Beste Preise auf der offiziellen Website - Lage<\/title>\n<meta name=\"description\" content=\"Direkte Buchung \u2013 bessere Preise als Booking.com, bei Buchung \u00fcber die Webseite des Hotels ! - Das Hotel Beaubourg befindet sich im Herzen des Marais-Viertels direkt neben dem Centre Pompidou und ist mit der Metro und dem Bus leicht erreichbar. Ein \u00f6ffentlicher Parkplatz befindet sich in der N\u00e4he.\" \/>\n<meta name=\"robots\" content=\"index, follow, max-snippet:-1, max-image-preview:large, max-video-preview:-1\" \/>\n<link rel=\"canonical\" href=\"https:\/\/www.beaubourg-paris-hotel.com\/de\/lage-des-hotel\/\" \/>\n<meta property=\"og:locale\" content=\"de_DE\" \/>\n<meta property=\"og:type\" content=\"article\" \/>\n<meta property=\"og:title\" content=\"H\u00f4tel Beaubourg *** - Paris Marais \u2013 Beste Preise auf der offiziellen Website - Lage\" \/>\n<meta property=\"og:description\" content=\"Direkte Buchung \u2013 bessere Preise als Booking.com, bei Buchung \u00fcber die Webseite des Hotels ! - Das Hotel Beaubourg befindet sich im Herzen des Marais-Viertels direkt neben dem Centre Pompidou und ist mit der Metro und dem Bus leicht erreichbar. Ein \u00f6ffentlicher Parkplatz befindet sich in der N\u00e4he.\" \/>\n<meta property=\"og:url\" content=\"https:\/\/www.beaubourg-paris-hotel.com\/de\/lage-des-hotel\/\" \/>\n<meta property=\"og:site_name\" content=\"H\u00f4tel Beaubourg\" \/>\n<meta property=\"article:modified_time\" content=\"2020-07-10T15:25:16+00:00\" \/>\n<meta property=\"og:image\" content=\"http:\/\/www.beaubourg-paris-hotel.com\/wp-content\/uploads\/2018\/07\/itineraire-google-map-all.png\" \/>\n<meta name=\"twitter:card\" content=\"summary_large_image\" \/>\n<meta name=\"twitter:label1\" content=\"Gesch\u00e4tzte Lesezeit\" \/>\n\t<meta name=\"twitter:data1\" content=\"4\u00a0Minuten\" \/>\n<script type=\"application\/ld+json\" class=\"yoast-schema-graph\">{\"@context\":\"https:\/\/schema.org\",\"@graph\":[{\"@type\":\"WebPage\",\"@id\":\"https:\/\/www.beaubourg-paris-hotel.com\/de\/lage-des-hotel\/\",\"url\":\"https:\/\/www.beaubourg-paris-hotel.com\/de\/lage-des-hotel\/\",\"name\":\"H\u00f4tel Beaubourg *** - Paris Marais \u2013 Beste Preise auf der offiziellen Website - Lage\",\"isPartOf\":{\"@id\":\"https:\/\/www.beaubourg-paris-hotel.com\/it\/#website\"},\"primaryImageOfPage\":{\"@id\":\"https:\/\/www.beaubourg-paris-hotel.com\/de\/lage-des-hotel\/#primaryimage\"},\"image\":{\"@id\":\"https:\/\/www.beaubourg-paris-hotel.com\/de\/lage-des-hotel\/#primaryimage\"},\"thumbnailUrl\":\"http:\/\/www.beaubourg-paris-hotel.com\/wp-content\/uploads\/2018\/07\/itineraire-google-map-all.png\",\"datePublished\":\"2018-04-13T09:08:11+00:00\",\"dateModified\":\"2020-07-10T15:25:16+00:00\",\"description\":\"Direkte Buchung \u2013 bessere Preise als Booking.com, bei Buchung \u00fcber die Webseite des Hotels ! - Das Hotel Beaubourg befindet sich im Herzen des Marais-Viertels direkt neben dem Centre Pompidou und ist mit der Metro und dem Bus leicht erreichbar. Ein \u00f6ffentlicher Parkplatz befindet sich in der N\u00e4he.\",\"breadcrumb\":{\"@id\":\"https:\/\/www.beaubourg-paris-hotel.com\/de\/lage-des-hotel\/#breadcrumb\"},\"inLanguage\":\"de\",\"potentialAction\":[{\"@type\":\"ReadAction\",\"target\":[\"https:\/\/www.beaubourg-paris-hotel.com\/de\/lage-des-hotel\/\"]}]},{\"@type\":\"ImageObject\",\"inLanguage\":\"de\",\"@id\":\"https:\/\/www.beaubourg-paris-hotel.com\/de\/lage-des-hotel\/#primaryimage\",\"url\":\"http:\/\/www.beaubourg-paris-hotel.com\/wp-content\/uploads\/2018\/07\/itineraire-google-map-all.png\",\"contentUrl\":\"http:\/\/www.beaubourg-paris-hotel.com\/wp-content\/uploads\/2018\/07\/itineraire-google-map-all.png\"},{\"@type\":\"BreadcrumbList\",\"@id\":\"https:\/\/www.beaubourg-paris-hotel.com\/de\/lage-des-hotel\/#breadcrumb\",\"itemListElement\":[{\"@type\":\"ListItem\",\"position\":1,\"name\":\"Accueil\",\"item\":\"https:\/\/www.beaubourg-paris-hotel.com\/de\/\"},{\"@type\":\"ListItem\",\"position\":2,\"name\":\"Lage\"}]},{\"@type\":\"WebSite\",\"@id\":\"https:\/\/www.beaubourg-paris-hotel.com\/it\/#website\",\"url\":\"https:\/\/www.beaubourg-paris-hotel.com\/it\/\",\"name\":\"H\u00f4tel Beaubourg\",\"description\":\"H\u00f4tel 3 \u00e9toiles de charme, Paris Centre.\",\"potentialAction\":[{\"@type\":\"SearchAction\",\"target\":{\"@type\":\"EntryPoint\",\"urlTemplate\":\"https:\/\/www.beaubourg-paris-hotel.com\/it\/?s={search_term_string}\"},\"query-input\":{\"@type\":\"PropertyValueSpecification\",\"valueRequired\":true,\"valueName\":\"search_term_string\"}}],\"inLanguage\":\"de\"}]}<\/script>","yoast_head_json":{"title":"H\u00f4tel Beaubourg *** - Paris Marais \u2013 Beste Preise auf der offiziellen Website - Lage","description":"Direkte Buchung \u2013 bessere Preise als Booking.com, bei Buchung \u00fcber die Webseite des Hotels ! - Das Hotel Beaubourg befindet sich im Herzen des Marais-Viertels direkt neben dem Centre Pompidou und ist mit der Metro und dem Bus leicht erreichbar. Ein \u00f6ffentlicher Parkplatz befindet sich in der N\u00e4he.","robots":{"index":"index","follow":"follow","max-snippet":"max-snippet:-1","max-image-preview":"max-image-preview:large","max-video-preview":"max-video-preview:-1"},"canonical":"https:\/\/www.beaubourg-paris-hotel.com\/de\/lage-des-hotel\/","og_locale":"de_DE","og_type":"article","og_title":"H\u00f4tel Beaubourg *** - Paris Marais \u2013 Beste Preise auf der offiziellen Website - Lage","og_description":"Direkte Buchung \u2013 bessere Preise als Booking.com, bei Buchung \u00fcber die Webseite des Hotels ! - Das Hotel Beaubourg befindet sich im Herzen des Marais-Viertels direkt neben dem Centre Pompidou und ist mit der Metro und dem Bus leicht erreichbar. Ein \u00f6ffentlicher Parkplatz befindet sich in der N\u00e4he.","og_url":"https:\/\/www.beaubourg-paris-hotel.com\/de\/lage-des-hotel\/","og_site_name":"H\u00f4tel Beaubourg","article_modified_time":"2020-07-10T15:25:16+00:00","og_image":[{"url":"http:\/\/www.beaubourg-paris-hotel.com\/wp-content\/uploads\/2018\/07\/itineraire-google-map-all.png","type":"","width":"","height":""}],"twitter_card":"summary_large_image","twitter_misc":{"Gesch\u00e4tzte Lesezeit":"4\u00a0Minuten"},"schema":{"@context":"https:\/\/schema.org","@graph":[{"@type":"WebPage","@id":"https:\/\/www.beaubourg-paris-hotel.com\/de\/lage-des-hotel\/","url":"https:\/\/www.beaubourg-paris-hotel.com\/de\/lage-des-hotel\/","name":"H\u00f4tel Beaubourg *** - Paris Marais \u2013 Beste Preise auf der offiziellen Website - Lage","isPartOf":{"@id":"https:\/\/www.beaubourg-paris-hotel.com\/it\/#website"},"primaryImageOfPage":{"@id":"https:\/\/www.beaubourg-paris-hotel.com\/de\/lage-des-hotel\/#primaryimage"},"image":{"@id":"https:\/\/www.beaubourg-paris-hotel.com\/de\/lage-des-hotel\/#primaryimage"},"thumbnailUrl":"http:\/\/www.beaubourg-paris-hotel.com\/wp-content\/uploads\/2018\/07\/itineraire-google-map-all.png","datePublished":"2018-04-13T09:08:11+00:00","dateModified":"2020-07-10T15:25:16+00:00","description":"Direkte Buchung \u2013 bessere Preise als Booking.com, bei Buchung \u00fcber die Webseite des Hotels ! - Das Hotel Beaubourg befindet sich im Herzen des Marais-Viertels direkt neben dem Centre Pompidou und ist mit der Metro und dem Bus leicht erreichbar. Ein \u00f6ffentlicher Parkplatz befindet sich in der N\u00e4he.","breadcrumb":{"@id":"https:\/\/www.beaubourg-paris-hotel.com\/de\/lage-des-hotel\/#breadcrumb"},"inLanguage":"de","potentialAction":[{"@type":"ReadAction","target":["https:\/\/www.beaubourg-paris-hotel.com\/de\/lage-des-hotel\/"]}]},{"@type":"ImageObject","inLanguage":"de","@id":"https:\/\/www.beaubourg-paris-hotel.com\/de\/lage-des-hotel\/#primaryimage","url":"http:\/\/www.beaubourg-paris-hotel.com\/wp-content\/uploads\/2018\/07\/itineraire-google-map-all.png","contentUrl":"http:\/\/www.beaubourg-paris-hotel.com\/wp-content\/uploads\/2018\/07\/itineraire-google-map-all.png"},{"@type":"BreadcrumbList","@id":"https:\/\/www.beaubourg-paris-hotel.com\/de\/lage-des-hotel\/#breadcrumb","itemListElement":[{"@type":"ListItem","position":1,"name":"Accueil","item":"https:\/\/www.beaubourg-paris-hotel.com\/de\/"},{"@type":"ListItem","position":2,"name":"Lage"}]},{"@type":"WebSite","@id":"https:\/\/www.beaubourg-paris-hotel.com\/it\/#website","url":"https:\/\/www.beaubourg-paris-hotel.com\/it\/","name":"H\u00f4tel Beaubourg","description":"H\u00f4tel 3 \u00e9toiles de charme, Paris Centre.","potentialAction":[{"@type":"SearchAction","target":{"@type":"EntryPoint","urlTemplate":"https:\/\/www.beaubourg-paris-hotel.com\/it\/?s={search_term_string}"},"query-input":{"@type":"PropertyValueSpecification","valueRequired":true,"valueName":"search_term_string"}}],"inLanguage":"de"}]}},"_links":{"self":[{"href":"https:\/\/www.beaubourg-paris-hotel.com\/de\/wp-json\/wp\/v2\/pages\/16510","targetHints":{"allow":["GET"]}}],"collection":[{"href":"https:\/\/www.beaubourg-paris-hotel.com\/de\/wp-json\/wp\/v2\/pages"}],"about":[{"href":"https:\/\/www.beaubourg-paris-hotel.com\/de\/wp-json\/wp\/v2\/types\/page"}],"author":[{"embeddable":true,"href":"https:\/\/www.beaubourg-paris-hotel.com\/de\/wp-json\/wp\/v2\/users\/1"}],"replies":[{"embeddable":true,"href":"https:\/\/www.beaubourg-paris-hotel.com\/de\/wp-json\/wp\/v2\/comments?post=16510"}],"version-history":[{"count":15,"href":"https:\/\/www.beaubourg-paris-hotel.com\/de\/wp-json\/wp\/v2\/pages\/16510\/revisions"}],"predecessor-version":[{"id":19931,"href":"https:\/\/www.beaubourg-paris-hotel.com\/de\/wp-json\/wp\/v2\/pages\/16510\/revisions\/19931"}],"wp:attachment":[{"href":"https:\/\/www.beaubourg-paris-hotel.com\/de\/wp-json\/wp\/v2\/media?parent=16510"}],"curies":[{"name":"wp","href":"https:\/\/api.w.org\/{rel}","templated":true}]}}