{"id":16504,"date":"2018-05-04T08:05:34","date_gmt":"2018-05-04T06:05:34","guid":{"rendered":"http:\/\/www.beaubourg-paris-hotel.com\/nos-services\/"},"modified":"2020-07-10T15:30:33","modified_gmt":"2020-07-10T13:30:33","slug":"serviceleistungen","status":"publish","type":"page","link":"https:\/\/www.beaubourg-paris-hotel.com\/de\/serviceleistungen\/","title":{"rendered":"Serviceleistungen"},"content":{"rendered":"<p>[vc_row el_class=&#8221;bande-resa&#8221;][vc_column][vc_raw_html]JTNDZGl2JTIwY2xhc3MlM0QlMjJyZXNlcnZhdGlvbi1mb3JtJTIwZGVzayUyMiUyMHN0eWxlJTNEJTIydGV4dC1hbGlnbiUzQSUyMGNlbnRlciUzQiUyMiUzRSUwQSUzQ2Zvcm0lMjBpZCUzRCUyMkFWUCUyMiUyMGFjdGlvbiUzRCUyMmh0dHAlM0ElMkYlMkZ3d3cuc2VjdXJlLWhvdGVsLWJvb2tpbmcuY29tJTJGSG90ZWwtQmVhdWJvdXJnJTJGMkdVSiUyRnNlYXJjaCUzRmhvdGVsSWQlM0QyMjg1JTIyJTIwbWV0aG9kJTNEJTIycG9zdCUyMiUyMHRhcmdldCUzRCUyMl9ibGFuayUyMiUyMG9uc3VibWl0JTNEJTIyaWYlMjhfZ2FxJTIxJTNEbnVsbCUyOV9nYXEucHVzaCUyOCU1QiUyN19saW5rQnlQb3N0JTI3JTJDJTIwdGhpcyU1RCUyOSUzQiUyMiUzRSUwQSUyMCUyMCUyMCUyMCUyMCUyMCUyMCUyMCUyMCUyMCUyMCUyMCUyMCUzQ2lucHV0JTIwdHlwZSUzRCUyMmhpZGRlbiUyMiUyMGlkJTNEJTIybGFuZ3VhZ2UlMjIlMjBuYW1lJTNEJTIybGFuZ3VhZ2UlMjIlMjB2YWx1ZSUzRCUyMmRlJTIyJTIwJTJGJTNFJTBBJTIwJTIwJTIwJTIwJTIwJTIwJTIwJTIwJTIwJTIwJTIwJTIwJTIwJTNDaW5wdXQlMjB0eXBlJTNEJTIyaGlkZGVuJTIyJTIwaWQlM0QlMjJBVlBfYXJyaXZhbERhdGUlMjIlMjBuYW1lJTNEJTIyYXJyaXZhbERhdGUlMjIlMjB2YWx1ZSUzRCUyMiUyMiUyMCUyRiUzRSUwQSUyMCUyMCUyMCUyMCUyMCUyMCUyMCUyMCUyMCUyMCUyMCUyMCUyMCUzQ2lucHV0JTIwdHlwZSUzRCUyMmhpZGRlbiUyMiUyMGlkJTNEJTIyQVZQX25pZ2h0cyUyMiUyMG5hbWUlM0QlMjJuaWdodHMlMjIlMjB2YWx1ZSUzRCUyMiUyMiUyMCUyRiUzRSUwQSUyMCUyMCUyMCUyMCUyMCUyMCUyMCUyMCUyMCUyMCUyMCUyMCUyMCUzQ2lucHV0JTIwdHlwZSUzRCUyMmhpZGRlbiUyMiUyMGlkJTNEJTIyZ3Vlc3RDb3VudFNlbGVjdG9yJTIyJTIwbmFtZSUzRCUyMmd1ZXN0Q291bnRTZWxlY3RvciUyMiUyMHZhbHVlJTNEJTIyUmVhZE9ubHklMjIlMjAlMkYlM0UlMEElMjAlMjAlMjAlMjAlMjAlMjAlMjAlMjAlMjAlMjAlMjAlMjAlMjAlM0NkaXYlMjBjbGFzcyUzRCUyMmlucHV0LWRhdGUtcmVzYSUyMiUzRSUzQ2lucHV0JTIwdHlwZSUzRCUyMnRleHQlMjIlMjBjbGFzcyUzRCUyMmFzRGF0ZVBpY2tlciUyMiUyMCUyMGlkJTNEJTIyZGF0ZSUyMiUyMG5hbWUlM0QlMjJkYXRlLWFycml2ZWUlMjIlMjAlMjBwbGFjZWhvbGRlciUzRCUyMkFucmVpc2VkYXR1bSUyMiUyMCUzRSUzQ2klMjBjbGFzcyUzRCUyMmZhJTIwZmEtY2FsZW5kYXIlMjIlM0UlM0MlMkZpJTNFJTNDJTJGZGl2JTNFJTBBJTIwJTIwJTIwJTIwJTIwJTIwJTIwJTIwJTIwJTIwJTIwJTIwJTIwJTNDZGl2JTIwY2xhc3MlM0QlMjJpbnB1dC1kYXRlLXJlc2ElMjIlM0UlM0NpbnB1dCUyMHR5cGUlM0QlMjJ0ZXh0JTIyJTIwaWQlM0QlMjJkYXRlMiUyMiUyMG5hbWUlM0QlMjJkYXRlLWRlcGFydCUyMiUyMGNsYXNzJTNEJTIyYXNEYXRlUGlja2VyJTIyJTIwcGxhY2Vob2xkZXIlM0QlMjJBYnJlaXNlZGF0dW0lMjIlMjAlM0UlM0NpJTIwY2xhc3MlM0QlMjJmYSUyMGZhLWNhbGVuZGFyJTIyJTNFJTNDJTJGaSUzRSUzQyUyRmRpdiUzRSUwQSUyMCUyMCUyMCUyMCUyMCUyMCUyMCUyMCUyMCUyMCUyMCUyMCUyMCUzQ2RpdiUyMGNsYXNzJTNEJTIyaW5wdXQtZGF0ZS1yZXNhJTIyJTNFJTNDc2VsZWN0JTIwaWQlM0QlMjJzZWxlY3RlZEFkdWx0Q291bnQlMjIlMjBuYW1lJTNEJTIyc2VsZWN0ZWRBZHVsdENvdW50JTIyJTNFJTNDJTJGc2VsZWN0JTNFJTIwJTNDaSUyMGNsYXNzJTNEJTIyZmElMjBmYS11c2VyJTIyJTIwYXJpYS1oaWRkZW4lM0QlMjJ0cnVlJTIyJTNFJTNDJTJGaSUzRSUzQyUyRmRpdiUzRSUwQSUyMCUyMCUyMCUyMCUyMCUyMCUyMCUyMCUyMCUyMCUyMCUyMCUwQSUyMCUyMCUyMCUyMCUyMCUyMCUyMCUyMCUyMCUyMCUyMCUyMCUyMCUzQ2J1dHRvbiUyMHR5cGUlM0QlMjJzdWJtaXQlMjIlMjBjbGFzcyUzRCUyMnJhdmlzLWJ0biUyMGJ0bi10eXBlLTIlMjIlM0VCVUNIVU5HJTNDJTJGYnV0dG9uJTNFJTBBJTIwJTIwJTIwJTIwJTIwJTIwJTIwJTIwJTIwJTIwJTIwJTIwJTIwJTNDJTJGZm9ybSUzRSUwQSUyMCUyMCUyMCUyMCUyMCUyMCUyMCUyMCUyMCUyMCUyMCUwQSUyMCUzQ3NjcmlwdCUyMHR5cGUlM0QlMjJ0ZXh0JTJGamF2YXNjcmlwdCUyMiUyMHNyYyUzRCUyMmh0dHBzJTNBJTJGJTJGd3d3LmJlYXVib3VyZy1wYXJpcy1ob3RlbC5jb20lMkZhdmFpbHBybyUyRmF2YWlscHJvLmpzJTIyJTNFJTNDJTJGc2NyaXB0JTNFJTBBJTNDJTJGZGl2JTNF[\/vc_raw_html][\/vc_column][\/vc_row][vc_row css=&#8221;.vc_custom_1594387830934{margin-top: 120px !important;margin-bottom: 30px !important;}&#8221; el_class=&#8221;marge-menu&#8221;][vc_column offset=&#8221;vc_col-md-offset-2 vc_col-md-8&#8243;][vc_raw_html css=&#8221;.vc_custom_1530715336846{margin-top: 0px !important;padding-top: 0px !important;}&#8221;]JTNDZGl2JTIwY2xhc3MlM0QlMjJyYXZpcy10aXRsZS10LTIlMjIlM0UlM0NkaXYlMjBjbGFzcyUzRCUyMnRpdGxlJTIyJTNFJTNDc3BhbiUzRVNlcnZpY2VsZWlzdHVuZ2VuJTNDJTJGc3BhbiUzRSUzQyUyRmRpdiUzRSUzQ2RpdiUyMGNsYXNzJTNEJTIyc3ViLXRpdGxlJTIyJTNFJTNDJTJGZGl2JTNFJTNDJTJGZGl2JTNF[\/vc_raw_html][vc_column_text]<\/p>\n<p style=\"text-align: center;\">Um Ihnen Paris zu F\u00fc\u00dfen zu legen und Ihren Aufenthalt einfacher zu gestalten, bietet Ihnen das <strong>Hotel Beaubourg<\/strong> zahlreiche an Ihre Bed\u00fcrfisse angepasste Servicleistungen an :<\/p>\n<p>[\/vc_column_text][\/vc_column][\/vc_row][vc_row css=&#8221;.vc_custom_1528815504856{margin-top: 0px !important;margin-bottom: 0px !important;padding-top: 0px !important;padding-bottom: 0px !important;}&#8221;][vc_column][vc_column_text]<section id=\"hotel-sections\"><div class=\"section-row clearfix\">\n\n\t\t\t\t\t\t\t<div class=\"desc animated-box\" data-animation=\"fadeInUp\" data-delay=\"400\">\n\n\t\t\t\t\t\t\t\t<div class=\"ravis-title-t-1\">\n\n\t\t\t\t\t\t\t\t\t<div class=\"title\"><span>Rezeption<\/span><\/div>\n\n\t\t\t\t\t\t\t\t\t<div class=\"sub-title\">Votre accueil permanent !<\/div>\n\n\t\t\t\t\t\t\t\t<\/div>\n\n\t\t\t\t\t\t\t\t<div class=\"content\">Unser Team steht Ihnen Tag und Nacht gerne zur Verf\u00fcgung, um aus Ihrem Aufenthalt ein unvergessliches und perfektes Erlebnis zu machen. Sie haben Lust in ein Restaurant zu gehen, Sie m\u00f6chten in letzter Minute eine Eintrittskarte reservieren, Sie suchen nach einer originellen Ausflugsm\u00f6glichkeit oder ben\u00f6tigen eine Flugbest\u00e4tigung? Fragen Sie unseren Concierge! Kulturpalast und Wohlf\u00fchlambiente wie zu Hause, wir sorgen uns an erster Stelle um die Betreuung unserer G\u00e4ste \u2026 und dies in allen Sprachen.\r\n\r\n&nbsp;\r\n\r\n<p>Eine gem\u00fctliche Lounge mit entspannter Atmosph\u00e4re, ein Computer zum kostenlosen Surfen im Internet und zur Organisation von Meetings ... Ein geselliger Ort zum Lesen von Zeitungen und Zeitschriften , zum Genie\u00dfen eines Glases Champagner oder eines Milchkaffees, zum Relaxen in unserem Zengarten ... Eine Oase des Friedens mitten in der Stadt.\r\nUnsere Gep\u00e4ckaufbewahrung ist rund um die Uhr f\u00fcr Sie ge\u00f6ffnet.<\/p>\r\n<p>&nbsp;<\/p>\r\n\r\n<img decoding=\"async\" class=\"alignnone wp-image-16315 size-full smart\" src=\"http:\/\/www.beaubourg-paris-hotel.com\/wp-content\/uploads\/2018\/05\/Hotel-beaubourg-Paris_services-10.jpg\" alt=\"SERVICES\" width=\"1920\" height=\"1000\" srcset=\"https:\/\/www.beaubourg-paris-hotel.com\/wp-content\/uploads\/2018\/05\/Hotel-beaubourg-Paris_services-10.jpg 1920w, https:\/\/www.beaubourg-paris-hotel.com\/wp-content\/uploads\/2018\/05\/Hotel-beaubourg-Paris_services-10-300x156.jpg 300w, https:\/\/www.beaubourg-paris-hotel.com\/wp-content\/uploads\/2018\/05\/Hotel-beaubourg-Paris_services-10-768x400.jpg 768w, https:\/\/www.beaubourg-paris-hotel.com\/wp-content\/uploads\/2018\/05\/Hotel-beaubourg-Paris_services-10-1024x533.jpg 1024w\" sizes=\"(max-width: 1920px) 100vw, 1920px\" \/><\/div>\n\n\t\t\t\t\t\t\t<\/div><div class=\"img-container animated-box\" data-animation=\"fadeInUp\" data-bg-img=\"https:\/\/www.beaubourg-paris-hotel.com\/wp-content\/uploads\/2018\/05\/Hotel-beaubourg-Paris_services-10.jpg\"><\/div><\/div><div class=\"section-row clearfix\"><div class=\"img-container animated-box\" data-animation=\"fadeInUp\" data-bg-img=\"https:\/\/www.beaubourg-paris-hotel.com\/wp-content\/uploads\/2018\/05\/Hotel-beaubourg-Paris_services-6.jpg\"><\/div>\n\n\t\t\t\t\t\t\t<div class=\"desc animated-box\" data-animation=\"fadeInUp\" data-delay=\"400\">\n\n\t\t\t\t\t\t\t\t<div class=\"ravis-title-t-1\">\n\n\t\t\t\t\t\t\t\t\t<div class=\"title\"><span>WLAN<\/span><\/div>\n\n\t\t\t\t\t\t\t\t\t<div class=\"sub-title\">Freie und sichere wifi-faser<\/div>\n\n\t\t\t\t\t\t\t\t<\/div>\n\n\t\t\t\t\t\t\t\t<div class=\"content\"><p style=\"text-align: left\">Freie und sichere wifi-faser<\/p>\r\n<p style=\"text-align: left\">Computer mit Internetzugang zur geb\u00fchrenfreien Nutzung<\/p>\r\n<p>&nbsp;<\/p>\r\n\r\n<img decoding=\"async\" class=\"smart alignnone wp-image-16311 size-full smart\" src=\"http:\/\/www.beaubourg-paris-hotel.com\/wp-content\/uploads\/2018\/05\/Hotel-beaubourg-Paris_services-6.jpg\" alt=\"SERVICES\" width=\"1920\" height=\"1000\" srcset=\"https:\/\/www.beaubourg-paris-hotel.com\/wp-content\/uploads\/2018\/05\/Hotel-beaubourg-Paris_services-6.jpg 1920w, https:\/\/www.beaubourg-paris-hotel.com\/wp-content\/uploads\/2018\/05\/Hotel-beaubourg-Paris_services-6-300x156.jpg 300w, https:\/\/www.beaubourg-paris-hotel.com\/wp-content\/uploads\/2018\/05\/Hotel-beaubourg-Paris_services-6-768x400.jpg 768w, https:\/\/www.beaubourg-paris-hotel.com\/wp-content\/uploads\/2018\/05\/Hotel-beaubourg-Paris_services-6-1024x533.jpg 1024w\" sizes=\"(max-width: 1920px) 100vw, 1920px\" \/><\/div>\n\n\t\t\t\t\t\t\t<\/div><\/div><div class=\"section-row clearfix\">\n\n\t\t\t\t\t\t\t<div class=\"desc animated-box\" data-animation=\"fadeInUp\" data-delay=\"400\">\n\n\t\t\t\t\t\t\t\t<div class=\"ravis-title-t-1\">\n\n\t\t\t\t\t\t\t\t\t<div class=\"title\"><span>Fr\u00fchst\u00fccksbuffet : 11 \u20ac<\/span><\/div>\n\n\t\t\t\t\t\t\t\t\t<div class=\"sub-title\">Im Zimmer oder im Gew\u00f6lbe-saal<\/div>\n\n\t\t\t\t\t\t\t\t<\/div>\n\n\t\t\t\t\t\t\t\t<div class=\"content\">Ein Gew\u00f6lbesaal, nackte Steinw\u00e4nde, ein alterBrunnen. Ein historischer und bezaubernder Rahmen, um den Morgen in aller Sch\u00f6nheit zu beginnen. Hier erwartet Sie vor Ihrem Arbeitstagoder Ausflug in Paris von 7.00 bis 11.00 Uhr ein gehaltvolles Fr\u00fchst\u00fcck . Und wenn Sie lieber noch im Bett faulenzen m\u00f6chten, servieren wir Ihnen auch gerne das Fr\u00fchst\u00fcck im Zimmer.\r\n\r\n&nbsp;\r\n\r\nUnser Fr\u00fchst\u00fccksbuffet bietet eine gro\u00dfe Auswahl :\r\n<ul>\r\n \t<li>hei\u00dfe Getr\u00e4nke (Tee, Kaffee, Espresso oder Schokolade)<\/li>\r\n \t<li>Orangensaft, Obstsalat, gekochtes Ei, K\u00e4se, Schinken<\/li>\r\n \t<li>Brot, Butter, Marmelade, franz\u00f6sische Brote &amp; Croissants, Joghurt, M\u00fcsli<\/li>\r\n \t<li>Spiegel- oder R\u00fchrei Eier mit Schinken oder K\u00e4se serviert gegen Aufpreis.<\/li>\r\n<\/ul>\r\n&nbsp;\r\n\r\n<img decoding=\"async\" class=\"alignnone size-full wp-image-17807 smart\" src=\"http:\/\/www.beaubourg-paris-hotel.com\/wp-content\/uploads\/2018\/05\/Hotel-beaubourg-Paris_services-9.jpg\" alt=\"SERVICES\" width=\"1920\" height=\"1000\" srcset=\"https:\/\/www.beaubourg-paris-hotel.com\/wp-content\/uploads\/2018\/05\/Hotel-beaubourg-Paris_services-9.jpg 1920w, https:\/\/www.beaubourg-paris-hotel.com\/wp-content\/uploads\/2018\/05\/Hotel-beaubourg-Paris_services-9-300x156.jpg 300w, https:\/\/www.beaubourg-paris-hotel.com\/wp-content\/uploads\/2018\/05\/Hotel-beaubourg-Paris_services-9-768x400.jpg 768w, https:\/\/www.beaubourg-paris-hotel.com\/wp-content\/uploads\/2018\/05\/Hotel-beaubourg-Paris_services-9-1024x533.jpg 1024w\" sizes=\"(max-width: 1920px) 100vw, 1920px\" \/><\/div>\n\n\t\t\t\t\t\t\t<\/div><div class=\"img-container animated-box\" data-animation=\"fadeInUp\" data-bg-img=\"https:\/\/www.beaubourg-paris-hotel.com\/wp-content\/uploads\/2018\/05\/Hotel-beaubourg-Paris_services-9.jpg\"><\/div><\/div><div class=\"section-row clearfix\"><div class=\"img-container animated-box\" data-animation=\"fadeInUp\" data-bg-img=\"https:\/\/www.beaubourg-paris-hotel.com\/wp-content\/uploads\/2018\/05\/Hotel-beaubourg-Paris_services-5.jpg\"><\/div>\n\n\t\t\t\t\t\t\t<div class=\"desc animated-box\" data-animation=\"fadeInUp\" data-delay=\"400\">\n\n\t\t\t\t\t\t\t\t<div class=\"ravis-title-t-1\">\n\n\t\t\t\t\t\t\t\t\t<div class=\"title\"><span>Tagungen und Gesch\u00e4ftsmeetings<\/span><\/div>\n\n\t\t\t\t\t\t\t\t\t<div class=\"sub-title\">Tagunden und gesch\u00e4ftsmeetings saalmiete f\u00fcr seminare<\/div>\n\n\t\t\t\t\t\t\t\t<\/div>\n\n\t\t\t\t\t\t\t\t<div class=\"content\">Das Hotel Beaubourg h\u00e4lt f\u00fcr die Organisation eines Meetings, einer Ausstellungser\u00f6ffnung oder einer Tagung in einem stilvollen Ambiente im Herzen von Paris mit ma\u00dfgeschneiderte und professionelle L\u00f6sungen f\u00fcr Sie bereit.\r\n\r\nWir bieten einen komfortablen, sch\u00f6nen und eleganten Tagungsraumf\u00fcr bis zu 12 Personen bei Theaterbestuhlung oder 20 Personen bei Workshop-Bestuhlung.\r\n\r\nKontakt: <a href=\"mailto:reservation@hotelbeaubourg.com\">reservation@hotelbeaubourg.com<\/a> \/ Telefon : +33 1 42 74 34 24\r\n\r\n&nbsp;\r\n\r\n<img decoding=\"async\" class=\"smart alignnone wp-image-17831 size-full smart\" src=\"http:\/\/www.beaubourg-paris-hotel.com\/wp-content\/uploads\/2018\/05\/Hotel-beaubourg-Paris_services-5.jpg\" alt=\"Services\" width=\"1920\" height=\"1000\" srcset=\"https:\/\/www.beaubourg-paris-hotel.com\/wp-content\/uploads\/2018\/05\/Hotel-beaubourg-Paris_services-5.jpg 1920w, https:\/\/www.beaubourg-paris-hotel.com\/wp-content\/uploads\/2018\/05\/Hotel-beaubourg-Paris_services-5-300x156.jpg 300w, https:\/\/www.beaubourg-paris-hotel.com\/wp-content\/uploads\/2018\/05\/Hotel-beaubourg-Paris_services-5-768x400.jpg 768w, https:\/\/www.beaubourg-paris-hotel.com\/wp-content\/uploads\/2018\/05\/Hotel-beaubourg-Paris_services-5-1024x533.jpg 1024w\" sizes=\"(max-width: 1920px) 100vw, 1920px\" \/><\/div>\n\n\t\t\t\t\t\t\t<\/div><\/div><\/section>[\/vc_column_text][\/vc_column][\/vc_row]<\/p>\n","protected":false},"excerpt":{"rendered":"<p>[vc_row el_class=&#8221;bande-resa&#8221;][vc_column][vc_raw_html]JTNDZGl2JTIwY2xhc3MlM0QlMjJyZXNlcnZhdGlvbi1mb3JtJTIwZGVzayUyMiUyMHN0eWxlJTNEJTIydGV4dC1hbGlnbiUzQSUyMGNlbnRlciUzQiUyMiUzRSUwQSUzQ2Zvcm0lMjBpZCUzRCUyMkFWUCUyMiUyMGFjdGlvbiUzRCUyMmh0dHAlM0ElMkYlMkZ3d3cuc2VjdXJlLWhvdGVsLWJvb2tpbmcuY29tJTJGSG90ZWwtQmVhdWJvdXJnJTJGMkdVSiUyRnNlYXJjaCUzRmhvdGVsSWQlM0QyMjg1JTIyJTIwbWV0aG9kJTNEJTIycG9zdCUyMiUyMHRhcmdldCUzRCUyMl9ibGFuayUyMiUyMG9uc3VibWl0JTNEJTIyaWYlMjhfZ2FxJTIxJTNEbnVsbCUyOV9nYXEucHVzaCUyOCU1QiUyN19saW5rQnlQb3N0JTI3JTJDJTIwdGhpcyU1RCUyOSUzQiUyMiUzRSUwQSUyMCUyMCUyMCUyMCUyMCUyMCUyMCUyMCUyMCUyMCUyMCUyMCUyMCUzQ2lucHV0JTIwdHlwZSUzRCUyMmhpZGRlbiUyMiUyMGlkJTNEJTIybGFuZ3VhZ2UlMjIlMjBuYW1lJTNEJTIybGFuZ3VhZ2UlMjIlMjB2YWx1ZSUzRCUyMmRlJTIyJTIwJTJGJTNFJTBBJTIwJTIwJTIwJTIwJTIwJTIwJTIwJTIwJTIwJTIwJTIwJTIwJTIwJTNDaW5wdXQlMjB0eXBlJTNEJTIyaGlkZGVuJTIyJTIwaWQlM0QlMjJBVlBfYXJyaXZhbERhdGUlMjIlMjBuYW1lJTNEJTIyYXJyaXZhbERhdGUlMjIlMjB2YWx1ZSUzRCUyMiUyMiUyMCUyRiUzRSUwQSUyMCUyMCUyMCUyMCUyMCUyMCUyMCUyMCUyMCUyMCUyMCUyMCUyMCUzQ2lucHV0JTIwdHlwZSUzRCUyMmhpZGRlbiUyMiUyMGlkJTNEJTIyQVZQX25pZ2h0cyUyMiUyMG5hbWUlM0QlMjJuaWdodHMlMjIlMjB2YWx1ZSUzRCUyMiUyMiUyMCUyRiUzRSUwQSUyMCUyMCUyMCUyMCUyMCUyMCUyMCUyMCUyMCUyMCUyMCUyMCUyMCUzQ2lucHV0JTIwdHlwZSUzRCUyMmhpZGRlbiUyMiUyMGlkJTNEJTIyZ3Vlc3RDb3VudFNlbGVjdG9yJTIyJTIwbmFtZSUzRCUyMmd1ZXN0Q291bnRTZWxlY3RvciUyMiUyMHZhbHVlJTNEJTIyUmVhZE9ubHklMjIlMjAlMkYlM0UlMEElMjAlMjAlMjAlMjAlMjAlMjAlMjAlMjAlMjAlMjAlMjAlMjAlMjAlM0NkaXYlMjBjbGFzcyUzRCUyMmlucHV0LWRhdGUtcmVzYSUyMiUzRSUzQ2lucHV0JTIwdHlwZSUzRCUyMnRleHQlMjIlMjBjbGFzcyUzRCUyMmFzRGF0ZVBpY2tlciUyMiUyMCUyMGlkJTNEJTIyZGF0ZSUyMiUyMG5hbWUlM0QlMjJkYXRlLWFycml2ZWUlMjIlMjAlMjBwbGFjZWhvbGRlciUzRCUyMkFucmVpc2VkYXR1bSUyMiUyMCUzRSUzQ2klMjBjbGFzcyUzRCUyMmZhJTIwZmEtY2FsZW5kYXIlMjIlM0UlM0MlMkZpJTNFJTNDJTJGZGl2JTNFJTBBJTIwJTIwJTIwJTIwJTIwJTIwJTIwJTIwJTIwJTIwJTIwJTIwJTIwJTNDZGl2JTIwY2xhc3MlM0QlMjJpbnB1dC1kYXRlLXJlc2ElMjIlM0UlM0NpbnB1dCUyMHR5cGUlM0QlMjJ0ZXh0JTIyJTIwaWQlM0QlMjJkYXRlMiUyMiUyMG5hbWUlM0QlMjJkYXRlLWRlcGFydCUyMiUyMGNsYXNzJTNEJTIyYXNEYXRlUGlja2VyJTIyJTIwcGxhY2Vob2xkZXIlM0QlMjJBYnJlaXNlZGF0dW0lMjIlMjAlM0UlM0NpJTIwY2xhc3MlM0QlMjJmYSUyMGZhLWNhbGVuZGFyJTIyJTNFJTNDJTJGaSUzRSUzQyUyRmRpdiUzRSUwQSUyMCUyMCUyMCUyMCUyMCUyMCUyMCUyMCUyMCUyMCUyMCUyMCUyMCUzQ2RpdiUyMGNsYXNzJTNEJTIyaW5wdXQtZGF0ZS1yZXNhJTIyJTNFJTNDc2VsZWN0JTIwaWQlM0QlMjJzZWxlY3RlZEFkdWx0Q291bnQlMjIlMjBuYW1lJTNEJTIyc2VsZWN0ZWRBZHVsdENvdW50JTIyJTNFJTNDJTJGc2VsZWN0JTNFJTIwJTNDaSUyMGNsYXNzJTNEJTIyZmElMjBmYS11c2VyJTIyJTIwYXJpYS1oaWRkZW4lM0QlMjJ0cnVlJTIyJTNFJTNDJTJGaSUzRSUzQyUyRmRpdiUzRSUwQSUyMCUyMCUyMCUyMCUyMCUyMCUyMCUyMCUyMCUyMCUyMCUyMCUwQSUyMCUyMCUyMCUyMCUyMCUyMCUyMCUyMCUyMCUyMCUyMCUyMCUyMCUzQ2J1dHRvbiUyMHR5cGUlM0QlMjJzdWJtaXQlMjIlMjBjbGFzcyUzRCUyMnJhdmlzLWJ0biUyMGJ0bi10eXBlLTIlMjIlM0VCVUNIVU5HJTNDJTJGYnV0dG9uJTNFJTBBJTIwJTIwJTIwJTIwJTIwJTIwJTIwJTIwJTIwJTIwJTIwJTIwJTIwJTNDJTJGZm9ybSUzRSUwQSUyMCUyMCUyMCUyMCUyMCUyMCUyMCUyMCUyMCUyMCUyMCUwQSUyMCUzQ3NjcmlwdCUyMHR5cGUlM0QlMjJ0ZXh0JTJGamF2YXNjcmlwdCUyMiUyMHNyYyUzRCUyMmh0dHBzJTNBJTJGJTJGd3d3LmJlYXVib3VyZy1wYXJpcy1ob3RlbC5jb20lMkZhdmFpbHBybyUyRmF2YWlscHJvLmpzJTIyJTNFJTNDJTJGc2NyaXB0JTNFJTBBJTNDJTJGZGl2JTNF[\/vc_raw_html][\/vc_column][\/vc_row][vc_row css=&#8221;.vc_custom_1594387830934{margin-top: 120px !important;margin-bottom: 30px !important;}&#8221; el_class=&#8221;marge-menu&#8221;][vc_column offset=&#8221;vc_col-md-offset-2 vc_col-md-8&#8243;][vc_raw_html css=&#8221;.vc_custom_1530715336846{margin-top: 0px !important;padding-top: 0px !important;}&#8221;]JTNDZGl2JTIwY2xhc3MlM0QlMjJyYXZpcy10aXRsZS10LTIlMjIlM0UlM0NkaXYlMjBjbGFzcyUzRCUyMnRpdGxlJTIyJTNFJTNDc3BhbiUzRVNlcnZpY2VsZWlzdHVuZ2VuJTNDJTJGc3BhbiUzRSUzQyUyRmRpdiUzRSUzQ2RpdiUyMGNsYXNzJTNEJTIyc3ViLXRpdGxlJTIyJTNFJTNDJTJGZGl2JTNFJTNDJTJGZGl2JTNF[\/vc_raw_html][vc_column_text] Um Ihnen Paris zu F\u00fc\u00dfen zu legen und Ihren Aufenthalt einfacher zu gestalten, bietet Ihnen das Hotel Beaubourg zahlreiche an&#8230;<\/p>\n<div class=\"read-more-container\"><a class=\"more-link btn btn-default btn-sm read-more\" href=\"https:\/\/www.beaubourg-paris-hotel.com\/de\/hotel_section\/tagungen-und-geschaeftsmeetings\/\">Read More<\/a><\/div>\n","protected":false},"author":1,"featured_media":0,"parent":0,"menu_order":0,"comment_status":"closed","ping_status":"closed","template":"","meta":{"footnotes":""},"class_list":["post-16504","page","type-page","status-publish","hentry"],"yoast_head":"<title>H\u00f4tel Beaubourg *** - Paris Marais \u2013 Beste Preise auf der offiziellen Website -Serviceleistungen<\/title>\n<meta name=\"description\" content=\"Direkte Buchung \u2013 bessere Preise als Booking.com, bei Buchung \u00fcber die Webseite des Hotels ! - Das Rezeptionspersonal des Hotels Beaubourg steht Ihnen gerne zur Verf\u00fcgung, um f\u00fcr Sie einen Tisch oder einen Eintrittskarte zu reservieren. Jeden Morgen wird ein reichhaltiges Fr\u00fchst\u00fccksbuffet sangeboten ...\" \/>\n<meta name=\"robots\" content=\"index, follow, max-snippet:-1, max-image-preview:large, max-video-preview:-1\" \/>\n<link rel=\"canonical\" href=\"https:\/\/www.beaubourg-paris-hotel.com\/de\/serviceleistungen\/\" \/>\n<meta property=\"og:locale\" content=\"de_DE\" \/>\n<meta property=\"og:type\" content=\"article\" \/>\n<meta property=\"og:title\" content=\"H\u00f4tel Beaubourg *** - Paris Marais \u2013 Beste Preise auf der offiziellen Website -Serviceleistungen\" \/>\n<meta property=\"og:description\" content=\"Direkte Buchung \u2013 bessere Preise als Booking.com, bei Buchung \u00fcber die Webseite des Hotels ! - Das Rezeptionspersonal des Hotels Beaubourg steht Ihnen gerne zur Verf\u00fcgung, um f\u00fcr Sie einen Tisch oder einen Eintrittskarte zu reservieren. Jeden Morgen wird ein reichhaltiges Fr\u00fchst\u00fccksbuffet sangeboten ...\" \/>\n<meta property=\"og:url\" content=\"https:\/\/www.beaubourg-paris-hotel.com\/de\/serviceleistungen\/\" \/>\n<meta property=\"og:site_name\" content=\"H\u00f4tel Beaubourg\" \/>\n<meta property=\"article:modified_time\" content=\"2020-07-10T13:30:33+00:00\" \/>\n<meta name=\"twitter:card\" content=\"summary_large_image\" \/>\n<meta name=\"twitter:label1\" content=\"Gesch\u00e4tzte Lesezeit\" \/>\n\t<meta name=\"twitter:data1\" content=\"2\u00a0Minuten\" \/>\n<script type=\"application\/ld+json\" class=\"yoast-schema-graph\">{\"@context\":\"https:\/\/schema.org\",\"@graph\":[{\"@type\":\"WebPage\",\"@id\":\"https:\/\/www.beaubourg-paris-hotel.com\/de\/serviceleistungen\/\",\"url\":\"https:\/\/www.beaubourg-paris-hotel.com\/de\/serviceleistungen\/\",\"name\":\"H\u00f4tel Beaubourg *** - Paris Marais \u2013 Beste Preise auf der offiziellen Website -Serviceleistungen\",\"isPartOf\":{\"@id\":\"https:\/\/www.beaubourg-paris-hotel.com\/it\/#website\"},\"datePublished\":\"2018-05-04T06:05:34+00:00\",\"dateModified\":\"2020-07-10T13:30:33+00:00\",\"description\":\"Direkte Buchung \u2013 bessere Preise als Booking.com, bei Buchung \u00fcber die Webseite des Hotels ! - Das Rezeptionspersonal des Hotels Beaubourg steht Ihnen gerne zur Verf\u00fcgung, um f\u00fcr Sie einen Tisch oder einen Eintrittskarte zu reservieren. Jeden Morgen wird ein reichhaltiges Fr\u00fchst\u00fccksbuffet sangeboten ...\",\"breadcrumb\":{\"@id\":\"https:\/\/www.beaubourg-paris-hotel.com\/de\/serviceleistungen\/#breadcrumb\"},\"inLanguage\":\"de\",\"potentialAction\":[{\"@type\":\"ReadAction\",\"target\":[\"https:\/\/www.beaubourg-paris-hotel.com\/de\/serviceleistungen\/\"]}]},{\"@type\":\"BreadcrumbList\",\"@id\":\"https:\/\/www.beaubourg-paris-hotel.com\/de\/serviceleistungen\/#breadcrumb\",\"itemListElement\":[{\"@type\":\"ListItem\",\"position\":1,\"name\":\"Accueil\",\"item\":\"https:\/\/www.beaubourg-paris-hotel.com\/de\/\"},{\"@type\":\"ListItem\",\"position\":2,\"name\":\"Serviceleistungen\"}]},{\"@type\":\"WebSite\",\"@id\":\"https:\/\/www.beaubourg-paris-hotel.com\/it\/#website\",\"url\":\"https:\/\/www.beaubourg-paris-hotel.com\/it\/\",\"name\":\"H\u00f4tel Beaubourg\",\"description\":\"H\u00f4tel 3 \u00e9toiles de charme, Paris Centre.\",\"potentialAction\":[{\"@type\":\"SearchAction\",\"target\":{\"@type\":\"EntryPoint\",\"urlTemplate\":\"https:\/\/www.beaubourg-paris-hotel.com\/it\/?s={search_term_string}\"},\"query-input\":{\"@type\":\"PropertyValueSpecification\",\"valueRequired\":true,\"valueName\":\"search_term_string\"}}],\"inLanguage\":\"de\"}]}<\/script>","yoast_head_json":{"title":"H\u00f4tel Beaubourg *** - Paris Marais \u2013 Beste Preise auf der offiziellen Website -Serviceleistungen","description":"Direkte Buchung \u2013 bessere Preise als Booking.com, bei Buchung \u00fcber die Webseite des Hotels ! - Das Rezeptionspersonal des Hotels Beaubourg steht Ihnen gerne zur Verf\u00fcgung, um f\u00fcr Sie einen Tisch oder einen Eintrittskarte zu reservieren. Jeden Morgen wird ein reichhaltiges Fr\u00fchst\u00fccksbuffet sangeboten ...","robots":{"index":"index","follow":"follow","max-snippet":"max-snippet:-1","max-image-preview":"max-image-preview:large","max-video-preview":"max-video-preview:-1"},"canonical":"https:\/\/www.beaubourg-paris-hotel.com\/de\/serviceleistungen\/","og_locale":"de_DE","og_type":"article","og_title":"H\u00f4tel Beaubourg *** - Paris Marais \u2013 Beste Preise auf der offiziellen Website -Serviceleistungen","og_description":"Direkte Buchung \u2013 bessere Preise als Booking.com, bei Buchung \u00fcber die Webseite des Hotels ! - Das Rezeptionspersonal des Hotels Beaubourg steht Ihnen gerne zur Verf\u00fcgung, um f\u00fcr Sie einen Tisch oder einen Eintrittskarte zu reservieren. Jeden Morgen wird ein reichhaltiges Fr\u00fchst\u00fccksbuffet sangeboten ...","og_url":"https:\/\/www.beaubourg-paris-hotel.com\/de\/serviceleistungen\/","og_site_name":"H\u00f4tel Beaubourg","article_modified_time":"2020-07-10T13:30:33+00:00","twitter_card":"summary_large_image","twitter_misc":{"Gesch\u00e4tzte Lesezeit":"2\u00a0Minuten"},"schema":{"@context":"https:\/\/schema.org","@graph":[{"@type":"WebPage","@id":"https:\/\/www.beaubourg-paris-hotel.com\/de\/serviceleistungen\/","url":"https:\/\/www.beaubourg-paris-hotel.com\/de\/serviceleistungen\/","name":"H\u00f4tel Beaubourg *** - Paris Marais \u2013 Beste Preise auf der offiziellen Website -Serviceleistungen","isPartOf":{"@id":"https:\/\/www.beaubourg-paris-hotel.com\/it\/#website"},"datePublished":"2018-05-04T06:05:34+00:00","dateModified":"2020-07-10T13:30:33+00:00","description":"Direkte Buchung \u2013 bessere Preise als Booking.com, bei Buchung \u00fcber die Webseite des Hotels ! - Das Rezeptionspersonal des Hotels Beaubourg steht Ihnen gerne zur Verf\u00fcgung, um f\u00fcr Sie einen Tisch oder einen Eintrittskarte zu reservieren. Jeden Morgen wird ein reichhaltiges Fr\u00fchst\u00fccksbuffet sangeboten ...","breadcrumb":{"@id":"https:\/\/www.beaubourg-paris-hotel.com\/de\/serviceleistungen\/#breadcrumb"},"inLanguage":"de","potentialAction":[{"@type":"ReadAction","target":["https:\/\/www.beaubourg-paris-hotel.com\/de\/serviceleistungen\/"]}]},{"@type":"BreadcrumbList","@id":"https:\/\/www.beaubourg-paris-hotel.com\/de\/serviceleistungen\/#breadcrumb","itemListElement":[{"@type":"ListItem","position":1,"name":"Accueil","item":"https:\/\/www.beaubourg-paris-hotel.com\/de\/"},{"@type":"ListItem","position":2,"name":"Serviceleistungen"}]},{"@type":"WebSite","@id":"https:\/\/www.beaubourg-paris-hotel.com\/it\/#website","url":"https:\/\/www.beaubourg-paris-hotel.com\/it\/","name":"H\u00f4tel Beaubourg","description":"H\u00f4tel 3 \u00e9toiles de charme, Paris Centre.","potentialAction":[{"@type":"SearchAction","target":{"@type":"EntryPoint","urlTemplate":"https:\/\/www.beaubourg-paris-hotel.com\/it\/?s={search_term_string}"},"query-input":{"@type":"PropertyValueSpecification","valueRequired":true,"valueName":"search_term_string"}}],"inLanguage":"de"}]}},"_links":{"self":[{"href":"https:\/\/www.beaubourg-paris-hotel.com\/de\/wp-json\/wp\/v2\/pages\/16504","targetHints":{"allow":["GET"]}}],"collection":[{"href":"https:\/\/www.beaubourg-paris-hotel.com\/de\/wp-json\/wp\/v2\/pages"}],"about":[{"href":"https:\/\/www.beaubourg-paris-hotel.com\/de\/wp-json\/wp\/v2\/types\/page"}],"author":[{"embeddable":true,"href":"https:\/\/www.beaubourg-paris-hotel.com\/de\/wp-json\/wp\/v2\/users\/1"}],"replies":[{"embeddable":true,"href":"https:\/\/www.beaubourg-paris-hotel.com\/de\/wp-json\/wp\/v2\/comments?post=16504"}],"version-history":[{"count":7,"href":"https:\/\/www.beaubourg-paris-hotel.com\/de\/wp-json\/wp\/v2\/pages\/16504\/revisions"}],"predecessor-version":[{"id":19866,"href":"https:\/\/www.beaubourg-paris-hotel.com\/de\/wp-json\/wp\/v2\/pages\/16504\/revisions\/19866"}],"wp:attachment":[{"href":"https:\/\/www.beaubourg-paris-hotel.com\/de\/wp-json\/wp\/v2\/media?parent=16504"}],"curies":[{"name":"wp","href":"https:\/\/api.w.org\/{rel}","templated":true}]}}